{"id":6164,"date":"2025-08-14T13:34:13","date_gmt":"2025-08-14T11:34:13","guid":{"rendered":"https:\/\/q1n54kp45c.onrocket.site\/vaga-em-direito-penal\/"},"modified":"2025-08-21T16:32:00","modified_gmt":"2025-08-21T14:32:00","slug":"vaga-em-direito-penal","status":"publish","type":"page","link":"https:\/\/www.strafrechtadvocaten.nl\/pt-pt\/vaga-em-direito-penal\/","title":{"rendered":"Vaga em direito penal"},"content":{"rendered":"\n<p>A Weening Strafrechtadvocaten est\u00e1 sempre em busca de advogados de direito penal experientes e motivados que desejam integrar nossa equipe. Caso possua qualidades excepcionais, pode <a href=\"https:\/\/www.strafrechtadvocaten.nl\/contact-strafrechtadvocaat\/\">entrar em contato<\/a>. <\/p>\n\n<div class=\"wp-block-buttons is-layout-flex wp-block-buttons-is-layout-flex\">\n<div class=\"wp-block-button\"><a class=\"wp-block-button__link wp-element-button\" href=\"mailto:weening@weening.net?subject=Vacature: Strafrechtadvocaat\" target=\"_blank\" rel=\"noreferrer noopener\">Candidate-se<\/a><\/div>\n<\/div>\n\n<h2 class=\"wp-block-heading\">Vaga para advogado de direito penal<\/h2>\n\n<p>Para nossa pr\u00e1tica nacional, com escrit\u00f3rios em Maastricht e Utrecht, estamos em busca de advogados de direito penal flex\u00edveis, motivados e juridicamente s\u00f3lidos, preferencialmente com perfil comercial.<\/p>\n\n<p>Quem somos n\u00f3s? Diferentes personalidades, uma equipe, uma paix\u00e3o! <\/p>\n\n<ul class=\"wp-block-list\">\n<li>Somos uma equipe coesa e colaborativa, composta por advogados de direito penal e assistentes jur\u00eddicos, apoiada por secret\u00e1rias experientes e dedicadas;<\/li>\n\n\n\n<li>Nossa equipe \u00e9 composta por colegas especialistas para troca de ideias. Durante a reuni\u00e3o semanal do escrit\u00f3rio, discutimos casos e jurisprud\u00eancia, tudo com o objetivo de nos aprimorarmos mutuamente; <\/li>\n\n\n\n<li>Nesse sentido, oferecemos a possibilidade de especializa\u00e7\u00e3o em \u00e1reas espec\u00edficas do direito penal;<\/li>\n\n\n\n<li>Al\u00e9m disso, somos um escrit\u00f3rio de forma\u00e7\u00e3o, o que significa que estamos constantemente em busca de jovens talentos que desejam alcan\u00e7ar seu potencial m\u00e1ximo;<\/li>\n\n\n\n<li>Tamb\u00e9m compartilhamos nosso conhecimento fora do escrit\u00f3rio ao ministrar cursos bem frequentados para advogados;<\/li>\n\n\n\n<li>Todos t\u00eam a oportunidade de colaborar em casos interessantes e de grande repercuss\u00e3o;<\/li>\n\n\n\n<li>Para trabalhar em alto n\u00edvel, dispomos das melhores instala\u00e7\u00f5es, incluindo um ambiente de trabalho totalmente digital e acesso digital \u00e0 literatura e jurisprud\u00eancia mais importantes;<\/li>\n\n\n\n<li>Nossos advogados trabalham em regime de emprego com um atrativo plano de b\u00f4nus atrelado ao faturamento. Al\u00e9m disso, todos os advogados t\u00eam direito a um plano de previd\u00eancia; <\/li>\n\n\n\n<li>Para otimizar o desempenho no direito penal, buscamos um bom equil\u00edbrio entre vida profissional e pessoal.<\/li>\n\n\n\n<li>Porque acreditamos na for\u00e7a da equipe, investimos no esp\u00edrito de equipe atrav\u00e9s de atividades conjuntas. Al\u00e9m do tradicional happy hour de sexta-feira e um churrasco anual, participamos de eventos agrad\u00e1veis e organizamos divertidas viagens internacionais do escrit\u00f3rio. Mas tamb\u00e9m retiros para aprofundar o trabalho em conjunto nos tornam quem somos.  <\/li>\n<\/ul>\n\n<p><strong>N\u00f3s somos a Weening Strafrechtadvocaten!<\/strong><\/p>\n\n<div class=\"wp-block-buttons is-layout-flex wp-block-buttons-is-layout-flex\">\n<div class=\"wp-block-button\"><a class=\"wp-block-button__link wp-element-button\" href=\"mailto:weening@weening.net?subject=Vacature: Strafrechtadvocaat\" target=\"_blank\" rel=\"noreferrer noopener\">Candidate-se<\/a><\/div>\n<\/div>\n\n<h2 class=\"wp-block-heading\">Vaga para estagi\u00e1rio em direito penal<\/h2>\n\n<p>Para estudantes de destaque que cursam o mestrado em direito penal, existem oportunidades de est\u00e1gio em nosso escrit\u00f3rio.<\/p>\n\n<h2 class=\"wp-block-heading\">Candidate-se<\/h2>\n\n<p>Caso deseje se candidatar a uma das vagas descritas, envie sua carta de motiva\u00e7\u00e3o com curr\u00edculo para: <a href=\"mailto:weening@weening.net\" target=\"_blank\" rel=\"noreferrer noopener\">weening@weening.net<\/a> A\/C Serge Weening.<\/p>\n\n<div class=\"wp-block-buttons is-layout-flex wp-block-buttons-is-layout-flex\">\n<div class=\"wp-block-button\"><a class=\"wp-block-button__link wp-element-button\" href=\"https:\/\/www.strafrechtadvocaten.nl\/pt-pt\/advogados\/serge-weening\/\" target=\"_blank\" rel=\"noreferrer noopener\">Perfil de Serge Weening<\/a><\/div>\n<\/div>\n","protected":false},"excerpt":{"rendered":"<p>A Weening Strafrechtadvocaten est\u00e1 sempre em busca de advogados de direito penal experientes e motivados que desejam integrar nossa equipe. Caso possua qualidades excepcionais, pode entrar em contato. Vaga para advogado de direito penal Para nossa pr\u00e1tica nacional, com escrit\u00f3rios em Maastricht e Utrecht, estamos em busca de advogados de direito penal flex\u00edveis, motivados e [&hellip;]<\/p>\n","protected":false},"author":1,"featured_media":0,"parent":0,"menu_order":0,"comment_status":"closed","ping_status":"closed","template":"","meta":{"footnotes":""},"class_list":["post-6164","page","type-page","status-publish","hentry","temp-simpel"],"_links":{"self":[{"href":"https:\/\/www.strafrechtadvocaten.nl\/pt-pt\/wp-json\/wp\/v2\/pages\/6164","targetHints":{"allow":["GET"]}}],"collection":[{"href":"https:\/\/www.strafrechtadvocaten.nl\/pt-pt\/wp-json\/wp\/v2\/pages"}],"about":[{"href":"https:\/\/www.strafrechtadvocaten.nl\/pt-pt\/wp-json\/wp\/v2\/types\/page"}],"author":[{"embeddable":true,"href":"https:\/\/www.strafrechtadvocaten.nl\/pt-pt\/wp-json\/wp\/v2\/users\/1"}],"replies":[{"embeddable":true,"href":"https:\/\/www.strafrechtadvocaten.nl\/pt-pt\/wp-json\/wp\/v2\/comments?post=6164"}],"version-history":[{"count":1,"href":"https:\/\/www.strafrechtadvocaten.nl\/pt-pt\/wp-json\/wp\/v2\/pages\/6164\/revisions"}],"predecessor-version":[{"id":6165,"href":"https:\/\/www.strafrechtadvocaten.nl\/pt-pt\/wp-json\/wp\/v2\/pages\/6164\/revisions\/6165"}],"wp:attachment":[{"href":"https:\/\/www.strafrechtadvocaten.nl\/pt-pt\/wp-json\/wp\/v2\/media?parent=6164"}],"curies":[{"name":"wp","href":"https:\/\/api.w.org\/{rel}","templated":true}]}}