{"id":6104,"date":"2025-08-14T14:04:57","date_gmt":"2025-08-14T12:04:57","guid":{"rendered":"https:\/\/q1n54kp45c.onrocket.site\/aviso-legal\/"},"modified":"2025-08-21T16:28:57","modified_gmt":"2025-08-21T14:28:57","slug":"aviso-legal","status":"publish","type":"page","link":"https:\/\/www.strafrechtadvocaten.nl\/pt-pt\/aviso-legal\/","title":{"rendered":"Aviso Legal"},"content":{"rendered":"\n<p>Os termos desta isen\u00e7\u00e3o de responsabilidade aplicam-se ao site www.strafrechtadvocaten.nl da Weening Strafrechtadvocaten B.V. em Maastricht, Pa\u00edses Baixos. \u00c9 solicitado que leia atentamente esta isen\u00e7\u00e3o de responsabilidade. Ao aceder a este site e utilizar as informa\u00e7\u00f5es nele ou atrav\u00e9s dele disponibilizadas, o utilizador concorda com esta isen\u00e7\u00e3o de responsabilidade. Em caso de contradi\u00e7\u00e3o entre os termos de produtos e servi\u00e7os espec\u00edficos da Weening Strafrechtadvocaten e esta isen\u00e7\u00e3o de responsabilidade, os termos desses produtos e servi\u00e7os prevalecer\u00e3o.   <\/p>\n\n<h2 class=\"wp-block-heading\">1. Utiliza\u00e7\u00e3o do Site<\/h2>\n\n<p>As informa\u00e7\u00f5es disponibilizadas neste site ou atrav\u00e9s dele n\u00e3o devem ser utilizadas em substitui\u00e7\u00e3o de aconselhamento. As decis\u00f5es baseadas nestas informa\u00e7\u00f5es s\u00e3o da sua inteira responsabilidade e risco. Embora a Weening Strafrechtadvocaten se esforce para fornecer informa\u00e7\u00f5es corretas, completas e atualizadas, a Weening Strafrechtadvocaten n\u00e3o oferece garantia expl\u00edcita nem impl\u00edcita de que as informa\u00e7\u00f5es disponibilizadas neste site ou atrav\u00e9s dele sejam corretas, completas ou atualizadas.  <\/p>\n\n<p>Ao visitar este site e\/ou utilizar as informa\u00e7\u00f5es ou servi\u00e7os nele oferecidos, considera-se que o utilizador conhece e concorda com os termos de utiliza\u00e7\u00e3o do site e a pol\u00edtica de privacidade estabelecidos pela Weening Strafrechtadvocaten para este fim.<\/p>\n\n<p>Este site foi constru\u00eddo e formatado de acordo com as normas e t\u00e9cnicas utilizadas pela w3c.org. Para uma utiliza\u00e7\u00e3o ideal do site, recomendamos a vers\u00e3o mais recente dos navegadores Firefox, Chrome, Safari e\/ou Internet Explorer. <\/p>\n\n<h2 class=\"wp-block-heading\">2. Informa\u00e7\u00f5es de Terceiros, Produtos e Servi\u00e7os<\/h2>\n\n<p>Quando a Weening Strafrechtadvocaten oferece hiperliga\u00e7\u00f5es para sites de terceiros, isso n\u00e3o significa que a Weening Strafrechtadvocaten recomende os produtos ou servi\u00e7os oferecidos nesses sites ou atrav\u00e9s deles. A utiliza\u00e7\u00e3o de tais hiperliga\u00e7\u00f5es \u00e9 inteiramente por sua conta e risco. A Weening Strafrechtadvocaten n\u00e3o aceita qualquer responsabilidade pelo conte\u00fado, utiliza\u00e7\u00e3o ou disponibilidade de tais sites. A veracidade, exatid\u00e3o, razoabilidade, fiabilidade e completude das informa\u00e7\u00f5es nesses sites n\u00e3o foram verificadas pela Weening Strafrechtadvocaten.   <\/p>\n\n<h2 class=\"wp-block-heading\">3. Direitos de Propriedade Intelectual<\/h2>\n\n<p>A Weening Strafrechtadvocaten (ou o titular dos direitos) reserva todos os direitos de propriedade intelectual relativos a todas as informa\u00e7\u00f5es disponibilizadas neste site ou atrav\u00e9s dele, incluindo todos os textos, material gr\u00e1fico e log\u00f3tipos. N\u00e3o \u00e9 permitido copiar, descarregar ou de qualquer forma divulgar, distribuir ou reproduzir informa\u00e7\u00f5es deste site sem a pr\u00e9via autoriza\u00e7\u00e3o escrita da Weening Strafrechtadvocaten ou a pr\u00e9via autoriza\u00e7\u00e3o escrita do titular dos direitos. Pode, no entanto, imprimir e\/ou descarregar informa\u00e7\u00f5es deste site para seu uso pessoal.  <\/p>\n\n<h2 class=\"wp-block-heading\">4. Exclus\u00e3o de Responsabilidade<\/h2>\n\n<p>A Weening Strafrechtadvocaten n\u00e3o aceita qualquer responsabilidade por danos diretos, indiretos, especiais, incidentais, imateriais ou consequenciais (incluindo lucros cessantes), independentemente de a Weening Strafrechtadvocaten ter sido avisada da possibilidade de tais danos, que de alguma forma resultem de, mas n\u00e3o se limitem a: (i) defeitos, v\u00edrus ou outras imperfei\u00e7\u00f5es em equipamentos e outros softwares relacionados com o acesso ou uso deste site; (ii) informa\u00e7\u00f5es oferecidas neste site ou atrav\u00e9s dele; (iii) a interce\u00e7\u00e3o, modifica\u00e7\u00e3o ou uso indevido de informa\u00e7\u00f5es enviadas \u00e0 Weening Strafrechtadvocaten ou a si; (iv) o funcionamento ou a indisponibilidade deste site; (v) o uso indevido deste site; (vi) a perda de dados; (vii) o descarregamento ou uso de software disponibilizado atrav\u00e9s deste site; ou (viii) reclama\u00e7\u00f5es de terceiros relacionadas com o uso deste site. A exclus\u00e3o de responsabilidade estende-se tamb\u00e9m aos diretores, funcion\u00e1rios da Weening Strafrechtadvocaten e \u00e0s pessoas jur\u00eddicas afiliadas \u00e0 Weening Strafrechtadvocaten.         <\/p>\n\n<h2 class=\"wp-block-heading\">5. Lei Aplic\u00e1vel<\/h2>\n\n<p>A lei neerlandesa \u00e9 aplic\u00e1vel a este site e \u00e0 isen\u00e7\u00e3o de responsabilidade. Todas as disputas decorrentes ou relacionadas com esta isen\u00e7\u00e3o de responsabilidade ser\u00e3o submetidas exclusivamente ao tribunal competente nos Pa\u00edses Baixos. Se as vers\u00f5es da isen\u00e7\u00e3o de responsabilidade em outros idiomas apresentarem discrep\u00e2ncias ou levarem a diferen\u00e7as de interpreta\u00e7\u00e3o, a vers\u00e3o em neerland\u00eas prevalecer\u00e1.  <\/p>\n\n<h2 class=\"wp-block-heading\">6. Altera\u00e7\u00f5es<\/h2>\n\n<p>A Weening Strafrechtadvocaten reserva-se o direito de alterar a qualquer momento as informa\u00e7\u00f5es disponibilizadas neste site ou atrav\u00e9s dele, incluindo o texto desta isen\u00e7\u00e3o de responsabilidade, sem aviso pr\u00e9vio. Recomenda-se verificar periodicamente se as informa\u00e7\u00f5es disponibilizadas neste site ou atrav\u00e9s dele, incluindo o texto desta isen\u00e7\u00e3o de responsabilidade, foram alteradas. <\/p>\n\n<h2 class=\"wp-block-heading\">7. Contacto<\/h2>\n\n<p>Para coment\u00e1rios ou perguntas relativas a este site, pode contactar <a href=\"mailto:info@weening.net\">info@weening.net<\/a><\/p>\n","protected":false},"excerpt":{"rendered":"<p>Os termos desta isen\u00e7\u00e3o de responsabilidade aplicam-se ao site www.strafrechtadvocaten.nl da Weening Strafrechtadvocaten B.V. em Maastricht, Pa\u00edses Baixos. \u00c9 solicitado que leia atentamente esta isen\u00e7\u00e3o de responsabilidade. Ao aceder a este site e utilizar as informa\u00e7\u00f5es nele ou atrav\u00e9s dele disponibilizadas, o utilizador concorda com esta isen\u00e7\u00e3o de responsabilidade. Em caso de contradi\u00e7\u00e3o entre os [&hellip;]<\/p>\n","protected":false},"author":1,"featured_media":0,"parent":0,"menu_order":0,"comment_status":"closed","ping_status":"closed","template":"","meta":{"footnotes":""},"class_list":["post-6104","page","type-page","status-publish","hentry","temp-simpel"],"_links":{"self":[{"href":"https:\/\/www.strafrechtadvocaten.nl\/pt-pt\/wp-json\/wp\/v2\/pages\/6104","targetHints":{"allow":["GET"]}}],"collection":[{"href":"https:\/\/www.strafrechtadvocaten.nl\/pt-pt\/wp-json\/wp\/v2\/pages"}],"about":[{"href":"https:\/\/www.strafrechtadvocaten.nl\/pt-pt\/wp-json\/wp\/v2\/types\/page"}],"author":[{"embeddable":true,"href":"https:\/\/www.strafrechtadvocaten.nl\/pt-pt\/wp-json\/wp\/v2\/users\/1"}],"replies":[{"embeddable":true,"href":"https:\/\/www.strafrechtadvocaten.nl\/pt-pt\/wp-json\/wp\/v2\/comments?post=6104"}],"version-history":[{"count":1,"href":"https:\/\/www.strafrechtadvocaten.nl\/pt-pt\/wp-json\/wp\/v2\/pages\/6104\/revisions"}],"predecessor-version":[{"id":6105,"href":"https:\/\/www.strafrechtadvocaten.nl\/pt-pt\/wp-json\/wp\/v2\/pages\/6104\/revisions\/6105"}],"wp:attachment":[{"href":"https:\/\/www.strafrechtadvocaten.nl\/pt-pt\/wp-json\/wp\/v2\/media?parent=6104"}],"curies":[{"name":"wp","href":"https:\/\/api.w.org\/{rel}","templated":true}]}}