{"id":6078,"date":"2025-08-14T14:04:02","date_gmt":"2025-08-14T12:04:02","guid":{"rendered":"https:\/\/q1n54kp45c.onrocket.site\/contato-com-advogado-criminal\/"},"modified":"2025-08-21T16:45:26","modified_gmt":"2025-08-21T14:45:26","slug":"contato-com-advogado-criminal","status":"publish","type":"page","link":"https:\/\/www.strafrechtadvocaten.nl\/pt-pt\/contato-com-advogado-criminal\/","title":{"rendered":"Contato"},"content":{"rendered":"\t\t<div data-elementor-type=\"wp-page\" data-elementor-id=\"6078\" class=\"elementor elementor-6078 elementor-2855\" data-elementor-post-type=\"page\">\n\t\t\t\t<div class=\"elementor-element elementor-element-1057e041 e-con-full e-flex e-con e-parent\" data-id=\"1057e041\" data-element_type=\"container\" data-e-type=\"container\" data-settings=\"{&quot;background_background&quot;:&quot;classic&quot;}\">\n\t\t<div class=\"elementor-element elementor-element-20747fc1 e-con-full e-flex e-con e-child\" data-id=\"20747fc1\" data-element_type=\"container\" data-e-type=\"container\">\n\t\t<div class=\"elementor-element elementor-element-455191f e-con-full e-flex e-con e-child\" data-id=\"455191f\" data-element_type=\"container\" data-e-type=\"container\">\n\t\t\t\t<div class=\"elementor-element elementor-element-644283c7 elementor-widget elementor-widget-heading\" data-id=\"644283c7\" data-element_type=\"widget\" data-e-type=\"widget\" data-widget_type=\"heading.default\">\n\t\t\t\t\t<h1 class=\"elementor-heading-title elementor-size-default\">Suspeito em um caso criminal?<br>Receba aconselhamento jur\u00eddico sem compromisso.<\/h1>\t\t\t\t<\/div>\n\t\t\t\t<div class=\"elementor-element elementor-element-4f2b19ee elementor-icon-list--layout-traditional elementor-list-item-link-full_width elementor-widget elementor-widget-icon-list\" data-id=\"4f2b19ee\" data-element_type=\"widget\" data-e-type=\"widget\" data-widget_type=\"icon-list.default\">\n\t\t\t\t\t\t\t<ul class=\"elementor-icon-list-items\">\n\t\t\t\t\t\t\t<li class=\"elementor-icon-list-item\">\n\t\t\t\t\t\t\t\t\t\t\t<span class=\"elementor-icon-list-icon\">\n\t\t\t\t\t\t\t<svg aria-hidden=\"true\" class=\"e-font-icon-svg e-fas-check\" viewBox=\"0 0 512 512\" xmlns=\"http:\/\/www.w3.org\/2000\/svg\"><path d=\"M173.898 439.404l-166.4-166.4c-9.997-9.997-9.997-26.206 0-36.204l36.203-36.204c9.997-9.998 26.207-9.998 36.204 0L192 312.69 432.095 72.596c9.997-9.997 26.207-9.997 36.204 0l36.203 36.204c9.997 9.997 9.997 26.206 0 36.204l-294.4 294.401c-9.998 9.997-26.207 9.997-36.204-.001z\"><\/path><\/svg>\t\t\t\t\t\t<\/span>\n\t\t\t\t\t\t\t\t\t\t<span class=\"elementor-icon-list-text\">Prestamos assist\u00eancia jur\u00eddica em toda a Holanda<\/span>\n\t\t\t\t\t\t\t\t\t<\/li>\n\t\t\t\t\t\t\t\t<li class=\"elementor-icon-list-item\">\n\t\t\t\t\t\t\t\t\t\t\t<span class=\"elementor-icon-list-icon\">\n\t\t\t\t\t\t\t<svg aria-hidden=\"true\" class=\"e-font-icon-svg e-fas-check\" viewBox=\"0 0 512 512\" xmlns=\"http:\/\/www.w3.org\/2000\/svg\"><path d=\"M173.898 439.404l-166.4-166.4c-9.997-9.997-9.997-26.206 0-36.204l36.203-36.204c9.997-9.998 26.207-9.998 36.204 0L192 312.69 432.095 72.596c9.997-9.997 26.207-9.997 36.204 0l36.203 36.204c9.997 9.997 9.997 26.206 0 36.204l-294.4 294.401c-9.998 9.997-26.207 9.997-36.204-.001z\"><\/path><\/svg>\t\t\t\t\t\t<\/span>\n\t\t\t\t\t\t\t\t\t\t<span class=\"elementor-icon-list-text\">Possibilidade de assist\u00eancia jur\u00eddica financiada (pro bono)<\/span>\n\t\t\t\t\t\t\t\t\t<\/li>\n\t\t\t\t\t\t\t\t<li class=\"elementor-icon-list-item\">\n\t\t\t\t\t\t\t\t\t\t\t<span class=\"elementor-icon-list-icon\">\n\t\t\t\t\t\t\t<svg aria-hidden=\"true\" class=\"e-font-icon-svg e-fas-check\" viewBox=\"0 0 512 512\" xmlns=\"http:\/\/www.w3.org\/2000\/svg\"><path d=\"M173.898 439.404l-166.4-166.4c-9.997-9.997-9.997-26.206 0-36.204l36.203-36.204c9.997-9.998 26.207-9.998 36.204 0L192 312.69 432.095 72.596c9.997-9.997 26.207-9.997 36.204 0l36.203 36.204c9.997 9.997 9.997 26.206 0 36.204l-294.4 294.401c-9.998 9.997-26.207 9.997-36.204-.001z\"><\/path><\/svg>\t\t\t\t\t\t<\/span>\n\t\t\t\t\t\t\t\t\t\t<span class=\"elementor-icon-list-text\"><span class=\"jet-engine-query-count query-3 count-type-total\" data-query=\"3\">12<\/span> advogados criminalistas especializados<\/span>\n\t\t\t\t\t\t\t\t\t<\/li>\n\t\t\t\t\t\t\t\t<li class=\"elementor-icon-list-item\">\n\t\t\t\t\t\t\t\t\t\t\t<span class=\"elementor-icon-list-icon\">\n\t\t\t\t\t\t\t<svg aria-hidden=\"true\" class=\"e-font-icon-svg e-fas-check\" viewBox=\"0 0 512 512\" xmlns=\"http:\/\/www.w3.org\/2000\/svg\"><path d=\"M173.898 439.404l-166.4-166.4c-9.997-9.997-9.997-26.206 0-36.204l36.203-36.204c9.997-9.998 26.207-9.998 36.204 0L192 312.69 432.095 72.596c9.997-9.997 26.207-9.997 36.204 0l36.203 36.204c9.997 9.997 9.997 26.206 0 36.204l-294.4 294.401c-9.998 9.997-26.207 9.997-36.204-.001z\"><\/path><\/svg>\t\t\t\t\t\t<\/span>\n\t\t\t\t\t\t\t\t\t\t<span class=\"elementor-icon-list-text\">Urg\u00eancia? Dispon\u00edvel por telefone 24\/7 <\/span>\n\t\t\t\t\t\t\t\t\t<\/li>\n\t\t\t\t\t\t<\/ul>\n\t\t\t\t\t\t<\/div>\n\t\t\t\t<div class=\"elementor-element elementor-element-7b7929e elementor-widget elementor-widget-button\" data-id=\"7b7929e\" data-element_type=\"widget\" data-e-type=\"widget\" data-widget_type=\"button.default\">\n\t\t\t\t\t\t\t\t\t\t<a class=\"elementor-button elementor-button-link elementor-size-sm\" href=\"tel:+31889336464\">\n\t\t\t\t\t\t<span class=\"elementor-button-content-wrapper\">\n\t\t\t\t\t\t<span class=\"elementor-button-icon\">\n\t\t\t\t<svg aria-hidden=\"true\" class=\"e-font-icon-svg e-fas-phone-volume\" viewBox=\"0 0 384 512\" xmlns=\"http:\/\/www.w3.org\/2000\/svg\"><path d=\"M97.333 506.966c-129.874-129.874-129.681-340.252 0-469.933 5.698-5.698 14.527-6.632 21.263-2.422l64.817 40.513a17.187 17.187 0 0 1 6.849 20.958l-32.408 81.021a17.188 17.188 0 0 1-17.669 10.719l-55.81-5.58c-21.051 58.261-20.612 122.471 0 179.515l55.811-5.581a17.188 17.188 0 0 1 17.669 10.719l32.408 81.022a17.188 17.188 0 0 1-6.849 20.958l-64.817 40.513a17.19 17.19 0 0 1-21.264-2.422zM247.126 95.473c11.832 20.047 11.832 45.008 0 65.055-3.95 6.693-13.108 7.959-18.718 2.581l-5.975-5.726c-3.911-3.748-4.793-9.622-2.261-14.41a32.063 32.063 0 0 0 0-29.945c-2.533-4.788-1.65-10.662 2.261-14.41l5.975-5.726c5.61-5.378 14.768-4.112 18.718 2.581zm91.787-91.187c60.14 71.604 60.092 175.882 0 247.428-4.474 5.327-12.53 5.746-17.552.933l-5.798-5.557c-4.56-4.371-4.977-11.529-.93-16.379 49.687-59.538 49.646-145.933 0-205.422-4.047-4.85-3.631-12.008.93-16.379l5.798-5.557c5.022-4.813 13.078-4.394 17.552.933zm-45.972 44.941c36.05 46.322 36.108 111.149 0 157.546-4.39 5.641-12.697 6.251-17.856 1.304l-5.818-5.579c-4.4-4.219-4.998-11.095-1.285-15.931 26.536-34.564 26.534-82.572 0-117.134-3.713-4.836-3.115-11.711 1.285-15.931l5.818-5.579c5.159-4.947 13.466-4.337 17.856 1.304z\"><\/path><\/svg>\t\t\t<\/span>\n\t\t\t\t\t\t\t\t\t<span class=\"elementor-button-text\">088 - 933 64 64<\/span>\n\t\t\t\t\t<\/span>\n\t\t\t\t\t<\/a>\n\t\t\t\t\t\t\t\t<\/div>\n\t\t\t\t<\/div>\n\t\t<div class=\"elementor-element elementor-element-bbe89a9 e-con-full e-flex e-con e-child\" data-id=\"bbe89a9\" data-element_type=\"container\" data-e-type=\"container\">\n\t\t\t\t<div class=\"elementor-element elementor-element-8f6e02a elementor-widget elementor-widget-text-editor\" data-id=\"8f6e02a\" data-element_type=\"widget\" data-e-type=\"widget\" data-widget_type=\"text-editor.default\">\n\t\t\t\t\t\t\t\t\t<p><strong>Correspond\u00eancia<br><\/strong><\/p><p>Wilhelminasingel 97<br>6221 BH Maastricht<\/p><p><a href=\"mailto:info@weening.net\">info@weening.net<\/a><\/p>\t\t\t\t\t\t\t\t<\/div>\n\t\t\t\t<\/div>\n\t\t\t\t<\/div>\n\t\t<div class=\"elementor-element elementor-element-51a388f e-con-full e-flex e-con e-child\" data-id=\"51a388f\" data-element_type=\"container\" data-e-type=\"container\" data-settings=\"{&quot;background_background&quot;:&quot;classic&quot;}\">\n\t\t\t\t<div class=\"elementor-element elementor-element-25a89fc3 elementor-widget elementor-widget-heading\" data-id=\"25a89fc3\" data-element_type=\"widget\" data-e-type=\"widget\" data-widget_type=\"heading.default\">\n\t\t\t\t\t<span class=\"elementor-heading-title elementor-size-default\">Preencha o formul\u00e1rio de contato e entraremos em contato\nem at\u00e9 24 horas.<\/span>\t\t\t\t<\/div>\n\t\t\t\t<div class=\"elementor-element elementor-element-3d5797f1 elementor-widget elementor-widget-shortcode\" data-id=\"3d5797f1\" data-element_type=\"widget\" data-e-type=\"widget\" data-widget_type=\"shortcode.default\">\n\t\t\t\t\t\t\t<div class=\"elementor-shortcode\"><div id=\"quform-a2df4c\" class=\"quform quform-1 quform-support-page-caching\"><form id=\"quform-form-a2df4c\" class=\"quform-form quform-form-1\" action=\"\/pt-pt\/wp-json\/wp\/v2\/pages\/6078#quform-a2df4c\" method=\"post\" enctype=\"multipart\/form-data\" novalidate=\"novalidate\" data-options=\"{&quot;id&quot;:1,&quot;uniqueId&quot;:&quot;a2df4c&quot;,&quot;theme&quot;:&quot;&quot;,&quot;ajax&quot;:true,&quot;logic&quot;:{&quot;logic&quot;:[],&quot;dependents&quot;:[],&quot;elementIds&quot;:[],&quot;dependentElementIds&quot;:[],&quot;animate&quot;:true},&quot;currentPageId&quot;:1,&quot;errorsIcon&quot;:&quot;&quot;,&quot;updateFancybox&quot;:true,&quot;hasPages&quot;:false,&quot;pages&quot;:[1],&quot;pageProgressType&quot;:&quot;numbers&quot;,&quot;tooltipsEnabled&quot;:true,&quot;tooltipClasses&quot;:&quot;qtip-quform-dark qtip-shadow&quot;,&quot;tooltipMy&quot;:&quot;left center&quot;,&quot;tooltipAt&quot;:&quot;right center&quot;,&quot;isRtl&quot;:false,&quot;scrollOffset&quot;:-50,&quot;scrollSpeed&quot;:800}\"><button class=\"quform-default-submit\" name=\"quform_submit\" type=\"submit\" value=\"submit\" aria-hidden=\"true\" tabindex=\"-1\"><\/button><div class=\"quform-form-inner quform-form-inner-1\"><input type=\"hidden\" name=\"quform_form_id\" value=\"1\" \/><input type=\"hidden\" name=\"quform_form_uid\" value=\"a2df4c\" \/><input type=\"hidden\" name=\"quform_count\" value=\"1\" \/><input type=\"hidden\" name=\"form_url\" value=\"https:\/\/www.strafrechtadvocaten.nl\/pt-pt\/wp-json\/wp\/v2\/pages\/6078\" \/><input type=\"hidden\" name=\"referring_url\" value=\"\" \/><input type=\"hidden\" name=\"post_id\" value=\"\" \/><input type=\"hidden\" name=\"post_title\" value=\"\" \/><input type=\"hidden\" name=\"quform_current_page_id\" value=\"1\" \/><input type=\"hidden\" name=\"quform_loaded\" value=\"1777893087|7d1aa843e32ef23a919866bc8ad987ea\" \/><input type=\"hidden\" name=\"quform_csrf_token\" value=\"z8OASsF0MFFGSYbl9Il0VFN3xynGTJ7KoKTvIoNr\" \/><div class=\"quform-elements quform-elements-1 quform-cf quform-responsive-elements-phone-landscape\"><div class=\"quform-element quform-element-page quform-page-1 quform-page-1_1 quform-cf quform-group-style-plain quform-first-page quform-last-page quform-current-page\"><div class=\"quform-child-elements\"><div class=\"quform-element quform-element-text quform-element-1_6 quform-cf quform-labels-inside quform-element-required\"><div class=\"quform-spacer\"><div class=\"quform-label quform-label-1_6\"><label class=\"quform-label-text\" for=\"quform_1_6_a2df4c\">Nome<span class=\"quform-required\">*<\/span><\/label><\/div><div class=\"quform-inner quform-inner-text quform-inner-1_6\"><div class=\"quform-input quform-input-text quform-input-1_6 quform-cf\"><input type=\"text\" id=\"quform_1_6_a2df4c\" name=\"quform_1_6\" class=\"quform-field quform-field-text quform-field-1_6\" autocomplete=\"name\" \/><\/div><\/div><\/div><\/div><div class=\"quform-element quform-element-row quform-element-row-1_15 quform-2-columns quform-element-row-size-fixed quform-responsive-columns-phone-landscape\"><div class=\"quform-element quform-element-column quform-element-1_16\"><div class=\"quform-element quform-element-text quform-element-1_7 quform-cf quform-labels-inside quform-element-optional\"><div class=\"quform-spacer\"><div class=\"quform-label quform-label-1_7\"><label class=\"quform-label-text\" for=\"quform_1_7_a2df4c\">N\u00famero do Processo<\/label><\/div><div class=\"quform-inner quform-inner-text quform-inner-1_7\"><div class=\"quform-input quform-input-text quform-input-1_7 quform-cf\"><input type=\"text\" id=\"quform_1_7_a2df4c\" name=\"quform_1_7\" class=\"quform-field quform-field-text quform-field-1_7\" \/><\/div><\/div><\/div><\/div><\/div><div class=\"quform-element quform-element-column quform-element-1_17\"><div class=\"quform-element quform-element-text quform-element-1_18 quform-cf quform-labels-inside quform-element-required\"><div class=\"quform-spacer\"><div class=\"quform-label quform-label-1_18\"><label class=\"quform-label-text\" for=\"quform_1_18_a2df4c\">Plaats<span class=\"quform-required\">*<\/span><\/label><\/div><div class=\"quform-inner quform-inner-text quform-inner-1_18\"><div class=\"quform-input quform-input-text quform-input-1_18 quform-cf\"><input type=\"text\" id=\"quform_1_18_a2df4c\" name=\"quform_1_18\" class=\"quform-field quform-field-text quform-field-1_18\" autocomplete=\"address-level2\" \/><\/div><\/div><\/div><\/div><\/div><\/div><div class=\"quform-element quform-element-textarea quform-element-1_641379 quform-sr-only quform-cf\" style=\"clip: rect(1px, 1px, 1px, 1px); clip-path: inset(50%); position: absolute !important; height: 1px; width: 1px; overflow: hidden;\"><div class=\"quform-spacer\"><div class=\"quform-label quform-label-1_641379\"><label class=\"quform-label-text\" for=\"quform_1_641379_a2df4c\">Contact Email<span class=\"quform-required\">*<\/span><\/label><\/div><div class=\"quform-inner quform-inner-1_641379\"><textarea id=\"quform_1_641379_a2df4c\" name=\"quform_1_641379\" class=\"quform-field quform-field-textarea quform-field-1_641379\" tabindex=\"-1\" autocomplete=\"new-password\"><\/textarea><\/div><\/div><\/div><div class=\"quform-element quform-element-row quform-element-row-1_8 quform-2-columns quform-element-row-size-fixed quform-responsive-columns-phone-landscape\"><div class=\"quform-element quform-element-column quform-element-1_9\"><div class=\"quform-element quform-element-text quform-element-1_12 quform-cf quform-labels-inside quform-element-required\"><div class=\"quform-spacer\"><div class=\"quform-label quform-label-1_12\"><label class=\"quform-label-text\" for=\"quform_1_12_a2df4c\">N\u00famero de Telefone<span class=\"quform-required\">*<\/span><\/label><\/div><div class=\"quform-inner quform-inner-text quform-inner-1_12\"><div class=\"quform-input quform-input-text quform-input-1_12 quform-cf\"><input type=\"text\" id=\"quform_1_12_a2df4c\" name=\"quform_1_12\" class=\"quform-field quform-field-text quform-field-1_12\" autocomplete=\"mobile\" \/><\/div><\/div><\/div><\/div><\/div><div class=\"quform-element quform-element-column quform-element-1_11\"><div class=\"quform-element quform-element-email quform-element-1_13 quform-cf quform-labels-inside quform-element-required\"><div class=\"quform-spacer\"><div class=\"quform-label quform-label-1_13\"><label class=\"quform-label-text\" for=\"quform_1_13_a2df4c\">E-mail<span class=\"quform-required\">*<\/span><\/label><\/div><div class=\"quform-inner quform-inner-email quform-inner-1_13\"><div class=\"quform-input quform-input-email quform-input-1_13 quform-cf\"><input type=\"email\" id=\"quform_1_13_a2df4c\" name=\"quform_1_13\" class=\"quform-field quform-field-email quform-field-1_13\" \/><\/div><\/div><\/div><\/div><\/div><\/div><div class=\"quform-element quform-element-textarea quform-element-1_14 quform-cf quform-labels-inside quform-element-required\"><div class=\"quform-spacer\"><div class=\"quform-label quform-label-1_14\"><label class=\"quform-label-text\" for=\"quform_1_14_a2df4c\">Como podemos ajud\u00e1-lo?<span class=\"quform-required\">*<\/span><\/label><\/div><div class=\"quform-inner quform-inner-textarea quform-inner-1_14\"><div class=\"quform-input quform-input-textarea quform-input-1_14 quform-cf\"><textarea id=\"quform_1_14_a2df4c\" name=\"quform_1_14\" class=\"quform-field quform-field-textarea quform-field-1_14\"><\/textarea><\/div><\/div><\/div><\/div><div class=\"quform-element quform-element-submit quform-element-1_2 quform-cf quform-button-style-theme\"><div class=\"quform-button-submit quform-button-submit-default quform-button-submit-1_2\"><button name=\"quform_submit\" type=\"submit\" class=\"quform-submit\" value=\"submit\"><span class=\"quform-button-text quform-button-submit-text\">Enviar<\/span><\/button><\/div><div class=\"quform-loading quform-loading-position-left quform-loading-type-spinner-1\"><div class=\"quform-loading-inner\"><div class=\"quform-loading-spinner\"><div class=\"quform-loading-spinner-inner\"><\/div><\/div><\/div><\/div><\/div><\/div><\/div><\/div><\/div><\/form><\/div><\/div>\n\t\t\t\t\t\t<\/div>\n\t\t\t\t<div class=\"elementor-element elementor-element-adc486d elementor-icon-list--layout-inline elementor-align-end elementor-mobile-align-start elementor-list-item-link-full_width elementor-widget elementor-widget-icon-list\" data-id=\"adc486d\" data-element_type=\"widget\" data-e-type=\"widget\" data-widget_type=\"icon-list.default\">\n\t\t\t\t\t\t\t<ul class=\"elementor-icon-list-items elementor-inline-items\">\n\t\t\t\t\t\t\t<li class=\"elementor-icon-list-item elementor-inline-item\">\n\t\t\t\t\t\t\t\t\t\t\t<span class=\"elementor-icon-list-icon\">\n\t\t\t\t\t\t\t<svg aria-hidden=\"true\" class=\"e-font-icon-svg e-fas-lock\" viewBox=\"0 0 448 512\" xmlns=\"http:\/\/www.w3.org\/2000\/svg\"><path d=\"M400 224h-24v-72C376 68.2 307.8 0 224 0S72 68.2 72 152v72H48c-26.5 0-48 21.5-48 48v192c0 26.5 21.5 48 48 48h352c26.5 0 48-21.5 48-48V272c0-26.5-21.5-48-48-48zm-104 0H152v-72c0-39.7 32.3-72 72-72s72 32.3 72 72v72z\"><\/path><\/svg>\t\t\t\t\t\t<\/span>\n\t\t\t\t\t\t\t\t\t\t<span class=\"elementor-icon-list-text\">Sua mensagem \u00e9 enviada criptografada.<\/span>\n\t\t\t\t\t\t\t\t\t<\/li>\n\t\t\t\t\t\t<\/ul>\n\t\t\t\t\t\t<\/div>\n\t\t\t\t<\/div>\n\t\t\t\t<\/div>\n\t\t\t\t<\/div>\n\t\t","protected":false},"excerpt":{"rendered":"<p>Suspeito em um caso criminal?Receba aconselhamento jur\u00eddico sem compromisso. Prestamos assist\u00eancia jur\u00eddica em toda a Holanda Possibilidade de assist\u00eancia jur\u00eddica financiada (pro bono) Urg\u00eancia? Dispon\u00edvel por telefone 24\/7 088 &#8211; 933 64 64 Correspond\u00eancia Wilhelminasingel 976221 BH Maastricht info@weening.net Preencha o formul\u00e1rio de contato e entraremos em contato em at\u00e9 24 horas. Sua mensagem \u00e9 [&hellip;]<\/p>\n","protected":false},"author":1,"featured_media":0,"parent":0,"menu_order":0,"comment_status":"closed","ping_status":"closed","template":"","meta":{"footnotes":""},"class_list":["post-6078","page","type-page","status-publish","hentry"],"_links":{"self":[{"href":"https:\/\/www.strafrechtadvocaten.nl\/pt-pt\/wp-json\/wp\/v2\/pages\/6078","targetHints":{"allow":["GET"]}}],"collection":[{"href":"https:\/\/www.strafrechtadvocaten.nl\/pt-pt\/wp-json\/wp\/v2\/pages"}],"about":[{"href":"https:\/\/www.strafrechtadvocaten.nl\/pt-pt\/wp-json\/wp\/v2\/types\/page"}],"author":[{"embeddable":true,"href":"https:\/\/www.strafrechtadvocaten.nl\/pt-pt\/wp-json\/wp\/v2\/users\/1"}],"replies":[{"embeddable":true,"href":"https:\/\/www.strafrechtadvocaten.nl\/pt-pt\/wp-json\/wp\/v2\/comments?post=6078"}],"version-history":[{"count":3,"href":"https:\/\/www.strafrechtadvocaten.nl\/pt-pt\/wp-json\/wp\/v2\/pages\/6078\/revisions"}],"predecessor-version":[{"id":6354,"href":"https:\/\/www.strafrechtadvocaten.nl\/pt-pt\/wp-json\/wp\/v2\/pages\/6078\/revisions\/6354"}],"wp:attachment":[{"href":"https:\/\/www.strafrechtadvocaten.nl\/pt-pt\/wp-json\/wp\/v2\/media?parent=6078"}],"curies":[{"name":"wp","href":"https:\/\/api.w.org\/{rel}","templated":true}]}}