{"id":6070,"date":"2025-08-14T13:40:22","date_gmt":"2025-08-14T11:40:22","guid":{"rendered":"https:\/\/q1n54kp45c.onrocket.site\/honorarios\/"},"modified":"2026-02-06T13:30:40","modified_gmt":"2026-02-06T12:30:40","slug":"honorarios","status":"publish","type":"page","link":"https:\/\/www.strafrechtadvocaten.nl\/pt-pt\/honorarios\/","title":{"rendered":"Honor\u00e1rios"},"content":{"rendered":"\t\t<div data-elementor-type=\"wp-page\" data-elementor-id=\"6070\" class=\"elementor elementor-6070 elementor-2846\" data-elementor-post-type=\"page\">\n\t\t\t\t<div class=\"elementor-element elementor-element-95d6098 e-con-full e-flex e-con e-parent\" data-id=\"95d6098\" data-element_type=\"container\" data-e-type=\"container\">\n\t\t<div class=\"elementor-element elementor-element-4a4b0db e-con-full e-flex e-con e-child\" data-id=\"4a4b0db\" data-element_type=\"container\" data-e-type=\"container\">\n\t\t\t\t<div class=\"elementor-element elementor-element-9185969 elementor-widget elementor-widget-heading\" data-id=\"9185969\" data-element_type=\"widget\" data-e-type=\"widget\" data-widget_type=\"heading.default\">\n\t\t\t\t\t<h1 class=\"elementor-heading-title elementor-size-default\">Honor\u00e1rios<\/h1>\t\t\t\t<\/div>\n\t\t\t\t<div class=\"elementor-element elementor-element-bbbd30c elementor-widget elementor-widget-text-editor\" data-id=\"bbbd30c\" data-element_type=\"widget\" data-e-type=\"widget\" data-widget_type=\"text-editor.default\">\n\t\t\t\t\t\t\t\t\t<p>Os nossos honor\u00e1rios dependem da natureza e complexidade do processo criminal. Podem ser consideradas as seguintes op\u00e7\u00f5es: <\/p>\t\t\t\t\t\t\t\t<\/div>\n\t\t\t\t<div class=\"elementor-element elementor-element-80cb375 elementor-widget elementor-widget-heading\" data-id=\"80cb375\" data-element_type=\"widget\" data-e-type=\"widget\" data-widget_type=\"heading.default\">\n\t\t\t\t\t<h2 class=\"elementor-heading-title elementor-size-default\">Apoio Judici\u00e1rio<\/h2>\t\t\t\t<\/div>\n\t\t\t\t<div class=\"elementor-element elementor-element-11642e5 elementor-widget elementor-widget-text-editor\" data-id=\"11642e5\" data-element_type=\"widget\" data-e-type=\"widget\" data-widget_type=\"text-editor.default\">\n\t\t\t\t\t\t\t\t\t<p>Se os seus rendimentos estiverem abaixo de um determinado <a title=\"limite de rendimento\" href=\"https:\/\/www.rechtsbijstand.nl\/over-mediation-en-rechtsbijstand\/hoeveel-moet-ik-zelf-betalen\/inkomensnormen\" target=\"_blank\" rel=\"noopener nofollow\">limite de rendimentos<\/a> ou se tiver sido decretada a sua pris\u00e3o preventiva, poder\u00e1 ter direito ao apoio judici\u00e1rio de um advogado. Popularmente, este apoio judici\u00e1rio financiado tamb\u00e9m \u00e9 conhecido como advogado pro bono. Teremos todo o prazer em inform\u00e1-lo sobre as possibilidades.<\/p>\t\t\t\t\t\t\t\t<\/div>\n\t\t\t\t<div class=\"elementor-element elementor-element-a930348 elementor-widget-divider--view-line elementor-widget elementor-widget-divider\" data-id=\"a930348\" data-element_type=\"widget\" data-e-type=\"widget\" data-widget_type=\"divider.default\">\n\t\t\t\t\t\t\t<div class=\"elementor-divider\">\n\t\t\t<span class=\"elementor-divider-separator\">\n\t\t\t\t\t\t<\/span>\n\t\t<\/div>\n\t\t\t\t\t\t<\/div>\n\t\t\t\t<div class=\"elementor-element elementor-element-83426fb elementor-widget elementor-widget-heading\" data-id=\"83426fb\" data-element_type=\"widget\" data-e-type=\"widget\" data-widget_type=\"heading.default\">\n\t\t\t\t\t<h2 class=\"elementor-heading-title elementor-size-default\">Tarifa hor\u00e1ria<\/h2>\t\t\t\t<\/div>\n\t\t\t\t<div class=\"elementor-element elementor-element-175e19b elementor-widget elementor-widget-text-editor\" data-id=\"175e19b\" data-element_type=\"widget\" data-e-type=\"widget\" data-widget_type=\"text-editor.default\">\n\t\t\t\t\t\t\t\t\t<p>Paga (sempre) um adiantamento e a fatura\u00e7\u00e3o \u00e9 feita com base numa taxa hor\u00e1ria que, em princ\u00edpio, varia entre 200 \u20ac e 500 \u20ac, sem IVA.<\/p>\t\t\t\t\t\t\t\t<\/div>\n\t\t\t\t<div class=\"elementor-element elementor-element-f784618 elementor-widget-divider--view-line elementor-widget elementor-widget-divider\" data-id=\"f784618\" data-element_type=\"widget\" data-e-type=\"widget\" data-widget_type=\"divider.default\">\n\t\t\t\t\t\t\t<div class=\"elementor-divider\">\n\t\t\t<span class=\"elementor-divider-separator\">\n\t\t\t\t\t\t<\/span>\n\t\t<\/div>\n\t\t\t\t\t\t<\/div>\n\t\t\t\t<div class=\"elementor-element elementor-element-6d63948 elementor-widget elementor-widget-heading\" data-id=\"6d63948\" data-element_type=\"widget\" data-e-type=\"widget\" data-widget_type=\"heading.default\">\n\t\t\t\t\t<h2 class=\"elementor-heading-title elementor-size-default\">Pre\u00e7o fixo<\/h2>\t\t\t\t<\/div>\n\t\t\t\t<div class=\"elementor-element elementor-element-9b6efed elementor-widget elementor-widget-text-editor\" data-id=\"9b6efed\" data-element_type=\"widget\" data-e-type=\"widget\" data-widget_type=\"text-editor.default\">\n\t\t\t\t\t\t\t\t\t<p>Paga antecipadamente um valor fixo que cobre todos os trabalhos. N\u00e3o ter\u00e1, assim, qualquer incerteza quanto ao valor final dos honor\u00e1rios devidos. Para um <a title=\"processo de juiz singular\" href=\"https:\/\/www.strafrechtadvocaten.nl\/pt-pt\/especializacao\/juiz-criminal\/\">processo de tribunal singular<\/a>, aplicamos, em princ\u00edpio, uma tarifa fixa a partir de 1000 \u20ac, sem IVA e sem tempo de desloca\u00e7\u00e3o. Para um <a title=\"processo criminal\" href=\"https:\/\/www.strafzaak.nl\/\" target=\"_blank\" rel=\"noopener\">processo criminal<\/a> no <a title=\"c\u00e2mara criminal colegiada\" href=\"https:\/\/www.strafrechtadvocaten.nl\/pt-pt\/especializacao\/camara-criminal-plural\/\">tribunal coletivo<\/a>, teremos todo o gosto em acordar um pre\u00e7o adequado consigo.   <\/p>\t\t\t\t\t\t\t\t<\/div>\n\t\t\t\t<div class=\"elementor-element elementor-element-156ed31 elementor-widget-divider--view-line elementor-widget elementor-widget-divider\" data-id=\"156ed31\" data-element_type=\"widget\" data-e-type=\"widget\" data-widget_type=\"divider.default\">\n\t\t\t\t\t\t\t<div class=\"elementor-divider\">\n\t\t\t<span class=\"elementor-divider-separator\">\n\t\t\t\t\t\t<\/span>\n\t\t<\/div>\n\t\t\t\t\t\t<\/div>\n\t\t\t\t<div class=\"elementor-element elementor-element-532e94f elementor-widget elementor-widget-heading\" data-id=\"532e94f\" data-element_type=\"widget\" data-e-type=\"widget\" data-widget_type=\"heading.default\">\n\t\t\t\t\t<h2 class=\"elementor-heading-title elementor-size-default\">Tarifa hor\u00e1ria dependente do resultado<\/h2>\t\t\t\t<\/div>\n\t\t\t\t<div class=\"elementor-element elementor-element-61de790 elementor-widget elementor-widget-text-editor\" data-id=\"61de790\" data-element_type=\"widget\" data-e-type=\"widget\" data-widget_type=\"text-editor.default\">\n\t\t\t\t\t\t\t\t\t<p>Acorda com o <a href=\"\/advocaten\">advogado<\/a> um honor\u00e1rio para um resultado favor\u00e1vel e um honor\u00e1rio mais baixo caso o resultado seja dececionante. Aten\u00e7\u00e3o: este n\u00e3o \u00e9 um acordo de \u201cno cure, no pay\u201d.<\/p>\t\t\t\t\t\t\t\t<\/div>\n\t\t\t\t<div class=\"elementor-element elementor-element-2cab353 elementor-widget elementor-widget-button\" data-id=\"2cab353\" data-element_type=\"widget\" data-e-type=\"widget\" data-widget_type=\"button.default\">\n\t\t\t\t\t\t\t\t\t\t<a class=\"elementor-button elementor-button-link elementor-size-sm\" href=\"https:\/\/www.strafrechtadvocaten.nl\/pt-pt\/contato-com-advogado-criminal\/\">\n\t\t\t\t\t\t<span class=\"elementor-button-content-wrapper\">\n\t\t\t\t\t\t\t\t\t<span class=\"elementor-button-text\">Contactar<\/span>\n\t\t\t\t\t<\/span>\n\t\t\t\t\t<\/a>\n\t\t\t\t\t\t\t\t<\/div>\n\t\t\t\t<\/div>\n\t\t<div class=\"elementor-element elementor-element-f3cf75b e-con-full e-flex e-con e-child\" data-id=\"f3cf75b\" data-element_type=\"container\" data-e-type=\"container\" data-settings=\"{&quot;background_background&quot;:&quot;classic&quot;}\">\n\t\t\t\t<\/div>\n\t\t\t\t<\/div>\n\t\t<div class=\"elementor-element elementor-element-3029722 e-flex e-con-boxed e-con e-parent\" data-id=\"3029722\" data-element_type=\"container\" data-e-type=\"container\" data-settings=\"{&quot;background_background&quot;:&quot;classic&quot;}\">\n\t\t\t\t\t<div class=\"e-con-inner\">\n\t\t\t\t<div class=\"elementor-element elementor-element-50c2f6c elementor-widget-tablet__width-initial elementor-widget elementor-widget-heading\" data-id=\"50c2f6c\" data-element_type=\"widget\" data-e-type=\"widget\" data-widget_type=\"heading.default\">\n\t\t\t\t\t<h3 class=\"elementor-heading-title elementor-size-default\">Trabalhamos tamb\u00e9m com base no High Trust, a base mais importante para a coopera\u00e7\u00e3o entre o Conselho e os Prestadores de Assist\u00eancia Jur\u00eddica.<\/h3>\t\t\t\t<\/div>\n\t\t\t\t<div class=\"elementor-element elementor-element-61120d7 elementor-widget__width-initial elementor-widget elementor-widget-image\" data-id=\"61120d7\" data-element_type=\"widget\" data-e-type=\"widget\" data-widget_type=\"image.default\">\n\t\t\t\t\t\t\t\t\t\t\t\t\t\t\t\t<a href=\"https:\/\/www.rvr.org\/advocaten\/ingeschreven\/high-trust\/\" target=\"_blank\" rel=\"noopener\">\n\t\t\t\t\t\t\t<img decoding=\"async\" width=\"370\" height=\"100\" src=\"https:\/\/www.strafrechtadvocaten.nl\/wp-content\/uploads\/high-trust-logo.png\" class=\"attachment-large size-large wp-image-4680\" alt=\"\" srcset=\"https:\/\/www.strafrechtadvocaten.nl\/wp-content\/uploads\/high-trust-logo.png 370w, https:\/\/www.strafrechtadvocaten.nl\/wp-content\/uploads\/high-trust-logo-300x81.png 300w\" sizes=\"(max-width: 370px) 100vw, 370px\" \/>\t\t\t\t\t\t\t\t<\/a>\n\t\t\t\t\t\t\t\t\t\t\t\t\t\t\t<\/div>\n\t\t\t\t\t<\/div>\n\t\t\t\t<\/div>\n\t\t\t\t<\/div>\n\t\t","protected":false},"excerpt":{"rendered":"<p>Honor\u00e1rios Os nossos honor\u00e1rios dependem da natureza e complexidade do processo criminal. Podem ser consideradas as seguintes op\u00e7\u00f5es: Apoio Judici\u00e1rio Se os seus rendimentos estiverem abaixo de um determinado limite de rendimentos ou se tiver sido decretada a sua pris\u00e3o preventiva, poder\u00e1 ter direito ao apoio judici\u00e1rio de um advogado. Popularmente, este apoio judici\u00e1rio financiado [&hellip;]<\/p>\n","protected":false},"author":1,"featured_media":0,"parent":0,"menu_order":0,"comment_status":"closed","ping_status":"closed","template":"","meta":{"footnotes":""},"class_list":["post-6070","page","type-page","status-publish","hentry"],"_links":{"self":[{"href":"https:\/\/www.strafrechtadvocaten.nl\/pt-pt\/wp-json\/wp\/v2\/pages\/6070","targetHints":{"allow":["GET"]}}],"collection":[{"href":"https:\/\/www.strafrechtadvocaten.nl\/pt-pt\/wp-json\/wp\/v2\/pages"}],"about":[{"href":"https:\/\/www.strafrechtadvocaten.nl\/pt-pt\/wp-json\/wp\/v2\/types\/page"}],"author":[{"embeddable":true,"href":"https:\/\/www.strafrechtadvocaten.nl\/pt-pt\/wp-json\/wp\/v2\/users\/1"}],"replies":[{"embeddable":true,"href":"https:\/\/www.strafrechtadvocaten.nl\/pt-pt\/wp-json\/wp\/v2\/comments?post=6070"}],"version-history":[{"count":3,"href":"https:\/\/www.strafrechtadvocaten.nl\/pt-pt\/wp-json\/wp\/v2\/pages\/6070\/revisions"}],"predecessor-version":[{"id":8580,"href":"https:\/\/www.strafrechtadvocaten.nl\/pt-pt\/wp-json\/wp\/v2\/pages\/6070\/revisions\/8580"}],"wp:attachment":[{"href":"https:\/\/www.strafrechtadvocaten.nl\/pt-pt\/wp-json\/wp\/v2\/media?parent=6070"}],"curies":[{"name":"wp","href":"https:\/\/api.w.org\/{rel}","templated":true}]}}