{"id":6066,"date":"2025-08-14T13:40:41","date_gmt":"2025-08-14T11:40:41","guid":{"rendered":"https:\/\/q1n54kp45c.onrocket.site\/departamento-de-cassacao\/"},"modified":"2025-08-21T16:27:46","modified_gmt":"2025-08-21T14:27:46","slug":"departamento-de-cassacao","status":"publish","type":"page","link":"https:\/\/www.strafrechtadvocaten.nl\/pt-pt\/departamento-de-cassacao\/","title":{"rendered":"Departamento de Cassa\u00e7\u00e3o"},"content":{"rendered":"\n<p>Deixe seu caso criminal ser analisado criticamente por nossa equipe de especialistas em cassa\u00e7\u00e3o.<br\/>Se houver algo, n\u00f3s o identificaremos!<\/p>\n\n<p>A Weening Strafrechtadvocaten \u00e9 o \u00fanico escrit\u00f3rio de advocacia na Holanda a possuir um departamento de cassa\u00e7\u00e3o: uma se\u00e7\u00e3o onde nossos advogados especializados em cassa\u00e7\u00e3o lidam com casos de cassa\u00e7\u00e3o no Supremo Tribunal. N\u00f3s tratamos apenas de casos de cassa\u00e7\u00e3o em direito penal. <\/p>\n\n<p>Quando voc\u00ea registra seu caso em nosso departamento de cassa\u00e7\u00e3o, ele \u00e9 minuciosamente revisado por um de nossos especialistas. Com isso, voc\u00ea obt\u00e9m uma vis\u00e3o especializada, realista e confi\u00e1vel do seu caso. Em seguida, seu caso ser\u00e1 discutido dentro da equipe de advogados de cassa\u00e7\u00e3o. Dessa forma, seu caso \u00e9 analisado sob m\u00faltiplos \u00e2ngulos. Se, em nossa avalia\u00e7\u00e3o, seu caso for adequado para a apresenta\u00e7\u00e3o de recursos de cassa\u00e7\u00e3o, esses recursos ser\u00e3o elaborados por dois advogados especializados em cassa\u00e7\u00e3o. Ambos os advogados trabalhar\u00e3o juntos para obter o melhor resultado poss\u00edvel para o seu caso.     <\/p>\n\n<p>Leia tamb\u00e9m: <a href=\"https:\/\/www.strafrechtadvocaten.nl\/expertise\/cassatie-bij-de-hoge-raad\/\">Cassa\u00e7\u00e3o no Supremo Tribunal \u00bb<\/a><\/p>\n\n<p>O que \u00e9 \u00fanico no departamento de cassa\u00e7\u00e3o \u00e9 que, por uma taxa fixa, verificamos se seu caso criminal \u00e9 adequado para a apresenta\u00e7\u00e3o de um recurso de cassa\u00e7\u00e3o ao Supremo Tribunal. Al\u00e9m disso, os advogados do departamento de cassa\u00e7\u00e3o se re\u00fanem semanalmente para discutir os casos em andamento, garantindo que seu caso receba sempre a aten\u00e7\u00e3o de uma equipe completa de especialistas em cassa\u00e7\u00e3o. Eles tamb\u00e9m est\u00e3o cientes dos mais recentes desenvolvimentos na legisla\u00e7\u00e3o e jurisprud\u00eancia. Dois advogados do departamento de cassa\u00e7\u00e3o s\u00e3o membros da principal associa\u00e7\u00e3o de especialistas em cassa\u00e7\u00e3o da Holanda: a <a href=\"https:\/\/www.vcas.nl\/\" target=\"_blank\" rel=\"noreferrer noopener\">VCAS<\/a>. Nossos advogados de cassa\u00e7\u00e3o j\u00e1 apresentaram in\u00fameros recursos de cassa\u00e7\u00e3o bem-sucedidos em sua longa experi\u00eancia.    <\/p>\n\n<h2 class=\"wp-block-heading\">Suspeito?<\/h2>\n\n<p>Voc\u00ea discorda de uma decis\u00e3o do tribunal criminal e deseja apresentar um recurso de cassa\u00e7\u00e3o? Ent\u00e3o, entre em contato com nosso departamento de cassa\u00e7\u00e3o. N\u00f3s analisaremos as possibilidades para voc\u00ea na fase de cassa\u00e7\u00e3o. Uma primeira consulta \u00e9, naturalmente, totalmente sem compromisso e gratuita.   <\/p>\n\n<h2 class=\"wp-block-heading\">Tamb\u00e9m para advogados!<\/h2>\n\n<p>Voc\u00ea \u00e9 advogado e tem um cliente que deseja apresentar um recurso de cassa\u00e7\u00e3o, mas voc\u00ea mesmo n\u00e3o lida com casos de cassa\u00e7\u00e3o? Ent\u00e3o, entre em contato com nosso departamento de cassa\u00e7\u00e3o especializado! Eles analisar\u00e3o as possibilidades para seu cliente na fase de cassa\u00e7\u00e3o. Se houver um encaminhamento (ou reencaminhamento) para uma inst\u00e2ncia factual, voc\u00ea poder\u00e1, naturalmente, retomar o caso. Acordos claros ser\u00e3o feitos previamente com voc\u00ea e com o cliente sobre isso.    <\/p>\n\n<p>Se voc\u00ea nos encaminha regularmente casos criminais, \u00e9 poss\u00edvel chegar a um acordo vantajoso para voc\u00ea conosco. Para mais informa\u00e7\u00f5es, voc\u00ea pode entrar em contato com <a href=\"https:\/\/www.strafrechtadvocaten.nl\/advocaten\/erik-maessen\/\">Erik Maessen<\/a>. <\/p>\n\n<h2 class=\"wp-block-heading\">Custos do Departamento de Cassa\u00e7\u00e3o<\/h2>\n\n<p>Naturalmente, nosso departamento de cassa\u00e7\u00e3o auxilia suspeitos com base em assist\u00eancia jur\u00eddica gratuita. Popularmente, isso tamb\u00e9m \u00e9 chamado de \u201cpro bono\u201d. Se voc\u00ea se qualificar para isso, ser\u00e1 devido apenas uma contribui\u00e7\u00e3o pr\u00f3pria. Os demais custos ser\u00e3o pagos para voc\u00ea pelo Conselho de Assist\u00eancia Jur\u00eddica.   <\/p>\n\n<p>Voc\u00ea n\u00e3o se qualifica para assist\u00eancia jur\u00eddica gratuita? Ent\u00e3o, podemos oferecer-lhe uma atraente taxa fixa de \u20ac 750,- (excl. IVA) pelos servi\u00e7os do departamento de cassa\u00e7\u00e3o. Por esta taxa, n\u00f3s nos aprofundaremos em seu processo criminal e analisaremos todas as possibilidades na fase de cassa\u00e7\u00e3o. Se, em nossa opini\u00e3o profissional, houver possibilidades de apresentar recursos de cassa\u00e7\u00e3o, entraremos em contato com voc\u00ea sobre isso. Faremos ent\u00e3o um acordo de pre\u00e7o adicional com voc\u00ea, no qual o valor j\u00e1 pago de \u20ac 750,- ser\u00e1, naturalmente, compensado.     <\/p>\n","protected":false},"excerpt":{"rendered":"<p>Deixe seu caso criminal ser analisado criticamente por nossa equipe de especialistas em cassa\u00e7\u00e3o.Se houver algo, n\u00f3s o identificaremos! A Weening Strafrechtadvocaten \u00e9 o \u00fanico escrit\u00f3rio de advocacia na Holanda a possuir um departamento de cassa\u00e7\u00e3o: uma se\u00e7\u00e3o onde nossos advogados especializados em cassa\u00e7\u00e3o lidam com casos de cassa\u00e7\u00e3o no Supremo Tribunal. N\u00f3s tratamos apenas [&hellip;]<\/p>\n","protected":false},"author":1,"featured_media":0,"parent":0,"menu_order":0,"comment_status":"closed","ping_status":"closed","template":"","meta":{"footnotes":""},"class_list":["post-6066","page","type-page","status-publish","hentry","temp-sidebar"],"_links":{"self":[{"href":"https:\/\/www.strafrechtadvocaten.nl\/pt-pt\/wp-json\/wp\/v2\/pages\/6066","targetHints":{"allow":["GET"]}}],"collection":[{"href":"https:\/\/www.strafrechtadvocaten.nl\/pt-pt\/wp-json\/wp\/v2\/pages"}],"about":[{"href":"https:\/\/www.strafrechtadvocaten.nl\/pt-pt\/wp-json\/wp\/v2\/types\/page"}],"author":[{"embeddable":true,"href":"https:\/\/www.strafrechtadvocaten.nl\/pt-pt\/wp-json\/wp\/v2\/users\/1"}],"replies":[{"embeddable":true,"href":"https:\/\/www.strafrechtadvocaten.nl\/pt-pt\/wp-json\/wp\/v2\/comments?post=6066"}],"version-history":[{"count":1,"href":"https:\/\/www.strafrechtadvocaten.nl\/pt-pt\/wp-json\/wp\/v2\/pages\/6066\/revisions"}],"predecessor-version":[{"id":6067,"href":"https:\/\/www.strafrechtadvocaten.nl\/pt-pt\/wp-json\/wp\/v2\/pages\/6066\/revisions\/6067"}],"wp:attachment":[{"href":"https:\/\/www.strafrechtadvocaten.nl\/pt-pt\/wp-json\/wp\/v2\/media?parent=6066"}],"curies":[{"name":"wp","href":"https:\/\/api.w.org\/{rel}","templated":true}]}}