{"id":6051,"date":"2025-08-14T14:01:50","date_gmt":"2025-08-14T12:01:50","guid":{"rendered":"https:\/\/q1n54kp45c.onrocket.site\/diretrizes-para-a-aplicacao-de-penas-e-acordos-lovs\/"},"modified":"2025-08-21T16:27:33","modified_gmt":"2025-08-21T14:27:33","slug":"diretrizes-para-a-aplicacao-de-penas-e-acordos-lovs","status":"publish","type":"page","link":"https:\/\/www.strafrechtadvocaten.nl\/pt-pt\/diretrizes-para-a-aplicacao-de-penas-e-acordos-lovs\/","title":{"rendered":"Diretrizes para a Aplica\u00e7\u00e3o de Penas e Acordos LOVS"},"content":{"rendered":"\n<p>Para delitos frequentemente cometidos, foram desenvolvidas diretrizes nas quais o juiz pode se basear ao determinar a pena a ser imposta.<\/p>\n\n<p>No Landelijk Overleg Vakinhoud Strafrecht (LOVS) est\u00e3o reunidos todos os departamentos de direito penal dos tribunais de primeira inst\u00e2ncia e de recurso. O objetivo do LOVS \u00e9 promover a uniformidade jur\u00eddica, a seguran\u00e7a jur\u00eddica, a especializa\u00e7\u00e3o e a melhoria dos processos de trabalho. Com vista a este objetivo, o LOVS publica diversas recomenda\u00e7\u00f5es e orienta\u00e7\u00f5es que foram elaboradas em consulta e colabora\u00e7\u00e3o com ju\u00edzes criminais. Estas recomenda\u00e7\u00f5es e orienta\u00e7\u00f5es n\u00e3o vinculam o juiz criminal individual num caso concreto.   <\/p>\n\n<p>Ao longo dos anos, o LOVS tamb\u00e9m estabeleceu outros acordos para promover a uniformidade jur\u00eddica, incluindo regras de arredondamento para multas, valores padr\u00e3o para a indemniza\u00e7\u00e3o por tempo passado \u201cindevidamente\u201d em cust\u00f3dia ou pris\u00e3o preventiva, indemniza\u00e7\u00f5es padr\u00e3o nos termos dos artigos 89 e 591a do C\u00f3digo de Processo Penal e pris\u00e3o substitutiva para multas, medidas de indemniza\u00e7\u00e3o e penas de trabalho comunit\u00e1rio.<\/p>\n\n<p><strong>Justificativa<\/strong><\/p>\n\n<p>O LOVS (Landelijk Overleg Vakinhoud Strafrecht, anteriormente Landelijk overleg van voorzitters van de strafsectoren van de gerechtshoven en de rechtbanken) deu o primeiro passo em 1998 para estabelecer uma pol\u00edtica nacional consistente de aplica\u00e7\u00e3o de penas. Foi decidido, ao longo do tempo, indicar uma medida de pena (diretriz) para v\u00e1rios delitos frequentemente cometidos, na qual o juiz pode se basear ao impor a pena. <\/p>\n\n<p>As diretrizes refletem a pena que os ju\u00edzes costumam aplicar para o ato modal (a forma mais comum do ato pun\u00edvel). Elas s\u00e3o estabelecidas ap\u00f3s um levantamento da pr\u00e1tica de aplica\u00e7\u00e3o de penas e ap\u00f3s consulta a todos os tribunais. As diretrizes s\u00e3o estabelecidas pelo LOVS, mediante proposta da Comiss\u00e3o de Uniformidade Jur\u00eddica. Em 2016, novas diretrizes para julgamento com base no direito penal juvenil foram adicionadas \u00e0s diretrizes existentes para a aplica\u00e7\u00e3o de penas. Estas diretrizes s\u00e3o preparadas pelo Grupo de Especialistas de Ju\u00edzes de Menores e subsequentemente estabelecidas pelo LOVS, ap\u00f3s a Comiss\u00e3o de Uniformidade Jur\u00eddica ser ouvida. Ap\u00f3s a sua aprova\u00e7\u00e3o, s\u00e3o publicadas no website www.rechtspraak.nl.     <\/p>\n\n<p>As diretrizes constituem um ponto de partida para a reflex\u00e3o sobre a pena a ser imposta. Elas oferecem ao juiz uma ferramenta e a possibilidade de, na aplica\u00e7\u00e3o da pena, referir-se a uma pr\u00e1tica nacional. As diretrizes n\u00e3o vinculam o juiz. Em casos individuais, ele \u00e9 respons\u00e1vel por determinar e impor uma pena adequada.   <\/p>\n\n<p>As diretrizes para julgamento com base no direito penal juvenil s\u00e3o precedidas por uma s\u00e9rie de observa\u00e7\u00f5es que o juiz (de menores) pode levar em considera\u00e7\u00e3o na aplica\u00e7\u00e3o da pena.<\/p>\n\n<p>Al\u00e9m destes instrumentos para promover a uniformidade jur\u00eddica na aplica\u00e7\u00e3o de penas, ao longo dos anos, o LOVS estabeleceu uma s\u00e9rie de acordos para promover a uniformidade jur\u00eddica. Exemplos incluem as regras de arredondamento para multas, os valores padr\u00e3o para a indemniza\u00e7\u00e3o por tempo passado \u201cindevidamente\u201d em cust\u00f3dia ou pris\u00e3o preventiva, as indemniza\u00e7\u00f5es padr\u00e3o para custos de assist\u00eancia jur\u00eddica e as tabelas de pris\u00e3o substitutiva para multas e pris\u00e3o por incumprimento de medidas de indemniza\u00e7\u00e3o e pris\u00e3o substitutiva para penas de trabalho comunit\u00e1rio. Estes acordos LOVS tamb\u00e9m est\u00e3o inclu\u00eddos neste documento. Tamb\u00e9m se faz uma distin\u00e7\u00e3o entre os acordos LOVS para julgamento com base no direito penal de adultos e para julgamento com base no direito penal juvenil. Na aus\u00eancia de acordos LOVS separados para julgamento com base no direito penal juvenil, podem ser aplicados os acordos LOVS para julgamento com base no direito penal de adultos.    <\/p>\n\n<p>A Comiss\u00e3o de Uniformidade Jur\u00eddica avalia periodicamente se as diretrizes e os acordos LOVS ainda se adequam suficientemente \u00e0 pr\u00e1tica ou se devem ser feitas altera\u00e7\u00f5es. No que diz respeito \u00e0s diretrizes e aos acordos LOVS para julgamento com base no direito penal juvenil, a Comiss\u00e3o de Uniformidade Jur\u00eddica \u00e9 informada pelo Grupo de Especialistas de Ju\u00edzes de Menores. <\/p>\n\n<p>O Gabinete Nacional de Conte\u00fado Jur\u00eddico \u00e9 respons\u00e1vel pela publica\u00e7\u00e3o das diretrizes (atualizadas) e dos acordos LOVS.<\/p>\n\n<div class=\"wp-block-buttons is-layout-flex wp-block-buttons-is-layout-flex\">\n<div class=\"wp-block-button\"><a class=\"wp-block-button__link wp-element-button\" href=\"https:\/\/www.rechtspraak.nl\/SiteCollectionDocuments\/Orientatiepunten-en-afspraken-LOVS.pdf\" target=\"_blank\" rel=\"noreferrer noopener\">Baixar<\/a><\/div>\n<\/div>\n\n<p><\/p>\n","protected":false},"excerpt":{"rendered":"<p>Para delitos frequentemente cometidos, foram desenvolvidas diretrizes nas quais o juiz pode se basear ao determinar a pena a ser imposta. No Landelijk Overleg Vakinhoud Strafrecht (LOVS) est\u00e3o reunidos todos os departamentos de direito penal dos tribunais de primeira inst\u00e2ncia e de recurso. O objetivo do LOVS \u00e9 promover a uniformidade jur\u00eddica, a seguran\u00e7a jur\u00eddica, [&hellip;]<\/p>\n","protected":false},"author":1,"featured_media":0,"parent":0,"menu_order":0,"comment_status":"closed","ping_status":"closed","template":"","meta":{"footnotes":""},"class_list":["post-6051","page","type-page","status-publish","hentry","temp-sidebar"],"_links":{"self":[{"href":"https:\/\/www.strafrechtadvocaten.nl\/pt-pt\/wp-json\/wp\/v2\/pages\/6051","targetHints":{"allow":["GET"]}}],"collection":[{"href":"https:\/\/www.strafrechtadvocaten.nl\/pt-pt\/wp-json\/wp\/v2\/pages"}],"about":[{"href":"https:\/\/www.strafrechtadvocaten.nl\/pt-pt\/wp-json\/wp\/v2\/types\/page"}],"author":[{"embeddable":true,"href":"https:\/\/www.strafrechtadvocaten.nl\/pt-pt\/wp-json\/wp\/v2\/users\/1"}],"replies":[{"embeddable":true,"href":"https:\/\/www.strafrechtadvocaten.nl\/pt-pt\/wp-json\/wp\/v2\/comments?post=6051"}],"version-history":[{"count":1,"href":"https:\/\/www.strafrechtadvocaten.nl\/pt-pt\/wp-json\/wp\/v2\/pages\/6051\/revisions"}],"predecessor-version":[{"id":6052,"href":"https:\/\/www.strafrechtadvocaten.nl\/pt-pt\/wp-json\/wp\/v2\/pages\/6051\/revisions\/6052"}],"wp:attachment":[{"href":"https:\/\/www.strafrechtadvocaten.nl\/pt-pt\/wp-json\/wp\/v2\/media?parent=6051"}],"curies":[{"name":"wp","href":"https:\/\/api.w.org\/{rel}","templated":true}]}}