{"id":6040,"date":"2025-08-14T14:04:44","date_gmt":"2025-08-14T12:04:44","guid":{"rendered":"https:\/\/q1n54kp45c.onrocket.site\/politica-de-privacidade\/"},"modified":"2025-08-21T16:26:49","modified_gmt":"2025-08-21T14:26:49","slug":"politica-de-privacidade","status":"publish","type":"page","link":"https:\/\/www.strafrechtadvocaten.nl\/pt-pt\/politica-de-privacidade\/","title":{"rendered":"Pol\u00edtica de Privacidade"},"content":{"rendered":"\n<p>A Weening Strafrechtadvocaten B.V. (doravante designada \u201cWeening Strafrechtadvocaten\u201d) \u00e9 a respons\u00e1vel pelo tratamento dos dados pessoais, conforme descrito nesta pol\u00edtica de privacidade. A Weening Strafrechtadvocaten respeita a sua privacidade e garante que pode confiar os seus dados pessoais \u00e0 Weening Strafrechtadvocaten. Nesta pol\u00edtica de privacidade, informamo-lo sobre o assunto.  <\/p>\n\n<p>Durante os seus contactos com a Weening Strafrechtadvocaten, os seus dados s\u00e3o recolhidos e tratados. Com estes dados, podemos identific\u00e1-lo como pessoa. Por isso, estes s\u00e3o \u201cdados pessoais\u201d. Todas as informa\u00e7\u00f5es sobre quais dados pessoais a Weening Strafrechtadvocaten trata e como a Weening Strafrechtadvocaten os trata de forma correta, podem ser encontradas abaixo.   <\/p>\n\n<p>Ao utilizar o website (m\u00f3vel), a aplica\u00e7\u00e3o e outros produtos e servi\u00e7os da Weening Strafrechtadvocaten, concorda que esta pol\u00edtica de privacidade se aplica aos dados pessoais tratados pela Weening Strafrechtadvocaten.<\/p>\n\n<h2 class=\"wp-block-heading\">1. Aplicabilidade<\/h2>\n\n<p>Esta pol\u00edtica de privacidade aplica-se a todas as pessoas cujos dados pessoais s\u00e3o tratados pela Weening Strafrechtadvocaten, com exce\u00e7\u00e3o das pessoas que trabalham na Weening Strafrechtadvocaten.<\/p>\n\n<p>Esta Pol\u00edtica de Privacidade aplica-se a:<\/p>\n\n<ul class=\"wp-block-list\">\n<li>Clientes da Weening Strafrechtadvocaten;<\/li>\n\n\n\n<li>Potenciais clientes com quem a Weening Strafrechtadvocaten estabeleceu ou pretende estabelecer contacto;<\/li>\n\n\n\n<li>Visitantes do website da Weening Strafrechtadvocaten;<\/li>\n\n\n\n<li>Destinat\u00e1rios de newsletters e e-mails comerciais da Weening Strafrechtadvocaten;<\/li>\n\n\n\n<li>Todas as outras pessoas que contactam a Weening Strafrechtadvocaten ou cujos dados pessoais s\u00e3o tratados pela Weening Strafrechtadvocaten.<\/li>\n<\/ul>\n\n<p>Esta Pol\u00edtica de Privacidade n\u00e3o se aplica a parceiros, funcion\u00e1rios, trabalhadores tempor\u00e1rios, trabalhadores cedidos, estagi\u00e1rios e candidatos a emprego.<\/p>\n\n<h2 class=\"wp-block-heading\">2. Dados pessoais na posse da Weening Strafrechtadvocaten<\/h2>\n\n<p>Os seguintes dados podem ser recolhidos e tratados pela Weening Strafrechtadvocaten de diversas formas.<\/p>\n\n<h3 class=\"wp-block-heading\">2.1. Dados que fornece diretamente \u00e0 Weening Strafrechtadvocaten<\/h3>\n\n<ul class=\"wp-block-list\">\n<li>Informa\u00e7\u00f5es de identifica\u00e7\u00e3o e contacto: nome, apelido, morada e local de resid\u00eancia, endere\u00e7o de e-mail, n\u00famero de telefone, sexo, data de nascimento, local de nascimento e endere\u00e7o IP;<\/li>\n\n\n\n<li>Informa\u00e7\u00f5es financeiras: n\u00famero da conta banc\u00e1ria, c\u00f3digo BIC, nome do titular da conta, etc.;<\/li>\n\n\n\n<li>Reclama\u00e7\u00f5es ou feedback sobre a sua experi\u00eancia com a Weening Strafrechtadvocaten, coment\u00e1rios, sugest\u00f5es, testemunhos e qualquer outro feedback;<\/li>\n\n\n\n<li>Outros dados que s\u00e3o trocados, comunicados e partilhados por si atrav\u00e9s do website (m\u00f3vel), aplica\u00e7\u00e3o e similares da Weening Strafrechtadvocaten.<\/li>\n<\/ul>\n\n<h3 class=\"wp-block-heading\">2.2. Dados que fornece ao utilizar o website (m\u00f3vel) ou a aplica\u00e7\u00e3o<\/h3>\n\n<p>Quando utiliza o website (m\u00f3vel) ou a aplica\u00e7\u00e3o da Weening Strafrechtadvocaten, as seguintes informa\u00e7\u00f5es podem ser tratadas: p\u00e1ginas visitadas, pesquisas e endere\u00e7o IP atrav\u00e9s de cookies e dados que introduz no website ou na aplica\u00e7\u00e3o.<\/p>\n\n<h3 class=\"wp-block-heading\">2.3. Dados de outras fontes<\/h3>\n\n<p>A Weening Strafrechtadvocaten tamb\u00e9m pode recolher e tratar dados de outras fontes, como a compra ou aluguer de dados recolhidos por fornecedores especializados, parceiros da Weening Strafrechtadvocaten, fontes p\u00fablicas, redes sociais, etc. As regras e configura\u00e7\u00f5es de prefer\u00eancia destes fornecedores aplicar-se-\u00e3o \u00e0 utiliza\u00e7\u00e3o de canais de redes sociais, tanto a si como \u00e0 Weening Strafrechtadvocaten. <\/p>\n\n<p>O nosso website pode conter links para outros websites. Estes websites podem n\u00e3o ser geridos pela Weening Strafrechtadvocaten e podem ter a sua pr\u00f3pria pol\u00edtica de privacidade. A Weening Strafrechtadvocaten recomenda vivamente que os leia e n\u00e3o pode assumir qualquer responsabilidade por estes websites de terceiros.  <\/p>\n\n<h3 class=\"wp-block-heading\">2.4. Dados pessoais especiais e\/ou sens\u00edveis tratados pela Weening Strafrechtadvocaten<\/h3>\n\n<p>A Weening Strafrechtadvocaten trata os seguintes dados pessoais especiais e\/ou sens\u00edveis seus:<\/p>\n\n<ul class=\"wp-block-list\">\n<li>N\u00famero de Servi\u00e7o do Cidad\u00e3o (BSN);<\/li>\n\n\n\n<li>Sa\u00fade (em casos aplic\u00e1veis, se relevante para a defesa dos seus interesses);<\/li>\n\n\n\n<li>Dados de pessoas com menos de 16 anos (em casos aplic\u00e1veis, se relevante para a defesa dos seus interesses);<\/li>\n\n\n\n<li>Diversos dados financeiros e fiscais (em casos aplic\u00e1veis, se relevante para a defesa dos seus interesses);<\/li>\n\n\n\n<li>Documenta\u00e7\u00e3o criminal (em casos aplic\u00e1veis, se relevante para a defesa dos seus interesses).<\/li>\n<\/ul>\n\n<h2 class=\"wp-block-heading\">3. Finalidade e base jur\u00eddica do tratamento de dados pessoais pela Weening Strafrechtadvocaten<\/h2>\n\n<p>\u00c9 poss\u00edvel apresentar uma queixa ao tribunal contra a decis\u00e3o de reten\u00e7\u00e3o da carta de condu\u00e7\u00e3o. Nessa queixa, \u00e9 solicitada a devolu\u00e7\u00e3o da carta de condu\u00e7\u00e3o at\u00e9 ao tratamento substantivo do seu caso. O juiz tratar\u00e1 esta queixa na sess\u00e3o. Aqui, voc\u00ea e o seu <a href=\"https:\/\/www.strafrechtadvocaten.nl\/advocaten\/\">advogado<\/a> tamb\u00e9m ter\u00e3o a oportunidade de explicar a sua posi\u00e7\u00e3o, por exemplo, porque precisa da sua carta de condu\u00e7\u00e3o para o seu trabalho. O juiz toma uma decis\u00e3o imediata. Ao contactar rapidamente um advogado, a queixa pode ser apresentada rapidamente e o juiz pode tomar uma decis\u00e3o r\u00e1pida sobre o seu caso.     <\/p>\n\n<p>Os dados pessoais s\u00e3o tratados pela Weening Strafrechtadvocaten para as seguintes finalidades:<\/p>\n\n<ul class=\"wp-block-list\">\n<li>A execu\u00e7\u00e3o de um contrato no qual nos incumbiu de prestar servi\u00e7os jur\u00eddicos atrav\u00e9s dos nossos advogados. Se entregar um caso a um advogado, os seus dados de contacto ser\u00e3o sempre solicitados. Outros dados pessoais tamb\u00e9m podem ser necess\u00e1rios para o tratamento do caso, dependendo da sua natureza;  <\/li>\n\n\n\n<li>O tratamento do seu pagamento;<\/li>\n\n\n\n<li>A cobran\u00e7a de valores e a tomada de medidas de cobran\u00e7a;<\/li>\n\n\n\n<li>O cumprimento de obriga\u00e7\u00f5es legais. A Lei de Preven\u00e7\u00e3o de Branqueamento de Capitais e Financiamento do Terrorismo (WWFT) obriga os advogados a recolher e registar certas informa\u00e7\u00f5es. Isso inclui, entre outros, uma c\u00f3pia de um documento de identifica\u00e7\u00e3o (passaporte);  <\/li>\n\n\n\n<li>A manuten\u00e7\u00e3o do contacto consigo. Os seus dados de contacto s\u00e3o mantidos no nosso sistema de clientes e podem ser utilizados, entre outras coisas, para o envio de newsletters, atualiza\u00e7\u00f5es, convites para eventos e semin\u00e1rios e o envio de informa\u00e7\u00f5es que nos tenha solicitado; <\/li>\n\n\n\n<li>A melhoria cont\u00ednua, a manuten\u00e7\u00e3o e a otimiza\u00e7\u00e3o dos nossos servi\u00e7os, website (m\u00f3vel), aplica\u00e7\u00e3o e a sua seguran\u00e7a, bem como a otimiza\u00e7\u00e3o das estrat\u00e9gias gerais, comerciais e de marketing da Weening Strafrechtadvocaten;<\/li>\n\n\n\n<li>Outras finalidades espec\u00edficas para as quais pode ser solicitado consentimento separadamente.<\/li>\n<\/ul>\n\n<h3 class=\"wp-block-heading\">3.1. An\u00e1lise de dados<\/h3>\n\n<p>Consideramos importante abord\u00e1-lo com informa\u00e7\u00f5es que sejam relevantes para si. Para tornar isso poss\u00edvel, combinamos e analisamos os dados pessoais dispon\u00edveis para n\u00f3s. Com base nisso, determinamos quais informa\u00e7\u00f5es e canais s\u00e3o relevantes e quais os momentos mais adequados para fornecer informa\u00e7\u00f5es ou estabelecer contacto. Em a\u00e7\u00f5es de marketing, n\u00e3o tratamos dados pessoais especiais nem dados confidenciais protegidos pelo sigilo profissional dos advogados. Se quisermos criar um perfil de cliente pessoal e individual seu, solicitaremos o seu consentimento pr\u00e9vio para tal. Se desejar retirar este consentimento mais tarde, isso \u00e9 sempre poss\u00edvel.     <\/p>\n\n<h3 class=\"wp-block-heading\">3.2. Analisamos os seguintes dados:<\/h3>\n\n<ul class=\"wp-block-list\">\n<li>Dados de intera\u00e7\u00e3o: Dados pessoais obtidos a partir do contacto entre a Weening Strafrechtadvocaten e voc\u00ea. Por exemplo, sobre a sua utiliza\u00e7\u00e3o do nosso website ou aplica\u00e7\u00f5es suportadas. Isto tamb\u00e9m se aplica a intera\u00e7\u00f5es offline, como a frequ\u00eancia de contacto entre a Weening Strafrechtadvocaten e voc\u00ea;  <\/li>\n\n\n\n<li>A realiza\u00e7\u00e3o e an\u00e1lise de inqu\u00e9ritos de satisfa\u00e7\u00e3o do cliente: por vezes, pedimos aos clientes que participem num inqu\u00e9rito de satisfa\u00e7\u00e3o do cliente. Isso \u00e9 feito atrav\u00e9s de um question\u00e1rio online. A participa\u00e7\u00e3o \u00e9 volunt\u00e1ria.  <\/li>\n\n\n\n<li>Dados de comportamento: Dados pessoais que a Weening Strafrechtadvocaten trata sobre o seu comportamento, como a sua opini\u00e3o, desejos, prefer\u00eancias e necessidades. Podemos, por exemplo, derivar estes dados do seu comportamento de navega\u00e7\u00e3o no nosso website, da leitura das nossas newsletters ou do facto de ter solicitado informa\u00e7\u00f5es, mas tamb\u00e9m atrav\u00e9s de chamadas telef\u00f3nicas e contactos por e-mail com os nossos funcion\u00e1rios. As informa\u00e7\u00f5es obtidas atrav\u00e9s de cookies de rastreamento s\u00e3o recolhidas e utilizadas apenas com o seu consentimento, que pode sempre retirar. Consulte tamb\u00e9m a nossa declara\u00e7\u00e3o de cookies;   <\/li>\n\n\n\n<li>A cria\u00e7\u00e3o de estat\u00edsticas de utilizadores: as estat\u00edsticas de utilizadores do website permitem-nos obter uma imagem, entre outras coisas, do n\u00famero de visitantes, da dura\u00e7\u00e3o da visita, das partes do website visualizadas e do comportamento de clique. Utilizamos as informa\u00e7\u00f5es obtidas para melhorar o website. <\/li>\n<\/ul>\n\n<h2 class=\"wp-block-heading\">4. Base jur\u00eddica do tratamento<\/h2>\n\n<p>A Weening Strafrechtadvocaten trata dados pessoais com base numa das seguintes bases jur\u00eddicas:<\/p>\n\n<ul class=\"wp-block-list\">\n<li>Consentimento: o seu consentimento expresso para o tratamento dos seus dados pessoais para uma ou mais finalidades espec\u00edficas. Se os dados pessoais forem tratados com base no consentimento, solicitaremos isso separadamente. Se n\u00e3o der este consentimento, isso pode significar que n\u00e3o poderemos, ou n\u00e3o poderemos adequadamente, defender os seus interesses;  <\/li>\n\n\n\n<li>Contrato: com base num contrato ou na fase pr\u00e9-contratual;<\/li>\n\n\n\n<li>Obriga\u00e7\u00e3o legal;<\/li>\n\n\n\n<li>Interesse leg\u00edtimo:\n<ul class=\"wp-block-list\">\n<li>Chamar a sua aten\u00e7\u00e3o para not\u00edcias e eventos do nosso escrit\u00f3rio (se houver uma rela\u00e7\u00e3o de cliente existente);<\/li>\n\n\n\n<li>A prote\u00e7\u00e3o dos nossos interesses financeiros;<\/li>\n\n\n\n<li>A melhoria dos nossos servi\u00e7os;<\/li>\n\n\n\n<li>Seguran\u00e7a e gest\u00e3o dos nossos sistemas.<\/li>\n<\/ul>\n<\/li>\n<\/ul>\n\n<h2 class=\"wp-block-heading\">5. Conserva\u00e7\u00e3o de dados<\/h2>\n\n<p>A Weening Strafrechtadvocaten n\u00e3o conservar\u00e1 os seus dados por mais tempo do que o necess\u00e1rio para o seu tratamento, tendo em conta as obriga\u00e7\u00f5es contratuais e legais. Se for cliente do escrit\u00f3rio, conservaremos o seu processo durante 15 anos. Isto \u2013 entre outras coisas \u2013 para podermos cumprir a nossa obriga\u00e7\u00e3o de conserva\u00e7\u00e3o fiscal e <a href=\"https:\/\/www.strafrechtadvocaten.nl\/expertise\/herziening-bij-de-hoge-raad\/\">revis\u00f5es<\/a>. Depois disso, o seu <a href=\"https:\/\/www.strafrechtadvocaten.nl\/mijn-dossier\/\">processo<\/a> ser\u00e1 destru\u00eddo. Se contactou o escrit\u00f3rio mas n\u00e3o se tornou cliente, conservaremos os seus dados por um per\u00edodo m\u00e1ximo de 12 meses.    <\/p>\n\n<h2 class=\"wp-block-heading\">6. Subcontratantes<\/h2>\n\n<p>A Weening Strafrechtadvocaten pode recorrer a prestadores de servi\u00e7os (subcontratantes) para o tratamento dos seus dados pessoais, que tratam dados pessoais exclusivamente em nosso nome. Celebramos com estes subcontratantes um contrato de tratamento de dados que cumpre os requisitos estabelecidos pelo Regulamento Geral sobre a Prote\u00e7\u00e3o de Dados (RGPD). <\/p>\n\n<p>Trabalhamos, por exemplo, com prestadores de servi\u00e7os de TIC que nos apoiam na manuten\u00e7\u00e3o da seguran\u00e7a e estabilidade dos nossos sistemas. Estes s\u00e3o exemplos de partes que podem ser consideradas subcontratantes, conforme definido no Regulamento Geral sobre a Prote\u00e7\u00e3o de Dados (RGPD). <\/p>\n\n<h2 class=\"wp-block-heading\">7. Partilha de dados pessoais com terceiros<\/h2>\n\n<p>Os seus dados pessoais ser\u00e3o divulgados apenas em conformidade com esta pol\u00edtica de privacidade e\/ou se for legalmente exigido e\/ou em virtude de uma decis\u00e3o judicial. A Weening Strafrechtadvocaten envidar\u00e1 esfor\u00e7os razo\u00e1veis para o informar previamente sobre o assunto, a menos que tal esteja sujeito a restri\u00e7\u00f5es legais. <\/p>\n\n<p>Finalmente, os dados pessoais tamb\u00e9m podem ser anonimizados e partilhados com terceiros. Neste caso, nunca poder\u00e1 ser identificado com base nestes dados anonimizados. <\/p>\n\n<h2 class=\"wp-block-heading\">8. Transfer\u00eancia para fora do Espa\u00e7o Econ\u00f3mico Europeu (EEE)<\/h2>\n\n<p>Pode ser por vezes necess\u00e1rio transferir os seus dados pessoais para partes estabelecidas fora do Espa\u00e7o Econ\u00f3mico Europeu (EEE). Isso pode ser \u2013 dependendo das circunst\u00e2ncias do caso \u2013 necess\u00e1rio para o tratamento do seu processo por um advogado, not\u00e1rio ou fiscalista. <\/p>\n\n<h2 class=\"wp-block-heading\">9. Os seus direitos<\/h2>\n\n<p>Qualquer pessoa pode exercer certos direitos em rela\u00e7\u00e3o aos seus dados pessoais com base na lei. Tem o direito de acesso, retifica\u00e7\u00e3o e elimina\u00e7\u00e3o de dados pessoais. Tamb\u00e9m pode opor-se \u00e0 utiliza\u00e7\u00e3o dos seus dados ou solicitar que essa utiliza\u00e7\u00e3o seja limitada. Em certos casos, pode at\u00e9 solicitar os seus dados e lev\u00e1-los para outra parte. Para todas estas quest\u00f5es, contacte-nos atrav\u00e9s de 088 933 6464 ou info@weening.net.    <\/p>\n\n<p>Para garantir que o pedido de acesso foi feito por si, solicitamos que envie uma c\u00f3pia do seu documento de identifica\u00e7\u00e3o com o pedido. Nesta c\u00f3pia, oculte a sua fotografia, a MRZ (zona de leitura \u00f3tica, a faixa com n\u00fameros na parte inferior do passaporte), o n\u00famero do passaporte e o N\u00famero de Servi\u00e7o do Cidad\u00e3o (BSN). Isto para proteger a sua privacidade. Responderemos o mais rapidamente poss\u00edvel, mas dentro de quatro semanas, ao seu pedido.   <\/p>\n\n<p>Tem tamb\u00e9m o direito de apresentar uma reclama\u00e7\u00e3o junto da autoridade de controlo: Autoriteit Persoonsgegevens, Bezuidenhoutseweg 30, 2594 AV Den Haag, Tel: 0900 \u2013 2001 201.<\/p>\n\n<h2 class=\"wp-block-heading\">10. Seguran\u00e7a dos dados<\/h2>\n\n<p>Para proteger os seus dados pessoais da melhor forma poss\u00edvel, a Weening Strafrechtadvocaten toma todas as medidas razo\u00e1veis para evitar a perda, uso indevido, divulga\u00e7\u00e3o, acesso n\u00e3o autorizado ou altera\u00e7\u00e3o de dados pessoais. S\u00e3o tomadas as medidas necess\u00e1rias, tanto a n\u00edvel t\u00e9cnico como organizacional, para garantir um n\u00edvel de seguran\u00e7a adequado. <\/p>\n\n<h2 class=\"wp-block-heading\">11. Menores (crian\u00e7as com menos de 16 anos)<\/h2>\n\n<p>A Weening Strafrechtadvocaten nunca recolhe ou trata conscientemente dados pessoais de menores sem o consentimento de um pai ou tutor, que deve ser dado para utilizar o website (m\u00f3vel), aplica\u00e7\u00e3o, etc. da Weening Strafrechtadvocaten e para, posteriormente, exercer os direitos relativos aos dados do menor.<\/p>\n\n<p>Se, de boa-f\u00e9, dados pessoais de menores forem tratados, a Weening Strafrechtadvocaten ir\u00e1 elimin\u00e1-los dos seus ficheiros o mais rapidamente poss\u00edvel ap\u00f3s tomar conhecimento.<\/p>\n\n<h2 class=\"wp-block-heading\">12. Tomada de decis\u00e3o automatizada<\/h2>\n\n<p>A Weening Strafrechtadvocaten n\u00e3o toma decis\u00f5es baseadas em tratamentos automatizados sobre assuntos que possam ter consequ\u00eancias (significativas) para as pessoas. Trata-se de decis\u00f5es tomadas por programas ou sistemas inform\u00e1ticos, sem a interven\u00e7\u00e3o humana (por exemplo, um funcion\u00e1rio da Weening Strafrechtadvocaten). <\/p>\n\n<p>Se, ap\u00f3s ler esta pol\u00edtica de privacidade, ainda tiver d\u00favidas sobre a forma como a Weening Strafrechtadvocaten trata os dados pessoais, se desejar exercer os seus direitos mencionados nesta pol\u00edtica de privacidade, com base no Regulamento Geral sobre a Prote\u00e7\u00e3o de Dados (RGPD) ou outras leis e regulamentos sobre dados pessoais, ou se desejar apresentar uma reclama\u00e7\u00e3o sobre a utiliza\u00e7\u00e3o dos seus dados pessoais, pode contactar-nos atrav\u00e9s dos <a href=\"https:\/\/www.strafrechtadvocaten.nl\/contact-strafrechtadvocaat\/\">dados de contacto<\/a> abaixo:<\/p>\n\n<h2 class=\"wp-block-heading\">13. Dados de contacto<\/h2>\n\n<p><strong>Weening Strafrechtadvocaten B.V.<\/strong><br\/>Wilhelminasingel 97, 6221 BH Maastricht<br\/>info@weening.net<br\/>088 933 6464<br\/>www.strafrechtadvocaten.nl<\/p>\n\n<p>A Weening Strafrechtadvocaten reserva-se o direito de alterar esta pol\u00edtica de privacidade a qualquer momento. A vers\u00e3o aplic\u00e1vel pode ser sempre encontrada no website da Weening Strafrechtadvocaten. <\/p>\n","protected":false},"excerpt":{"rendered":"<p>A Weening Strafrechtadvocaten B.V. (doravante designada \u201cWeening Strafrechtadvocaten\u201d) \u00e9 a respons\u00e1vel pelo tratamento dos dados pessoais, conforme descrito nesta pol\u00edtica de privacidade. A Weening Strafrechtadvocaten respeita a sua privacidade e garante que pode confiar os seus dados pessoais \u00e0 Weening Strafrechtadvocaten. Nesta pol\u00edtica de privacidade, informamo-lo sobre o assunto. Durante os seus contactos com a [&hellip;]<\/p>\n","protected":false},"author":1,"featured_media":0,"parent":0,"menu_order":0,"comment_status":"closed","ping_status":"closed","template":"","meta":{"footnotes":""},"class_list":["post-6040","page","type-page","status-publish","hentry","temp-simpel"],"_links":{"self":[{"href":"https:\/\/www.strafrechtadvocaten.nl\/pt-pt\/wp-json\/wp\/v2\/pages\/6040","targetHints":{"allow":["GET"]}}],"collection":[{"href":"https:\/\/www.strafrechtadvocaten.nl\/pt-pt\/wp-json\/wp\/v2\/pages"}],"about":[{"href":"https:\/\/www.strafrechtadvocaten.nl\/pt-pt\/wp-json\/wp\/v2\/types\/page"}],"author":[{"embeddable":true,"href":"https:\/\/www.strafrechtadvocaten.nl\/pt-pt\/wp-json\/wp\/v2\/users\/1"}],"replies":[{"embeddable":true,"href":"https:\/\/www.strafrechtadvocaten.nl\/pt-pt\/wp-json\/wp\/v2\/comments?post=6040"}],"version-history":[{"count":1,"href":"https:\/\/www.strafrechtadvocaten.nl\/pt-pt\/wp-json\/wp\/v2\/pages\/6040\/revisions"}],"predecessor-version":[{"id":6041,"href":"https:\/\/www.strafrechtadvocaten.nl\/pt-pt\/wp-json\/wp\/v2\/pages\/6040\/revisions\/6041"}],"wp:attachment":[{"href":"https:\/\/www.strafrechtadvocaten.nl\/pt-pt\/wp-json\/wp\/v2\/media?parent=6040"}],"curies":[{"name":"wp","href":"https:\/\/api.w.org\/{rel}","templated":true}]}}