{"id":6030,"date":"2025-08-14T14:04:17","date_gmt":"2025-08-14T12:04:17","guid":{"rendered":"https:\/\/q1n54kp45c.onrocket.site\/termos-e-condicoes-gerais\/"},"modified":"2025-08-21T16:26:37","modified_gmt":"2025-08-21T14:26:37","slug":"termos-e-condicoes-gerais","status":"publish","type":"page","link":"https:\/\/www.strafrechtadvocaten.nl\/pt-pt\/termos-e-condicoes-gerais\/","title":{"rendered":"Termos e Condi\u00e7\u00f5es Gerais"},"content":{"rendered":"\n<p>Nestes termos e condi\u00e7\u00f5es gerais, os termos a seguir s\u00e3o usados com o significado abaixo, salvo indica\u00e7\u00e3o expressa em contr\u00e1rio.<\/p>\n\n<p>\u00daltima atualiza\u00e7\u00e3o em quarta-feira, 17 de novembro de 2021.<\/p>\n\n<ol class=\"wp-block-list\">\n<li>Estes termos e condi\u00e7\u00f5es gerais aplicam-se a todos os servi\u00e7os da Weening strafrechtadvocaten B.V., doravante denominada: o escrit\u00f3rio.<\/li>\n\n\n\n<li>Todas as atribui\u00e7\u00f5es s\u00e3o, com a exclus\u00e3o do artigo 7:404 do C\u00f3digo Civil, aceites e executadas exclusivamente pelo escrit\u00f3rio, mesmo que a inten\u00e7\u00e3o expressa ou t\u00e1cita seja que uma atribui\u00e7\u00e3o seja executada por uma pessoa espec\u00edfica.<\/li>\n\n\n\n<li>Em derroga\u00e7\u00e3o do art. 7:408, par\u00e1grafo 2 do C\u00f3digo Civil, o escrit\u00f3rio tem o direito de, em conformidade com as Regras de Conduta para Advogados, rescindir um contrato a qualquer momento, sem que isso a torne respons\u00e1vel por danos. Estes termos e condi\u00e7\u00f5es gerais beneficiam aqueles que trabalham para a sociedade. <\/li>\n\n\n\n<li>Qualquer responsabilidade do escrit\u00f3rio \u00e9 limitada ao valor que, no caso em quest\u00e3o, \u00e9 pago em virtude do seguro de responsabilidade profissional contratado pelo escrit\u00f3rio.<\/li>\n\n\n\n<li>O cliente isenta o escrit\u00f3rio de todas as reivindica\u00e7\u00f5es de terceiros (incluindo testemunhas e peritos), incluindo os custos a serem incorridos pelo escrit\u00f3rio em conex\u00e3o com isso, que de alguma forma estejam relacionados com os trabalhos realizados para o cliente. Ao contratar terceiros, se razoavelmente poss\u00edvel, o escrit\u00f3rio consultar\u00e1 previamente o cliente e, em qualquer caso, ao escolher terceiros, exercer\u00e1 a devida dilig\u00eancia. O escrit\u00f3rio n\u00e3o \u00e9 respons\u00e1vel por falhas desses terceiros. O cliente concorda que o escrit\u00f3rio aceita cl\u00e1usulas de limita\u00e7\u00e3o de responsabilidade.   <\/li>\n\n\n\n<li>Ao t\u00e9rmino dos trabalhos para o cliente, o escrit\u00f3rio devolver\u00e1, na medida do poss\u00edvel, os documentos origin\u00e1rios do cliente e quaisquer documentos judiciais por correio comum e arquivar\u00e1 o processo. O escrit\u00f3rio reserva-se o direito de destruir processos arquivados, em conformidade com os regulamentos aplic\u00e1veis, cinco anos ap\u00f3s o arquivamento. <\/li>\n\n\n\n<li>O escrit\u00f3rio, em conformidade com o Regulamento sobre a publicidade da Ordem Holandesa de Advogados, no \u00e2mbito da defesa de interesses, \u00e9 livre para colaborar com a publicidade sobre um caso sem consulta adicional, respeitando a privacidade do cliente. Essa liberdade tamb\u00e9m existe ap\u00f3s o t\u00e9rmino do caso, desde que isso ocorra, na medida do poss\u00edvel, em consulta com o cliente. Na medida em que a colabora\u00e7\u00e3o \u00e9 dada \u00e0 publicidade sem que isso ocorra no \u00e2mbito da defesa de interesses, o escrit\u00f3rio \u00e9 livre para faz\u00ea-lo, desde que o interesse do cliente n\u00e3o seja prejudicado.  <\/li>\n\n\n\n<li>O escrit\u00f3rio \u00e9 livre para providenciar, se necess\u00e1rio, substitui\u00e7\u00f5es m\u00fatuas para a representa\u00e7\u00e3o em tribunal.<\/li>\n\n\n\n<li>As reclama\u00e7\u00f5es do cliente devem ser tratadas primeiramente atrav\u00e9s do procedimento interno de reclama\u00e7\u00f5es da Weening Strafrechtadvocaten B.V., conforme descrito no artigo 5 do regulamento de reclama\u00e7\u00f5es da Weening Strafrechtadvocaten. Este regulamento de reclama\u00e7\u00f5es pode ser encontrado <a href=\"https:\/\/www.strafrechtadvocaten.nl\/info\/klachtenregeling\/\">aqui<\/a>. Reclama\u00e7\u00f5es, conforme o artigo 1 deste regulamento de reclama\u00e7\u00f5es do escrit\u00f3rio, que n\u00e3o forem resolvidas ap\u00f3s o tratamento, ser\u00e3o submetidas ao Tribunal de Limburg, localidade de Maastricht, ressalvadas as disposi\u00e7\u00f5es imperativas relativas \u00e0 compet\u00eancia. Se o reclamante considerar que um advogado da Weening Strafrechtadvocaten B.V. age ou agiu em viola\u00e7\u00e3o das Regras de Conduta aplic\u00e1veis aos advogados, o reclamante pode, se o processo descrito no artigo 5 do regulamento de reclama\u00e7\u00f5es n\u00e3o levar a uma solu\u00e7\u00e3o, apresentar a reclama\u00e7\u00e3o ao Decano competente da Ordem dos Advogados.   <\/li>\n\n\n\n<li>A rela\u00e7\u00e3o jur\u00eddica entre o escrit\u00f3rio e seus clientes \u00e9 regida pela lei holandesa. Somente o tribunal holand\u00eas ser\u00e1 competente para julgar qualquer lit\u00edgio que possa surgir entre o escrit\u00f3rio e um cliente. <\/li>\n\n\n\n<li>Estes termos e condi\u00e7\u00f5es gerais tamb\u00e9m se aplicam a atribui\u00e7\u00f5es adicionais e subsequentes do cliente.<\/li>\n<\/ol>\n\n<div class=\"wp-block-buttons is-layout-flex wp-block-buttons-is-layout-flex\">\n<div class=\"wp-block-button\"><a class=\"wp-block-button__link wp-element-button\" href=\"https:\/\/www.strafrechtadvocaten.nl\/wp-content\/uploads\/Weening-Strafrechtadvocaten-Algemen-Voorwaarden.pdf\" target=\"_blank\" rel=\"noreferrer noopener\">Baixar<\/a><\/div>\n<\/div>\n","protected":false},"excerpt":{"rendered":"<p>Nestes termos e condi\u00e7\u00f5es gerais, os termos a seguir s\u00e3o usados com o significado abaixo, salvo indica\u00e7\u00e3o expressa em contr\u00e1rio. \u00daltima atualiza\u00e7\u00e3o em quarta-feira, 17 de novembro de 2021.<\/p>\n","protected":false},"author":1,"featured_media":0,"parent":0,"menu_order":0,"comment_status":"closed","ping_status":"closed","template":"","meta":{"footnotes":""},"class_list":["post-6030","page","type-page","status-publish","hentry","temp-simpel"],"_links":{"self":[{"href":"https:\/\/www.strafrechtadvocaten.nl\/pt-pt\/wp-json\/wp\/v2\/pages\/6030","targetHints":{"allow":["GET"]}}],"collection":[{"href":"https:\/\/www.strafrechtadvocaten.nl\/pt-pt\/wp-json\/wp\/v2\/pages"}],"about":[{"href":"https:\/\/www.strafrechtadvocaten.nl\/pt-pt\/wp-json\/wp\/v2\/types\/page"}],"author":[{"embeddable":true,"href":"https:\/\/www.strafrechtadvocaten.nl\/pt-pt\/wp-json\/wp\/v2\/users\/1"}],"replies":[{"embeddable":true,"href":"https:\/\/www.strafrechtadvocaten.nl\/pt-pt\/wp-json\/wp\/v2\/comments?post=6030"}],"version-history":[{"count":1,"href":"https:\/\/www.strafrechtadvocaten.nl\/pt-pt\/wp-json\/wp\/v2\/pages\/6030\/revisions"}],"predecessor-version":[{"id":6031,"href":"https:\/\/www.strafrechtadvocaten.nl\/pt-pt\/wp-json\/wp\/v2\/pages\/6030\/revisions\/6031"}],"wp:attachment":[{"href":"https:\/\/www.strafrechtadvocaten.nl\/pt-pt\/wp-json\/wp\/v2\/media?parent=6030"}],"curies":[{"name":"wp","href":"https:\/\/api.w.org\/{rel}","templated":true}]}}