{"id":6113,"date":"2025-08-14T13:34:13","date_gmt":"2025-08-14T11:34:13","guid":{"rendered":"https:\/\/q1n54kp45c.onrocket.site\/oferta-pracy-prawo-karne\/"},"modified":"2025-08-21T16:29:09","modified_gmt":"2025-08-21T14:29:09","slug":"oferta-pracy-prawo-karne","status":"publish","type":"page","link":"https:\/\/www.strafrechtadvocaten.nl\/pl\/oferta-pracy-prawo-karne\/","title":{"rendered":"Oferta pracy &#8211; prawo karne"},"content":{"rendered":"\n<p>Weening Strafrechtadvocaten zawsze poszukuje zmotywowanych, do\u015bwiadczonych adwokat\u00f3w specjalizuj\u0105cych si\u0119 w prawie karnym, kt\u00f3rzy chcieliby wzmocni\u0107 nasz zesp\u00f3\u0142. Je\u015bli posiadasz wyj\u0105tkowe kwalifikacje, mo\u017cesz skontaktowa\u0107 si\u0119 z nami <a href=\"https:\/\/www.strafrechtadvocaten.nl\/contact-strafrechtadvocaat\/\">tutaj<\/a>. <\/p>\n\n<div class=\"wp-block-buttons is-layout-flex wp-block-buttons-is-layout-flex\">\n<div class=\"wp-block-button\"><a class=\"wp-block-button__link wp-element-button\" href=\"mailto:weening@weening.net?subject=Oferta pracy: Adwokat prawa karnego\" target=\"_blank\" rel=\"noreferrer noopener\">Aplikuj<\/a><\/div>\n<\/div>\n\n<h2 class=\"wp-block-heading\">Oferta pracy dla adwokata specjalizuj\u0105cego si\u0119 w prawie karnym<\/h2>\n\n<p>Dla naszej og\u00f3lnokrajowej praktyki, z oddzia\u0142ami w Maastricht i Utrechcie, poszukujemy elastycznych, zmotywowanych, prawniczo silnych adwokat\u00f3w specjalizuj\u0105cych si\u0119 w prawie karnym, najlepiej z nastawieniem komercyjnym.<\/p>\n\n<p>Kim jeste\u015bmy? R\u00f3\u017cne osobowo\u015bci, jeden zesp\u00f3\u0142, jedna pasja! <\/p>\n\n<ul class=\"wp-block-list\">\n<li>Jeste\u015bmy zgranym, kole\u017ce\u0144skim zespo\u0142em sk\u0142adaj\u0105cym si\u0119 z adwokat\u00f3w specjalizuj\u0105cych si\u0119 w prawie karnym i pracownik\u00f3w prawnych, wspieranych przez do\u015bwiadczonych i zaanga\u017cowanych sekretarzy;<\/li>\n\n\n\n<li>Nasz zesp\u00f3\u0142 sk\u0142ada si\u0119 z kompetentnych koleg\u00f3w, z kt\u00f3rymi mo\u017cna wymienia\u0107 pomys\u0142y. Podczas cotygodniowych spotka\u0144 biurowych omawiamy sprawy i orzecznictwo, wszystko w celu podnoszenia wzajemnie swoich kwalifikacji; <\/li>\n\n\n\n<li>W zwi\u0105zku z tym oferujemy mo\u017cliwo\u015b\u0107 specjalizacji w konkretnych obszarach prawa karnego;<\/li>\n\n\n\n<li>Ponadto jeste\u015bmy kancelari\u0105 szkoleniow\u0105, co oznacza, \u017ce stale poszukujemy m\u0142odych talent\u00f3w, kt\u00f3re chc\u0105 wydoby\u0107 z siebie to, co najlepsze;<\/li>\n\n\n\n<li>Dzielimy si\u0119 nasz\u0105 wiedz\u0105 r\u00f3wnie\u017c poza biurem, prowadz\u0105c ciesz\u0105ce si\u0119 popularno\u015bci\u0105 kursy dla adwokat\u00f3w;<\/li>\n\n\n\n<li>Ka\u017cdy ma szans\u0119 pracowa\u0107 przy interesuj\u0105cych, g\u0142o\u015bnych sprawach;<\/li>\n\n\n\n<li>Aby m\u00f3c pracowa\u0107 na wysokim poziomie, dysponujemy najlepszymi udogodnieniami, w tym w pe\u0142ni cyfrowym \u015brodowiskiem pracy i cyfrowym dost\u0119pem do najwa\u017cniejszej literatury i orzecznictwa;<\/li>\n\n\n\n<li>Nasi adwokaci pracuj\u0105 na etacie z atrakcyjnym systemem premii powi\u0105zanych z obrotami. Ponadto, dla wszystkich adwokat\u00f3w obowi\u0105zuje program emerytalny; <\/li>\n\n\n\n<li>Aby osi\u0105ga\u0107 optymalne wyniki w prawie karnym, d\u0105\u017cymy do dobrej r\u00f3wnowagi mi\u0119dzy \u017cyciem zawodowym a prywatnym.<\/li>\n\n\n\n<li>Poniewa\u017c wierzymy w si\u0142\u0119 zespo\u0142u, inwestujemy w poczucie zespo\u0142owo\u015bci poprzez wsp\u00f3lne dzia\u0142ania. Opr\u00f3cz standardowych pi\u0105tkowych spotka\u0144 przy drinku i corocznego grilla, odwiedzamy przyjemne wydarzenia i organizujemy fajne (zagraniczne) wycieczki biurowe. Ale tak\u017ce dni wyjazdowe, aby wsp\u00f3lnie zg\u0142\u0119bia\u0107 tematy, czyni\u0105 nas tym, kim jeste\u015bmy.  <\/li>\n<\/ul>\n\n<p><strong>Jeste\u015bmy Weening Strafrechtadvocaten!<\/strong><\/p>\n\n<div class=\"wp-block-buttons is-layout-flex wp-block-buttons-is-layout-flex\">\n<div class=\"wp-block-button\"><a class=\"wp-block-button__link wp-element-button\" href=\"mailto:weening@weening.net?subject=Oferta pracy: Adwokat prawa karnego\" target=\"_blank\" rel=\"noreferrer noopener\">Aplikuj<\/a><\/div>\n<\/div>\n\n<h2 class=\"wp-block-heading\">Oferta sta\u017cu dla studenta prawa karnego<\/h2>\n\n<p>Dla wybitnych student\u00f3w studiuj\u0105cych prawo karne istniej\u0105 mo\u017cliwo\u015bci odbycia sta\u017cu w naszej kancelarii.<\/p>\n\n<h2 class=\"wp-block-heading\">Aplikuj<\/h2>\n\n<p>Je\u015bli chcesz aplikowa\u0107 na jedno z opisanych stanowisk, wy\u015blij sw\u00f3j list motywacyjny wraz z CV na adres: <a href=\"mailto:weening@weening.net\" target=\"_blank\" rel=\"noreferrer noopener\">weening@weening.net<\/a> do wiadomo\u015bci Serge Weening.<\/p>\n\n<div class=\"wp-block-buttons is-layout-flex wp-block-buttons-is-layout-flex\">\n<div class=\"wp-block-button\"><a class=\"wp-block-button__link wp-element-button\" href=\"https:\/\/www.strafrechtadvocaten.nl\/pl\/adwokaci\/serge-weening\/\" target=\"_blank\" rel=\"noreferrer noopener\">Profil Serge Weening<\/a><\/div>\n<\/div>\n","protected":false},"excerpt":{"rendered":"<p>Weening Strafrechtadvocaten zawsze poszukuje zmotywowanych, do\u015bwiadczonych adwokat\u00f3w specjalizuj\u0105cych si\u0119 w prawie karnym, kt\u00f3rzy chcieliby wzmocni\u0107 nasz zesp\u00f3\u0142. Je\u015bli posiadasz wyj\u0105tkowe kwalifikacje, mo\u017cesz skontaktowa\u0107 si\u0119 z nami tutaj. Oferta pracy dla adwokata specjalizuj\u0105cego si\u0119 w prawie karnym Dla naszej og\u00f3lnokrajowej praktyki, z oddzia\u0142ami w Maastricht i Utrechcie, poszukujemy elastycznych, zmotywowanych, prawniczo silnych adwokat\u00f3w specjalizuj\u0105cych si\u0119 w [&hellip;]<\/p>\n","protected":false},"author":1,"featured_media":0,"parent":0,"menu_order":0,"comment_status":"closed","ping_status":"closed","template":"","meta":{"footnotes":""},"class_list":["post-6113","page","type-page","status-publish","hentry","temp-simpel"],"_links":{"self":[{"href":"https:\/\/www.strafrechtadvocaten.nl\/pl\/wp-json\/wp\/v2\/pages\/6113","targetHints":{"allow":["GET"]}}],"collection":[{"href":"https:\/\/www.strafrechtadvocaten.nl\/pl\/wp-json\/wp\/v2\/pages"}],"about":[{"href":"https:\/\/www.strafrechtadvocaten.nl\/pl\/wp-json\/wp\/v2\/types\/page"}],"author":[{"embeddable":true,"href":"https:\/\/www.strafrechtadvocaten.nl\/pl\/wp-json\/wp\/v2\/users\/1"}],"replies":[{"embeddable":true,"href":"https:\/\/www.strafrechtadvocaten.nl\/pl\/wp-json\/wp\/v2\/comments?post=6113"}],"version-history":[{"count":1,"href":"https:\/\/www.strafrechtadvocaten.nl\/pl\/wp-json\/wp\/v2\/pages\/6113\/revisions"}],"predecessor-version":[{"id":6114,"href":"https:\/\/www.strafrechtadvocaten.nl\/pl\/wp-json\/wp\/v2\/pages\/6113\/revisions\/6114"}],"wp:attachment":[{"href":"https:\/\/www.strafrechtadvocaten.nl\/pl\/wp-json\/wp\/v2\/media?parent=6113"}],"curies":[{"name":"wp","href":"https:\/\/api.w.org\/{rel}","templated":true}]}}