{"id":6096,"date":"2025-08-14T14:04:57","date_gmt":"2025-08-14T12:04:57","guid":{"rendered":"https:\/\/q1n54kp45c.onrocket.site\/zastrzezenia-prawne\/"},"modified":"2025-08-21T16:28:45","modified_gmt":"2025-08-21T14:28:45","slug":"zastrzezenia-prawne","status":"publish","type":"page","link":"https:\/\/www.strafrechtadvocaten.nl\/pl\/zastrzezenia-prawne\/","title":{"rendered":"Zastrze\u017cenia prawne"},"content":{"rendered":"\n<p>Warunki niniejszego zastrze\u017cenia maj\u0105 zastosowanie do strony internetowej www.strafrechtadvocaten.nl firmy Weening Strafrechtadvocaten B.V. z siedzib\u0105 w Maastricht, Holandia. Prosimy o uwa\u017cne zapoznanie si\u0119 z tym zastrze\u017ceniem. Korzystaj\u0105c z tej strony internetowej i informacji na niej zawartych, wyra\u017casz zgod\u0119 na niniejsze zastrze\u017cenie. W przypadku sprzeczno\u015bci mi\u0119dzy warunkami dotycz\u0105cymi konkretnych produkt\u00f3w i us\u0142ug Weening Strafrechtadvocaten a niniejszym zastrze\u017ceniem, pierwsze\u0144stwo maj\u0105 warunki tych produkt\u00f3w i us\u0142ug.   <\/p>\n\n<h2 class=\"wp-block-heading\">1. Korzystanie ze strony internetowej<\/h2>\n\n<p>Informacje udost\u0119pniane na tej stronie internetowej lub za jej po\u015brednictwem nie mog\u0105 by\u0107 wykorzystywane zamiast porady prawnej. Decyzje podejmowane na podstawie tych informacji s\u0105 podejmowane na w\u0142asne ryzyko. Chocia\u017c Weening Strafrechtadvocaten stara si\u0119 dostarcza\u0107 dok\u0142adnych, kompletnych i aktualnych informacji, Weening Strafrechtadvocaten nie udziela \u017cadnych gwarancji, wyra\u017anych ani dorozumianych, \u017ce informacje udost\u0119pniane na tej stronie internetowej lub za jej po\u015brednictwem s\u0105 dok\u0142adne, kompletne lub aktualne.  <\/p>\n\n<p>Odwiedzaj\u0105c t\u0119 stron\u0119 internetow\u0105 i\/lub korzystaj\u0105c z informacji lub us\u0142ug na niej oferowanych, uznaje si\u0119, \u017ce znasz i akceptujesz warunki korzystania ze strony internetowej oraz polityk\u0119 prywatno\u015bci ustanowione przez Weening Strafrechtadvocaten.<\/p>\n\n<p>Ta strona internetowa zosta\u0142a zbudowana i zaprojektowana zgodnie ze standardami i technikami stosowanymi przez w3c.org. Dla optymalnego korzystania ze strony zalecamy korzystanie z najnowszej wersji przegl\u0105darki Firefox, Chrome, Safari lub Internet Explorer. <\/p>\n\n<h2 class=\"wp-block-heading\">2. Informacje, produkty i us\u0142ugi stron trzecich<\/h2>\n\n<p>Gdy Weening Strafrechtadvocaten oferuje hiper\u0142\u0105cza do stron internetowych stron trzecich, nie oznacza to, \u017ce Weening Strafrechtadvocaten poleca produkty lub us\u0142ugi oferowane na tych stronach lub za ich po\u015brednictwem. Korzystanie z takich hiper\u0142\u0105czy odbywa si\u0119 ca\u0142kowicie na w\u0142asne ryzyko. Weening Strafrechtadvocaten nie ponosi \u017cadnej odpowiedzialno\u015bci za zawarto\u015b\u0107, u\u017cytkowanie lub dost\u0119pno\u015b\u0107 takich stron internetowych. Prawdziwo\u015b\u0107, dok\u0142adno\u015b\u0107, zasadno\u015b\u0107, wiarygodno\u015b\u0107 i kompletno\u015b\u0107 informacji na takich stronach internetowych nie zosta\u0142y zweryfikowane przez Weening Strafrechtadvocaten.   <\/p>\n\n<h2 class=\"wp-block-heading\">3. Prawa w\u0142asno\u015bci intelektualnej<\/h2>\n\n<p>Weening Strafrechtadvocaten (lub uprawniony) zachowuje wszelkie prawa w\u0142asno\u015bci intelektualnej w odniesieniu do wszystkich informacji oferowanych na tej stronie internetowej lub za jej po\u015brednictwem, w tym wszystkich tekst\u00f3w, materia\u0142\u00f3w graficznych i logo. Zabrania si\u0119 kopiowania, pobierania lub publicznego udost\u0119pniania, rozpowszechniania lub powielania informacji na tej stronie internetowej bez uprzedniej pisemnej zgody Weening Strafrechtadvocaten lub uprzedniej pisemnej zgody uprawnionego. Mo\u017cesz drukowa\u0107 i\/lub pobiera\u0107 informacje z tej strony internetowej do w\u0142asnego u\u017cytku osobistego.  <\/p>\n\n<h2 class=\"wp-block-heading\">4. Wy\u0142\u0105czenie odpowiedzialno\u015bci<\/h2>\n\n<p>Weening Strafrechtadvocaten nie ponosi \u017cadnej odpowiedzialno\u015bci za bezpo\u015brednie, po\u015brednie, szczeg\u00f3lne, przypadkowe, niematerialne lub wt\u00f3rne szkody (w tym utracone zyski), niezale\u017cnie od tego, czy Weening Strafrechtadvocaten zosta\u0142a poinformowana o mo\u017cliwo\u015bci wyst\u0105pienia takich szk\u00f3d, kt\u00f3re w jakikolwiek spos\u00f3b wynikaj\u0105 z, ale nie ograniczaj\u0105 si\u0119 do (i) wad, wirus\u00f3w lub innych niedoskona\u0142o\u015bci sprz\u0119tu i innego oprogramowania zwi\u0105zanego z dost\u0119pem do tej strony internetowej lub korzystaniem z niej, (ii) informacji oferowanych na tej stronie internetowej lub za jej po\u015brednictwem, (iii) przechwytywania, modyfikacji lub niew\u0142a\u015bciwego wykorzystania informacji przesy\u0142anych do Weening Strafrechtadvocaten lub do Ciebie, (iv) dzia\u0142ania lub niedost\u0119pno\u015bci tej strony internetowej, (v) nadu\u017cycia tej strony internetowej, (vi) utraty danych, (vii) pobierania lub korzystania z oprogramowania udost\u0119pnianego za po\u015brednictwem tej strony internetowej lub (viii) roszcze\u0144 stron trzecich w zwi\u0105zku z korzystaniem z tej strony internetowej. Wy\u0142\u0105czenie odpowiedzialno\u015bci obejmuje r\u00f3wnie\u017c dyrektor\u00f3w, pracownik\u00f3w Weening Strafrechtadvocaten i podmioty prawne powi\u0105zane z Weening Strafrechtadvocaten.         <\/p>\n\n<h2 class=\"wp-block-heading\">5. Prawo w\u0142a\u015bciwe<\/h2>\n\n<p>Do tej strony internetowej i zastrze\u017cenia ma zastosowanie prawo holenderskie. Wszelkie spory wynikaj\u0105ce z lub zwi\u0105zane z niniejszym zastrze\u017ceniem b\u0119d\u0105 podlega\u0107 wy\u0142\u0105cznej jurysdykcji w\u0142a\u015bciwego s\u0105du w Holandii. W przypadku rozbie\u017cno\u015bci lub r\u00f3\u017cnic interpretacyjnych w wersjach zastrze\u017cenia w innych j\u0119zykach, wersja w j\u0119zyku holenderskim jest rozstrzygaj\u0105ca.  <\/p>\n\n<h2 class=\"wp-block-heading\">6. Zmiany<\/h2>\n\n<p>Weening Strafrechtadvocaten zastrzega sobie prawo do zmiany informacji oferowanych na tej stronie internetowej lub za jej po\u015brednictwem, w tym tekstu niniejszego zastrze\u017cenia, w dowolnym momencie bez uprzedniego powiadomienia. Zaleca si\u0119 okresowe sprawdzanie, czy informacje oferowane na tej stronie internetowej lub za jej po\u015brednictwem, w tym tekst niniejszego zastrze\u017cenia, uleg\u0142y zmianie. <\/p>\n\n<h2 class=\"wp-block-heading\">7. Kontakt<\/h2>\n\n<p>W przypadku uwag lub pyta\u0144 dotycz\u0105cych tej strony internetowej, prosimy o kontakt z <a href=\"mailto:info@weening.net\">info@weening.net<\/a><\/p>\n","protected":false},"excerpt":{"rendered":"<p>Warunki niniejszego zastrze\u017cenia maj\u0105 zastosowanie do strony internetowej www.strafrechtadvocaten.nl firmy Weening Strafrechtadvocaten B.V. z siedzib\u0105 w Maastricht, Holandia. Prosimy o uwa\u017cne zapoznanie si\u0119 z tym zastrze\u017ceniem. Korzystaj\u0105c z tej strony internetowej i informacji na niej zawartych, wyra\u017casz zgod\u0119 na niniejsze zastrze\u017cenie. W przypadku sprzeczno\u015bci mi\u0119dzy warunkami dotycz\u0105cymi konkretnych produkt\u00f3w i us\u0142ug Weening Strafrechtadvocaten a niniejszym [&hellip;]<\/p>\n","protected":false},"author":1,"featured_media":0,"parent":0,"menu_order":0,"comment_status":"closed","ping_status":"closed","template":"","meta":{"footnotes":""},"class_list":["post-6096","page","type-page","status-publish","hentry","temp-simpel"],"_links":{"self":[{"href":"https:\/\/www.strafrechtadvocaten.nl\/pl\/wp-json\/wp\/v2\/pages\/6096","targetHints":{"allow":["GET"]}}],"collection":[{"href":"https:\/\/www.strafrechtadvocaten.nl\/pl\/wp-json\/wp\/v2\/pages"}],"about":[{"href":"https:\/\/www.strafrechtadvocaten.nl\/pl\/wp-json\/wp\/v2\/types\/page"}],"author":[{"embeddable":true,"href":"https:\/\/www.strafrechtadvocaten.nl\/pl\/wp-json\/wp\/v2\/users\/1"}],"replies":[{"embeddable":true,"href":"https:\/\/www.strafrechtadvocaten.nl\/pl\/wp-json\/wp\/v2\/comments?post=6096"}],"version-history":[{"count":1,"href":"https:\/\/www.strafrechtadvocaten.nl\/pl\/wp-json\/wp\/v2\/pages\/6096\/revisions"}],"predecessor-version":[{"id":6097,"href":"https:\/\/www.strafrechtadvocaten.nl\/pl\/wp-json\/wp\/v2\/pages\/6096\/revisions\/6097"}],"wp:attachment":[{"href":"https:\/\/www.strafrechtadvocaten.nl\/pl\/wp-json\/wp\/v2\/media?parent=6096"}],"curies":[{"name":"wp","href":"https:\/\/api.w.org\/{rel}","templated":true}]}}