{"id":6062,"date":"2025-08-14T13:40:22","date_gmt":"2025-08-14T11:40:22","guid":{"rendered":"https:\/\/q1n54kp45c.onrocket.site\/cennik\/"},"modified":"2026-02-06T13:31:58","modified_gmt":"2026-02-06T12:31:58","slug":"cennik","status":"publish","type":"page","link":"https:\/\/www.strafrechtadvocaten.nl\/pl\/cennik\/","title":{"rendered":"Cennik"},"content":{"rendered":"\t\t<div data-elementor-type=\"wp-page\" data-elementor-id=\"6062\" class=\"elementor elementor-6062 elementor-2846\" data-elementor-post-type=\"page\">\n\t\t\t\t<div class=\"elementor-element elementor-element-95d6098 e-con-full e-flex e-con e-parent\" data-id=\"95d6098\" data-element_type=\"container\" data-e-type=\"container\">\n\t\t<div class=\"elementor-element elementor-element-4a4b0db e-con-full e-flex e-con e-child\" data-id=\"4a4b0db\" data-element_type=\"container\" data-e-type=\"container\">\n\t\t\t\t<div class=\"elementor-element elementor-element-9185969 elementor-widget elementor-widget-heading\" data-id=\"9185969\" data-element_type=\"widget\" data-e-type=\"widget\" data-widget_type=\"heading.default\">\n\t\t\t\t\t<h1 class=\"elementor-heading-title elementor-size-default\">Cennik<\/h1>\t\t\t\t<\/div>\n\t\t\t\t<div class=\"elementor-element elementor-element-bbbd30c elementor-widget elementor-widget-text-editor\" data-id=\"bbbd30c\" data-element_type=\"widget\" data-e-type=\"widget\" data-widget_type=\"text-editor.default\">\n\t\t\t\t\t\t\t\t\t<p>Nasze stawki zale\u017c\u0105 od charakteru i zakresu sprawy karnej. Mo\u017cna rozwa\u017cy\u0107 nast\u0119puj\u0105ce mo\u017cliwo\u015bci: <\/p>\t\t\t\t\t\t\t\t<\/div>\n\t\t\t\t<div class=\"elementor-element elementor-element-80cb375 elementor-widget elementor-widget-heading\" data-id=\"80cb375\" data-element_type=\"widget\" data-e-type=\"widget\" data-widget_type=\"heading.default\">\n\t\t\t\t\t<h2 class=\"elementor-heading-title elementor-size-default\">Przyznanie adwokata z urz\u0119du<\/h2>\t\t\t\t<\/div>\n\t\t\t\t<div class=\"elementor-element elementor-element-11642e5 elementor-widget elementor-widget-text-editor\" data-id=\"11642e5\" data-element_type=\"widget\" data-e-type=\"widget\" data-widget_type=\"text-editor.default\">\n\t\t\t\t\t\t\t\t\t<p>Je\u015bli Pa\u0144stwa doch\u00f3d mie\u015bci si\u0119 poni\u017cej okre\u015blonego <a title=\"progu dochodowego\" href=\"https:\/\/www.rechtsbijstand.nl\/over-mediation-en-rechtsbijstand\/hoeveel-moet-ik-zelf-betalen\/inkomensnormen\" target=\"_blank\" rel=\"noopener nofollow\">progu dochodowego<\/a> lub je\u015bli zosta\u0142o wydane postanowienie o tymczasowym aresztowaniu, mog\u0105 Pa\u0144stwo kwalifikowa\u0107 si\u0119 do przyznania adwokata z urz\u0119du. W j\u0119zyku potocznym ta finansowana pomoc prawna nazywana jest r\u00f3wnie\u017c adwokatem pro deo. Ch\u0119tnie poinformujemy Pa\u0144stwa o mo\u017cliwo\u015bciach.<\/p>\t\t\t\t\t\t\t\t<\/div>\n\t\t\t\t<div class=\"elementor-element elementor-element-a930348 elementor-widget-divider--view-line elementor-widget elementor-widget-divider\" data-id=\"a930348\" data-element_type=\"widget\" data-e-type=\"widget\" data-widget_type=\"divider.default\">\n\t\t\t\t\t\t\t<div class=\"elementor-divider\">\n\t\t\t<span class=\"elementor-divider-separator\">\n\t\t\t\t\t\t<\/span>\n\t\t<\/div>\n\t\t\t\t\t\t<\/div>\n\t\t\t\t<div class=\"elementor-element elementor-element-83426fb elementor-widget elementor-widget-heading\" data-id=\"83426fb\" data-element_type=\"widget\" data-e-type=\"widget\" data-widget_type=\"heading.default\">\n\t\t\t\t\t<h2 class=\"elementor-heading-title elementor-size-default\">Stawka godzinowa<\/h2>\t\t\t\t<\/div>\n\t\t\t\t<div class=\"elementor-element elementor-element-175e19b elementor-widget elementor-widget-text-editor\" data-id=\"175e19b\" data-element_type=\"widget\" data-e-type=\"widget\" data-widget_type=\"text-editor.default\">\n\t\t\t\t\t\t\t\t\t<p>P\u0142ac\u0105 Pa\u0144stwo (za ka\u017cdym razem) zaliczk\u0119, a rozliczenie nast\u0119puje na podstawie stawki godzinowej, kt\u00f3ra zasadniczo waha si\u0119 mi\u0119dzy 200 \u20ac a 500 \u20ac netto.<\/p>\t\t\t\t\t\t\t\t<\/div>\n\t\t\t\t<div class=\"elementor-element elementor-element-f784618 elementor-widget-divider--view-line elementor-widget elementor-widget-divider\" data-id=\"f784618\" data-element_type=\"widget\" data-e-type=\"widget\" data-widget_type=\"divider.default\">\n\t\t\t\t\t\t\t<div class=\"elementor-divider\">\n\t\t\t<span class=\"elementor-divider-separator\">\n\t\t\t\t\t\t<\/span>\n\t\t<\/div>\n\t\t\t\t\t\t<\/div>\n\t\t\t\t<div class=\"elementor-element elementor-element-6d63948 elementor-widget elementor-widget-heading\" data-id=\"6d63948\" data-element_type=\"widget\" data-e-type=\"widget\" data-widget_type=\"heading.default\">\n\t\t\t\t\t<h2 class=\"elementor-heading-title elementor-size-default\">Ustalona cena<\/h2>\t\t\t\t<\/div>\n\t\t\t\t<div class=\"elementor-element elementor-element-9b6efed elementor-widget elementor-widget-text-editor\" data-id=\"9b6efed\" data-element_type=\"widget\" data-e-type=\"widget\" data-widget_type=\"text-editor.default\">\n\t\t\t\t\t\t\t\t\t<p>P\u0142acisz z g\u00f3ry jedn\u0105 sta\u0142\u0105 kwot\u0119, kt\u00f3ra pokrywa wszystkie prace. Nie ma wtedy niepewno\u015bci co do wysoko\u015bci ostatecznego honorarium. Za <a title=\"sprawy przed s\u0105dem rejonowym\" href=\"https:\/\/www.strafrechtadvocaten.nl\/pl\/ekspertyza\/sedzia-sadu-rejonowego\/\">spraw\u0119 przed s\u0105dem policyjnym<\/a> stosujemy zasadniczo sta\u0142\u0105 stawk\u0119 od 1000 \u20ac bez VAT i bez czasu dojazdu. W przypadku <a title=\"sprawy karnej\" href=\"https:\/\/www.strafzaak.nl\/\" target=\"_blank\" rel=\"noopener\">sprawy karnej<\/a> przed <a title=\"sk\u0142ad wieloosobowy s\u0105du karnego\" href=\"https:\/\/www.strafrechtadvocaten.nl\/pl\/ekspertyza\/wieloosobowy-wydzial-karny\/\">wieloosobowym sk\u0142adem s\u0119dziowskim<\/a> ch\u0119tnie ustalimy z Tob\u0105 odpowiedni\u0105 cen\u0119.   <\/p>\t\t\t\t\t\t\t\t<\/div>\n\t\t\t\t<div class=\"elementor-element elementor-element-156ed31 elementor-widget-divider--view-line elementor-widget elementor-widget-divider\" data-id=\"156ed31\" data-element_type=\"widget\" data-e-type=\"widget\" data-widget_type=\"divider.default\">\n\t\t\t\t\t\t\t<div class=\"elementor-divider\">\n\t\t\t<span class=\"elementor-divider-separator\">\n\t\t\t\t\t\t<\/span>\n\t\t<\/div>\n\t\t\t\t\t\t<\/div>\n\t\t\t\t<div class=\"elementor-element elementor-element-532e94f elementor-widget elementor-widget-heading\" data-id=\"532e94f\" data-element_type=\"widget\" data-e-type=\"widget\" data-widget_type=\"heading.default\">\n\t\t\t\t\t<h2 class=\"elementor-heading-title elementor-size-default\">Stawka godzinowa zale\u017cna od wyniku<\/h2>\t\t\t\t<\/div>\n\t\t\t\t<div class=\"elementor-element elementor-element-61de790 elementor-widget elementor-widget-text-editor\" data-id=\"61de790\" data-element_type=\"widget\" data-e-type=\"widget\" data-widget_type=\"text-editor.default\">\n\t\t\t\t\t\t\t\t\t<p>Uzgadniaj\u0105 Pa\u0144stwo z <a href=\"\/advocaten\">adwokatem<\/a> honorarium za korzystny wynik oraz ni\u017csze honorarium w przypadku, gdyby wynik okaza\u0142 si\u0119 niezadowalaj\u0105cy. Nale\u017cy pami\u0119ta\u0107: to nie jest umowa typu \u201eno cure, no pay\u201d.<\/p>\t\t\t\t\t\t\t\t<\/div>\n\t\t\t\t<div class=\"elementor-element elementor-element-2cab353 elementor-widget elementor-widget-button\" data-id=\"2cab353\" data-element_type=\"widget\" data-e-type=\"widget\" data-widget_type=\"button.default\">\n\t\t\t\t\t\t\t\t\t\t<a class=\"elementor-button elementor-button-link elementor-size-sm\" href=\"https:\/\/www.strafrechtadvocaten.nl\/pl\/kontakt-z-adwokatem-karnym\/\">\n\t\t\t\t\t\t<span class=\"elementor-button-content-wrapper\">\n\t\t\t\t\t\t\t\t\t<span class=\"elementor-button-text\">Skontaktuj si\u0119<\/span>\n\t\t\t\t\t<\/span>\n\t\t\t\t\t<\/a>\n\t\t\t\t\t\t\t\t<\/div>\n\t\t\t\t<\/div>\n\t\t<div class=\"elementor-element elementor-element-f3cf75b e-con-full e-flex e-con e-child\" data-id=\"f3cf75b\" data-element_type=\"container\" data-e-type=\"container\" data-settings=\"{&quot;background_background&quot;:&quot;classic&quot;}\">\n\t\t\t\t<\/div>\n\t\t\t\t<\/div>\n\t\t<div class=\"elementor-element elementor-element-3029722 e-flex e-con-boxed e-con e-parent\" data-id=\"3029722\" data-element_type=\"container\" data-e-type=\"container\" data-settings=\"{&quot;background_background&quot;:&quot;classic&quot;}\">\n\t\t\t\t\t<div class=\"e-con-inner\">\n\t\t\t\t<div class=\"elementor-element elementor-element-50c2f6c elementor-widget-tablet__width-initial elementor-widget elementor-widget-heading\" data-id=\"50c2f6c\" data-element_type=\"widget\" data-e-type=\"widget\" data-widget_type=\"heading.default\">\n\t\t\t\t\t<h3 class=\"elementor-heading-title elementor-size-default\">Pracujemy r\u00f3wnie\u017c na zasadzie High Trust, kt\u00f3ra jest najwa\u017cniejsz\u0105 podstaw\u0105 wsp\u00f3\u0142pracy mi\u0119dzy Rad\u0105 a Dostawcami Pomocy Prawnej.<\/h3>\t\t\t\t<\/div>\n\t\t\t\t<div class=\"elementor-element elementor-element-61120d7 elementor-widget__width-initial elementor-widget elementor-widget-image\" data-id=\"61120d7\" data-element_type=\"widget\" data-e-type=\"widget\" data-widget_type=\"image.default\">\n\t\t\t\t\t\t\t\t\t\t\t\t\t\t\t\t<a href=\"https:\/\/www.rvr.org\/advocaten\/ingeschreven\/high-trust\/\" target=\"_blank\" rel=\"noopener\">\n\t\t\t\t\t\t\t<img decoding=\"async\" width=\"370\" height=\"100\" src=\"https:\/\/www.strafrechtadvocaten.nl\/wp-content\/uploads\/high-trust-logo.png\" class=\"attachment-large size-large wp-image-4679\" alt=\"\" srcset=\"https:\/\/www.strafrechtadvocaten.nl\/wp-content\/uploads\/high-trust-logo.png 370w, https:\/\/www.strafrechtadvocaten.nl\/wp-content\/uploads\/high-trust-logo-300x81.png 300w\" sizes=\"(max-width: 370px) 100vw, 370px\" \/>\t\t\t\t\t\t\t\t<\/a>\n\t\t\t\t\t\t\t\t\t\t\t\t\t\t\t<\/div>\n\t\t\t\t\t<\/div>\n\t\t\t\t<\/div>\n\t\t\t\t<\/div>\n\t\t","protected":false},"excerpt":{"rendered":"<p>Cennik Nasze stawki zale\u017c\u0105 od charakteru i zakresu sprawy karnej. Mo\u017cna rozwa\u017cy\u0107 nast\u0119puj\u0105ce mo\u017cliwo\u015bci: Przyznanie adwokata z urz\u0119du Je\u015bli Pa\u0144stwa doch\u00f3d mie\u015bci si\u0119 poni\u017cej okre\u015blonego progu dochodowego lub je\u015bli zosta\u0142o wydane postanowienie o tymczasowym aresztowaniu, mog\u0105 Pa\u0144stwo kwalifikowa\u0107 si\u0119 do przyznania adwokata z urz\u0119du. W j\u0119zyku potocznym ta finansowana pomoc prawna nazywana jest r\u00f3wnie\u017c adwokatem [&hellip;]<\/p>\n","protected":false},"author":1,"featured_media":0,"parent":0,"menu_order":0,"comment_status":"closed","ping_status":"closed","template":"","meta":{"footnotes":""},"class_list":["post-6062","page","type-page","status-publish","hentry"],"_links":{"self":[{"href":"https:\/\/www.strafrechtadvocaten.nl\/pl\/wp-json\/wp\/v2\/pages\/6062","targetHints":{"allow":["GET"]}}],"collection":[{"href":"https:\/\/www.strafrechtadvocaten.nl\/pl\/wp-json\/wp\/v2\/pages"}],"about":[{"href":"https:\/\/www.strafrechtadvocaten.nl\/pl\/wp-json\/wp\/v2\/types\/page"}],"author":[{"embeddable":true,"href":"https:\/\/www.strafrechtadvocaten.nl\/pl\/wp-json\/wp\/v2\/users\/1"}],"replies":[{"embeddable":true,"href":"https:\/\/www.strafrechtadvocaten.nl\/pl\/wp-json\/wp\/v2\/comments?post=6062"}],"version-history":[{"count":3,"href":"https:\/\/www.strafrechtadvocaten.nl\/pl\/wp-json\/wp\/v2\/pages\/6062\/revisions"}],"predecessor-version":[{"id":8588,"href":"https:\/\/www.strafrechtadvocaten.nl\/pl\/wp-json\/wp\/v2\/pages\/6062\/revisions\/8588"}],"wp:attachment":[{"href":"https:\/\/www.strafrechtadvocaten.nl\/pl\/wp-json\/wp\/v2\/media?parent=6062"}],"curies":[{"name":"wp","href":"https:\/\/api.w.org\/{rel}","templated":true}]}}