{"id":6057,"date":"2025-08-14T13:40:41","date_gmt":"2025-08-14T11:40:41","guid":{"rendered":"https:\/\/q1n54kp45c.onrocket.site\/dzial-kasacji\/"},"modified":"2025-08-21T16:27:35","modified_gmt":"2025-08-21T14:27:35","slug":"dzial-kasacji","status":"publish","type":"page","link":"https:\/\/www.strafrechtadvocaten.nl\/pl\/dzial-kasacji\/","title":{"rendered":"Dzia\u0142 Kasacji"},"content":{"rendered":"\n<p>Pozw\u00f3l naszemu zespo\u0142owi specjalist\u00f3w od kasacji krytycznie przyjrze\u0107 si\u0119 Twojej sprawie karnej.<br\/>Je\u015bli jest w niej co\u015b do wykorzystania, my to znajdziemy!<\/p>\n\n<p>Weening Strafrechtadvocaten jako jedyna kancelaria prawna w Holandii posiada dzia\u0142 kasacji: oddzia\u0142, w kt\u00f3rym nasi wyspecjalizowani adwokaci zajmuj\u0105 si\u0119 sprawami kasacyjnymi w S\u0105dzie Najwy\u017cszym. Zajmujemy si\u0119 wy\u0142\u0105cznie sprawami kasacyjnymi w prawie karnym. <\/p>\n\n<p>Gdy zg\u0142osisz swoj\u0105 spraw\u0119 do naszego dzia\u0142u kasacji, zostanie ona dok\u0142adnie przeanalizowana przez jednego z naszych specjalist\u00f3w. Dzi\u0119ki temu otrzymasz fachowe, realistyczne i wiarygodne spojrzenie na swoj\u0105 spraw\u0119. Nast\u0119pnie Twoja sprawa zostanie om\u00f3wiona w zespole adwokat\u00f3w kasacyjnych. W ten spos\u00f3b Twoja sprawa zostanie na\u015bwietlona z wielu perspektyw. Je\u015bli wed\u0142ug naszej oceny Twoja sprawa nadaje si\u0119 do wniesienia \u015brodk\u00f3w kasacyjnych, zostan\u0105 one przygotowane przez dw\u00f3ch adwokat\u00f3w specjalizuj\u0105cych si\u0119 w kasacji. Obaj adwokaci wsp\u00f3lnie do\u0142o\u017c\u0105 wszelkich stara\u0144, aby osi\u0105gn\u0105\u0107 najlepszy mo\u017cliwy wynik w Twojej sprawie.     <\/p>\n\n<p>Przeczytaj tak\u017ce: <a href=\"https:\/\/www.strafrechtadvocaten.nl\/expertise\/cassatie-bij-de-hoge-raad\/\">Kasacja w S\u0105dzie Najwy\u017cszym \u00bb<\/a><\/p>\n\n<p>Unikaln\u0105 cech\u0105 dzia\u0142u kasacji jest to, \u017ce za sta\u0142\u0105 op\u0142at\u0105 sprawdzamy, czy Twoja sprawa karna nadaje si\u0119 do z\u0142o\u017cenia skargi kasacyjnej do S\u0105du Najwy\u017cszego. Ponadto, adwokaci z dzia\u0142u kasacji co tydzie\u0144 omawiaj\u0105 bie\u017c\u0105ce sprawy, dzi\u0119ki czemu Twoja sprawa zawsze otrzymuje uwag\u0119 ca\u0142ego zespo\u0142u specjalist\u00f3w od kasacji. S\u0105 oni r\u00f3wnie\u017c na bie\u017c\u0105co z najnowszymi zmianami w prawie i orzecznictwie. Dw\u00f3ch adwokat\u00f3w z dzia\u0142u kasacji jest cz\u0142onkami najwa\u017cniejszego stowarzyszenia specjalist\u00f3w od kasacji w Holandii: <a href=\"https:\/\/www.vcas.nl\/\" target=\"_blank\" rel=\"noreferrer noopener\">VCAS<\/a>. Nasi adwokaci kasacyjni w swojej wieloletniej praktyce z\u0142o\u017cyli ju\u017c niezliczon\u0105 ilo\u015b\u0107 skutecznych \u015brodk\u00f3w kasacyjnych.    <\/p>\n\n<h2 class=\"wp-block-heading\">Jeste\u015b oskar\u017conym?<\/h2>\n\n<p>Nie zgadzasz si\u0119 z wyrokiem s\u0105du karnego i chcesz wnie\u015b\u0107 kasacj\u0119? Skontaktuj si\u0119 z naszym dzia\u0142em kasacji. Przeanalizujemy dla Ciebie mo\u017cliwo\u015bci na etapie kasacji. Pierwsza rozmowa wst\u0119pna jest oczywi\u015bcie ca\u0142kowicie niezobowi\u0105zuj\u0105ca i bezp\u0142atna.   <\/p>\n\n<h2 class=\"wp-block-heading\">Tak\u017ce dla adwokat\u00f3w!<\/h2>\n\n<p>Jeste\u015b adwokatem i masz klienta, kt\u00f3ry chcia\u0142by wnie\u015b\u0107 kasacj\u0119, ale sam nie zajmujesz si\u0119 sprawami kasacyjnymi? Skorzystaj z us\u0142ug naszego wyspecjalizowanego dzia\u0142u kasacji! Przeanalizuj\u0105 oni mo\u017cliwo\u015bci dla Twojego klienta na etapie kasacji. Je\u015bli nast\u0105pi przekazanie (ponowne) do instancji merytorycznej, oczywi\u015bcie mo\u017cesz sam ponownie zaj\u0105\u0107 si\u0119 spraw\u0105. Wcze\u015bniej zostan\u0105 poczynione jasne ustalenia z Tob\u0105 i klientem w tej kwestii.    <\/p>\n\n<p>Je\u015bli regularnie kierujesz do nas sprawy karne, mo\u017cliwe jest uzgodnienie korzystnych dla Ciebie warunk\u00f3w. Aby uzyska\u0107 wi\u0119cej informacji, skontaktuj si\u0119 z <a href=\"https:\/\/www.strafrechtadvocaten.nl\/advocaten\/erik-maessen\/\">Erikiem Maessenem<\/a>. <\/p>\n\n<h2 class=\"wp-block-heading\">Koszty dzia\u0142u kasacji<\/h2>\n\n<p>Oczywi\u015bcie nasz dzia\u0142 kasacji wspiera oskar\u017conych na podstawie przydzia\u0142u. Potocznie nazywa si\u0119 to r\u00f3wnie\u017c \u201epro bono\u201d. Je\u015bli kwalifikujesz si\u0119 do tego, jeste\u015b zobowi\u0105zany jedynie do wniesienia w\u0142asnego wk\u0142adu. Pozosta\u0142e koszty s\u0105 pokrywane przez Rad\u0119 Pomocy Prawnej.   <\/p>\n\n<p>Nie kwalifikujesz si\u0119 do przydzia\u0142u? W takim przypadie mo\u017cemy zaoferowa\u0107 Ci atrakcyjn\u0105 sta\u0142\u0105 stawk\u0119 750 euro plus VAT za prac\u0119 dzia\u0142u kasacji. Za t\u0119 cen\u0119 zag\u0142\u0119bimy si\u0119 w Twoj\u0105 dokumentacj\u0119 karn\u0105 i przeanalizujemy wszystkie mo\u017cliwo\u015bci na etapie kasacji. Je\u015bli wed\u0142ug naszej profesjonalnej oceny istniej\u0105 mo\u017cliwo\u015bci wniesienia \u015brodk\u00f3w kasacyjnych, skontaktujemy si\u0119 z Tob\u0105. Nast\u0119pnie ustalimy z Tob\u0105 dodatkowe warunki cenowe, w kt\u00f3rych oczywi\u015bcie zostanie uwzgl\u0119dniona ju\u017c zap\u0142acona kwota 750 euro.     <\/p>\n","protected":false},"excerpt":{"rendered":"<p>Pozw\u00f3l naszemu zespo\u0142owi specjalist\u00f3w od kasacji krytycznie przyjrze\u0107 si\u0119 Twojej sprawie karnej.Je\u015bli jest w niej co\u015b do wykorzystania, my to znajdziemy! Weening Strafrechtadvocaten jako jedyna kancelaria prawna w Holandii posiada dzia\u0142 kasacji: oddzia\u0142, w kt\u00f3rym nasi wyspecjalizowani adwokaci zajmuj\u0105 si\u0119 sprawami kasacyjnymi w S\u0105dzie Najwy\u017cszym. Zajmujemy si\u0119 wy\u0142\u0105cznie sprawami kasacyjnymi w prawie karnym. Gdy zg\u0142osisz [&hellip;]<\/p>\n","protected":false},"author":1,"featured_media":0,"parent":0,"menu_order":0,"comment_status":"closed","ping_status":"closed","template":"","meta":{"footnotes":""},"class_list":["post-6057","page","type-page","status-publish","hentry","temp-sidebar"],"_links":{"self":[{"href":"https:\/\/www.strafrechtadvocaten.nl\/pl\/wp-json\/wp\/v2\/pages\/6057","targetHints":{"allow":["GET"]}}],"collection":[{"href":"https:\/\/www.strafrechtadvocaten.nl\/pl\/wp-json\/wp\/v2\/pages"}],"about":[{"href":"https:\/\/www.strafrechtadvocaten.nl\/pl\/wp-json\/wp\/v2\/types\/page"}],"author":[{"embeddable":true,"href":"https:\/\/www.strafrechtadvocaten.nl\/pl\/wp-json\/wp\/v2\/users\/1"}],"replies":[{"embeddable":true,"href":"https:\/\/www.strafrechtadvocaten.nl\/pl\/wp-json\/wp\/v2\/comments?post=6057"}],"version-history":[{"count":1,"href":"https:\/\/www.strafrechtadvocaten.nl\/pl\/wp-json\/wp\/v2\/pages\/6057\/revisions"}],"predecessor-version":[{"id":6059,"href":"https:\/\/www.strafrechtadvocaten.nl\/pl\/wp-json\/wp\/v2\/pages\/6057\/revisions\/6059"}],"wp:attachment":[{"href":"https:\/\/www.strafrechtadvocaten.nl\/pl\/wp-json\/wp\/v2\/media?parent=6057"}],"curies":[{"name":"wp","href":"https:\/\/api.w.org\/{rel}","templated":true}]}}