{"id":6032,"date":"2025-08-14T14:04:44","date_gmt":"2025-08-14T12:04:44","guid":{"rendered":"https:\/\/q1n54kp45c.onrocket.site\/polityka-prywatnosci\/"},"modified":"2025-08-21T16:26:37","modified_gmt":"2025-08-21T14:26:37","slug":"polityka-prywatnosci","status":"publish","type":"page","link":"https:\/\/www.strafrechtadvocaten.nl\/pl\/polityka-prywatnosci\/","title":{"rendered":"Polityka prywatno\u015bci"},"content":{"rendered":"\n<p>Weening Strafrechtadvocaten B.V. (dalej zwana \u201eWeening Strafrechtadvocaten\u201d) jest odpowiedzialna za przetwarzanie danych osobowych, jak przedstawiono w niniejszej polityce prywatno\u015bci. Weening Strafrechtadvocaten szanuje Pa\u0144stwa prywatno\u015b\u0107 i zapewnia, \u017ce mog\u0105 Pa\u0144stwo powierzy\u0107 swoje dane osobowe Weening Strafrechtadvocaten. W niniejszej polityce prywatno\u015bci informujemy Pa\u0144stwa o tym.  <\/p>\n\n<p>Podczas kontakt\u00f3w z Weening Strafrechtadvocaten zbierane i przetwarzane s\u0105 Pa\u0144stwa dane. Za pomoc\u0105 tych danych mo\u017cemy zidentyfikowa\u0107 Pa\u0144stwa jako osob\u0119. Dlatego s\u0105 to \u201edane osobowe\u201d. Wszystkie informacje o tym, jakie dane osobowe przetwarza Weening Strafrechtadvocaten i jak Weening Strafrechtadvocaten prawid\u0142owo z nimi post\u0119puje, mo\u017cna znale\u017a\u0107 poni\u017cej.   <\/p>\n\n<p>Korzystaj\u0105c ze strony internetowej (mobilnej), aplikacji i innych produkt\u00f3w oraz us\u0142ug Weening Strafrechtadvocaten, zgadzaj\u0105 si\u0119 Pa\u0144stwo na stosowanie niniejszej polityki prywatno\u015bci do danych osobowych przetwarzanych przez Weening Strafrechtadvocaten.<\/p>\n\n<h2 class=\"wp-block-heading\">1. Zastosowanie<\/h2>\n\n<p>Niniejsza polityka prywatno\u015bci dotyczy wszystkich os\u00f3b, kt\u00f3rych dane osobowe przetwarza Weening Strafrechtadvocaten, z wyj\u0105tkiem os\u00f3b zatrudnionych w Weening Strafrechtadvocaten.<\/p>\n\n<p>Niniejsza Polityka prywatno\u015bci ma zastosowanie do:<\/p>\n\n<ul class=\"wp-block-list\">\n<li>Klient\u00f3w Weening Strafrechtadvocaten;<\/li>\n\n\n\n<li>Potencjalnych klient\u00f3w, z kt\u00f3rymi Weening Strafrechtadvocaten nawi\u0105za\u0142a lub chce nawi\u0105za\u0107 kontakt;<\/li>\n\n\n\n<li>Odwiedzaj\u0105cych stron\u0119 internetow\u0105 Weening Strafrechtadvocaten;<\/li>\n\n\n\n<li>Odbiorc\u00f3w newsletter\u00f3w i wiadomo\u015bci e-mail o charakterze handlowym od Weening Strafrechtadvocaten;<\/li>\n\n\n\n<li>Wszystkich innych os\u00f3b, kt\u00f3re kontaktuj\u0105 si\u0119 z Weening Strafrechtadvocaten lub kt\u00f3rych dane osobowe przetwarza Weening Strafrechtadvocaten.<\/li>\n<\/ul>\n\n<p>Niniejsza Polityka prywatno\u015bci nie ma zastosowania do partner\u00f3w, pracownik\u00f3w, pracownik\u00f3w tymczasowych, pracownik\u00f3w wypo\u017cyczonych, student\u00f3w-sta\u017cyst\u00f3w i kandydat\u00f3w do pracy.<\/p>\n\n<h2 class=\"wp-block-heading\">2. Dane osobowe w posiadaniu Weening Strafrechtadvocaten<\/h2>\n\n<p>Nast\u0119puj\u0105ce dane mog\u0105 by\u0107 zbierane i przetwarzane przez Weening Strafrechtadvocaten na r\u00f3\u017cne sposoby.<\/p>\n\n<h3 class=\"wp-block-heading\">2.1. Dane, kt\u00f3re przekazuj\u0105 Pa\u0144stwo bezpo\u015brednio Weening Strafrechtadvocaten<\/h3>\n\n<ul class=\"wp-block-list\">\n<li>Dane identyfikacyjne i kontaktowe: nazwisko, imi\u0119, adres i miejsce zamieszkania, adres e-mail, numer telefonu, p\u0142e\u0107, data urodzenia, miejsce urodzenia i adres IP;<\/li>\n\n\n\n<li>Informacje finansowe: numer konta bankowego, kod BIC, nazwa posiadacza rachunku itp.;<\/li>\n\n\n\n<li>Skargi lub opinie dotycz\u0105ce Pa\u0144stwa do\u015bwiadcze\u0144 z Weening strafrechtadvocaten, uwagi, sugestie, \u015bwiadectwa i wszelkie inne opinie;<\/li>\n\n\n\n<li>Inne dane, kt\u00f3re s\u0105 wymieniane, komunikowane i udost\u0119pniane przez Pa\u0144stwa za po\u015brednictwem strony internetowej (mobilnej), aplikacji Weening Strafrechtadvocaten itp.<\/li>\n<\/ul>\n\n<h3 class=\"wp-block-heading\">2.2. Dane, kt\u00f3re przekazuj\u0105 Pa\u0144stwo poprzez korzystanie ze strony internetowej (mobilnej) lub aplikacji<\/h3>\n\n<p>Podczas korzystania ze strony internetowej (mobilnej) lub aplikacji Weening Strafrechtadvocaten, mog\u0105 by\u0107 przetwarzane nast\u0119puj\u0105ce informacje: odwiedzone strony, wyszukiwania i adres IP za pomoc\u0105 plik\u00f3w cookie oraz dane, kt\u00f3re sami wprowadzaj\u0105 Pa\u0144stwo na stronie internetowej lub w aplikacji.<\/p>\n\n<h3 class=\"wp-block-heading\">2.3. Dane z innych \u017ar\u00f3de\u0142<\/h3>\n\n<p>Weening Strafrechtadvocaten mo\u017ce r\u00f3wnie\u017c zbiera\u0107 i przetwarza\u0107 dane z innych \u017ar\u00f3de\u0142, takich jak zakup lub wynajem danych zebranych przez dostawc\u00f3w specjalizuj\u0105cych si\u0119 w tym, partner\u00f3w Weening strafrechtadvocaten, \u017ar\u00f3d\u0142a publiczne, media spo\u0142eczno\u015bciowe itp. W przypadku korzystania z kana\u0142\u00f3w medi\u00f3w spo\u0142eczno\u015bciowych, b\u0119d\u0105 mia\u0142y zastosowanie zasady i ustawienia preferencji tych dostawc\u00f3w, zar\u00f3wno w odniesieniu do Pa\u0144stwa, jak i do Weening strafrechtadvocaten. <\/p>\n\n<p>Na naszej stronie internetowej mog\u0105 znajdowa\u0107 si\u0119 linki do innych stron internetowych. Te strony internetowe mog\u0105 nie by\u0107 zarz\u0105dzane przez Weening Strafrechtadvocaten i mog\u0105 mie\u0107 w\u0142asn\u0105 polityk\u0119 prywatno\u015bci. Weening Strafrechtadvocaten zdecydowanie zaleca zapoznanie si\u0119 z nimi i nie mo\u017ce ponosi\u0107 odpowiedzialno\u015bci za te strony internetowe os\u00f3b trzecich.  <\/p>\n\n<h3 class=\"wp-block-heading\">2.4. Szczeg\u00f3lne i\/lub wra\u017cliwe dane osobowe przetwarzane przez Weening Strafrechtadvocaten<\/h3>\n\n<p>Weening Strafrechtadvocaten przetwarza nast\u0119puj\u0105ce szczeg\u00f3lne i\/lub wra\u017cliwe dane osobowe Pa\u0144stwa:<\/p>\n\n<ul class=\"wp-block-list\">\n<li>Numer identyfikacji obywatela (BSN);<\/li>\n\n\n\n<li>Stan zdrowia (w stosownych przypadkach, je\u015bli jest to istotne dla ochrony Pa\u0144stwa interes\u00f3w);<\/li>\n\n\n\n<li>Dane os\u00f3b poni\u017cej 16 roku \u017cycia (w stosownych przypadkach, je\u015bli jest to istotne dla ochrony Pa\u0144stwa interes\u00f3w);<\/li>\n\n\n\n<li>R\u00f3\u017cne dane finansowe i podatkowe (w stosownych przypadkach, je\u015bli jest to istotne dla ochrony Pa\u0144stwa interes\u00f3w);<\/li>\n\n\n\n<li>Dokumentacja karna (w stosownych przypadkach, je\u015bli jest to istotne dla ochrony Pa\u0144stwa interes\u00f3w).<\/li>\n<\/ul>\n\n<h2 class=\"wp-block-heading\">3. W jakim celu i na jakiej podstawie Weening Strafrechtadvocaten przetwarza dane osobowe<\/h2>\n\n<p>Istnieje mo\u017cliwo\u015b\u0107 z\u0142o\u017cenia za\u017calenia do s\u0105du przeciwko decyzji o zatrzymaniu prawa jazdy. W tym za\u017caleniu wnioskuje si\u0119 o zwrot prawa jazdy do czasu merytorycznego rozpatrzenia sprawy. S\u0119dzia rozpatrzy to za\u017calenie na rozprawie. Tutaj Pa\u0144stwo i Pa\u0144stwa <a href=\"https:\/\/www.strafrechtadvocaten.nl\/advocaten\/\">adwokat<\/a> maj\u0105 r\u00f3wnie\u017c mo\u017cliwo\u015b\u0107 wyja\u015bnienia swojego stanowiska, na przyk\u0142ad dlaczego potrzebuj\u0105 Pa\u0144stwo prawa jazdy do pracy. S\u0119dzia podejmuje decyzj\u0119 natychmiast. Szybki kontakt z adwokatem pozwala na szybkie z\u0142o\u017cenie za\u017calenia i szybkie podj\u0119cie decyzji przez s\u0119dziego w Pa\u0144stwa sprawie.     <\/p>\n\n<p>Dane osobowe s\u0105 przetwarzane przez Weening Strafrechtadvocaten w nast\u0119puj\u0105cych celach:<\/p>\n\n<ul class=\"wp-block-list\">\n<li>Wykonanie umowy, w kt\u00f3rej zlecili nam Pa\u0144stwo \u015bwiadczenie us\u0142ug prawnych przez naszych adwokat\u00f3w. Je\u015bli powierzaj\u0105 Pa\u0144stwo spraw\u0119 adwokatowi, wymagane s\u0105 co najmniej Pa\u0144stwa dane kontaktowe. Inne dane osobowe mog\u0105 by\u0107 r\u00f3wnie\u017c niezb\u0119dne do prowadzenia sprawy, w zale\u017cno\u015bci od jej charakteru;  <\/li>\n\n\n\n<li>Obs\u0142uga Pa\u0144stwa p\u0142atno\u015bci;<\/li>\n\n\n\n<li>Pobieranie nale\u017cno\u015bci i podejmowanie dzia\u0142a\u0144 windykacyjnych;<\/li>\n\n\n\n<li>Wype\u0142nianie obowi\u0105zk\u00f3w prawnych. Ustawa o zapobieganiu praniu pieni\u0119dzy i finansowaniu terroryzmu (WWFT) zobowi\u0105zuje adwokat\u00f3w do zbierania i przechowywania okre\u015blonych informacji. Obejmuje to mi\u0119dzy innymi kopi\u0119 dokumentu to\u017csamo\u015bci (paszportu);  <\/li>\n\n\n\n<li>Utrzymywanie kontaktu z Pa\u0144stwem. Pa\u0144stwa dane kontaktowe s\u0105 przechowywane w naszym systemie klienckim i mog\u0105 by\u0107 wykorzystywane mi\u0119dzy innymi do wysy\u0142ania newsletter\u00f3w, aktualizacji, zaprosze\u0144 na wydarzenia i seminaria oraz przesy\u0142ania informacji, o kt\u00f3re Pa\u0144stwo nas poprosili; <\/li>\n\n\n\n<li>Ci\u0105g\u0142e doskonalenie, utrzymanie i optymalizacja naszych us\u0142ug, strony internetowej (mobilnej), aplikacji i ich zabezpiecze\u0144, a tak\u017ce optymalizacja og\u00f3lnych, handlowych i marketingowych strategii Weening strafrechtadvocaten;<\/li>\n\n\n\n<li>Inne konkretne cele, na kt\u00f3re mo\u017ce by\u0107 wymagana osobna zgoda.<\/li>\n<\/ul>\n\n<h3 class=\"wp-block-heading\">3.1. Analiza danych<\/h3>\n\n<p>Uwa\u017camy za wa\u017cne, aby kontaktowa\u0107 si\u0119 z Pa\u0144stwem z informacjami, kt\u00f3re s\u0105 dla Pa\u0144stwa istotne. Aby to umo\u017cliwi\u0107, \u0142\u0105czymy i analizujemy dost\u0119pne nam dane osobowe. Na tej podstawie okre\u015blamy, kt\u00f3re informacje i kana\u0142y s\u0105 istotne oraz kt\u00f3re momenty s\u0105 najbardziej odpowiednie do przekazywania informacji lub nawi\u0105zywania kontaktu. W dzia\u0142aniach marketingowych nie przetwarzamy szczeg\u00f3lnych danych osobowych ani poufnych informacji chronionych tajemnic\u0105 zawodow\u0105 adwokat\u00f3w. Je\u015bli chcieliby\u015bmy stworzy\u0107 Pa\u0144stwa osobisty, indywidualny profil klienta, poprosimy o Pa\u0144stwa uprzedni\u0105 zgod\u0119. Je\u015bli p\u00f3\u017aniej chcieliby Pa\u0144stwo wycofa\u0107 t\u0119 zgod\u0119, zawsze jest to mo\u017cliwe.     <\/p>\n\n<h3 class=\"wp-block-heading\">3.2. Analizujemy nast\u0119puj\u0105ce dane:<\/h3>\n\n<ul class=\"wp-block-list\">\n<li>Dane interakcji: Dane osobowe uzyskane z kontaktu mi\u0119dzy Weening Strafrechtadvocaten a Pa\u0144stwem. Na przyk\u0142ad dotycz\u0105ce Pa\u0144stwa korzystania z naszej strony internetowej lub wspieranych aplikacji. Dotyczy to r\u00f3wnie\u017c interakcji offline, takich jak cz\u0119stotliwo\u015b\u0107 kontakt\u00f3w mi\u0119dzy Weening Strafrechtadvocaten a Pa\u0144stwem;  <\/li>\n\n\n\n<li>Przeprowadzanie i analizowanie bada\u0144 satysfakcji klient\u00f3w: czasami prosimy klient\u00f3w o udzia\u0142 w badaniu satysfakcji klient\u00f3w. Odbywa si\u0119 to za pomoc\u0105 ankiety online. Udzia\u0142 jest dobrowolny.  <\/li>\n\n\n\n<li>Dane behawioralne: Dane osobowe, kt\u00f3re Weening Strafrechtadvocaten przetwarza na temat Pa\u0144stwa zachowania, takie jak Pa\u0144stwa opinie, \u017cyczenia, preferencje i potrzeby. Mo\u017cemy je wywnioskowa\u0107 na przyk\u0142ad z Pa\u0144stwa zachowania podczas przegl\u0105dania naszej strony internetowej, czytania naszych newsletter\u00f3w lub gdy poprosili Pa\u0144stwo o informacje, ale tak\u017ce z rozm\u00f3w telefonicznych i kontakt\u00f3w e-mailowych z naszymi pracownikami. Informacje uzyskane za pomoc\u0105 plik\u00f3w cookie \u015bledz\u0105cych zbieramy i wykorzystujemy tylko za Pa\u0144stwa zgod\u0105, kt\u00f3r\u0105 zawsze mo\u017cna wycofa\u0107. Zobacz r\u00f3wnie\u017c nasz\u0105 polityk\u0119 dotycz\u0105c\u0105 plik\u00f3w cookie;   <\/li>\n\n\n\n<li>Tworzenie statystyk u\u017cytkowania: statystyki u\u017cytkowania strony internetowej pozwalaj\u0105 nam uzyska\u0107 obraz mi\u0119dzy innymi liczby odwiedzaj\u0105cych, czasu trwania wizyty, kt\u00f3re cz\u0119\u015bci strony s\u0105 przegl\u0105dane oraz zachowa\u0144 klikni\u0119\u0107. Uzyskane informacje wykorzystujemy do ulepszenia strony internetowej. <\/li>\n<\/ul>\n\n<h2 class=\"wp-block-heading\">4. Podstawa prawna przetwarzania<\/h2>\n\n<p>Weening Strafrechtadvocaten przetwarza dane osobowe na podstawie jednej z nast\u0119puj\u0105cych podstaw prawnych:<\/p>\n\n<ul class=\"wp-block-list\">\n<li>Zgoda: Pa\u0144stwa wyra\u017ana zgoda na przetwarzanie Pa\u0144stwa danych osobowych w jednym lub kilku okre\u015blonych celach. Je\u015bli dane osobowe s\u0105 przetwarzane na podstawie zgody, poprosimy o ni\u0105 osobno. Je\u015bli nie udziel\u0105 Pa\u0144stwo tej zgody, mo\u017ce to oznacza\u0107, \u017ce nie b\u0119dziemy mogli reprezentowa\u0107 Pa\u0144stwa interes\u00f3w lub nie b\u0119dziemy mogli tego zrobi\u0107 w\u0142a\u015bciwie;  <\/li>\n\n\n\n<li>Umowa: na podstawie umowy lub w trakcie przygotowa\u0144 do zawarcia umowy;<\/li>\n\n\n\n<li>Obowi\u0105zek prawny;<\/li>\n\n\n\n<li>Uzasadniony interes:\n<ul class=\"wp-block-list\">\n<li>Zwr\u00f3cenie Pa\u0144stwa uwagi na wiadomo\u015bci i wydarzenia pochodz\u0105ce z naszej kancelarii (je\u015bli istnieje istniej\u0105ca relacja z klientem);<\/li>\n\n\n\n<li>Ochrona naszych interes\u00f3w finansowych;<\/li>\n\n\n\n<li>Poprawa naszych us\u0142ug;<\/li>\n\n\n\n<li>Zabezpieczenie i zarz\u0105dzanie naszymi systemami.<\/li>\n<\/ul>\n<\/li>\n<\/ul>\n\n<h2 class=\"wp-block-heading\">5. Przechowywanie danych<\/h2>\n\n<p>Weening Strafrechtadvocaten nie b\u0119dzie przechowywa\u0107 Pa\u0144stwa danych d\u0142u\u017cej ni\u017c jest to konieczne do ich przetwarzania, bior\u0105c pod uwag\u0119 zobowi\u0105zania umowne i ustawowe. Je\u015bli s\u0105 Pa\u0144stwo klientem kancelarii, przechowujemy Pa\u0144stwa akta przez 15 lat. Jest to &#8211; mi\u0119dzy innymi &#8211; w celu spe\u0142nienia naszego obowi\u0105zku przechowywania dokumentacji podatkowej i <a href=\"https:\/\/www.strafrechtadvocaten.nl\/expertise\/herziening-bij-de-hoge-raad\/\">rewizji<\/a>. Po tym czasie Pa\u0144stwa <a href=\"https:\/\/www.strafrechtadvocaten.nl\/mijn-dossier\/\">akta<\/a> zostan\u0105 zniszczone. Je\u015bli skontaktowali si\u0119 Pa\u0144stwo z kancelari\u0105, ale nie zostali klientem, przechowujemy Pa\u0144stwa dane maksymalnie przez 12 miesi\u0119cy.    <\/p>\n\n<h2 class=\"wp-block-heading\">6. Przetwarzaj\u0105cy<\/h2>\n\n<p>Weening Strafrechtadvocaten mo\u017ce anga\u017cowa\u0107 us\u0142ugodawc\u00f3w (przetwarzaj\u0105cych) do przetwarzania Pa\u0144stwa danych osobowych, kt\u00f3rzy przetwarzaj\u0105 dane osobowe wy\u0142\u0105cznie na nasze zlecenie. Zawieramy z tymi przetwarzaj\u0105cymi umow\u0119 o przetwarzaniu, kt\u00f3ra spe\u0142nia wymagania stawiane przez Og\u00f3lne Rozporz\u0105dzenie o Ochronie Danych (RODO). <\/p>\n\n<p>Wsp\u00f3\u0142pracujemy na przyk\u0142ad z dostawcami us\u0142ug ICT, kt\u00f3rzy wspieraj\u0105 nas w utrzymaniu bezpiecze\u0144stwa i stabilno\u015bci naszych system\u00f3w. S\u0105 to przyk\u0142ady stron, kt\u00f3re mo\u017cna uzna\u0107 za przetwarzaj\u0105cych w rozumieniu Og\u00f3lnego Rozporz\u0105dzenia o Ochronie Danych (RODO). <\/p>\n\n<h2 class=\"wp-block-heading\">7. Udost\u0119pnianie danych osobowych stronom trzecim<\/h2>\n\n<p>Twoje dane osobowe b\u0119d\u0105 ujawniane wy\u0142\u0105cznie zgodnie z niniejsz\u0105 polityk\u0105 prywatno\u015bci i\/lub je\u015bli jest to wymagane przez prawo i\/lub na mocy orzeczenia s\u0105dowego. Weening Strafrechtadvocaten do\u0142o\u017cy wszelkich stara\u0144, aby poinformowa\u0107 Ci\u0119 o tym z wyprzedzeniem, chyba \u017ce podlega to ograniczeniom prawnym. <\/p>\n\n<p>Ponadto, dane osobowe mog\u0105 by\u0107 r\u00f3wnie\u017c anonimizowane i udost\u0119pniane stronom trzecim. W takim przypadku nigdy nie b\u0119dzie mo\u017cliwe zidentyfikowanie Ci\u0119 na podstawie tych zanonimizowanych danych. <\/p>\n\n<h2 class=\"wp-block-heading\">8. Przekazywanie danych poza Europejski Obszar Gospodarczy (EOG)<\/h2>\n\n<p>Czasami mo\u017ce by\u0107 konieczne przekazanie Pa\u0144stwa danych osobowych stronom znajduj\u0105cym si\u0119 poza Europejskim Obszarem Gospodarczym (EOG). Mo\u017ce to by\u0107 &#8211; w zale\u017cno\u015bci od okoliczno\u015bci &#8211; niezb\u0119dne przy prowadzeniu Pa\u0144stwa sprawy przez adwokata, notariusza lub doradc\u0119 podatkowego. <\/p>\n\n<h2 class=\"wp-block-heading\">9. Pa\u0144stwa prawa<\/h2>\n\n<p>Ka\u017cda osoba mo\u017ce, na podstawie prawa, wykonywa\u0107 okre\u015blone prawa w odniesieniu do swoich danych osobowych. Maj\u0105 Pa\u0144stwo prawo do wgl\u0105du, sprostowania i usuni\u0119cia danych osobowych. Mog\u0105 Pa\u0144stwo r\u00f3wnie\u017c sprzeciwi\u0107 si\u0119 wykorzystaniu swoich danych lub poprosi\u0107 o ograniczenie ich wykorzystania. W niekt\u00f3rych przypadkach mog\u0105 Pa\u0144stwo nawet za\u017c\u0105da\u0107 swoich danych i przenie\u015b\u0107 je do innej strony. W przypadku wszystkich tych pyta\u0144 prosimy o kontakt pod numerem 088 933 6464 lub adresem info@weening.net.    <\/p>\n\n<p>Aby upewni\u0107 si\u0119, \u017ce wniosek o wgl\u0105d zosta\u0142 z\u0142o\u017cony przez Pa\u0144stwa, prosimy o do\u0142\u0105czenie kopii dokumentu to\u017csamo\u015bci do wniosku. Prosimy o zamazanie na tej kopii zdj\u0119cia, MRZ (machine readable zone, pasek z numerami na dole paszportu), numeru paszportu i numeru BSN (Burgerservicenummer). S\u0142u\u017cy to ochronie Pa\u0144stwa prywatno\u015bci. Odpowiemy na Pa\u0144stwa wniosek tak szybko, jak to mo\u017cliwe, ale w ci\u0105gu czterech tygodni.   <\/p>\n\n<p>Maj\u0105 Pa\u0144stwo r\u00f3wnie\u017c prawo do z\u0142o\u017cenia skargi do organu nadzorczego: Autoriteit Persoonsgegevens, Bezuidenhoutseweg 30, 2594 AV Den Haag, Tel: 0900 \u2013 2001 201.<\/p>\n\n<h2 class=\"wp-block-heading\">10. Zabezpieczenie danych<\/h2>\n\n<p>Aby chroni\u0107 Pa\u0144stwa dane osobowe w najlepszy mo\u017cliwy spos\u00f3b, Weening Strafrechtadvocaten podejmuje wszelkie rozs\u0105dne \u015brodki w celu zapobie\u017cenia utracie, niew\u0142a\u015bciwemu wykorzystaniu, ujawnieniu, nieuprawnionemu dost\u0119powi lub zmianie danych osobowych. Zar\u00f3wno na poziomie technicznym, jak i organizacyjnym podejmowane s\u0105 niezb\u0119dne \u015brodki w celu zapewnienia odpowiedniego poziomu bezpiecze\u0144stwa. <\/p>\n\n<h2 class=\"wp-block-heading\">11. Osoby niepe\u0142noletnie (dzieci poni\u017cej 16 roku \u017cycia)<\/h2>\n\n<p>Weening Strafrechtadvocaten nigdy \u015bwiadomie nie zbiera ani nie przetwarza danych osobowych os\u00f3b niepe\u0142noletnich bez zgody rodzica lub opiekuna, kt\u00f3ra musi by\u0107 udzielona w celu korzystania ze strony internetowej (mobilnej), aplikacji itp. Weening Strafrechtadvocaten oraz w celu p\u00f3\u017aniejszego wykonywania praw zwi\u0105zanych z danymi osoby niepe\u0142noletniej.<\/p>\n\n<p>Je\u015bli dane osobowe os\u00f3b niepe\u0142noletnich zosta\u0142yby mimo to przetworzone w dobrej wierze, Weening Strafrechtadvocaten usunie je ze swoich baz danych tak szybko, jak to mo\u017cliwe po uzyskaniu tej informacji.<\/p>\n\n<h2 class=\"wp-block-heading\">12. Zautomatyzowane podejmowanie decyzji<\/h2>\n\n<p>Weening Strafrechtadvocaten nie podejmuje decyzji w sprawach, kt\u00f3re mog\u0105 mie\u0107 (znacz\u0105ce) konsekwencje dla os\u00f3b, na podstawie zautomatyzowanego przetwarzania. Chodzi tu o decyzje podejmowane przez programy lub systemy komputerowe, bez udzia\u0142u cz\u0142owieka (na przyk\u0142ad pracownika Weening strafrechtadvocaten). <\/p>\n\n<p>Je\u015bli po przeczytaniu niniejszej polityki prywatno\u015bci maj\u0105 Pa\u0144stwo jeszcze pytania dotycz\u0105ce sposobu, w jaki Weening Strafrechtadvocaten post\u0119puje z danymi osobowymi, je\u015bli chc\u0105 Pa\u0144stwo skorzysta\u0107 z praw wymienionych w niniejszej polityce prywatno\u015bci na podstawie Og\u00f3lnego Rozporz\u0105dzenia o Ochronie Danych (RODO) lub innych przepis\u00f3w dotycz\u0105cych danych osobowych, lub je\u015bli chc\u0105 Pa\u0144stwo z\u0142o\u017cy\u0107 skarg\u0119 dotycz\u0105c\u0105 wykorzystania Pa\u0144stwa danych osobowych, mog\u0105 Pa\u0144stwo skontaktowa\u0107 si\u0119 z nami za pomoc\u0105 poni\u017cszych <a href=\"https:\/\/www.strafrechtadvocaten.nl\/contact-strafrechtadvocaat\/\">danych kontaktowych<\/a>:<\/p>\n\n<h2 class=\"wp-block-heading\">13. Dane kontaktowe<\/h2>\n\n<p><strong>Weening Strafrechtadvocaten B.V.<\/strong><br\/>Wilhelminasingel 97, 6221 BH Maastricht<br\/>info@weening.net<br\/>088 933 6464<br\/>www.strafrechtadvocaten.nl<\/p>\n\n<p>Weening Strafrechtadvocaten zastrzega sobie prawo do zmiany niniejszej polityki prywatno\u015bci w dowolnym momencie. Aktualn\u0105 wersj\u0119 mo\u017cna zawsze znale\u017a\u0107 na stronie internetowej Weening Strafrechtadvocaten. <\/p>\n","protected":false},"excerpt":{"rendered":"<p>Weening Strafrechtadvocaten B.V. (dalej zwana \u201eWeening Strafrechtadvocaten\u201d) jest odpowiedzialna za przetwarzanie danych osobowych, jak przedstawiono w niniejszej polityce prywatno\u015bci. Weening Strafrechtadvocaten szanuje Pa\u0144stwa prywatno\u015b\u0107 i zapewnia, \u017ce mog\u0105 Pa\u0144stwo powierzy\u0107 swoje dane osobowe Weening Strafrechtadvocaten. W niniejszej polityce prywatno\u015bci informujemy Pa\u0144stwa o tym. Podczas kontakt\u00f3w z Weening Strafrechtadvocaten zbierane i przetwarzane s\u0105 Pa\u0144stwa dane. Za [&hellip;]<\/p>\n","protected":false},"author":1,"featured_media":0,"parent":0,"menu_order":0,"comment_status":"closed","ping_status":"closed","template":"","meta":{"footnotes":""},"class_list":["post-6032","page","type-page","status-publish","hentry","temp-simpel"],"_links":{"self":[{"href":"https:\/\/www.strafrechtadvocaten.nl\/pl\/wp-json\/wp\/v2\/pages\/6032","targetHints":{"allow":["GET"]}}],"collection":[{"href":"https:\/\/www.strafrechtadvocaten.nl\/pl\/wp-json\/wp\/v2\/pages"}],"about":[{"href":"https:\/\/www.strafrechtadvocaten.nl\/pl\/wp-json\/wp\/v2\/types\/page"}],"author":[{"embeddable":true,"href":"https:\/\/www.strafrechtadvocaten.nl\/pl\/wp-json\/wp\/v2\/users\/1"}],"replies":[{"embeddable":true,"href":"https:\/\/www.strafrechtadvocaten.nl\/pl\/wp-json\/wp\/v2\/comments?post=6032"}],"version-history":[{"count":1,"href":"https:\/\/www.strafrechtadvocaten.nl\/pl\/wp-json\/wp\/v2\/pages\/6032\/revisions"}],"predecessor-version":[{"id":6033,"href":"https:\/\/www.strafrechtadvocaten.nl\/pl\/wp-json\/wp\/v2\/pages\/6032\/revisions\/6033"}],"wp:attachment":[{"href":"https:\/\/www.strafrechtadvocaten.nl\/pl\/wp-json\/wp\/v2\/media?parent=6032"}],"curies":[{"name":"wp","href":"https:\/\/api.w.org\/{rel}","templated":true}]}}