{"id":6024,"date":"2025-08-14T14:04:17","date_gmt":"2025-08-14T12:04:17","guid":{"rendered":"https:\/\/q1n54kp45c.onrocket.site\/ogolne-warunki\/"},"modified":"2025-08-21T16:26:24","modified_gmt":"2025-08-21T14:26:24","slug":"ogolne-warunki","status":"publish","type":"page","link":"https:\/\/www.strafrechtadvocaten.nl\/pl\/ogolne-warunki\/","title":{"rendered":"Og\u00f3lne warunki"},"content":{"rendered":"\n<p>W niniejszych og\u00f3lnych warunkach nast\u0119puj\u0105ce terminy s\u0105 u\u017cywane w poni\u017cszym znaczeniu, chyba \u017ce wyra\u017anie zaznaczono inaczej.<\/p>\n\n<p>Ostatnia aktualizacja: \u015broda, 17 listopada 2021 r.<\/p>\n\n<ol class=\"wp-block-list\">\n<li>Niniejsze og\u00f3lne warunki maj\u0105 zastosowanie do wszystkich us\u0142ug \u015bwiadczonych przez Weening strafrechtadvocaten B.V., zwan\u0105 dalej: kancelari\u0105.<\/li>\n\n\n\n<li>Wszystkie zlecenia s\u0105 przyjmowane i wykonywane wy\u0142\u0105cznie przez kancelari\u0119, z wy\u0142\u0105czeniem artyku\u0142u 7:404 holenderskiego Kodeksu Cywilnego, nawet je\u015bli istnieje wyra\u017any lub dorozumiany zamiar, aby zlecenie zosta\u0142o wykonane przez konkretn\u0105 osob\u0119.<\/li>\n\n\n\n<li>W odst\u0119pstwie od art. 7:408 ust. 2 holenderskiego Kodeksu Cywilnego, kancelaria ma prawo, z uwzgl\u0119dnieniem Zasad Etyki Adwokackiej, w ka\u017cdej chwili zako\u0144czy\u0107 zlecenie, bez ponoszenia odpowiedzialno\u015bci odszkodowawczej. Niniejsze og\u00f3lne warunki obowi\u0105zuj\u0105 na korzy\u015b\u0107 os\u00f3b pracuj\u0105cych dla sp\u00f3\u0142ki. <\/li>\n\n\n\n<li>Wszelka odpowiedzialno\u015b\u0107 kancelarii jest ograniczona do kwoty wyp\u0142aconej w danym przypadku z tytu\u0142u zawartego przez kancelari\u0119 ubezpieczenia od odpowiedzialno\u015bci zawodowej.<\/li>\n\n\n\n<li>Klient zwalnia kancelari\u0119 z wszelkich roszcze\u0144 os\u00f3b trzecich (w tym \u015bwiadk\u00f3w i bieg\u0142ych), w\u0142\u0105czaj\u0105c koszty poniesione przez kancelari\u0119 w zwi\u0105zku z tym, kt\u00f3re w jakikolwiek spos\u00f3b zwi\u0105zane s\u0105 z prac\u0105 wykonan\u0105 dla klienta. Kancelaria, anga\u017cuj\u0105c osoby trzecie, je\u015bli jest to racjonalnie mo\u017cliwe, b\u0119dzie wcze\u015bniej konsultowa\u0107 si\u0119 z klientem i w ka\u017cdym przypadku zachowa nale\u017cyt\u0105 staranno\u015b\u0107 przy wyborze os\u00f3b trzecich. Kancelaria nie ponosi odpowiedzialno\u015bci za uchybienia tych os\u00f3b trzecich. Klient zgadza si\u0119, \u017ce kancelaria akceptuje ograniczenia odpowiedzialno\u015bci.   <\/li>\n\n\n\n<li>Po zako\u0144czeniu pracy dla klienta, kancelaria zwr\u00f3ci w miar\u0119 mo\u017cliwo\u015bci dokumenty pochodz\u0105ce od tego klienta oraz ewentualne dokumenty s\u0105dowe zwyk\u0142\u0105 poczt\u0105 i zarchiwizuje akta. Kancelaria zastrzega sobie prawo do zniszczenia zarchiwizowanych akt pi\u0119\u0107 lat po archiwizacji, zgodnie z obowi\u0105zuj\u0105cymi przepisami. <\/li>\n\n\n\n<li>Kancelaria, zgodnie z Rozporz\u0105dzeniem o reklamie Holenderskiej Izby Adwokackiej, ma swobod\u0119 w ramach reprezentowania interes\u00f3w, bez dalszych konsultacji i z poszanowaniem prywatno\u015bci klienta, wsp\u00f3\u0142pracowa\u0107 przy publikacji informacji o sprawie. Ta swoboda istnieje r\u00f3wnie\u017c po zako\u0144czeniu sprawy, przy czym odbywa si\u0119 to w miar\u0119 mo\u017cliwo\u015bci w porozumieniu z klientem. W zakresie, w jakim wsp\u00f3\u0142praca przy publikacji nie odbywa si\u0119 w ramach reprezentowania interes\u00f3w, kancelaria ma w tym swobod\u0119, o ile nie szkodzi to interesom klienta.  <\/li>\n\n\n\n<li>Kancelaria ma prawo, je\u015bli to konieczne, do wzajemnego zast\u0119powania si\u0119 w wyst\u0119powaniu przed s\u0105dem.<\/li>\n\n\n\n<li>Skargi klienta musz\u0105 by\u0107 najpierw rozpatrzone zgodnie z wewn\u0119trzn\u0105 procedur\u0105 skarg Weening Strafrechtadvocaten B.V., jak opisano w artykule 5 regulaminu skarg Weening Strafrechtadvocaten. Ten regulamin skarg mo\u017cna znale\u017a\u0107 <a href=\"https:\/\/www.strafrechtadvocaten.nl\/info\/klachtenregeling\/\">tutaj<\/a>. Skargi, o kt\u00f3rych mowa w artykule 1 tego regulaminu skarg kancelarii, kt\u00f3re po rozpatrzeniu nie zosta\u0142y rozwi\u0105zane, s\u0105 przekazywane do S\u0105du Rejonowego w Limburgu, lokalizacja Maastricht, z zastrze\u017ceniem bezwzgl\u0119dnie obowi\u0105zuj\u0105cych przepis\u00f3w dotycz\u0105cych w\u0142a\u015bciwo\u015bci. Je\u015bli skar\u017c\u0105cy uwa\u017ca, \u017ce adwokat z Weening Strafrechtadvocaten B.V. dzia\u0142a lub dzia\u0142a\u0142 niezgodnie z obowi\u0105zuj\u0105cymi adwokat\u00f3w Zasadami Etyki, skar\u017c\u0105cy mo\u017ce, je\u015bli procedura opisana w artykule 5 regulaminu skarg nie doprowadzi do rozwi\u0105zania, z\u0142o\u017cy\u0107 skarg\u0119 do w\u0142a\u015bciwego Dziekana Izby Adwokackiej.   <\/li>\n\n\n\n<li>Stosunek prawny mi\u0119dzy kancelari\u0105 a jej zleceniodawcami podlega prawu holenderskiemu. Wy\u0142\u0105cznie s\u0105d holenderski b\u0119dzie w\u0142a\u015bciwy do rozpoznawania wszelkich spor\u00f3w, kt\u00f3re mog\u0105 powsta\u0107 mi\u0119dzy kancelari\u0105 a klientem. <\/li>\n\n\n\n<li>Niniejsze og\u00f3lne warunki maj\u0105 r\u00f3wnie\u017c zastosowanie do dodatkowych zlece\u0144 i zlece\u0144 nast\u0119pczych klienta.<\/li>\n<\/ol>\n\n<div class=\"wp-block-buttons is-layout-flex wp-block-buttons-is-layout-flex\">\n<div class=\"wp-block-button\"><a class=\"wp-block-button__link wp-element-button\" href=\"https:\/\/www.strafrechtadvocaten.nl\/wp-content\/uploads\/Weening-Strafrechtadvocaten-Algemen-Voorwaarden.pdf\" target=\"_blank\" rel=\"noreferrer noopener\">Pobierz<\/a><\/div>\n<\/div>\n","protected":false},"excerpt":{"rendered":"<p>W niniejszych og\u00f3lnych warunkach nast\u0119puj\u0105ce terminy s\u0105 u\u017cywane w poni\u017cszym znaczeniu, chyba \u017ce wyra\u017anie zaznaczono inaczej. Ostatnia aktualizacja: \u015broda, 17 listopada 2021 r.<\/p>\n","protected":false},"author":1,"featured_media":0,"parent":0,"menu_order":0,"comment_status":"closed","ping_status":"closed","template":"","meta":{"footnotes":""},"class_list":["post-6024","page","type-page","status-publish","hentry","temp-simpel"],"_links":{"self":[{"href":"https:\/\/www.strafrechtadvocaten.nl\/pl\/wp-json\/wp\/v2\/pages\/6024","targetHints":{"allow":["GET"]}}],"collection":[{"href":"https:\/\/www.strafrechtadvocaten.nl\/pl\/wp-json\/wp\/v2\/pages"}],"about":[{"href":"https:\/\/www.strafrechtadvocaten.nl\/pl\/wp-json\/wp\/v2\/types\/page"}],"author":[{"embeddable":true,"href":"https:\/\/www.strafrechtadvocaten.nl\/pl\/wp-json\/wp\/v2\/users\/1"}],"replies":[{"embeddable":true,"href":"https:\/\/www.strafrechtadvocaten.nl\/pl\/wp-json\/wp\/v2\/comments?post=6024"}],"version-history":[{"count":1,"href":"https:\/\/www.strafrechtadvocaten.nl\/pl\/wp-json\/wp\/v2\/pages\/6024\/revisions"}],"predecessor-version":[{"id":6025,"href":"https:\/\/www.strafrechtadvocaten.nl\/pl\/wp-json\/wp\/v2\/pages\/6024\/revisions\/6025"}],"wp:attachment":[{"href":"https:\/\/www.strafrechtadvocaten.nl\/pl\/wp-json\/wp\/v2\/media?parent=6024"}],"curies":[{"name":"wp","href":"https:\/\/api.w.org\/{rel}","templated":true}]}}