{"id":6115,"date":"2025-08-14T13:34:13","date_gmt":"2025-08-14T11:34:13","guid":{"rendered":"https:\/\/q1n54kp45c.onrocket.site\/offerta-di-lavoro-nel-diritto-penale\/"},"modified":"2025-08-21T16:29:09","modified_gmt":"2025-08-21T14:29:09","slug":"offerta-di-lavoro-nel-diritto-penale","status":"publish","type":"page","link":"https:\/\/www.strafrechtadvocaten.nl\/it\/offerta-di-lavoro-nel-diritto-penale\/","title":{"rendered":"Offerta di lavoro nel diritto penale"},"content":{"rendered":"\n<p>Weening Strafrechtadvocaten \u00e8 sempre alla ricerca di avvocati penalisti esperti e motivati che vogliano unirsi al nostro team. Se possedete qualit\u00e0 eccezionali, potete mettervi in <a href=\"https:\/\/www.strafrechtadvocaten.nl\/contact-strafrechtadvocaat\/\">contatto<\/a> con noi. <\/p>\n\n<div class=\"wp-block-buttons is-layout-flex wp-block-buttons-is-layout-flex\">\n<div class=\"wp-block-button\"><a class=\"wp-block-button__link wp-element-button\" href=\"mailto:weening@weening.net?subject=Vacature: Strafrechtadvocaat\" target=\"_blank\" rel=\"noreferrer noopener\">Candidati<\/a><\/div>\n<\/div>\n\n<h2 class=\"wp-block-heading\">Offerta di lavoro per avvocato penalista<\/h2>\n\n<p>Per la nostra pratica nazionale, con sedi a Maastricht e Utrecht, cerchiamo avvocati penalisti flessibili, motivati e giuridicamente validi, preferibilmente con un approccio commerciale.<\/p>\n\n<p>Chi siamo? Personalit\u00e0 diverse, un solo team, una sola passione! <\/p>\n\n<ul class=\"wp-block-list\">\n<li>Siamo un team affiatato e collegiale composto da avvocati penalisti e collaboratori legali, supportati da segretarie esperte e motivate;<\/li>\n\n\n\n<li>Il nostro team \u00e8 composto da colleghi esperti con cui confrontarsi. Durante la riunione settimanale dell&#8217;ufficio, discutiamo di casi e giurisprudenza, il tutto con l&#8217;obiettivo di elevarci a un livello superiore; <\/li>\n\n\n\n<li>Inoltre, offriamo la possibilit\u00e0 di una specializzazione specifica all&#8217;interno del diritto penale;<\/li>\n\n\n\n<li>Inoltre, siamo uno studio di formazione, il che significa che siamo costantemente alla ricerca di giovani talenti che vogliano ottenere il massimo da s\u00e9 stessi;<\/li>\n\n\n\n<li>Condividiamo le nostre conoscenze anche al di fuori dell&#8217;ufficio tenendo corsi molto frequentati per avvocati;<\/li>\n\n\n\n<li>Tutti hanno la possibilit\u00e0 di collaborare a interessanti casi che fanno notizia;<\/li>\n\n\n\n<li>Per poter lavorare ad alto livello, disponiamo delle migliori strutture, tra cui un ambiente di lavoro completamente digitale e l&#8217;accesso digitale alla letteratura e alla giurisprudenza pi\u00f9 importanti;<\/li>\n\n\n\n<li>I nostri avvocati lavorano come dipendenti con un interessante sistema di bonus legato al fatturato. Inoltre, per tutti gli avvocati \u00e8 previsto un regime pensionistico; <\/li>\n\n\n\n<li>Per poter ottenere prestazioni ottimali nel diritto penale, ci impegniamo a raggiungere un buon equilibrio tra lavoro e vita privata.<\/li>\n\n\n\n<li>Poich\u00e9 crediamo nella forza del team, investiamo nello spirito di squadra attraverso attivit\u00e0 comuni. Oltre al tradizionale aperitivo del venerd\u00ec pomeriggio e al barbecue annuale, partecipiamo a eventi conviviali e organizziamo divertenti gite aziendali (all&#8217;estero). Ma anche le giornate di riflessione per approfondire insieme le questioni ci rendono ci\u00f2 che siamo.  <\/li>\n<\/ul>\n\n<p><strong>Siamo Weening Strafrechtadvocaten!<\/strong><\/p>\n\n<div class=\"wp-block-buttons is-layout-flex wp-block-buttons-is-layout-flex\">\n<div class=\"wp-block-button\"><a class=\"wp-block-button__link wp-element-button\" href=\"mailto:weening@weening.net?subject=Vacature: Strafrechtadvocaat\" target=\"_blank\" rel=\"noreferrer noopener\">Candidati<\/a><\/div>\n<\/div>\n\n<h2 class=\"wp-block-heading\">Offerta di lavoro per tirocinante nel diritto penale<\/h2>\n\n<p>Per gli studenti eccellenti che seguono il master in diritto penale, ci sono opportunit\u00e0 di svolgere un tirocinio presso il nostro studio.<\/p>\n\n<h2 class=\"wp-block-heading\">Candidati<\/h2>\n\n<p>Se desiderate candidarvi per una delle posizioni descritte, inviate la vostra lettera di motivazione con il curriculum vitae a: <a href=\"mailto:weening@weening.net\" target=\"_blank\" rel=\"noreferrer noopener\">weening@weening.net<\/a> all&#8217;attenzione di Serge Weening.<\/p>\n\n<div class=\"wp-block-buttons is-layout-flex wp-block-buttons-is-layout-flex\">\n<div class=\"wp-block-button\"><a class=\"wp-block-button__link wp-element-button\" href=\"https:\/\/www.strafrechtadvocaten.nl\/it\/avvocati\/serge-weening\/\" target=\"_blank\" rel=\"noreferrer noopener\">Profilo di Serge Weening<\/a><\/div>\n<\/div>\n","protected":false},"excerpt":{"rendered":"<p>Weening Strafrechtadvocaten \u00e8 sempre alla ricerca di avvocati penalisti esperti e motivati che vogliano unirsi al nostro team. Se possedete qualit\u00e0 eccezionali, potete mettervi in contatto con noi. Offerta di lavoro per avvocato penalista Per la nostra pratica nazionale, con sedi a Maastricht e Utrecht, cerchiamo avvocati penalisti flessibili, motivati e giuridicamente validi, preferibilmente con [&hellip;]<\/p>\n","protected":false},"author":1,"featured_media":0,"parent":0,"menu_order":0,"comment_status":"closed","ping_status":"closed","template":"","meta":{"footnotes":""},"class_list":["post-6115","page","type-page","status-publish","hentry","temp-simpel"],"_links":{"self":[{"href":"https:\/\/www.strafrechtadvocaten.nl\/it\/wp-json\/wp\/v2\/pages\/6115","targetHints":{"allow":["GET"]}}],"collection":[{"href":"https:\/\/www.strafrechtadvocaten.nl\/it\/wp-json\/wp\/v2\/pages"}],"about":[{"href":"https:\/\/www.strafrechtadvocaten.nl\/it\/wp-json\/wp\/v2\/types\/page"}],"author":[{"embeddable":true,"href":"https:\/\/www.strafrechtadvocaten.nl\/it\/wp-json\/wp\/v2\/users\/1"}],"replies":[{"embeddable":true,"href":"https:\/\/www.strafrechtadvocaten.nl\/it\/wp-json\/wp\/v2\/comments?post=6115"}],"version-history":[{"count":1,"href":"https:\/\/www.strafrechtadvocaten.nl\/it\/wp-json\/wp\/v2\/pages\/6115\/revisions"}],"predecessor-version":[{"id":6116,"href":"https:\/\/www.strafrechtadvocaten.nl\/it\/wp-json\/wp\/v2\/pages\/6115\/revisions\/6116"}],"wp:attachment":[{"href":"https:\/\/www.strafrechtadvocaten.nl\/it\/wp-json\/wp\/v2\/media?parent=6115"}],"curies":[{"name":"wp","href":"https:\/\/api.w.org\/{rel}","templated":true}]}}