{"id":6098,"date":"2025-08-14T14:04:57","date_gmt":"2025-08-14T12:04:57","guid":{"rendered":"https:\/\/q1n54kp45c.onrocket.site\/disclaimer\/"},"modified":"2025-08-21T16:28:45","modified_gmt":"2025-08-21T14:28:45","slug":"disclaimer","status":"publish","type":"page","link":"https:\/\/www.strafrechtadvocaten.nl\/it\/disclaimer\/","title":{"rendered":"Disclaimer"},"content":{"rendered":"\n<p>Le condizioni del presente disclaimer si applicano al sito internet www.strafrechtadvocaten.nl di Weening Strafrechtadvocaten B.V. a Maastricht, Paesi Bassi. Si prega di leggere attentamente questo disclaimer. Accedendo a questo sito internet e utilizzando le informazioni offerte su o tramite questo sito internet, si dichiara di accettare questo disclaimer. In caso di conflitto tra le condizioni di prodotti e servizi specifici di Weening Strafrechtadvocaten e questo disclaimer, prevarranno le condizioni di tali prodotti e servizi.   <\/p>\n\n<h2 class=\"wp-block-heading\">1. Uso del sito internet<\/h2>\n\n<p>Le informazioni offerte su o tramite questo sito internet non devono essere utilizzate in sostituzione di una consulenza. Le decisioni basate su queste informazioni sono a proprio rischio e pericolo. Sebbene Weening Strafrechtadvocaten si sforzi di offrire informazioni corrette, complete e aggiornate, Weening Strafrechtadvocaten non fornisce alcuna garanzia, esplicita o implicita, che le informazioni offerte su o tramite questo sito internet siano corrette, complete o aggiornate.  <\/p>\n\n<p>Visitando questo sito web e\/o utilizzando le informazioni o i servizi ivi offerti, si presume che l&#8217;utente conosca e accetti le condizioni del sito web e l&#8217;informativa sulla privacy redatte a tal fine da Weening Strafrechtadvocaten.<\/p>\n\n<p>Questo sito web \u00e8 stato costruito e realizzato in conformit\u00e0 con gli standard e le tecniche utilizzati da w3c.org. Per un utilizzo ottimale del sito, si consiglia la versione pi\u00f9 recente del browser web Firefox, Chrome, Safari e\/o Internet Explorer. <\/p>\n\n<h2 class=\"wp-block-heading\">2. Informazioni di terzi, prodotti e servizi<\/h2>\n\n<p>Quando Weening Strafrechtadvocaten offre collegamenti ipertestuali a siti internet di terzi, ci\u00f2 non significa che Weening Strafrechtadvocaten raccomandi i prodotti o i servizi offerti su o tramite questi siti internet. L&#8217;utilizzo di tali collegamenti ipertestuali \u00e8 interamente a proprio rischio e pericolo. Weening Strafrechtadvocaten non si assume alcuna responsabilit\u00e0 per il contenuto, l&#8217;uso o la disponibilit\u00e0 di tali siti internet. La veridicit\u00e0, la correttezza, la ragionevolezza, l&#8217;affidabilit\u00e0 e la completezza delle informazioni su tali siti internet non sono state verificate da Weening Strafrechtadvocaten.   <\/p>\n\n<h2 class=\"wp-block-heading\">3. Diritti di propriet\u00e0 intellettuale<\/h2>\n\n<p>Weening Strafrechtadvocaten (o il titolare dei diritti) si riserva tutti i diritti di propriet\u00e0 intellettuale relativi a tutte le informazioni offerte su o tramite questo sito internet, inclusi tutti i testi, il materiale grafico e i loghi. Non \u00e8 consentito copiare, scaricare o divulgare, distribuire o riprodurre in alcun modo le informazioni presenti su questo sito internet senza il previo consenso scritto di Weening Strafrechtadvocaten o il previo consenso scritto del titolare dei diritti. \u00c8 consentito stampare e\/o scaricare informazioni su questo sito internet per uso personale.  <\/p>\n\n<h2 class=\"wp-block-heading\">4. Esclusione di responsabilit\u00e0<\/h2>\n\n<p>Weening Strafrechtadvocaten non si assume alcuna responsabilit\u00e0 per danni diretti, indiretti, speciali, incidentali, immateriali o consequenziali (incluso il mancato guadagno), indipendentemente dal fatto che Weening Strafrechtadvocaten sia stata avvisata della possibilit\u00e0 di tali danni, che derivino in qualsiasi modo da, ma non debbano essere limitati a (i) difetti, virus o altre imperfezioni di apparecchiature e altri software in relazione all&#8217;accesso o all&#8217;utilizzo di questo sito internet, (ii) informazioni offerte su o tramite questo sito internet, (iii) intercettazione, modifica o uso improprio di informazioni inviate a Weening Strafrechtadvocaten o all&#8217;utente, (iv) funzionamento o mancata disponibilit\u00e0 di questo sito internet, (v) uso improprio di questo sito internet, (vi) perdita di dati, (vii) download o utilizzo di software reso disponibile tramite questo sito internet o (viii) rivendicazioni di terzi in relazione all&#8217;utilizzo di questo sito internet. L&#8217;esclusione di responsabilit\u00e0 si estende anche a vantaggio di amministratori, dipendenti di Weening Strafrechtadvocaten e delle persone giuridiche affiliate a Weening Strafrechtadvocaten.         <\/p>\n\n<h2 class=\"wp-block-heading\">5. Diritto applicabile<\/h2>\n\n<p>A questo sito internet e al disclaimer si applica il diritto olandese. Tutte le controversie derivanti da o in relazione a questo disclaimer saranno presentate esclusivamente al giudice competente nei Paesi Bassi. In caso di discrepanze o differenze di interpretazione tra le versioni in altre lingue del disclaimer, la versione in lingua olandese \u00e8 determinante.  <\/p>\n\n<h2 class=\"wp-block-heading\">6. Modifiche<\/h2>\n\n<p>Weening Strafrechtadvocaten si riserva il diritto di modificare in qualsiasi momento le informazioni offerte su o tramite questo sito internet, incluso il testo di questo disclaimer, senza darne ulteriore preavviso. Si consiglia di verificare periodicamente se le informazioni offerte su o tramite questo sito internet, incluso il testo di questo disclaimer, sono state modificate. <\/p>\n\n<h2 class=\"wp-block-heading\">7. Contatto<\/h2>\n\n<p>Per commenti o domande relative a questo sito web, \u00e8 possibile contattare <a href=\"mailto:info@weening.net\">info@weening.net<\/a><\/p>\n","protected":false},"excerpt":{"rendered":"<p>Le condizioni del presente disclaimer si applicano al sito internet www.strafrechtadvocaten.nl di Weening Strafrechtadvocaten B.V. a Maastricht, Paesi Bassi. Si prega di leggere attentamente questo disclaimer. Accedendo a questo sito internet e utilizzando le informazioni offerte su o tramite questo sito internet, si dichiara di accettare questo disclaimer. In caso di conflitto tra le condizioni [&hellip;]<\/p>\n","protected":false},"author":1,"featured_media":0,"parent":0,"menu_order":0,"comment_status":"closed","ping_status":"closed","template":"","meta":{"footnotes":""},"class_list":["post-6098","page","type-page","status-publish","hentry","temp-simpel"],"_links":{"self":[{"href":"https:\/\/www.strafrechtadvocaten.nl\/it\/wp-json\/wp\/v2\/pages\/6098","targetHints":{"allow":["GET"]}}],"collection":[{"href":"https:\/\/www.strafrechtadvocaten.nl\/it\/wp-json\/wp\/v2\/pages"}],"about":[{"href":"https:\/\/www.strafrechtadvocaten.nl\/it\/wp-json\/wp\/v2\/types\/page"}],"author":[{"embeddable":true,"href":"https:\/\/www.strafrechtadvocaten.nl\/it\/wp-json\/wp\/v2\/users\/1"}],"replies":[{"embeddable":true,"href":"https:\/\/www.strafrechtadvocaten.nl\/it\/wp-json\/wp\/v2\/comments?post=6098"}],"version-history":[{"count":1,"href":"https:\/\/www.strafrechtadvocaten.nl\/it\/wp-json\/wp\/v2\/pages\/6098\/revisions"}],"predecessor-version":[{"id":6099,"href":"https:\/\/www.strafrechtadvocaten.nl\/it\/wp-json\/wp\/v2\/pages\/6098\/revisions\/6099"}],"wp:attachment":[{"href":"https:\/\/www.strafrechtadvocaten.nl\/it\/wp-json\/wp\/v2\/media?parent=6098"}],"curies":[{"name":"wp","href":"https:\/\/api.w.org\/{rel}","templated":true}]}}