{"id":6022,"date":"2025-08-14T14:04:17","date_gmt":"2025-08-14T12:04:17","guid":{"rendered":"https:\/\/q1n54kp45c.onrocket.site\/termini-e-condizioni-generali\/"},"modified":"2025-08-21T16:26:15","modified_gmt":"2025-08-21T14:26:15","slug":"termini-e-condizioni-generali","status":"publish","type":"page","link":"https:\/\/www.strafrechtadvocaten.nl\/it\/termini-e-condizioni-generali\/","title":{"rendered":"Termini e condizioni generali"},"content":{"rendered":"\n<p>Nei presenti termini e condizioni generali, i seguenti termini sono utilizzati con il seguente significato, salvo diversa indicazione espressa.<\/p>\n\n<p>Ultima modifica mercoled\u00ec 17 novembre 2021.<\/p>\n\n<ol class=\"wp-block-list\">\n<li>I presenti termini e condizioni generali si applicano a tutti i servizi di Weening strafrechtadvocaten B.V., di seguito denominato: lo studio.<\/li>\n\n\n\n<li>Tutti gli incarichi sono accettati ed eseguiti esclusivamente dallo studio, con deroga all&#8217;articolo 7:404 del codice civile olandese, anche qualora sia intenzione esplicita o implicita che un incarico sia eseguito da una determinata persona.<\/li>\n\n\n\n<li>In deroga all&#8217;art. 7:408 comma 2 del codice civile olandese, lo studio ha il diritto di risolvere un incarico in qualsiasi momento, nel rispetto del codice di condotta degli avvocati, senza che ci\u00f2 comporti alcuna responsabilit\u00e0 per danni. I presenti termini e condizioni generali sono a beneficio di coloro che lavorano per la societ\u00e0 di persone. <\/li>\n\n\n\n<li>Qualsiasi responsabilit\u00e0 dello studio \u00e8 limitata all&#8217;importo che viene pagato nel caso specifico in virt\u00f9 dell&#8217;assicurazione di responsabilit\u00e0 professionale stipulata dallo studio.<\/li>\n\n\n\n<li>Il cliente manleva lo studio da qualsiasi pretesa di terzi (compresi testimoni ed esperti), compresi i costi sostenuti dallo studio in relazione a ci\u00f2, che siano in qualche modo connessi alle attivit\u00e0 svolte per il cliente. Lo studio, qualora ci\u00f2 sia ragionevolmente possibile, si consulter\u00e0 preventivamente con il cliente per quanto riguarda il coinvolgimento di terzi e, in ogni caso, eserciter\u00e0 la dovuta diligenza nella scelta di terzi. Lo studio non \u00e8 responsabile per le mancanze di tali terzi. Il cliente acconsente all&#8217;accettazione da parte dello studio di clausole limitative di responsabilit\u00e0.   <\/li>\n\n\n\n<li>Al termine delle attivit\u00e0 per il cliente, lo studio restituir\u00e0 per posta ordinaria, per quanto possibile, i documenti provenienti da tale cliente e gli eventuali documenti giudiziari e archivier\u00e0 il fascicolo. Lo studio si riserva il diritto di distruggere i fascicoli archiviati nel rispetto delle normative vigenti cinque anni dopo l&#8217;archiviazione. <\/li>\n\n\n\n<li>Nel rispetto del Regolamento sulla pubblicit\u00e0 dell&#8217;ordine degli avvocati olandesi, lo studio \u00e8 libero, nell&#8217;ambito della tutela degli interessi, di collaborare alla pubblicit\u00e0 di una causa senza ulteriori consultazioni, nel rispetto della privacy del cliente. Tale libert\u00e0 sussiste anche dopo la conclusione della causa, fermo restando che ci\u00f2 avvenga per quanto possibile in consultazione con il cliente. Nella misura in cui la collaborazione viene fornita alla pubblicit\u00e0 senza che ci\u00f2 avvenga nell&#8217;ambito della tutela degli interessi, lo studio \u00e8 libero di farlo a condizione che non vengano lesi gli interessi del cliente.  <\/li>\n\n\n\n<li>Lo studio \u00e8 libero, se necessario, di concordare reciprocamente possibilit\u00e0 di sostituzione per la comparizione in giudizio.<\/li>\n\n\n\n<li>I reclami del cliente devono essere trattati innanzitutto tramite la procedura di reclamo interna di Weening Strafrechtadvocaten B.V., come descritto nell&#8217;articolo 5 del regolamento sui reclami di Weening Strafrechtadvocaten. Tale regolamento sui reclami \u00e8 disponibile <a href=\"https:\/\/www.strafrechtadvocaten.nl\/info\/klachtenregeling\/\">qui<\/a>. I reclami di cui all&#8217;articolo 1 del presente regolamento sui reclami dello studio che non sono stati risolti dopo il trattamento sono presentati al Tribunale di Limburg, sede di Maastricht, fatte salve le disposizioni imperative relative alla competenza. Qualora il reclamante ritenga che un avvocato di Weening Strafrechtadvocaten B.V. agisca o abbia agito in violazione del codice di condotta applicabile agli avvocati, il reclamante pu\u00f2, qualora il percorso descritto nell&#8217;articolo 5 del regolamento sui reclami non porti a una soluzione, presentare il reclamo al Decano competente dell&#8217;Ordine degli Avvocati.   <\/li>\n\n\n\n<li>Il rapporto giuridico tra lo studio e i suoi committenti \u00e8 regolato dal diritto olandese. Solo il giudice olandese sar\u00e0 competente a conoscere di qualsiasi controversia che dovesse sorgere tra lo studio e un cliente. <\/li>\n\n\n\n<li>I presenti termini e condizioni generali si applicano anche agli incarichi aggiuntivi e agli incarichi successivi del cliente.<\/li>\n<\/ol>\n\n<div class=\"wp-block-buttons is-layout-flex wp-block-buttons-is-layout-flex\">\n<div class=\"wp-block-button\"><a class=\"wp-block-button__link wp-element-button\" href=\"https:\/\/www.strafrechtadvocaten.nl\/wp-content\/uploads\/Weening-Strafrechtadvocaten-Algemen-Voorwaarden.pdf\" target=\"_blank\" rel=\"noreferrer noopener\">Scarica<\/a><\/div>\n<\/div>\n","protected":false},"excerpt":{"rendered":"<p>Nei presenti termini e condizioni generali, i seguenti termini sono utilizzati con il seguente significato, salvo diversa indicazione espressa. Ultima modifica mercoled\u00ec 17 novembre 2021.<\/p>\n","protected":false},"author":1,"featured_media":0,"parent":0,"menu_order":0,"comment_status":"closed","ping_status":"closed","template":"","meta":{"footnotes":""},"class_list":["post-6022","page","type-page","status-publish","hentry","temp-simpel"],"_links":{"self":[{"href":"https:\/\/www.strafrechtadvocaten.nl\/it\/wp-json\/wp\/v2\/pages\/6022","targetHints":{"allow":["GET"]}}],"collection":[{"href":"https:\/\/www.strafrechtadvocaten.nl\/it\/wp-json\/wp\/v2\/pages"}],"about":[{"href":"https:\/\/www.strafrechtadvocaten.nl\/it\/wp-json\/wp\/v2\/types\/page"}],"author":[{"embeddable":true,"href":"https:\/\/www.strafrechtadvocaten.nl\/it\/wp-json\/wp\/v2\/users\/1"}],"replies":[{"embeddable":true,"href":"https:\/\/www.strafrechtadvocaten.nl\/it\/wp-json\/wp\/v2\/comments?post=6022"}],"version-history":[{"count":1,"href":"https:\/\/www.strafrechtadvocaten.nl\/it\/wp-json\/wp\/v2\/pages\/6022\/revisions"}],"predecessor-version":[{"id":6023,"href":"https:\/\/www.strafrechtadvocaten.nl\/it\/wp-json\/wp\/v2\/pages\/6022\/revisions\/6023"}],"wp:attachment":[{"href":"https:\/\/www.strafrechtadvocaten.nl\/it\/wp-json\/wp\/v2\/media?parent=6022"}],"curies":[{"name":"wp","href":"https:\/\/api.w.org\/{rel}","templated":true}]}}