{"id":6153,"date":"2025-08-14T13:34:13","date_gmt":"2025-08-14T11:34:13","guid":{"rendered":"https:\/\/q1n54kp45c.onrocket.site\/offre-demploi-en-droit-penal\/"},"modified":"2025-08-21T16:31:30","modified_gmt":"2025-08-21T14:31:30","slug":"offre-demploi-en-droit-penal","status":"publish","type":"page","link":"https:\/\/www.strafrechtadvocaten.nl\/fr\/offre-demploi-en-droit-penal\/","title":{"rendered":"Offre d&#8217;emploi en droit p\u00e9nal"},"content":{"rendered":"\n<p>Weening Strafrechtadvocaten est toujours \u00e0 la recherche d&rsquo;avocats p\u00e9nalistes exp\u00e9riment\u00e9s et motiv\u00e9s pour renforcer notre \u00e9quipe. Si vous poss\u00e9dez des qualit\u00e9s exceptionnelles, vous pouvez prendre <a href=\"https:\/\/www.strafrechtadvocaten.nl\/contact-strafrechtadvocaat\/\">contact<\/a>. <\/p>\n\n<div class=\"wp-block-buttons is-layout-flex wp-block-buttons-is-layout-flex\">\n<div class=\"wp-block-button\"><a class=\"wp-block-button__link wp-element-button\" href=\"mailto:weening@weening.net?subject=Offre d'emploi : Avocat p&#xE9;naliste\" target=\"_blank\" rel=\"noreferrer noopener\">Postuler<\/a><\/div>\n<\/div>\n\n<h2 class=\"wp-block-heading\">Offre d&#8217;emploi avocat p\u00e9naliste<\/h2>\n\n<p>Pour notre cabinet national, avec des bureaux \u00e0 Maastricht et Utrecht, nous recherchons des avocats p\u00e9nalistes flexibles, motiv\u00e9s et juridiquement solides, de pr\u00e9f\u00e9rence avec une orientation commerciale.<\/p>\n\n<p>Qui sommes-nous ? Diff\u00e9rentes personnalit\u00e9s, une \u00e9quipe, une passion ! <\/p>\n\n<ul class=\"wp-block-list\">\n<li>Nous sommes une \u00e9quipe soud\u00e9e et coll\u00e9giale compos\u00e9e d&rsquo;avocats p\u00e9nalistes et de collaborateurs juridiques, soutenus par des secr\u00e9taires exp\u00e9riment\u00e9es et motiv\u00e9es ;<\/li>\n\n\n\n<li>Notre \u00e9quipe est constitu\u00e9e de coll\u00e8gues experts avec qui \u00e9changer. Lors de la r\u00e9union hebdomadaire du cabinet, nous discutons des affaires et de la jurisprudence, dans le but de nous \u00e9lever mutuellement ; <\/li>\n\n\n\n<li>Dans cette optique, nous offrons la possibilit\u00e9 d&rsquo;une sp\u00e9cialisation sp\u00e9cifique en droit p\u00e9nal ;<\/li>\n\n\n\n<li>De plus, nous sommes un cabinet formateur, ce qui signifie que nous sommes constamment \u00e0 la recherche de jeunes talents qui veulent donner le meilleur d&rsquo;eux-m\u00eames ;<\/li>\n\n\n\n<li>Nous partageons \u00e9galement nos connaissances en dehors du cabinet en donnant des formations tr\u00e8s suivies pour les avocats ;<\/li>\n\n\n\n<li>Chacun a l&rsquo;opportunit\u00e9 de travailler sur des affaires int\u00e9ressantes et m\u00e9diatiques ;<\/li>\n\n\n\n<li>Pour travailler \u00e0 haut niveau, nous disposons des meilleures installations, notamment un environnement de travail enti\u00e8rement num\u00e9rique et un acc\u00e8s digital aux principales sources de litt\u00e9rature et de jurisprudence ;<\/li>\n\n\n\n<li>Nos avocats sont salari\u00e9s avec un syst\u00e8me de bonus int\u00e9ressant li\u00e9 au chiffre d&rsquo;affaires. De plus, tous les avocats b\u00e9n\u00e9ficient d&rsquo;un r\u00e9gime de retraite ; <\/li>\n\n\n\n<li>Pour performer de mani\u00e8re optimale en droit p\u00e9nal, nous visons un bon \u00e9quilibre entre vie professionnelle et vie priv\u00e9e.<\/li>\n\n\n\n<li>Parce que nous croyons en la force de l&rsquo;\u00e9quipe, nous investissons dans l&rsquo;esprit d&rsquo;\u00e9quipe par des activit\u00e9s communes. Outre l&rsquo;afterwork du vendredi et le barbecue annuel, nous participons \u00e0 des \u00e9v\u00e9nements conviviaux et organisons des sorties de bureau agr\u00e9ables (y compris \u00e0 l&rsquo;\u00e9tranger). Mais ce sont aussi les journ\u00e9es de r\u00e9flexion pour approfondir ensemble qui font de nous ce que nous sommes.  <\/li>\n<\/ul>\n\n<p><strong>Nous sommes Weening Strafrechtadvocaten !<\/strong><\/p>\n\n<div class=\"wp-block-buttons is-layout-flex wp-block-buttons-is-layout-flex\">\n<div class=\"wp-block-button\"><a class=\"wp-block-button__link wp-element-button\" href=\"mailto:weening@weening.net?subject=Offre d'emploi : Avocat p&#xE9;naliste\" target=\"_blank\" rel=\"noreferrer noopener\">Postuler<\/a><\/div>\n<\/div>\n\n<h2 class=\"wp-block-heading\">Offre de stage \u00e9tudiant en droit p\u00e9nal<\/h2>\n\n<p>Des possibilit\u00e9s de stage existent dans notre cabinet pour les \u00e9tudiants excellents qui suivent le master en droit p\u00e9nal.<\/p>\n\n<h2 class=\"wp-block-heading\">Postuler<\/h2>\n\n<p>Si vous souhaitez postuler \u00e0 l&rsquo;une des fonctions d\u00e9crites, envoyez votre lettre de motivation et CV par e-mail \u00e0 : <a href=\"mailto:weening@weening.net\" target=\"_blank\" rel=\"noreferrer noopener\">weening@weening.net<\/a> \u00e0 l&rsquo;attention de Serge Weening.<\/p>\n\n<div class=\"wp-block-buttons is-layout-flex wp-block-buttons-is-layout-flex\">\n<div class=\"wp-block-button\"><a class=\"wp-block-button__link wp-element-button\" href=\"https:\/\/www.strafrechtadvocaten.nl\/fr\/avocats\/serge-weening\/\" target=\"_blank\" rel=\"noreferrer noopener\">Profil de Serge Weening<\/a><\/div>\n<\/div>\n","protected":false},"excerpt":{"rendered":"<p>Weening Strafrechtadvocaten est toujours \u00e0 la recherche d&rsquo;avocats p\u00e9nalistes exp\u00e9riment\u00e9s et motiv\u00e9s pour renforcer notre \u00e9quipe. Si vous poss\u00e9dez des qualit\u00e9s exceptionnelles, vous pouvez prendre contact. Offre d&#8217;emploi avocat p\u00e9naliste Pour notre cabinet national, avec des bureaux \u00e0 Maastricht et Utrecht, nous recherchons des avocats p\u00e9nalistes flexibles, motiv\u00e9s et juridiquement solides, de pr\u00e9f\u00e9rence avec une [&hellip;]<\/p>\n","protected":false},"author":1,"featured_media":0,"parent":0,"menu_order":0,"comment_status":"closed","ping_status":"closed","template":"","meta":{"footnotes":""},"class_list":["post-6153","page","type-page","status-publish","hentry","temp-simpel"],"_links":{"self":[{"href":"https:\/\/www.strafrechtadvocaten.nl\/fr\/wp-json\/wp\/v2\/pages\/6153","targetHints":{"allow":["GET"]}}],"collection":[{"href":"https:\/\/www.strafrechtadvocaten.nl\/fr\/wp-json\/wp\/v2\/pages"}],"about":[{"href":"https:\/\/www.strafrechtadvocaten.nl\/fr\/wp-json\/wp\/v2\/types\/page"}],"author":[{"embeddable":true,"href":"https:\/\/www.strafrechtadvocaten.nl\/fr\/wp-json\/wp\/v2\/users\/1"}],"replies":[{"embeddable":true,"href":"https:\/\/www.strafrechtadvocaten.nl\/fr\/wp-json\/wp\/v2\/comments?post=6153"}],"version-history":[{"count":1,"href":"https:\/\/www.strafrechtadvocaten.nl\/fr\/wp-json\/wp\/v2\/pages\/6153\/revisions"}],"predecessor-version":[{"id":6154,"href":"https:\/\/www.strafrechtadvocaten.nl\/fr\/wp-json\/wp\/v2\/pages\/6153\/revisions\/6154"}],"wp:attachment":[{"href":"https:\/\/www.strafrechtadvocaten.nl\/fr\/wp-json\/wp\/v2\/media?parent=6153"}],"curies":[{"name":"wp","href":"https:\/\/api.w.org\/{rel}","templated":true}]}}