{"id":6090,"date":"2025-08-14T14:04:57","date_gmt":"2025-08-14T12:04:57","guid":{"rendered":"https:\/\/q1n54kp45c.onrocket.site\/avis-de-non-responsabilite\/"},"modified":"2025-08-21T16:28:33","modified_gmt":"2025-08-21T14:28:33","slug":"avis-de-non-responsabilite","status":"publish","type":"page","link":"https:\/\/www.strafrechtadvocaten.nl\/fr\/avis-de-non-responsabilite\/","title":{"rendered":"Avis de non-responsabilit\u00e9"},"content":{"rendered":"\n<p>Les conditions de cette clause de non-responsabilit\u00e9 s&rsquo;appliquent au site internet www.strafrechtadvocaten.nl de Weening Strafrechtadvocaten B.V. \u00e0 Maastricht, Pays-Bas. Nous vous prions de lire attentivement cette clause de non-responsabilit\u00e9. En acc\u00e9dant \u00e0 ce site internet et en utilisant les informations propos\u00e9es sur ou via ce site, vous acceptez cette clause de non-responsabilit\u00e9. En cas de contradiction entre les conditions sp\u00e9cifiques des produits et services de Weening Strafrechtadvocaten et cette clause de non-responsabilit\u00e9, les conditions de ces produits et services pr\u00e9valent.   <\/p>\n\n<h2 class=\"wp-block-heading\">1. Utilisation du site internet<\/h2>\n\n<p>Les informations fournies sur ou via ce site internet ne doivent pas \u00eatre utilis\u00e9es en remplacement d&rsquo;un conseil. Les d\u00e9cisions prises sur la base de ces informations sont \u00e0 vos propres risques. Bien que Weening Strafrechtadvocaten s&rsquo;efforce de fournir des informations exactes, compl\u00e8tes et actuelles, Weening Strafrechtadvocaten ne garantit ni explicitement ni implicitement que les informations fournies sur ou via ce site internet sont exactes, compl\u00e8tes ou actuelles.  <\/p>\n\n<p>En visitant ce site web et\/ou en utilisant les informations ou services qui y sont propos\u00e9s, vous \u00eates r\u00e9put\u00e9 conna\u00eetre et accepter les conditions d&rsquo;utilisation du site \u00e9tablies par Weening Strafrechtadvocaten et sa politique de confidentialit\u00e9.<\/p>\n\n<p>Ce site web a \u00e9t\u00e9 construit et con\u00e7u selon les normes et techniques utilis\u00e9es par w3c.org. Pour une utilisation optimale du site, nous recommandons la version la plus r\u00e9cente des navigateurs Firefox, Chrome, Safari et\/ou Internet Explorer. <\/p>\n\n<h2 class=\"wp-block-heading\">2. Informations, produits et services de tiers<\/h2>\n\n<p>Lorsque Weening Strafrechtadvocaten propose des hyperliens vers des sites internet de tiers, cela ne signifie pas que Weening Strafrechtadvocaten recommande les produits ou services propos\u00e9s sur ou via ces sites. L&rsquo;utilisation de tels hyperliens se fait enti\u00e8rement \u00e0 vos propres risques. Weening Strafrechtadvocaten n&rsquo;accepte aucune responsabilit\u00e9 quant au contenu, \u00e0 l&rsquo;utilisation ou \u00e0 la disponibilit\u00e9 de ces sites internet. La v\u00e9racit\u00e9, l&rsquo;exactitude, le caract\u00e8re raisonnable, la fiabilit\u00e9 et l&rsquo;exhaustivit\u00e9 des informations sur ces sites n&rsquo;ont pas \u00e9t\u00e9 v\u00e9rifi\u00e9s par Weening Strafrechtadvocaten.   <\/p>\n\n<h2 class=\"wp-block-heading\">3. Droits de propri\u00e9t\u00e9 intellectuelle<\/h2>\n\n<p>Weening Strafrechtadvocaten (ou le titulaire des droits) conserve tous les droits de propri\u00e9t\u00e9 intellectuelle concernant toutes les informations propos\u00e9es sur ou via ce site internet, y compris tous les textes, mat\u00e9riels graphiques et logos. Il est interdit de copier, t\u00e9l\u00e9charger ou de rendre public, de distribuer ou de reproduire de quelque mani\u00e8re que ce soit les informations de ce site internet sans l&rsquo;autorisation \u00e9crite pr\u00e9alable de Weening Strafrechtadvocaten ou l&rsquo;autorisation \u00e9crite pr\u00e9alable du titulaire des droits. Vous pouvez toutefois imprimer et\/ou t\u00e9l\u00e9charger les informations de ce site internet pour votre usage personnel.  <\/p>\n\n<h2 class=\"wp-block-heading\">4. Exclusion de responsabilit\u00e9<\/h2>\n\n<p>Weening Strafrechtadvocaten n&rsquo;accepte aucune responsabilit\u00e9 concernant les dommages directs, indirects, sp\u00e9ciaux, accidentels, immat\u00e9riels ou cons\u00e9cutifs (y compris le manque \u00e0 gagner), que Weening Strafrechtadvocaten ait \u00e9t\u00e9 ou non inform\u00e9 de la possibilit\u00e9 de tels dommages, r\u00e9sultant de, mais sans s&rsquo;y limiter (i) les d\u00e9fauts, virus ou autres imperfections des \u00e9quipements et autres logiciels li\u00e9s \u00e0 l&rsquo;acc\u00e8s ou \u00e0 l&rsquo;utilisation de ce site internet, (ii) les informations fournies sur ou via ce site internet, (iii) l&rsquo;interception, la modification ou l&rsquo;utilisation inappropri\u00e9e des informations envoy\u00e9es \u00e0 Weening Strafrechtadvocaten ou \u00e0 vous, (iv) le fonctionnement ou l&rsquo;indisponibilit\u00e9 de ce site internet, (v) l&rsquo;abus de ce site internet, (vi) la perte de donn\u00e9es, (vii) le t\u00e9l\u00e9chargement ou l&rsquo;utilisation de logiciels mis \u00e0 disposition via ce site internet ou (viii) les r\u00e9clamations de tiers en rapport avec l&rsquo;utilisation de ce site internet. L&rsquo;exclusion de responsabilit\u00e9 s&rsquo;\u00e9tend \u00e9galement aux administrateurs, employ\u00e9s de Weening Strafrechtadvocaten et aux personnes morales li\u00e9es \u00e0 Weening Strafrechtadvocaten.         <\/p>\n\n<h2 class=\"wp-block-heading\">5. Droit applicable<\/h2>\n\n<p>Ce site internet et la clause de non-responsabilit\u00e9 sont r\u00e9gis par le droit n\u00e9erlandais. Tous les litiges d\u00e9coulant de ou en relation avec cette clause de non-responsabilit\u00e9 seront exclusivement soumis au tribunal comp\u00e9tent aux Pays-Bas. Si les versions dans d&rsquo;autres langues de la clause de non-responsabilit\u00e9 pr\u00e9sentent des divergences ou donnent lieu \u00e0 des diff\u00e9rences d&rsquo;interpr\u00e9tation, la version en langue n\u00e9erlandaise pr\u00e9vaut.  <\/p>\n\n<h2 class=\"wp-block-heading\">6. Modifications<\/h2>\n\n<p>Weening Strafrechtadvocaten se r\u00e9serve le droit de modifier \u00e0 tout moment les informations propos\u00e9es sur ou via ce site internet, y compris le texte de cette clause de non-responsabilit\u00e9, sans en faire l&rsquo;annonce pr\u00e9alable. Il est recommand\u00e9 de v\u00e9rifier p\u00e9riodiquement si les informations propos\u00e9es sur ou via ce site internet, y compris le texte de cette clause de non-responsabilit\u00e9, ont \u00e9t\u00e9 modifi\u00e9es. <\/p>\n\n<h2 class=\"wp-block-heading\">7. Contact<\/h2>\n\n<p>Pour toute remarque ou question concernant ce site web, vous pouvez contacter <a href=\"mailto:info@weening.net\">info@weening.net<\/a><\/p>\n","protected":false},"excerpt":{"rendered":"<p>Les conditions de cette clause de non-responsabilit\u00e9 s&rsquo;appliquent au site internet www.strafrechtadvocaten.nl de Weening Strafrechtadvocaten B.V. \u00e0 Maastricht, Pays-Bas. Nous vous prions de lire attentivement cette clause de non-responsabilit\u00e9. En acc\u00e9dant \u00e0 ce site internet et en utilisant les informations propos\u00e9es sur ou via ce site, vous acceptez cette clause de non-responsabilit\u00e9. En cas de [&hellip;]<\/p>\n","protected":false},"author":1,"featured_media":0,"parent":0,"menu_order":0,"comment_status":"closed","ping_status":"closed","template":"","meta":{"footnotes":""},"class_list":["post-6090","page","type-page","status-publish","hentry","temp-simpel"],"_links":{"self":[{"href":"https:\/\/www.strafrechtadvocaten.nl\/fr\/wp-json\/wp\/v2\/pages\/6090","targetHints":{"allow":["GET"]}}],"collection":[{"href":"https:\/\/www.strafrechtadvocaten.nl\/fr\/wp-json\/wp\/v2\/pages"}],"about":[{"href":"https:\/\/www.strafrechtadvocaten.nl\/fr\/wp-json\/wp\/v2\/types\/page"}],"author":[{"embeddable":true,"href":"https:\/\/www.strafrechtadvocaten.nl\/fr\/wp-json\/wp\/v2\/users\/1"}],"replies":[{"embeddable":true,"href":"https:\/\/www.strafrechtadvocaten.nl\/fr\/wp-json\/wp\/v2\/comments?post=6090"}],"version-history":[{"count":1,"href":"https:\/\/www.strafrechtadvocaten.nl\/fr\/wp-json\/wp\/v2\/pages\/6090\/revisions"}],"predecessor-version":[{"id":6091,"href":"https:\/\/www.strafrechtadvocaten.nl\/fr\/wp-json\/wp\/v2\/pages\/6090\/revisions\/6091"}],"wp:attachment":[{"href":"https:\/\/www.strafrechtadvocaten.nl\/fr\/wp-json\/wp\/v2\/media?parent=6090"}],"curies":[{"name":"wp","href":"https:\/\/api.w.org\/{rel}","templated":true}]}}