{"id":6080,"date":"2025-08-14T14:04:17","date_gmt":"2025-08-14T12:04:17","guid":{"rendered":"https:\/\/q1n54kp45c.onrocket.site\/conditions-generales\/"},"modified":"2025-08-21T16:28:12","modified_gmt":"2025-08-21T14:28:12","slug":"conditions-generales","status":"publish","type":"page","link":"https:\/\/www.strafrechtadvocaten.nl\/fr\/conditions-generales\/","title":{"rendered":"Conditions g\u00e9n\u00e9rales"},"content":{"rendered":"\n<p>Dans ces conditions g\u00e9n\u00e9rales, les termes suivants sont utilis\u00e9s dans le sens indiqu\u00e9 ci-apr\u00e8s, sauf indication contraire expresse.<\/p>\n\n<p>Derni\u00e8re mise \u00e0 jour le mercredi 17 novembre 2021.<\/p>\n\n<ol class=\"wp-block-list\">\n<li>Ces conditions g\u00e9n\u00e9rales s&rsquo;appliquent \u00e0 tous les services de Weening strafrechtadvocaten B.V., ci-apr\u00e8s d\u00e9nomm\u00e9 : le cabinet.<\/li>\n\n\n\n<li>Toutes les missions sont, \u00e0 l&rsquo;exclusion de l&rsquo;article 7:404 du Code civil n\u00e9erlandais, exclusivement accept\u00e9es et ex\u00e9cut\u00e9es par le cabinet, m\u00eame s&rsquo;il est express\u00e9ment ou tacitement pr\u00e9vu qu&rsquo;une mission soit ex\u00e9cut\u00e9e par une personne d\u00e9termin\u00e9e.<\/li>\n\n\n\n<li>Par d\u00e9rogation \u00e0 l&rsquo;art. 7:408 alin\u00e9a 2 du Code civil n\u00e9erlandais, le cabinet est en droit, dans le respect des R\u00e8gles de Conduite des Avocats, de mettre fin \u00e0 une mission \u00e0 tout moment, sans \u00eatre tenu \u00e0 des dommages et int\u00e9r\u00eats. Ces conditions g\u00e9n\u00e9rales s&rsquo;appliquent au b\u00e9n\u00e9fice des personnes travaillant pour le cabinet. <\/li>\n\n\n\n<li>Toute responsabilit\u00e9 du cabinet est limit\u00e9e au montant vers\u00e9 dans le cas concern\u00e9 au titre de l&rsquo;assurance responsabilit\u00e9 professionnelle souscrite par le cabinet.<\/li>\n\n\n\n<li>Le client garantit le cabinet contre toutes les r\u00e9clamations de tiers (y compris les t\u00e9moins et les experts), y compris les frais encourus par le cabinet \u00e0 cet \u00e9gard, qui sont li\u00e9s de quelque mani\u00e8re que ce soit aux travaux effectu\u00e9s pour le client. Le cabinet consultera pr\u00e9alablement le client lors de l&rsquo;engagement de tiers, si cela est raisonnablement possible, et fera preuve de la diligence requise dans le choix des tiers. Le cabinet n&rsquo;est pas responsable des manquements de ces tiers. Le client accepte que le cabinet accepte des clauses limitatives de responsabilit\u00e9.   <\/li>\n\n\n\n<li>\u00c0 la fin des travaux pour le client, le cabinet retournera autant que possible par courrier ordinaire les documents provenant de ce client ainsi que les \u00e9ventuels documents judiciaires et archivera le dossier. Le cabinet se r\u00e9serve le droit de d\u00e9truire les dossiers archiv\u00e9s cinq ans apr\u00e8s leur archivage, conform\u00e9ment aux r\u00e8glements en vigueur. <\/li>\n\n\n\n<li>Dans le respect du R\u00e8glement sur la publicit\u00e9 de l&rsquo;Ordre des avocats n\u00e9erlandais, le cabinet est libre, dans le cadre de la d\u00e9fense des int\u00e9r\u00eats, de participer sans consultation pr\u00e9alable \u00e0 la publicit\u00e9 concernant une affaire, tout en respectant la vie priv\u00e9e du client. Cette libert\u00e9 subsiste apr\u00e8s la cl\u00f4ture de l&rsquo;affaire, \u00e9tant entendu que cela se fait autant que possible en consultation avec le client. Dans la mesure o\u00f9 la participation \u00e0 la publicit\u00e9 n&rsquo;a pas lieu dans le cadre de la d\u00e9fense des int\u00e9r\u00eats, le cabinet est libre de le faire \u00e0 condition que l&rsquo;int\u00e9r\u00eat du client ne soit pas l\u00e9s\u00e9.  <\/li>\n\n\n\n<li>Le cabinet est libre, si n\u00e9cessaire, d&rsquo;organiser des possibilit\u00e9s de remplacement mutuel pour la repr\u00e9sentation en justice.<\/li>\n\n\n\n<li>Les plaintes du client doivent d&rsquo;abord \u00eatre trait\u00e9es via la proc\u00e9dure interne de plaintes de Weening Strafrechtadvocaten B.V., comme d\u00e9crit \u00e0 l&rsquo;article 5 du r\u00e8glement des plaintes de Weening Strafrechtadvocaten. Ce r\u00e8glement des plaintes est disponible <a href=\"https:\/\/www.strafrechtadvocaten.nl\/info\/klachtenregeling\/\">ici<\/a>. Les plaintes vis\u00e9es \u00e0 l&rsquo;article 1 de ce r\u00e8glement des plaintes du cabinet qui ne sont pas r\u00e9solues apr\u00e8s traitement sont soumises au Tribunal de Limbourg, site de Maastricht, sous r\u00e9serve des dispositions imp\u00e9ratives concernant la comp\u00e9tence. Si le plaignant estime qu&rsquo;un avocat de Weening Strafrechtadvocaten B.V. agit ou a agi en violation des R\u00e8gles de Conduite applicables aux avocats, le plaignant peut, si la proc\u00e9dure d\u00e9crite \u00e0 l&rsquo;article 5 du r\u00e8glement des plaintes n&rsquo;aboutit pas \u00e0 une solution, d\u00e9poser la plainte aupr\u00e8s du B\u00e2tonnier comp\u00e9tent de l&rsquo;Ordre des Avocats.   <\/li>\n\n\n\n<li>La relation juridique entre le cabinet et ses clients est r\u00e9gie par le droit n\u00e9erlandais. Seul le juge n\u00e9erlandais sera comp\u00e9tent pour conna\u00eetre de tout litige pouvant survenir entre le cabinet et un client. <\/li>\n\n\n\n<li>Ces conditions g\u00e9n\u00e9rales s&rsquo;appliquent \u00e9galement aux missions suppl\u00e9mentaires et aux missions cons\u00e9cutives du client.<\/li>\n<\/ol>\n\n<div class=\"wp-block-buttons is-layout-flex wp-block-buttons-is-layout-flex\">\n<div class=\"wp-block-button\"><a class=\"wp-block-button__link wp-element-button\" href=\"https:\/\/www.strafrechtadvocaten.nl\/wp-content\/uploads\/Weening-Strafrechtadvocaten-Algemen-Voorwaarden.pdf\" target=\"_blank\" rel=\"noreferrer noopener\">T\u00e9l\u00e9charger<\/a><\/div>\n<\/div>\n","protected":false},"excerpt":{"rendered":"<p>Dans ces conditions g\u00e9n\u00e9rales, les termes suivants sont utilis\u00e9s dans le sens indiqu\u00e9 ci-apr\u00e8s, sauf indication contraire expresse. Derni\u00e8re mise \u00e0 jour le mercredi 17 novembre 2021.<\/p>\n","protected":false},"author":1,"featured_media":0,"parent":0,"menu_order":0,"comment_status":"closed","ping_status":"closed","template":"","meta":{"footnotes":""},"class_list":["post-6080","page","type-page","status-publish","hentry","temp-simpel"],"_links":{"self":[{"href":"https:\/\/www.strafrechtadvocaten.nl\/fr\/wp-json\/wp\/v2\/pages\/6080","targetHints":{"allow":["GET"]}}],"collection":[{"href":"https:\/\/www.strafrechtadvocaten.nl\/fr\/wp-json\/wp\/v2\/pages"}],"about":[{"href":"https:\/\/www.strafrechtadvocaten.nl\/fr\/wp-json\/wp\/v2\/types\/page"}],"author":[{"embeddable":true,"href":"https:\/\/www.strafrechtadvocaten.nl\/fr\/wp-json\/wp\/v2\/users\/1"}],"replies":[{"embeddable":true,"href":"https:\/\/www.strafrechtadvocaten.nl\/fr\/wp-json\/wp\/v2\/comments?post=6080"}],"version-history":[{"count":1,"href":"https:\/\/www.strafrechtadvocaten.nl\/fr\/wp-json\/wp\/v2\/pages\/6080\/revisions"}],"predecessor-version":[{"id":6081,"href":"https:\/\/www.strafrechtadvocaten.nl\/fr\/wp-json\/wp\/v2\/pages\/6080\/revisions\/6081"}],"wp:attachment":[{"href":"https:\/\/www.strafrechtadvocaten.nl\/fr\/wp-json\/wp\/v2\/media?parent=6080"}],"curies":[{"name":"wp","href":"https:\/\/api.w.org\/{rel}","templated":true}]}}