{"id":6074,"date":"2025-08-14T13:40:22","date_gmt":"2025-08-14T11:40:22","guid":{"rendered":"https:\/\/q1n54kp45c.onrocket.site\/tarifs\/"},"modified":"2026-02-06T13:30:40","modified_gmt":"2026-02-06T12:30:40","slug":"tarifs","status":"publish","type":"page","link":"https:\/\/www.strafrechtadvocaten.nl\/fr\/tarifs\/","title":{"rendered":"Tarifs"},"content":{"rendered":"\t\t<div data-elementor-type=\"wp-page\" data-elementor-id=\"6074\" class=\"elementor elementor-6074 elementor-2846\" data-elementor-post-type=\"page\">\n\t\t\t\t<div class=\"elementor-element elementor-element-95d6098 e-con-full e-flex e-con e-parent\" data-id=\"95d6098\" data-element_type=\"container\" data-e-type=\"container\">\n\t\t<div class=\"elementor-element elementor-element-4a4b0db e-con-full e-flex e-con e-child\" data-id=\"4a4b0db\" data-element_type=\"container\" data-e-type=\"container\">\n\t\t\t\t<div class=\"elementor-element elementor-element-9185969 elementor-widget elementor-widget-heading\" data-id=\"9185969\" data-element_type=\"widget\" data-e-type=\"widget\" data-widget_type=\"heading.default\">\n\t\t\t\t\t<h1 class=\"elementor-heading-title elementor-size-default\">Tarifs<\/h1>\t\t\t\t<\/div>\n\t\t\t\t<div class=\"elementor-element elementor-element-bbbd30c elementor-widget elementor-widget-text-editor\" data-id=\"bbbd30c\" data-element_type=\"widget\" data-e-type=\"widget\" data-widget_type=\"text-editor.default\">\n\t\t\t\t\t\t\t\t\t<p>Nos tarifs d\u00e9pendent de la nature et de l&rsquo;ampleur de l&rsquo;affaire p\u00e9nale. Voici les diff\u00e9rentes possibilit\u00e9s : <\/p>\t\t\t\t\t\t\t\t<\/div>\n\t\t\t\t<div class=\"elementor-element elementor-element-80cb375 elementor-widget elementor-widget-heading\" data-id=\"80cb375\" data-element_type=\"widget\" data-e-type=\"widget\" data-widget_type=\"heading.default\">\n\t\t\t\t\t<h2 class=\"elementor-heading-title elementor-size-default\">Aide juridictionnelle<\/h2>\t\t\t\t<\/div>\n\t\t\t\t<div class=\"elementor-element elementor-element-11642e5 elementor-widget elementor-widget-text-editor\" data-id=\"11642e5\" data-element_type=\"widget\" data-e-type=\"widget\" data-widget_type=\"text-editor.default\">\n\t\t\t\t\t\t\t\t\t<p>Si vos revenus sont inf\u00e9rieurs \u00e0 un certain <a title=\"plafond de ressources\" href=\"https:\/\/www.rechtsbijstand.nl\/over-mediation-en-rechtsbijstand\/hoeveel-moet-ik-zelf-betalen\/inkomensnormen\" target=\"_blank\" rel=\"noopener nofollow\">plafond de revenus<\/a> ou si votre d\u00e9tention provisoire a \u00e9t\u00e9 ordonn\u00e9e, vous pouvez b\u00e9n\u00e9ficier de la d\u00e9signation d&rsquo;un avocat. Dans le langage courant, cette aide juridictionnelle financ\u00e9e est \u00e9galement appel\u00e9e avocat pro deo. Nous vous informons volontiers sur les possibilit\u00e9s.<\/p>\t\t\t\t\t\t\t\t<\/div>\n\t\t\t\t<div class=\"elementor-element elementor-element-a930348 elementor-widget-divider--view-line elementor-widget elementor-widget-divider\" data-id=\"a930348\" data-element_type=\"widget\" data-e-type=\"widget\" data-widget_type=\"divider.default\">\n\t\t\t\t\t\t\t<div class=\"elementor-divider\">\n\t\t\t<span class=\"elementor-divider-separator\">\n\t\t\t\t\t\t<\/span>\n\t\t<\/div>\n\t\t\t\t\t\t<\/div>\n\t\t\t\t<div class=\"elementor-element elementor-element-83426fb elementor-widget elementor-widget-heading\" data-id=\"83426fb\" data-element_type=\"widget\" data-e-type=\"widget\" data-widget_type=\"heading.default\">\n\t\t\t\t\t<h2 class=\"elementor-heading-title elementor-size-default\">Taux horaire<\/h2>\t\t\t\t<\/div>\n\t\t\t\t<div class=\"elementor-element elementor-element-175e19b elementor-widget elementor-widget-text-editor\" data-id=\"175e19b\" data-element_type=\"widget\" data-e-type=\"widget\" data-widget_type=\"text-editor.default\">\n\t\t\t\t\t\t\t\t\t<p>Vous versez (\u00e0 chaque fois) un acompte et la facturation s&rsquo;effectue sur la base d&rsquo;un tarif horaire qui varie en principe entre 200 \u20ac et 500 \u20ac hors TVA.<\/p>\t\t\t\t\t\t\t\t<\/div>\n\t\t\t\t<div class=\"elementor-element elementor-element-f784618 elementor-widget-divider--view-line elementor-widget elementor-widget-divider\" data-id=\"f784618\" data-element_type=\"widget\" data-e-type=\"widget\" data-widget_type=\"divider.default\">\n\t\t\t\t\t\t\t<div class=\"elementor-divider\">\n\t\t\t<span class=\"elementor-divider-separator\">\n\t\t\t\t\t\t<\/span>\n\t\t<\/div>\n\t\t\t\t\t\t<\/div>\n\t\t\t\t<div class=\"elementor-element elementor-element-6d63948 elementor-widget elementor-widget-heading\" data-id=\"6d63948\" data-element_type=\"widget\" data-e-type=\"widget\" data-widget_type=\"heading.default\">\n\t\t\t\t\t<h2 class=\"elementor-heading-title elementor-size-default\">Forfait<\/h2>\t\t\t\t<\/div>\n\t\t\t\t<div class=\"elementor-element elementor-element-9b6efed elementor-widget elementor-widget-text-editor\" data-id=\"9b6efed\" data-element_type=\"widget\" data-e-type=\"widget\" data-widget_type=\"text-editor.default\">\n\t\t\t\t\t\t\t\t\t<p>Vous payez \u00e0 l&rsquo;avance un montant fixe qui couvre tous les travaux. Vous n&rsquo;aurez ainsi aucune incertitude quant au montant final des honoraires dus. Pour une <a title=\"affaire en tribunal de police\" href=\"https:\/\/www.strafrechtadvocaten.nl\/fr\/expertise\/tribunal-de-police\/\">affaire devant le tribunal de police<\/a>, nous appliquons en principe un tarif fixe \u00e0 partir de 1 000 \u20ac hors TVA et hors temps de d\u00e9placement. Pour une <a title=\"affaire p\u00e9nale\" href=\"https:\/\/www.strafzaak.nl\/\" target=\"_blank\" rel=\"noopener\">affaire p\u00e9nale<\/a> devant la <a title=\"chambre correctionnelle coll\u00e9giale\" href=\"https:\/\/www.strafrechtadvocaten.nl\/fr\/expertise\/chambre-correctionnelle-collegiale\/\">chambre p\u00e9nale coll\u00e9giale<\/a>, nous serons heureux de convenir avec vous d&rsquo;un tarif appropri\u00e9.   <\/p>\t\t\t\t\t\t\t\t<\/div>\n\t\t\t\t<div class=\"elementor-element elementor-element-156ed31 elementor-widget-divider--view-line elementor-widget elementor-widget-divider\" data-id=\"156ed31\" data-element_type=\"widget\" data-e-type=\"widget\" data-widget_type=\"divider.default\">\n\t\t\t\t\t\t\t<div class=\"elementor-divider\">\n\t\t\t<span class=\"elementor-divider-separator\">\n\t\t\t\t\t\t<\/span>\n\t\t<\/div>\n\t\t\t\t\t\t<\/div>\n\t\t\t\t<div class=\"elementor-element elementor-element-532e94f elementor-widget elementor-widget-heading\" data-id=\"532e94f\" data-element_type=\"widget\" data-e-type=\"widget\" data-widget_type=\"heading.default\">\n\t\t\t\t\t<h2 class=\"elementor-heading-title elementor-size-default\">Honoraires conditionnels<\/h2>\t\t\t\t<\/div>\n\t\t\t\t<div class=\"elementor-element elementor-element-61de790 elementor-widget elementor-widget-text-editor\" data-id=\"61de790\" data-element_type=\"widget\" data-e-type=\"widget\" data-widget_type=\"text-editor.default\">\n\t\t\t\t\t\t\t\t\t<p>Vous convenez avec l&rsquo;<a href=\"\/advocaten\">avocat<\/a> d&rsquo;honoraires pour un r\u00e9sultat favorable et d&rsquo;honoraires moindres si le r\u00e9sultat devait \u00eatre d\u00e9cevant. Attention : il ne s&rsquo;agit pas d&rsquo;un accord \u00ab no cure, no pay \u00bb.<\/p>\t\t\t\t\t\t\t\t<\/div>\n\t\t\t\t<div class=\"elementor-element elementor-element-2cab353 elementor-widget elementor-widget-button\" data-id=\"2cab353\" data-element_type=\"widget\" data-e-type=\"widget\" data-widget_type=\"button.default\">\n\t\t\t\t\t\t\t\t\t\t<a class=\"elementor-button elementor-button-link elementor-size-sm\" href=\"https:\/\/www.strafrechtadvocaten.nl\/fr\/contact-avocat-penaliste\/\">\n\t\t\t\t\t\t<span class=\"elementor-button-content-wrapper\">\n\t\t\t\t\t\t\t\t\t<span class=\"elementor-button-text\">Nous contacter<\/span>\n\t\t\t\t\t<\/span>\n\t\t\t\t\t<\/a>\n\t\t\t\t\t\t\t\t<\/div>\n\t\t\t\t<\/div>\n\t\t<div class=\"elementor-element elementor-element-f3cf75b e-con-full e-flex e-con e-child\" data-id=\"f3cf75b\" data-element_type=\"container\" data-e-type=\"container\" data-settings=\"{&quot;background_background&quot;:&quot;classic&quot;}\">\n\t\t\t\t<\/div>\n\t\t\t\t<\/div>\n\t\t<div class=\"elementor-element elementor-element-3029722 e-flex e-con-boxed e-con e-parent\" data-id=\"3029722\" data-element_type=\"container\" data-e-type=\"container\" data-settings=\"{&quot;background_background&quot;:&quot;classic&quot;}\">\n\t\t\t\t\t<div class=\"e-con-inner\">\n\t\t\t\t<div class=\"elementor-element elementor-element-50c2f6c elementor-widget-tablet__width-initial elementor-widget elementor-widget-heading\" data-id=\"50c2f6c\" data-element_type=\"widget\" data-e-type=\"widget\" data-widget_type=\"heading.default\">\n\t\t\t\t\t<h3 class=\"elementor-heading-title elementor-size-default\">Nous travaillons \u00e9galement sur la base du High Trust, le principe fondamental de collaboration entre le Conseil et les prestataires d'aide juridique.<\/h3>\t\t\t\t<\/div>\n\t\t\t\t<div class=\"elementor-element elementor-element-61120d7 elementor-widget__width-initial elementor-widget elementor-widget-image\" data-id=\"61120d7\" data-element_type=\"widget\" data-e-type=\"widget\" data-widget_type=\"image.default\">\n\t\t\t\t\t\t\t\t\t\t\t\t\t\t\t\t<a href=\"https:\/\/www.rvr.org\/advocaten\/ingeschreven\/high-trust\/\" target=\"_blank\" rel=\"noopener\">\n\t\t\t\t\t\t\t<img decoding=\"async\" width=\"370\" height=\"100\" src=\"https:\/\/www.strafrechtadvocaten.nl\/wp-content\/uploads\/high-trust-logo.png\" class=\"attachment-large size-large wp-image-4676\" alt=\"\" srcset=\"https:\/\/www.strafrechtadvocaten.nl\/wp-content\/uploads\/high-trust-logo.png 370w, https:\/\/www.strafrechtadvocaten.nl\/wp-content\/uploads\/high-trust-logo-300x81.png 300w\" sizes=\"(max-width: 370px) 100vw, 370px\" \/>\t\t\t\t\t\t\t\t<\/a>\n\t\t\t\t\t\t\t\t\t\t\t\t\t\t\t<\/div>\n\t\t\t\t\t<\/div>\n\t\t\t\t<\/div>\n\t\t\t\t<\/div>\n\t\t","protected":false},"excerpt":{"rendered":"<p>Tarifs Nos tarifs d\u00e9pendent de la nature et de l&rsquo;ampleur de l&rsquo;affaire p\u00e9nale. Voici les diff\u00e9rentes possibilit\u00e9s : Aide juridictionnelle Si vos revenus sont inf\u00e9rieurs \u00e0 un certain plafond de revenus ou si votre d\u00e9tention provisoire a \u00e9t\u00e9 ordonn\u00e9e, vous pouvez b\u00e9n\u00e9ficier de la d\u00e9signation d&rsquo;un avocat. Dans le langage courant, cette aide juridictionnelle financ\u00e9e [&hellip;]<\/p>\n","protected":false},"author":1,"featured_media":0,"parent":0,"menu_order":0,"comment_status":"closed","ping_status":"closed","template":"","meta":{"footnotes":""},"class_list":["post-6074","page","type-page","status-publish","hentry"],"_links":{"self":[{"href":"https:\/\/www.strafrechtadvocaten.nl\/fr\/wp-json\/wp\/v2\/pages\/6074","targetHints":{"allow":["GET"]}}],"collection":[{"href":"https:\/\/www.strafrechtadvocaten.nl\/fr\/wp-json\/wp\/v2\/pages"}],"about":[{"href":"https:\/\/www.strafrechtadvocaten.nl\/fr\/wp-json\/wp\/v2\/types\/page"}],"author":[{"embeddable":true,"href":"https:\/\/www.strafrechtadvocaten.nl\/fr\/wp-json\/wp\/v2\/users\/1"}],"replies":[{"embeddable":true,"href":"https:\/\/www.strafrechtadvocaten.nl\/fr\/wp-json\/wp\/v2\/comments?post=6074"}],"version-history":[{"count":4,"href":"https:\/\/www.strafrechtadvocaten.nl\/fr\/wp-json\/wp\/v2\/pages\/6074\/revisions"}],"predecessor-version":[{"id":8583,"href":"https:\/\/www.strafrechtadvocaten.nl\/fr\/wp-json\/wp\/v2\/pages\/6074\/revisions\/8583"}],"wp:attachment":[{"href":"https:\/\/www.strafrechtadvocaten.nl\/fr\/wp-json\/wp\/v2\/media?parent=6074"}],"curies":[{"name":"wp","href":"https:\/\/api.w.org\/{rel}","templated":true}]}}