{"id":6044,"date":"2025-08-14T13:40:41","date_gmt":"2025-08-14T11:40:41","guid":{"rendered":"https:\/\/q1n54kp45c.onrocket.site\/bureau-de-cassation\/"},"modified":"2025-08-21T16:26:59","modified_gmt":"2025-08-21T14:26:59","slug":"bureau-de-cassation","status":"publish","type":"page","link":"https:\/\/www.strafrechtadvocaten.nl\/fr\/bureau-de-cassation\/","title":{"rendered":"Bureau de cassation"},"content":{"rendered":"\n<p>Faites examiner votre affaire p\u00e9nale de mani\u00e8re critique par notre \u00e9quipe de sp\u00e9cialistes en cassation.<br\/>S&rsquo;il y a une possibilit\u00e9, nous la saisirons !<\/p>\n\n<p>Weening Strafrechtadvocaten est le seul cabinet d&rsquo;avocats aux Pays-Bas disposant d&rsquo;un bureau de cassation : un d\u00e9partement o\u00f9 nos avocats sp\u00e9cialis\u00e9s en cassation traitent les pourvois en cassation devant la Cour supr\u00eame. Nous ne traitons que les affaires de cassation en droit p\u00e9nal. <\/p>\n\n<p>Lorsque vous soumettez votre affaire \u00e0 notre bureau de cassation, elle est examin\u00e9e en profondeur par l&rsquo;un de nos sp\u00e9cialistes. Vous b\u00e9n\u00e9ficiez ainsi d&rsquo;un regard expert, r\u00e9aliste et fiable sur votre dossier. Ensuite, votre affaire sera discut\u00e9e au sein de l&rsquo;\u00e9quipe d&rsquo;avocats en cassation. De cette fa\u00e7on, votre affaire est examin\u00e9e sous plusieurs angles. Si nous estimons que votre affaire se pr\u00eate au d\u00e9p\u00f4t de moyens de cassation, ces moyens seront r\u00e9dig\u00e9s par deux avocats sp\u00e9cialis\u00e9s en cassation. Les deux avocats travailleront ensemble pour obtenir le meilleur r\u00e9sultat possible dans votre affaire.     <\/p>\n\n<p>Lire aussi : <a href=\"https:\/\/www.strafrechtadvocaten.nl\/expertise\/cassatie-bij-de-hoge-raad\/\">Cassation devant la Cour supr\u00eame \u00bb<\/a><\/p>\n\n<p>La particularit\u00e9 du bureau de cassation est que nous examinons, pour un tarif fixe, si votre affaire p\u00e9nale se pr\u00eate au d\u00e9p\u00f4t d&rsquo;un m\u00e9moire en cassation aupr\u00e8s de la Cour supr\u00eame. De plus, les avocats du bureau de cassation se r\u00e9unissent chaque semaine pour discuter des affaires en cours, garantissant ainsi que votre dossier b\u00e9n\u00e9ficie toujours de l&rsquo;attention d&rsquo;une \u00e9quipe compl\u00e8te de sp\u00e9cialistes en cassation. Ils sont \u00e9galement au fait des derniers d\u00e9veloppements en mati\u00e8re de l\u00e9gislation et de jurisprudence. Deux avocats du bureau de cassation sont membres de l&rsquo;association des sp\u00e9cialistes en cassation des Pays-Bas : la <a href=\"https:\/\/www.vcas.nl\/\" target=\"_blank\" rel=\"noreferrer noopener\">VCAS<\/a>. Gr\u00e2ce \u00e0 leurs ann\u00e9es d&rsquo;exp\u00e9rience, nos avocats en cassation ont d\u00e9j\u00e0 d\u00e9pos\u00e9 de nombreux moyens de cassation couronn\u00e9s de succ\u00e8s.    <\/p>\n\n<h2 class=\"wp-block-heading\">Accus\u00e9 ?<\/h2>\n\n<p>Vous n&rsquo;\u00eates pas d&rsquo;accord avec une d\u00e9cision du juge p\u00e9nal et souhaitez former un pourvoi en cassation ? Faites alors appel \u00e0 notre bureau de cassation. Nous examinerons pour vous les possibilit\u00e9s en phase de cassation. Un premier entretien d&rsquo;admission est bien entendu totalement gratuit et sans engagement.   <\/p>\n\n<h2 class=\"wp-block-heading\">\u00c9galement pour les avocats !<\/h2>\n\n<p>Vous \u00eates avocat et vous avez un client qui souhaite former un pourvoi en cassation, mais vous ne traitez pas vous-m\u00eame les affaires de cassation ? Faites alors appel \u00e0 notre bureau de cassation sp\u00e9cialis\u00e9 ! Ils examineront les possibilit\u00e9s en phase de cassation pour votre client. En cas de renvoi devant une instance de fait, vous pourrez bien s\u00fbr reprendre l&rsquo;affaire vous-m\u00eame. Des accords clairs seront conclus \u00e0 l&rsquo;avance avec vous et votre client \u00e0 ce sujet.    <\/p>\n\n<p>Si vous nous renvoyez r\u00e9guli\u00e8rement des affaires p\u00e9nales, il est possible de convenir d&rsquo;un arrangement avantageux pour vous. Pour plus d&rsquo;informations, veuillez contacter <a href=\"https:\/\/www.strafrechtadvocaten.nl\/advocaten\/erik-maessen\/\">Erik Maessen<\/a>. <\/p>\n\n<h2 class=\"wp-block-heading\">Co\u00fbts du bureau de cassation<\/h2>\n\n<p>Bien entendu, notre bureau de cassation assiste les accus\u00e9s sur la base d&rsquo;une commission d&rsquo;office. Dans le langage courant, on parle aussi d&rsquo;aide \u00ab pro deo \u00bb. Si vous y avez droit, vous ne devrez payer qu&rsquo;une contribution personnelle. Les autres frais sont pris en charge par le Conseil de l&rsquo;aide juridictionnelle.   <\/p>\n\n<p>Vous n&rsquo;avez pas droit \u00e0 une commission d&rsquo;office ? Dans ce cas, nous pouvons vous proposer un tarif fixe attractif de 750 \u20ac HT pour les services du bureau de cassation. Pour ce tarif, nous plongeons dans votre dossier p\u00e9nal et examinons toutes les possibilit\u00e9s en phase de cassation. Si, selon notre jugement professionnel, il existe des possibilit\u00e9s de d\u00e9poser des moyens de cassation, nous prendrons contact avec vous. Nous conviendrons alors d&rsquo;un accord tarifaire suppl\u00e9mentaire avec vous, dans lequel le montant d\u00e9j\u00e0 pay\u00e9 de 750 \u20ac sera bien s\u00fbr d\u00e9duit.     <\/p>\n","protected":false},"excerpt":{"rendered":"<p>Faites examiner votre affaire p\u00e9nale de mani\u00e8re critique par notre \u00e9quipe de sp\u00e9cialistes en cassation.S&rsquo;il y a une possibilit\u00e9, nous la saisirons ! Weening Strafrechtadvocaten est le seul cabinet d&rsquo;avocats aux Pays-Bas disposant d&rsquo;un bureau de cassation : un d\u00e9partement o\u00f9 nos avocats sp\u00e9cialis\u00e9s en cassation traitent les pourvois en cassation devant la Cour supr\u00eame. [&hellip;]<\/p>\n","protected":false},"author":1,"featured_media":0,"parent":0,"menu_order":0,"comment_status":"closed","ping_status":"closed","template":"","meta":{"footnotes":""},"class_list":["post-6044","page","type-page","status-publish","hentry","temp-sidebar"],"_links":{"self":[{"href":"https:\/\/www.strafrechtadvocaten.nl\/fr\/wp-json\/wp\/v2\/pages\/6044","targetHints":{"allow":["GET"]}}],"collection":[{"href":"https:\/\/www.strafrechtadvocaten.nl\/fr\/wp-json\/wp\/v2\/pages"}],"about":[{"href":"https:\/\/www.strafrechtadvocaten.nl\/fr\/wp-json\/wp\/v2\/types\/page"}],"author":[{"embeddable":true,"href":"https:\/\/www.strafrechtadvocaten.nl\/fr\/wp-json\/wp\/v2\/users\/1"}],"replies":[{"embeddable":true,"href":"https:\/\/www.strafrechtadvocaten.nl\/fr\/wp-json\/wp\/v2\/comments?post=6044"}],"version-history":[{"count":1,"href":"https:\/\/www.strafrechtadvocaten.nl\/fr\/wp-json\/wp\/v2\/pages\/6044\/revisions"}],"predecessor-version":[{"id":6045,"href":"https:\/\/www.strafrechtadvocaten.nl\/fr\/wp-json\/wp\/v2\/pages\/6044\/revisions\/6045"}],"wp:attachment":[{"href":"https:\/\/www.strafrechtadvocaten.nl\/fr\/wp-json\/wp\/v2\/media?parent=6044"}],"curies":[{"name":"wp","href":"https:\/\/api.w.org\/{rel}","templated":true}]}}