{"id":6012,"date":"2025-08-14T14:04:44","date_gmt":"2025-08-14T12:04:44","guid":{"rendered":"https:\/\/q1n54kp45c.onrocket.site\/declaration-de-confidentialite\/"},"modified":"2025-08-21T16:25:37","modified_gmt":"2025-08-21T14:25:37","slug":"declaration-de-confidentialite","status":"publish","type":"page","link":"https:\/\/www.strafrechtadvocaten.nl\/fr\/declaration-de-confidentialite\/","title":{"rendered":"D\u00e9claration de confidentialit\u00e9"},"content":{"rendered":"\n<p>Weening Strafrechtadvocaten B.V. (ci-apr\u00e8s d\u00e9nomm\u00e9e \u00ab Weening Strafrechtadvocaten \u00bb) est responsable du traitement des donn\u00e9es personnelles tel que d\u00e9crit dans cette d\u00e9claration de confidentialit\u00e9. Weening Strafrechtadvocaten respecte votre vie priv\u00e9e et s&rsquo;assure que vous pouvez lui confier vos donn\u00e9es personnelles. Dans cette d\u00e9claration de confidentialit\u00e9, nous vous en informons.  <\/p>\n\n<p>Lors de vos contacts avec Weening Strafrechtadvocaten, vos donn\u00e9es sont collect\u00e9es et trait\u00e9es. Ces donn\u00e9es permettent de vous identifier en tant que personne. C&rsquo;est pourquoi ce sont des \u00ab donn\u00e9es personnelles \u00bb. Vous trouverez ci-dessous toutes les informations sur les donn\u00e9es personnelles que Weening Strafrechtadvocaten traite et comment elle les g\u00e8re de mani\u00e8re appropri\u00e9e.   <\/p>\n\n<p>En utilisant le site web (mobile), l&rsquo;application et les autres produits et services de Weening Strafrechtadvocaten, vous acceptez que cette d\u00e9claration de confidentialit\u00e9 s&rsquo;applique aux donn\u00e9es personnelles trait\u00e9es par Weening Strafrechtadvocaten.<\/p>\n\n<h2 class=\"wp-block-heading\">1. Applicabilit\u00e9<\/h2>\n\n<p>Cette d\u00e9claration de confidentialit\u00e9 s&rsquo;applique \u00e0 toutes les personnes dont Weening Strafrechtadvocaten traite les donn\u00e9es personnelles, \u00e0 l&rsquo;exception des personnes employ\u00e9es par Weening Strafrechtadvocaten.<\/p>\n\n<p>Cette d\u00e9claration de confidentialit\u00e9 s&rsquo;applique \u00e0 :<\/p>\n\n<ul class=\"wp-block-list\">\n<li>Les clients de Weening Strafrechtadvocaten ;<\/li>\n\n\n\n<li>Les clients potentiels avec lesquels Weening Strafrechtadvocaten a \u00e9tabli ou souhaite \u00e9tablir un contact ;<\/li>\n\n\n\n<li>Les visiteurs du site web de Weening Strafrechtadvocaten ;<\/li>\n\n\n\n<li>Les destinataires des newsletters et des e-mails commerciaux de Weening Strafrechtadvocaten ;<\/li>\n\n\n\n<li>Toutes les autres personnes qui contactent Weening Strafrechtadvocaten ou dont Weening Strafrechtadvocaten traite les donn\u00e9es personnelles.<\/li>\n<\/ul>\n\n<p>Cette d\u00e9claration de confidentialit\u00e9 ne s&rsquo;applique pas aux partenaires, employ\u00e9s, int\u00e9rimaires, stagiaires \u00e9tudiants et candidats.<\/p>\n\n<h2 class=\"wp-block-heading\">2. Donn\u00e9es personnelles en possession de Weening Strafrechtadvocaten<\/h2>\n\n<p>Les donn\u00e9es suivantes peuvent \u00eatre collect\u00e9es et trait\u00e9es de diff\u00e9rentes mani\u00e8res par Weening Strafrechtadvocaten.<\/p>\n\n<h3 class=\"wp-block-heading\">2.1. Donn\u00e9es que vous fournissez directement \u00e0 Weening Strafrechtadvocaten<\/h3>\n\n<ul class=\"wp-block-list\">\n<li>Informations d&rsquo;identification et de contact : nom, pr\u00e9nom, adresse et lieu de r\u00e9sidence, adresse e-mail, num\u00e9ro de t\u00e9l\u00e9phone, sexe, date de naissance, lieu de naissance et adresse IP ;<\/li>\n\n\n\n<li>Informations financi\u00e8res : num\u00e9ro de compte bancaire, code BIC, nom du titulaire du compte, etc. ;<\/li>\n\n\n\n<li>Plaintes ou retours concernant votre exp\u00e9rience avec Weening Strafrechtadvocaten, commentaires, suggestions, t\u00e9moignages et tout autre retour ;<\/li>\n\n\n\n<li>Autres donn\u00e9es que vous \u00e9changez, communiquez et partagez via le site web (mobile), l&rsquo;application et autres de Weening Strafrechtadvocaten.<\/li>\n<\/ul>\n\n<h3 class=\"wp-block-heading\">2.2. Donn\u00e9es que vous fournissez en utilisant le site web (mobile) ou l&rsquo;application<\/h3>\n\n<p>Lorsque vous utilisez le site web (mobile) ou l&rsquo;application de Weening Strafrechtadvocaten, les informations suivantes peuvent \u00eatre trait\u00e9es : pages visit\u00e9es, recherches et adresse IP au moyen de cookies et donn\u00e9es que vous saisissez vous-m\u00eame sur le site web ou dans l&rsquo;application.<\/p>\n\n<h3 class=\"wp-block-heading\">2.3. Donn\u00e9es provenant d&rsquo;autres sources<\/h3>\n\n<p>Weening Strafrechtadvocaten peut \u00e9galement collecter et traiter des donn\u00e9es via d&rsquo;autres sources, notamment l&rsquo;achat ou la location de donn\u00e9es collect\u00e9es par des fournisseurs sp\u00e9cialis\u00e9s, des partenaires de Weening Strafrechtadvocaten, des sources publiques, des m\u00e9dias sociaux, etc. L&rsquo;utilisation des r\u00e9seaux sociaux sera soumise aux r\u00e8gles et param\u00e8tres de pr\u00e9f\u00e9rence de ces fournisseurs, tant pour vous que pour Weening Strafrechtadvocaten. <\/p>\n\n<p>Notre site web peut contenir des liens vers d&rsquo;autres sites web. Ces sites web peuvent ne pas \u00eatre g\u00e9r\u00e9s par Weening Strafrechtadvocaten et peuvent avoir leur propre d\u00e9claration ou politique de confidentialit\u00e9. Weening Strafrechtadvocaten vous recommande vivement de les lire et ne peut assumer aucune responsabilit\u00e9 pour ces sites web tiers.  <\/p>\n\n<h3 class=\"wp-block-heading\">2.4. Donn\u00e9es personnelles particuli\u00e8res et\/ou sensibles trait\u00e9es par Weening Strafrechtadvocaten<\/h3>\n\n<p>Weening Strafrechtadvocaten traite les donn\u00e9es personnelles particuli\u00e8res et\/ou sensibles suivantes vous concernant :<\/p>\n\n<ul class=\"wp-block-list\">\n<li>Num\u00e9ro d&rsquo;identification nationale (BSN) ;<\/li>\n\n\n\n<li>Sant\u00e9 (le cas \u00e9ch\u00e9ant, si pertinent pour la d\u00e9fense de vos int\u00e9r\u00eats) ;<\/li>\n\n\n\n<li>Donn\u00e9es des personnes de moins de 16 ans (le cas \u00e9ch\u00e9ant, si pertinent pour la d\u00e9fense de vos int\u00e9r\u00eats) ;<\/li>\n\n\n\n<li>Diverses donn\u00e9es financi\u00e8res et fiscales (le cas \u00e9ch\u00e9ant, si pertinent pour la d\u00e9fense de vos int\u00e9r\u00eats) ;<\/li>\n\n\n\n<li>Documentation p\u00e9nale (le cas \u00e9ch\u00e9ant, si pertinent pour la d\u00e9fense de vos int\u00e9r\u00eats).<\/li>\n<\/ul>\n\n<h2 class=\"wp-block-heading\">3. Dans quel but et sur quelle base juridique Weening Strafrechtadvocaten traite les donn\u00e9es personnelles<\/h2>\n\n<p>Il est possible de d\u00e9poser une plainte contre la d\u00e9cision de r\u00e9tention du permis de conduire aupr\u00e8s du tribunal. Cette plainte demande la restitution du permis de conduire jusqu&rsquo;\u00e0 l&rsquo;audience sur le fond de votre affaire. Le juge examinera cette plainte lors de l&rsquo;audience. Vous et votre <a href=\"https:\/\/www.strafrechtadvocaten.nl\/advocaten\/\">avocat<\/a> aurez \u00e9galement la possibilit\u00e9 d&rsquo;expliquer votre position, par exemple pourquoi vous avez besoin de votre permis de conduire pour votre travail. Le juge prend une d\u00e9cision imm\u00e9diate. En contactant rapidement un avocat, la plainte peut \u00eatre d\u00e9pos\u00e9e rapidement et le juge peut prendre rapidement une d\u00e9cision sur votre affaire.     <\/p>\n\n<p>Les donn\u00e9es personnelles sont trait\u00e9es par Weening Strafrechtadvocaten aux fins suivantes :<\/p>\n\n<ul class=\"wp-block-list\">\n<li>L&rsquo;ex\u00e9cution d&rsquo;un contrat dans lequel vous nous avez mandat\u00e9s pour fournir des services juridiques par nos avocats. Si vous confiez une affaire \u00e0 un avocat, vos coordonn\u00e9es seront au minimum demand\u00e9es. D&rsquo;autres donn\u00e9es personnelles peuvent \u00e9galement \u00eatre n\u00e9cessaires pour le traitement de l&rsquo;affaire, selon sa nature ;  <\/li>\n\n\n\n<li>Le traitement de votre paiement ;<\/li>\n\n\n\n<li>Le recouvrement des fonds et la prise de mesures de recouvrement ;<\/li>\n\n\n\n<li>Le respect des obligations l\u00e9gales. La loi sur la pr\u00e9vention du blanchiment d&rsquo;argent et du financement du terrorisme (WWFT) oblige les avocats \u00e0 recueillir et \u00e0 conserver certaines informations. Cela comprend notamment une copie d&rsquo;une pi\u00e8ce d&rsquo;identit\u00e9 (passeport) ;  <\/li>\n\n\n\n<li>Le maintien du contact avec vous. Vos coordonn\u00e9es sont conserv\u00e9es dans notre syst\u00e8me client et peuvent \u00eatre utilis\u00e9es notamment pour l&rsquo;envoi de newsletters, de mises \u00e0 jour, d&rsquo;invitations \u00e0 des \u00e9v\u00e9nements et s\u00e9minaires, et l&rsquo;envoi d&rsquo;informations que vous nous avez demand\u00e9es ; <\/li>\n\n\n\n<li>L&rsquo;am\u00e9lioration continue, la maintenance et l&rsquo;optimisation de nos services, site web (mobile), application et leur s\u00e9curit\u00e9, ainsi que l&rsquo;optimisation des strat\u00e9gies g\u00e9n\u00e9rales, commerciales et marketing de Weening Strafrechtadvocaten ;<\/li>\n\n\n\n<li>D&rsquo;autres fins sp\u00e9cifiques pour lesquelles un consentement distinct peut \u00eatre demand\u00e9.<\/li>\n<\/ul>\n\n<h3 class=\"wp-block-heading\">3.1. Analyse des donn\u00e9es<\/h3>\n\n<p>Nous consid\u00e9rons qu&rsquo;il est important de vous approcher avec des informations pertinentes pour vous. Pour rendre cela possible, nous combinons et analysons les donn\u00e9es personnelles dont nous disposons. Sur cette base, nous d\u00e9terminons quelles informations et quels canaux sont pertinents et quels moments sont les plus appropri\u00e9s pour fournir des informations ou \u00e9tablir un contact. Dans les actions marketing, nous ne traitons pas de donn\u00e9es personnelles particuli\u00e8res ni d&rsquo;informations confidentielles prot\u00e9g\u00e9es par le secret professionnel des avocats. Si nous souhaitons cr\u00e9er un profil client personnel et individuel pour vous, nous demanderons votre consentement pr\u00e9alable. Si vous souhaitez retirer ce consentement ult\u00e9rieurement, c&rsquo;est toujours possible.     <\/p>\n\n<h3 class=\"wp-block-heading\">3.2. Nous analysons les donn\u00e9es suivantes :<\/h3>\n\n<ul class=\"wp-block-list\">\n<li>Donn\u00e9es d&rsquo;interaction : Donn\u00e9es personnelles obtenues des contacts entre Weening Strafrechtadvocaten et vous. Par exemple, concernant votre utilisation de notre site web ou des applications prises en charge. Cela s&rsquo;applique \u00e9galement aux interactions hors ligne, comme la fr\u00e9quence des contacts entre Weening Strafrechtadvocaten et vous ;  <\/li>\n\n\n\n<li>La r\u00e9alisation et l&rsquo;analyse d&rsquo;enqu\u00eates de satisfaction client : nous demandons parfois aux clients de participer \u00e0 une enqu\u00eate de satisfaction client. Cela se fait au moyen d&rsquo;un questionnaire en ligne. La participation est volontaire.  <\/li>\n\n\n\n<li>Donn\u00e9es comportementales : Donn\u00e9es personnelles que Weening Strafrechtadvocaten traite concernant votre comportement, comme vos opinions, souhaits, pr\u00e9f\u00e9rences et besoins. Nous pouvons d\u00e9duire ces informations, par exemple, de votre comportement de navigation sur notre site web, de la lecture de nos newsletters ou de demandes d&rsquo;informations, mais aussi des conversations t\u00e9l\u00e9phoniques et des contacts par e-mail avec nos employ\u00e9s. Les informations obtenues via les cookies de suivi ne sont collect\u00e9es et utilis\u00e9es qu&rsquo;avec votre consentement, que vous pouvez toujours retirer. Voir aussi notre d\u00e9claration sur les cookies ;   <\/li>\n\n\n\n<li>La cr\u00e9ation de statistiques d&rsquo;utilisation : les statistiques d&rsquo;utilisation du site web nous permettent d&rsquo;avoir une image notamment du nombre de visiteurs, de la dur\u00e9e de la visite, des parties du site web consult\u00e9es et du comportement de clic. Nous utilisons les informations obtenues pour am\u00e9liorer le site web. <\/li>\n<\/ul>\n\n<h2 class=\"wp-block-heading\">4. Base juridique du traitement<\/h2>\n\n<p>Weening Strafrechtadvocaten traite les donn\u00e9es personnelles sur la base de l&rsquo;un des fondements juridiques suivants :<\/p>\n\n<ul class=\"wp-block-list\">\n<li>Consentement : votre consentement explicite pour le traitement de vos donn\u00e9es personnelles \u00e0 une ou plusieurs fins sp\u00e9cifiques. Si les donn\u00e9es personnelles sont trait\u00e9es sur la base du consentement, nous vous le demanderons s\u00e9par\u00e9ment. Si vous ne donnez pas ce consentement, cela peut signifier que nous ne pourrons pas d\u00e9fendre vos int\u00e9r\u00eats, ou pas de mani\u00e8re ad\u00e9quate ;  <\/li>\n\n\n\n<li>Contrat : sur la base d&rsquo;un contrat ou en vue de la conclusion d&rsquo;un contrat ;<\/li>\n\n\n\n<li>Obligation l\u00e9gale ;<\/li>\n\n\n\n<li>Int\u00e9r\u00eat l\u00e9gitime :\n<ul class=\"wp-block-list\">\n<li>Porter \u00e0 votre attention les actualit\u00e9s et \u00e9v\u00e9nements de notre cabinet (s&rsquo;il existe une relation client existante) ;<\/li>\n\n\n\n<li>La protection de nos int\u00e9r\u00eats financiers ;<\/li>\n\n\n\n<li>L&rsquo;am\u00e9lioration de nos services ;<\/li>\n\n\n\n<li>La s\u00e9curit\u00e9 et la gestion de nos syst\u00e8mes.<\/li>\n<\/ul>\n<\/li>\n<\/ul>\n\n<h2 class=\"wp-block-heading\">5. Conservation des donn\u00e9es<\/h2>\n\n<p>Weening Strafrechtadvocaten ne conservera pas vos donn\u00e9es plus longtemps que n\u00e9cessaire pour leur traitement, en tenant compte des obligations contractuelles et l\u00e9gales. Si vous \u00eates client du cabinet, nous conservons votre dossier pendant 15 ans. Ceci &#8211; entre autres &#8211; pour satisfaire \u00e0 notre obligation de conservation fiscale et aux <a href=\"https:\/\/www.strafrechtadvocaten.nl\/expertise\/herziening-bij-de-hoge-raad\/\">r\u00e9visions<\/a>. Apr\u00e8s cela, votre <a href=\"https:\/\/www.strafrechtadvocaten.nl\/mijn-dossier\/\">dossier<\/a> est d\u00e9truit. Si vous avez contact\u00e9 le cabinet mais n&rsquo;\u00eates pas devenu client, nous conservons vos donn\u00e9es pendant maximum 12 mois.    <\/p>\n\n<h2 class=\"wp-block-heading\">6. Sous-traitants<\/h2>\n\n<p>Weening Strafrechtadvocaten peut faire appel \u00e0 des prestataires de services (sous-traitants) pour le traitement de vos donn\u00e9es personnelles qui traitent exclusivement les donn\u00e9es personnelles sur notre ordre. Nous concluons avec ces sous-traitants un accord de traitement qui r\u00e9pond aux exigences du R\u00e8glement G\u00e9n\u00e9ral sur la Protection des Donn\u00e9es (RGPD). <\/p>\n\n<p>Nous travaillons par exemple avec des prestataires de services informatiques qui nous aident \u00e0 maintenir nos syst\u00e8mes s\u00fbrs et stables. Ce sont des exemples de parties qui peuvent \u00eatre consid\u00e9r\u00e9es comme des sous-traitants au sens du R\u00e8glement G\u00e9n\u00e9ral sur la Protection des Donn\u00e9es (RGPD). <\/p>\n\n<h2 class=\"wp-block-heading\">7. Partage des donn\u00e9es personnelles avec des tiers<\/h2>\n\n<p>Vos donn\u00e9es personnelles ne sont divulgu\u00e9es que conform\u00e9ment \u00e0 cette d\u00e9claration de confidentialit\u00e9 et\/ou si la loi l&rsquo;exige et\/ou en vertu d&rsquo;une d\u00e9cision de justice. Weening Strafrechtadvocaten s&rsquo;efforcera raisonnablement de vous en informer \u00e0 l&rsquo;avance, sauf si cela est soumis \u00e0 des restrictions l\u00e9gales. <\/p>\n\n<p>Enfin, les donn\u00e9es personnelles peuvent \u00e9galement \u00eatre anonymis\u00e9es et partag\u00e9es avec des tiers. Dans ce cas, vous ne pourrez jamais \u00eatre identifi\u00e9 \u00e0 partir de ces donn\u00e9es anonymis\u00e9es. <\/p>\n\n<h2 class=\"wp-block-heading\">8. Transfert hors de l&rsquo;EEE (Espace \u00c9conomique Europ\u00e9en)<\/h2>\n\n<p>Il peut parfois \u00eatre n\u00e9cessaire de transf\u00e9rer vos donn\u00e9es personnelles \u00e0 des parties \u00e9tablies en dehors de l&rsquo;Espace \u00c9conomique Europ\u00e9en (EEE). Cela peut \u00eatre &#8211; selon les circonstances du cas &#8211; n\u00e9cessaire pour le traitement de votre dossier par un avocat, un notaire ou un fiscaliste. <\/p>\n\n<h2 class=\"wp-block-heading\">9. Vos droits<\/h2>\n\n<p>Toute personne peut, sur la base de la loi, exercer certains droits concernant ses donn\u00e9es personnelles. Vous avez le droit d&rsquo;acc\u00e8s, de rectification et de suppression des donn\u00e9es personnelles. Vous pouvez \u00e9galement vous opposer \u00e0 l&rsquo;utilisation de vos donn\u00e9es ou demander d&rsquo;en limiter l&rsquo;utilisation. Dans certains cas, vous pouvez m\u00eame demander vos donn\u00e9es et les transf\u00e9rer \u00e0 une autre partie. Pour toutes ces questions, contactez-nous au 088 933 6464 ou \u00e0 info@weening.net.    <\/p>\n\n<p>Pour nous assurer que la demande d&rsquo;acc\u00e8s est faite par vous, nous vous demandons d&rsquo;envoyer une copie de votre pi\u00e8ce d&rsquo;identit\u00e9 avec la demande. Dans cette copie, masquez votre photo, la MRZ (zone de lecture automatique, la bande avec les num\u00e9ros au bas du passeport), le num\u00e9ro de passeport et le num\u00e9ro d&rsquo;identification nationale (BSN). Ceci pour prot\u00e9ger votre vie priv\u00e9e. Nous r\u00e9pondrons \u00e0 votre demande le plus rapidement possible, mais dans un d\u00e9lai de quatre semaines.   <\/p>\n\n<p>Vous avez \u00e9galement le droit de d\u00e9poser une plainte aupr\u00e8s de l&rsquo;autorit\u00e9 de contr\u00f4le : Autoriteit Persoonsgegevens, Bezuidenhoutseweg 30, 2594 AV La Haye, T\u00e9l : 0900 &#8211; 2001 201.<\/p>\n\n<h2 class=\"wp-block-heading\">10. S\u00e9curit\u00e9 des donn\u00e9es<\/h2>\n\n<p>Pour prot\u00e9ger vos donn\u00e9es personnelles de la meilleure fa\u00e7on possible, Weening Strafrechtadvocaten prend toutes les mesures raisonnables pour pr\u00e9venir la perte, l&rsquo;utilisation abusive, la divulgation, l&rsquo;acc\u00e8s non autoris\u00e9 ou la modification des donn\u00e9es personnelles. Des mesures n\u00e9cessaires sont prises tant sur le plan technique qu&rsquo;organisationnel pour assurer un niveau de s\u00e9curit\u00e9 suffisant. <\/p>\n\n<h2 class=\"wp-block-heading\">11. Mineurs (enfants de moins de 16 ans)<\/h2>\n\n<p>Weening Strafrechtadvocaten ne collecte ou ne traite jamais sciemment les donn\u00e9es personnelles de mineurs sans le consentement d&rsquo;un parent ou tuteur, qui doit \u00eatre donn\u00e9 pour utiliser le site web (mobile), l&rsquo;application, etc. de Weening Strafrechtadvocaten et pour exercer ensuite les droits concernant les donn\u00e9es du mineur.<\/p>\n\n<p>Si des donn\u00e9es personnelles de mineurs devaient \u00eatre trait\u00e9es de bonne foi, Weening Strafrechtadvocaten les supprimera de ses fichiers d\u00e8s qu&rsquo;elle en aura connaissance.<\/p>\n\n<h2 class=\"wp-block-heading\">12. Prise de d\u00e9cision automatis\u00e9e<\/h2>\n\n<p>Weening Strafrechtadvocaten ne prend pas de d\u00e9cisions sur la base de traitements automatis\u00e9s sur des questions pouvant avoir des cons\u00e9quences (importantes) pour les personnes. Il s&rsquo;agit de d\u00e9cisions prises par des programmes ou syst\u00e8mes informatiques, sans qu&rsquo;une personne (par exemple, un employ\u00e9 de Weening Strafrechtadvocaten) n&rsquo;intervienne. <\/p>\n\n<p>Si, apr\u00e8s avoir lu cette d\u00e9claration de confidentialit\u00e9, vous avez encore des questions sur la mani\u00e8re dont Weening Strafrechtadvocaten traite les donn\u00e9es personnelles, si vous souhaitez exercer vos droits mentionn\u00e9s dans cette d\u00e9claration de confidentialit\u00e9 en vertu du R\u00e8glement G\u00e9n\u00e9ral sur la Protection des Donn\u00e9es (RGPD) ou d&rsquo;autres lois et r\u00e9glementations sur les donn\u00e9es personnelles, ou si vous souhaitez d\u00e9poser une plainte concernant l&rsquo;utilisation de vos donn\u00e9es personnelles, vous pouvez nous contacter via les <a href=\"https:\/\/www.strafrechtadvocaten.nl\/contact-strafrechtadvocaat\/\">coordonn\u00e9es<\/a> ci-dessous :<\/p>\n\n<h2 class=\"wp-block-heading\">13. Coordonn\u00e9es<\/h2>\n\n<p><strong>Weening Strafrechtadvocaten B.V.<\/strong><br\/>Wilhelminasingel 97, 6221 BH Maastricht<br\/>info@weening.net<br\/>088 933 6464<br\/>www.strafrechtadvocaten.nl<\/p>\n\n<p>Weening Strafrechtadvocaten se r\u00e9serve le droit de modifier cette d\u00e9claration de confidentialit\u00e9 \u00e0 tout moment. La version applicable peut toujours \u00eatre consult\u00e9e sur le site web de Weening Strafrechtadvocaten. <\/p>\n","protected":false},"excerpt":{"rendered":"<p>Weening Strafrechtadvocaten B.V. (ci-apr\u00e8s d\u00e9nomm\u00e9e \u00ab Weening Strafrechtadvocaten \u00bb) est responsable du traitement des donn\u00e9es personnelles tel que d\u00e9crit dans cette d\u00e9claration de confidentialit\u00e9. Weening Strafrechtadvocaten respecte votre vie priv\u00e9e et s&rsquo;assure que vous pouvez lui confier vos donn\u00e9es personnelles. Dans cette d\u00e9claration de confidentialit\u00e9, nous vous en informons. Lors de vos contacts avec Weening [&hellip;]<\/p>\n","protected":false},"author":1,"featured_media":0,"parent":0,"menu_order":0,"comment_status":"closed","ping_status":"closed","template":"","meta":{"footnotes":""},"class_list":["post-6012","page","type-page","status-publish","hentry","temp-simpel"],"_links":{"self":[{"href":"https:\/\/www.strafrechtadvocaten.nl\/fr\/wp-json\/wp\/v2\/pages\/6012","targetHints":{"allow":["GET"]}}],"collection":[{"href":"https:\/\/www.strafrechtadvocaten.nl\/fr\/wp-json\/wp\/v2\/pages"}],"about":[{"href":"https:\/\/www.strafrechtadvocaten.nl\/fr\/wp-json\/wp\/v2\/types\/page"}],"author":[{"embeddable":true,"href":"https:\/\/www.strafrechtadvocaten.nl\/fr\/wp-json\/wp\/v2\/users\/1"}],"replies":[{"embeddable":true,"href":"https:\/\/www.strafrechtadvocaten.nl\/fr\/wp-json\/wp\/v2\/comments?post=6012"}],"version-history":[{"count":1,"href":"https:\/\/www.strafrechtadvocaten.nl\/fr\/wp-json\/wp\/v2\/pages\/6012\/revisions"}],"predecessor-version":[{"id":6013,"href":"https:\/\/www.strafrechtadvocaten.nl\/fr\/wp-json\/wp\/v2\/pages\/6012\/revisions\/6013"}],"wp:attachment":[{"href":"https:\/\/www.strafrechtadvocaten.nl\/fr\/wp-json\/wp\/v2\/media?parent=6012"}],"curies":[{"name":"wp","href":"https:\/\/api.w.org\/{rel}","templated":true}]}}