{"id":6117,"date":"2025-08-14T13:34:13","date_gmt":"2025-08-14T11:34:13","guid":{"rendered":"https:\/\/q1n54kp45c.onrocket.site\/vacante-de-derecho-penal\/"},"modified":"2025-08-21T16:29:19","modified_gmt":"2025-08-21T14:29:19","slug":"vacante-de-derecho-penal","status":"publish","type":"page","link":"https:\/\/www.strafrechtadvocaten.nl\/es\/vacante-de-derecho-penal\/","title":{"rendered":"Vacante de Derecho Penal"},"content":{"rendered":"\n<p>Weening Strafrechtadvocaten siempre est\u00e1 buscando abogados penales experimentados y motivados que quieran unirse a nuestro equipo. Si posee cualidades excepcionales, puede ponerse en <a href=\"https:\/\/www.strafrechtadvocaten.nl\/contact-strafrechtadvocaat\/\">contacto<\/a> con nosotros. <\/p>\n\n<div class=\"wp-block-buttons is-layout-flex wp-block-buttons-is-layout-flex\">\n<div class=\"wp-block-button\"><a class=\"wp-block-button__link wp-element-button\" href=\"mailto:weening@weening.net?subject=Vacature: Strafrechtadvocaat\" target=\"_blank\" rel=\"noreferrer noopener\">Solicitar<\/a><\/div>\n<\/div>\n\n<h2 class=\"wp-block-heading\">Vacante de abogado penalista<\/h2>\n\n<p>Para nuestra pr\u00e1ctica nacional, con sedes en Maastricht y Utrecht, buscamos abogados penales flexibles, motivados y jur\u00eddicamente s\u00f3lidos, preferiblemente con una mentalidad comercial.<\/p>\n\n<p>\u00bfQui\u00e9nes somos? Diferentes personalidades, un equipo, \u00a1una pasi\u00f3n! <\/p>\n\n<ul class=\"wp-block-list\">\n<li>Somos un equipo cohesionado y colegiado formado por abogados penales y asistentes jur\u00eddicos, con el apoyo de secretarias experimentadas y motivadas;<\/li>\n\n\n\n<li>Nuestro equipo est\u00e1 formado por compa\u00f1eros expertos con los que intercambiar ideas. Durante la reuni\u00f3n semanal de la oficina, discutimos casos y jurisprudencia, todo con el objetivo de elevarnos mutuamente a un nivel superior; <\/li>\n\n\n\n<li>Adem\u00e1s, encaja que ofrezcamos la posibilidad de una especializaci\u00f3n espec\u00edfica dentro del derecho penal;<\/li>\n\n\n\n<li>Adem\u00e1s, somos una oficina de formaci\u00f3n, lo que significa que estamos constantemente buscando j\u00f3venes talentos que quieran sacar lo mejor de s\u00ed mismos;<\/li>\n\n\n\n<li>Tambi\u00e9n compartimos nuestros conocimientos fuera de la oficina impartiendo cursos muy concurridos para abogados;<\/li>\n\n\n\n<li>Todo el mundo tiene la oportunidad de participar en casos interesantes y llamativos;<\/li>\n\n\n\n<li>Para poder trabajar a un alto nivel, disponemos de las mejores instalaciones, incluido un entorno de trabajo totalmente digital y acceso digital a la literatura y jurisprudencia m\u00e1s importantes;<\/li>\n\n\n\n<li>Nuestros abogados trabajan como empleados con un interesante sistema de bonificaci\u00f3n relacionado con la facturaci\u00f3n. Adem\u00e1s, todos los abogados tienen un plan de pensiones; <\/li>\n\n\n\n<li>Para poder rendir de forma \u00f3ptima dentro del derecho penal, nos esforzamos por conseguir un buen equilibrio entre la vida laboral y personal.<\/li>\n\n\n\n<li>Como creemos en el poder del equipo, invertimos en el esp\u00edritu de equipo a trav\u00e9s de actividades conjuntas. Adem\u00e1s de la tradicional copa de los viernes por la tarde y una barbacoa anual, asistimos a eventos agradables y organizamos divertidas excursiones de oficina (en el extranjero). Pero tambi\u00e9n los d\u00edas de reflexi\u00f3n para profundizar juntos nos hacen ser quienes somos.  <\/li>\n<\/ul>\n\n<p><strong>\u00a1Somos Weening Strafrechtadvocaten!<\/strong><\/p>\n\n<div class=\"wp-block-buttons is-layout-flex wp-block-buttons-is-layout-flex\">\n<div class=\"wp-block-button\"><a class=\"wp-block-button__link wp-element-button\" href=\"mailto:weening@weening.net?subject=Vacature: Strafrechtadvocaat\" target=\"_blank\" rel=\"noreferrer noopener\">Solicitar<\/a><\/div>\n<\/div>\n\n<h2 class=\"wp-block-heading\">Vacante de estudiante en pr\u00e1cticas de derecho penal<\/h2>\n\n<p>Para los estudiantes excelentes que cursan el m\u00e1ster en derecho penal, existen posibilidades de realizar pr\u00e1cticas en nuestra oficina.<\/p>\n\n<h2 class=\"wp-block-heading\">Solicitar<\/h2>\n\n<p>Si desea solicitar una de las funciones descritas, env\u00ede su carta de motivaci\u00f3n con su CV a: <a href=\"mailto:weening@weening.net\" target=\"_blank\" rel=\"noreferrer noopener\">weening@weening.net<\/a> a la atenci\u00f3n de Serge Weening.<\/p>\n\n<div class=\"wp-block-buttons is-layout-flex wp-block-buttons-is-layout-flex\">\n<div class=\"wp-block-button\"><a class=\"wp-block-button__link wp-element-button\" href=\"https:\/\/www.strafrechtadvocaten.nl\/es\/abogados\/serge-weening\/\" target=\"_blank\" rel=\"noreferrer noopener\">Perfil de Serge Weening<\/a><\/div>\n<\/div>\n","protected":false},"excerpt":{"rendered":"<p>Weening Strafrechtadvocaten siempre est\u00e1 buscando abogados penales experimentados y motivados que quieran unirse a nuestro equipo. Si posee cualidades excepcionales, puede ponerse en contacto con nosotros. Vacante de abogado penalista Para nuestra pr\u00e1ctica nacional, con sedes en Maastricht y Utrecht, buscamos abogados penales flexibles, motivados y jur\u00eddicamente s\u00f3lidos, preferiblemente con una mentalidad comercial. \u00bfQui\u00e9nes somos? [&hellip;]<\/p>\n","protected":false},"author":1,"featured_media":0,"parent":0,"menu_order":0,"comment_status":"closed","ping_status":"closed","template":"","meta":{"footnotes":""},"class_list":["post-6117","page","type-page","status-publish","hentry","temp-simpel"],"_links":{"self":[{"href":"https:\/\/www.strafrechtadvocaten.nl\/es\/wp-json\/wp\/v2\/pages\/6117","targetHints":{"allow":["GET"]}}],"collection":[{"href":"https:\/\/www.strafrechtadvocaten.nl\/es\/wp-json\/wp\/v2\/pages"}],"about":[{"href":"https:\/\/www.strafrechtadvocaten.nl\/es\/wp-json\/wp\/v2\/types\/page"}],"author":[{"embeddable":true,"href":"https:\/\/www.strafrechtadvocaten.nl\/es\/wp-json\/wp\/v2\/users\/1"}],"replies":[{"embeddable":true,"href":"https:\/\/www.strafrechtadvocaten.nl\/es\/wp-json\/wp\/v2\/comments?post=6117"}],"version-history":[{"count":1,"href":"https:\/\/www.strafrechtadvocaten.nl\/es\/wp-json\/wp\/v2\/pages\/6117\/revisions"}],"predecessor-version":[{"id":6118,"href":"https:\/\/www.strafrechtadvocaten.nl\/es\/wp-json\/wp\/v2\/pages\/6117\/revisions\/6118"}],"wp:attachment":[{"href":"https:\/\/www.strafrechtadvocaten.nl\/es\/wp-json\/wp\/v2\/media?parent=6117"}],"curies":[{"name":"wp","href":"https:\/\/api.w.org\/{rel}","templated":true}]}}