{"id":6094,"date":"2025-08-14T14:04:57","date_gmt":"2025-08-14T12:04:57","guid":{"rendered":"https:\/\/q1n54kp45c.onrocket.site\/aviso-legal\/"},"modified":"2025-08-21T16:28:44","modified_gmt":"2025-08-21T14:28:44","slug":"aviso-legal","status":"publish","type":"page","link":"https:\/\/www.strafrechtadvocaten.nl\/es\/aviso-legal\/","title":{"rendered":"Aviso legal"},"content":{"rendered":"\n<p>Las condiciones de esta exenci\u00f3n de responsabilidad se aplican al sitio web www.strafrechtadvocaten.nl de Weening Strafrechtadvocaten B.V. en Maastricht, Pa\u00edses Bajos. Se le solicita que lea atentamente esta exenci\u00f3n de responsabilidad. Al acceder a este sitio web y utilizar la informaci\u00f3n ofrecida en o a trav\u00e9s de este sitio web, declara estar de acuerdo con esta exenci\u00f3n de responsabilidad. En caso de contradicci\u00f3n entre las condiciones de productos y servicios espec\u00edficos de Weening Strafrechtadvocaten y esta exenci\u00f3n de responsabilidad, prevalecer\u00e1n las condiciones de estos productos y servicios.   <\/p>\n\n<h2 class=\"wp-block-heading\">1. Uso del sitio web<\/h2>\n\n<p>La informaci\u00f3n ofrecida en o a trav\u00e9s de este sitio web no debe utilizarse en lugar de asesoramiento. Las decisiones basadas en esta informaci\u00f3n son por su cuenta y riesgo. Aunque Weening Strafrechtadvocaten intenta ofrecer informaci\u00f3n correcta, completa y actualizada, Weening Strafrechtadvocaten no ofrece ninguna garant\u00eda, ni expl\u00edcita ni impl\u00edcita, de que la informaci\u00f3n ofrecida en o a trav\u00e9s de este sitio web sea correcta, completa o actual.  <\/p>\n\n<p>Al visitar este sitio web y\/o utilizar la informaci\u00f3n o los servicios que se ofrecen en \u00e9l, se considera que conoce y acepta las condiciones del sitio web y la pol\u00edtica de privacidad establecidas por Weening Strafrechtadvocaten.<\/p>\n\n<p>Este sitio web est\u00e1 construido y dise\u00f1ado de acuerdo con las normas y t\u00e9cnicas utilizadas por w3c.org. Para un uso \u00f3ptimo del sitio, recomendamos la versi\u00f3n m\u00e1s reciente de los navegadores Firefox, Chrome, Safari o Internet Explorer. <\/p>\n\n<h2 class=\"wp-block-heading\">2. Informaci\u00f3n de terceros, productos y servicios<\/h2>\n\n<p>Cuando Weening Strafrechtadvocaten ofrece hiperv\u00ednculos a sitios web de terceros, esto no significa que Weening Strafrechtadvocaten recomiende los productos o servicios ofrecidos en o a trav\u00e9s de estos sitios web. El uso de dichos hiperv\u00ednculos es totalmente por su cuenta y riesgo. Weening Strafrechtadvocaten no acepta ninguna responsabilidad por el contenido, el uso o la disponibilidad de dichos sitios web. Weening Strafrechtadvocaten no ha verificado la veracidad, exactitud, razonabilidad, fiabilidad e integridad de la informaci\u00f3n en dichos sitios web.   <\/p>\n\n<h2 class=\"wp-block-heading\">3. Derechos de propiedad intelectual<\/h2>\n\n<p>Weening Strafrechtadvocaten (o el titular de los derechos) se reserva todos los derechos de propiedad intelectual con respecto a toda la informaci\u00f3n ofrecida en o a trav\u00e9s de este sitio web, incluidos todos los textos, material gr\u00e1fico y logotipos. No est\u00e1 permitido copiar, descargar o divulgar, distribuir o reproducir de ninguna manera la informaci\u00f3n de este sitio web sin el consentimiento previo por escrito de Weening Strafrechtadvocaten o el consentimiento previo por escrito del titular de los derechos. Puede imprimir y\/o descargar informaci\u00f3n de este sitio web para su uso personal.  <\/p>\n\n<h2 class=\"wp-block-heading\">4. Exclusi\u00f3n de responsabilidad<\/h2>\n\n<p>Weening Strafrechtadvocaten no acepta ninguna responsabilidad con respecto a da\u00f1os directos, indirectos, especiales, incidentales, inmateriales o consecuenciales (incluida la p\u00e9rdida de beneficios), independientemente de si Weening Strafrechtadvocaten ha sido advertido de la posibilidad de estos da\u00f1os, que se deriven de alguna manera de, pero no tengan que limitarse a (i) defectos, virus u otras imperfecciones en equipos y otro software en relaci\u00f3n con el acceso o el uso de este sitio web, (ii) informaci\u00f3n que se ofrece en o a trav\u00e9s de este sitio web, (iii) la interceptaci\u00f3n, modificaci\u00f3n o uso indebido de informaci\u00f3n que se env\u00eda a Weening Strafrechtadvocaten o a usted, (iv) el funcionamiento o la no disponibilidad de este sitio web, (v) el uso indebido de este sitio web, (vi) la p\u00e9rdida de datos, (vii) la descarga o el uso de software que se pone a disposici\u00f3n a trav\u00e9s de este sitio web o (viii) reclamaciones de terceros en relaci\u00f3n con el uso de este sitio web. La exclusi\u00f3n de responsabilidad tambi\u00e9n se extiende en beneficio de los directores, empleados de Weening Strafrechtadvocaten y las personas jur\u00eddicas afiliadas a Weening Strafrechtadvocaten.         <\/p>\n\n<h2 class=\"wp-block-heading\">5. Derecho aplicable<\/h2>\n\n<p>A este sitio web y a la exenci\u00f3n de responsabilidad se aplica el derecho neerland\u00e9s. Todos los litigios derivados de o en relaci\u00f3n con esta exenci\u00f3n de responsabilidad se someter\u00e1n exclusivamente al tribunal competente en los Pa\u00edses Bajos. Si las versiones en otros idiomas de la exenci\u00f3n de responsabilidad muestran discrepancias o dan lugar a diferencias de interpretaci\u00f3n, la versi\u00f3n en neerland\u00e9s es determinante.  <\/p>\n\n<h2 class=\"wp-block-heading\">6. Modificaciones<\/h2>\n\n<p>Weening Strafrechtadvocaten se reserva el derecho de modificar en cualquier momento la informaci\u00f3n ofrecida en o a trav\u00e9s de este sitio web, incluido el texto de esta exenci\u00f3n de responsabilidad, sin previo aviso. Se recomienda comprobar peri\u00f3dicamente si la informaci\u00f3n ofrecida en o a trav\u00e9s de este sitio web, incluido el texto de esta exenci\u00f3n de responsabilidad, ha sido modificada. <\/p>\n\n<h2 class=\"wp-block-heading\">7. Contacto<\/h2>\n\n<p>Para comentarios o preguntas sobre este sitio web, puede ponerse en contacto con <a href=\"mailto:info@weening.net\">info@weening.net<\/a><\/p>\n","protected":false},"excerpt":{"rendered":"<p>Las condiciones de esta exenci\u00f3n de responsabilidad se aplican al sitio web www.strafrechtadvocaten.nl de Weening Strafrechtadvocaten B.V. en Maastricht, Pa\u00edses Bajos. Se le solicita que lea atentamente esta exenci\u00f3n de responsabilidad. Al acceder a este sitio web y utilizar la informaci\u00f3n ofrecida en o a trav\u00e9s de este sitio web, declara estar de acuerdo con [&hellip;]<\/p>\n","protected":false},"author":1,"featured_media":0,"parent":0,"menu_order":0,"comment_status":"closed","ping_status":"closed","template":"","meta":{"footnotes":""},"class_list":["post-6094","page","type-page","status-publish","hentry","temp-simpel"],"_links":{"self":[{"href":"https:\/\/www.strafrechtadvocaten.nl\/es\/wp-json\/wp\/v2\/pages\/6094","targetHints":{"allow":["GET"]}}],"collection":[{"href":"https:\/\/www.strafrechtadvocaten.nl\/es\/wp-json\/wp\/v2\/pages"}],"about":[{"href":"https:\/\/www.strafrechtadvocaten.nl\/es\/wp-json\/wp\/v2\/types\/page"}],"author":[{"embeddable":true,"href":"https:\/\/www.strafrechtadvocaten.nl\/es\/wp-json\/wp\/v2\/users\/1"}],"replies":[{"embeddable":true,"href":"https:\/\/www.strafrechtadvocaten.nl\/es\/wp-json\/wp\/v2\/comments?post=6094"}],"version-history":[{"count":1,"href":"https:\/\/www.strafrechtadvocaten.nl\/es\/wp-json\/wp\/v2\/pages\/6094\/revisions"}],"predecessor-version":[{"id":6095,"href":"https:\/\/www.strafrechtadvocaten.nl\/es\/wp-json\/wp\/v2\/pages\/6094\/revisions\/6095"}],"wp:attachment":[{"href":"https:\/\/www.strafrechtadvocaten.nl\/es\/wp-json\/wp\/v2\/media?parent=6094"}],"curies":[{"name":"wp","href":"https:\/\/api.w.org\/{rel}","templated":true}]}}