{"id":6054,"date":"2025-08-14T13:40:41","date_gmt":"2025-08-14T11:40:41","guid":{"rendered":"https:\/\/q1n54kp45c.onrocket.site\/departamento-de-casacion\/"},"modified":"2025-08-21T16:27:35","modified_gmt":"2025-08-21T14:27:35","slug":"departamento-de-casacion","status":"publish","type":"page","link":"https:\/\/www.strafrechtadvocaten.nl\/es\/departamento-de-casacion\/","title":{"rendered":"Departamento de casaci\u00f3n"},"content":{"rendered":"\n<p>Deje que nuestro equipo de especialistas en casaci\u00f3n revise cr\u00edticamente su caso penal.<br\/>Si hay algo, \u00a1lo sacamos!<\/p>\n\n<p>Weening Strafrechtadvocaten es el \u00fanico bufete de abogados en los Pa\u00edses Bajos que cuenta con un departamento de casaci\u00f3n: una secci\u00f3n donde nuestros abogados especializados en casaci\u00f3n se dedican a casos de casaci\u00f3n ante el Tribunal Supremo. Solo tratamos casos de casaci\u00f3n en derecho penal. <\/p>\n\n<p>Cuando registra su caso en nuestro departamento de casaci\u00f3n, uno de nuestros especialistas lo revisa a fondo. Esto le brinda una visi\u00f3n experta, realista y confiable de su caso. Luego, su caso se discutir\u00e1 dentro del equipo de abogados de casaci\u00f3n. De esta manera, su caso se examina desde m\u00faltiples \u00e1ngulos. Si, en nuestra opini\u00f3n, su caso se presta para la presentaci\u00f3n de recursos de casaci\u00f3n, estos recursos ser\u00e1n redactados por dos abogados especializados en casaci\u00f3n. Ambos abogados trabajar\u00e1n juntos para obtener el mejor resultado posible de su caso.     <\/p>\n\n<p>Lea tambi\u00e9n: <a href=\"https:\/\/www.strafrechtadvocaten.nl\/expertise\/cassatie-bij-de-hoge-raad\/\">Casaci\u00f3n ante el Tribunal Supremo \u00bb<\/a><\/p>\n\n<p>Lo que hace \u00fanico al departamento de casaci\u00f3n es que, por una tarifa fija, examinamos si su caso penal se presta para la presentaci\u00f3n de un escrito de casaci\u00f3n ante el Tribunal Supremo. Adem\u00e1s, los abogados del departamento de casaci\u00f3n se re\u00fanen semanalmente para discutir los casos en curso, de modo que su caso siempre reciba la atenci\u00f3n de un equipo completo de especialistas en casaci\u00f3n. Tambi\u00e9n est\u00e1n al tanto de los \u00faltimos desarrollos en el campo de la legislaci\u00f3n y la jurisprudencia. Dos abogados del departamento de casaci\u00f3n son miembros de la principal asociaci\u00f3n de especialistas en casaci\u00f3n de los Pa\u00edses Bajos: la <a href=\"https:\/\/www.vcas.nl\/\" target=\"_blank\" rel=\"noreferrer noopener\">VCAS<\/a>. Nuestros abogados de casaci\u00f3n ya han presentado innumerables recursos de casaci\u00f3n exitosos en sus a\u00f1os de experiencia.    <\/p>\n\n<h2 class=\"wp-block-heading\">\u00bfSospechoso?<\/h2>\n\n<p>\u00bfNo est\u00e1 de acuerdo con una sentencia del juez penal y desea presentar un recurso de casaci\u00f3n? Involucre a nuestro departamento de casaci\u00f3n. Examinamos las posibilidades para usted en la fase de casaci\u00f3n. Una primera consulta, por supuesto, es completamente gratuita y sin compromiso.   <\/p>\n\n<h2 class=\"wp-block-heading\">\u00a1Tambi\u00e9n para abogados!<\/h2>\n\n<p>\u00bfEs usted mismo abogado y tiene un cliente al que le gustar\u00eda presentar un recurso de casaci\u00f3n, pero usted mismo no se ocupa de casos de casaci\u00f3n? \u00a1Involucre a nuestro departamento de casaci\u00f3n especializado! Examinan las posibilidades para su cliente en la fase de casaci\u00f3n. Si sigue una devoluci\u00f3n (o remisi\u00f3n) a una instancia f\u00e1ctica, por supuesto, puede retomar el caso usted mismo. Se har\u00e1n acuerdos claros al respecto con usted y con el cliente de antemano.    <\/p>\n\n<p>Si nos remite casos penales con regularidad, es posible llegar a un acuerdo favorable para usted con nosotros. Para obtener m\u00e1s informaci\u00f3n, puede ponerse en contacto con <a href=\"https:\/\/www.strafrechtadvocaten.nl\/advocaten\/erik-maessen\/\">Erik Maessen<\/a>. <\/p>\n\n<h2 class=\"wp-block-heading\">Costos del departamento de casaci\u00f3n<\/h2>\n\n<p>Por supuesto, nuestro departamento de casaci\u00f3n asiste a los sospechosos sobre la base de una adici\u00f3n. En el lenguaje com\u00fan, esto tambi\u00e9n se conoce como \u201cpro deo\u201d. Si es elegible para esto, solo deber\u00e1 pagar una contribuci\u00f3n propia. Los costos restantes ser\u00e1n pagados por usted por el Consejo de Asistencia Jur\u00eddica.   <\/p>\n\n<p>\u00bfNo es elegible para una adici\u00f3n? Entonces podemos ofrecerle una atractiva tarifa fija de 750 \u20ac sin IVA por el trabajo del departamento de casaci\u00f3n. Por esta tarifa, profundizamos en su expediente penal y analizamos todas las posibilidades en la fase de casaci\u00f3n. Si, en nuestra opini\u00f3n profesional, existen posibilidades de presentar recursos de casaci\u00f3n, nos pondremos en contacto con usted al respecto. Luego haremos un acuerdo de precio adicional con usted, en el que, por supuesto, se compensar\u00e1 el monto ya pagado de 750 \u20ac.     <\/p>\n","protected":false},"excerpt":{"rendered":"<p>Deje que nuestro equipo de especialistas en casaci\u00f3n revise cr\u00edticamente su caso penal.Si hay algo, \u00a1lo sacamos! Weening Strafrechtadvocaten es el \u00fanico bufete de abogados en los Pa\u00edses Bajos que cuenta con un departamento de casaci\u00f3n: una secci\u00f3n donde nuestros abogados especializados en casaci\u00f3n se dedican a casos de casaci\u00f3n ante el Tribunal Supremo. Solo [&hellip;]<\/p>\n","protected":false},"author":1,"featured_media":0,"parent":0,"menu_order":0,"comment_status":"closed","ping_status":"closed","template":"","meta":{"footnotes":""},"class_list":["post-6054","page","type-page","status-publish","hentry","temp-sidebar"],"_links":{"self":[{"href":"https:\/\/www.strafrechtadvocaten.nl\/es\/wp-json\/wp\/v2\/pages\/6054","targetHints":{"allow":["GET"]}}],"collection":[{"href":"https:\/\/www.strafrechtadvocaten.nl\/es\/wp-json\/wp\/v2\/pages"}],"about":[{"href":"https:\/\/www.strafrechtadvocaten.nl\/es\/wp-json\/wp\/v2\/types\/page"}],"author":[{"embeddable":true,"href":"https:\/\/www.strafrechtadvocaten.nl\/es\/wp-json\/wp\/v2\/users\/1"}],"replies":[{"embeddable":true,"href":"https:\/\/www.strafrechtadvocaten.nl\/es\/wp-json\/wp\/v2\/comments?post=6054"}],"version-history":[{"count":1,"href":"https:\/\/www.strafrechtadvocaten.nl\/es\/wp-json\/wp\/v2\/pages\/6054\/revisions"}],"predecessor-version":[{"id":6056,"href":"https:\/\/www.strafrechtadvocaten.nl\/es\/wp-json\/wp\/v2\/pages\/6054\/revisions\/6056"}],"wp:attachment":[{"href":"https:\/\/www.strafrechtadvocaten.nl\/es\/wp-json\/wp\/v2\/media?parent=6054"}],"curies":[{"name":"wp","href":"https:\/\/api.w.org\/{rel}","templated":true}]}}