{"id":6047,"date":"2025-08-14T13:40:22","date_gmt":"2025-08-14T11:40:22","guid":{"rendered":"https:\/\/q1n54kp45c.onrocket.site\/tarifas\/"},"modified":"2026-02-06T13:30:52","modified_gmt":"2026-02-06T12:30:52","slug":"tarifas","status":"publish","type":"page","link":"https:\/\/www.strafrechtadvocaten.nl\/es\/tarifas\/","title":{"rendered":"Tarifas"},"content":{"rendered":"\t\t<div data-elementor-type=\"wp-page\" data-elementor-id=\"6047\" class=\"elementor elementor-6047 elementor-2846\" data-elementor-post-type=\"page\">\n\t\t\t\t<div class=\"elementor-element elementor-element-95d6098 e-con-full e-flex e-con e-parent\" data-id=\"95d6098\" data-element_type=\"container\" data-e-type=\"container\">\n\t\t<div class=\"elementor-element elementor-element-4a4b0db e-con-full e-flex e-con e-child\" data-id=\"4a4b0db\" data-element_type=\"container\" data-e-type=\"container\">\n\t\t\t\t<div class=\"elementor-element elementor-element-9185969 elementor-widget elementor-widget-heading\" data-id=\"9185969\" data-element_type=\"widget\" data-e-type=\"widget\" data-widget_type=\"heading.default\">\n\t\t\t\t\t<h1 class=\"elementor-heading-title elementor-size-default\">Tarifas<\/h1>\t\t\t\t<\/div>\n\t\t\t\t<div class=\"elementor-element elementor-element-bbbd30c elementor-widget elementor-widget-text-editor\" data-id=\"bbbd30c\" data-element_type=\"widget\" data-e-type=\"widget\" data-widget_type=\"text-editor.default\">\n\t\t\t\t\t\t\t\t\t<p>Nuestras tarifas dependen de la naturaleza y el alcance del caso penal. Aqu\u00ed se pueden considerar las siguientes posibilidades: <\/p>\t\t\t\t\t\t\t\t<\/div>\n\t\t\t\t<div class=\"elementor-element elementor-element-80cb375 elementor-widget elementor-widget-heading\" data-id=\"80cb375\" data-element_type=\"widget\" data-e-type=\"widget\" data-widget_type=\"heading.default\">\n\t\t\t\t\t<h2 class=\"elementor-heading-title elementor-size-default\">Asistencia jur\u00eddica gratuita<\/h2>\t\t\t\t<\/div>\n\t\t\t\t<div class=\"elementor-element elementor-element-11642e5 elementor-widget elementor-widget-text-editor\" data-id=\"11642e5\" data-element_type=\"widget\" data-e-type=\"widget\" data-widget_type=\"text-editor.default\">\n\t\t\t\t\t\t\t\t\t<p>Si sus ingresos est\u00e1n por debajo de un determinado <a title=\"l\u00edmite de ingresos\" href=\"https:\/\/www.rechtsbijstand.nl\/over-mediation-en-rechtsbijstand\/hoeveel-moet-ik-zelf-betalen\/inkomensnormen\" target=\"_blank\" rel=\"noopener nofollow\">l\u00edmite de ingresos<\/a> o si se ha ordenado su prisi\u00f3n preventiva, puede optar a la asignaci\u00f3n de un abogado de oficio. Popularmente, esta asistencia jur\u00eddica financiada tambi\u00e9n se conoce como abogado de oficio. Estaremos encantados de informarle sobre las posibilidades.<\/p>\t\t\t\t\t\t\t\t<\/div>\n\t\t\t\t<div class=\"elementor-element elementor-element-a930348 elementor-widget-divider--view-line elementor-widget elementor-widget-divider\" data-id=\"a930348\" data-element_type=\"widget\" data-e-type=\"widget\" data-widget_type=\"divider.default\">\n\t\t\t\t\t\t\t<div class=\"elementor-divider\">\n\t\t\t<span class=\"elementor-divider-separator\">\n\t\t\t\t\t\t<\/span>\n\t\t<\/div>\n\t\t\t\t\t\t<\/div>\n\t\t\t\t<div class=\"elementor-element elementor-element-83426fb elementor-widget elementor-widget-heading\" data-id=\"83426fb\" data-element_type=\"widget\" data-e-type=\"widget\" data-widget_type=\"heading.default\">\n\t\t\t\t\t<h2 class=\"elementor-heading-title elementor-size-default\">Tarifa por hora<\/h2>\t\t\t\t<\/div>\n\t\t\t\t<div class=\"elementor-element elementor-element-175e19b elementor-widget elementor-widget-text-editor\" data-id=\"175e19b\" data-element_type=\"widget\" data-e-type=\"widget\" data-widget_type=\"text-editor.default\">\n\t\t\t\t\t\t\t\t\t<p>Usted paga (cada vez) un anticipo y se declara sobre la base de una tarifa por hora que, en principio, var\u00eda entre 200 \u20ac y 500 \u20ac sin IVA.<\/p>\t\t\t\t\t\t\t\t<\/div>\n\t\t\t\t<div class=\"elementor-element elementor-element-f784618 elementor-widget-divider--view-line elementor-widget elementor-widget-divider\" data-id=\"f784618\" data-element_type=\"widget\" data-e-type=\"widget\" data-widget_type=\"divider.default\">\n\t\t\t\t\t\t\t<div class=\"elementor-divider\">\n\t\t\t<span class=\"elementor-divider-separator\">\n\t\t\t\t\t\t<\/span>\n\t\t<\/div>\n\t\t\t\t\t\t<\/div>\n\t\t\t\t<div class=\"elementor-element elementor-element-6d63948 elementor-widget elementor-widget-heading\" data-id=\"6d63948\" data-element_type=\"widget\" data-e-type=\"widget\" data-widget_type=\"heading.default\">\n\t\t\t\t\t<h2 class=\"elementor-heading-title elementor-size-default\">Acuerdo de precio fijo<\/h2>\t\t\t\t<\/div>\n\t\t\t\t<div class=\"elementor-element elementor-element-9b6efed elementor-widget elementor-widget-text-editor\" data-id=\"9b6efed\" data-element_type=\"widget\" data-e-type=\"widget\" data-widget_type=\"text-editor.default\">\n\t\t\t\t\t\t\t\t\t<p>Usted paga por adelantado una cantidad fija que cubre todos los trabajos. As\u00ed no tendr\u00e1 incertidumbre sobre el importe final de los honorarios adeudados. Para un <a title=\"caso ante el juez de polic\u00eda\" href=\"https:\/\/www.strafrechtadvocaten.nl\/es\/experiencia\/juez-de-policia\/\">caso ante el juez de polic\u00eda<\/a>, aplicamos en principio una tarifa fija a partir de 1000 \u20ac, IVA no incluido y sin tiempo de desplazamiento. Para un <a title=\"caso penal\" href=\"https:\/\/www.strafzaak.nl\/\" target=\"_blank\" rel=\"noopener\">caso penal<\/a> ante la <a title=\"sala penal m\u00faltiple\" href=\"https:\/\/www.strafrechtadvocaten.nl\/es\/experiencia\/sala-penal-multiple\/\">sala penal m\u00faltiple<\/a>, estaremos encantados de acordar un precio adecuado con usted.   <\/p>\t\t\t\t\t\t\t\t<\/div>\n\t\t\t\t<div class=\"elementor-element elementor-element-156ed31 elementor-widget-divider--view-line elementor-widget elementor-widget-divider\" data-id=\"156ed31\" data-element_type=\"widget\" data-e-type=\"widget\" data-widget_type=\"divider.default\">\n\t\t\t\t\t\t\t<div class=\"elementor-divider\">\n\t\t\t<span class=\"elementor-divider-separator\">\n\t\t\t\t\t\t<\/span>\n\t\t<\/div>\n\t\t\t\t\t\t<\/div>\n\t\t\t\t<div class=\"elementor-element elementor-element-532e94f elementor-widget elementor-widget-heading\" data-id=\"532e94f\" data-element_type=\"widget\" data-e-type=\"widget\" data-widget_type=\"heading.default\">\n\t\t\t\t\t<h2 class=\"elementor-heading-title elementor-size-default\">Tarifa por hora en funci\u00f3n de los resultados<\/h2>\t\t\t\t<\/div>\n\t\t\t\t<div class=\"elementor-element elementor-element-61de790 elementor-widget elementor-widget-text-editor\" data-id=\"61de790\" data-element_type=\"widget\" data-e-type=\"widget\" data-widget_type=\"text-editor.default\">\n\t\t\t\t\t\t\t\t\t<p>Usted acuerda con el <a href=\"\/advocaten\">abogado<\/a> unos honorarios por un resultado favorable y unos honorarios m\u00e1s bajos si el resultado no es satisfactorio. Atenci\u00f3n: esto no es un acuerdo de \u00absi no hay resultados, no hay pago\u00bb.<\/p>\t\t\t\t\t\t\t\t<\/div>\n\t\t\t\t<div class=\"elementor-element elementor-element-2cab353 elementor-widget elementor-widget-button\" data-id=\"2cab353\" data-element_type=\"widget\" data-e-type=\"widget\" data-widget_type=\"button.default\">\n\t\t\t\t\t\t\t\t\t\t<a class=\"elementor-button elementor-button-link elementor-size-sm\" href=\"https:\/\/www.strafrechtadvocaten.nl\/es\/contacte-con-un-abogado-penalista\/\">\n\t\t\t\t\t\t<span class=\"elementor-button-content-wrapper\">\n\t\t\t\t\t\t\t\t\t<span class=\"elementor-button-text\">P\u00f3ngase en contacto con nosotros<\/span>\n\t\t\t\t\t<\/span>\n\t\t\t\t\t<\/a>\n\t\t\t\t\t\t\t\t<\/div>\n\t\t\t\t<\/div>\n\t\t<div class=\"elementor-element elementor-element-f3cf75b e-con-full e-flex e-con e-child\" data-id=\"f3cf75b\" data-element_type=\"container\" data-e-type=\"container\" data-settings=\"{&quot;background_background&quot;:&quot;classic&quot;}\">\n\t\t\t\t<\/div>\n\t\t\t\t<\/div>\n\t\t<div class=\"elementor-element elementor-element-3029722 e-flex e-con-boxed e-con e-parent\" data-id=\"3029722\" data-element_type=\"container\" data-e-type=\"container\" data-settings=\"{&quot;background_background&quot;:&quot;classic&quot;}\">\n\t\t\t\t\t<div class=\"e-con-inner\">\n\t\t\t\t<div class=\"elementor-element elementor-element-50c2f6c elementor-widget-tablet__width-initial elementor-widget elementor-widget-heading\" data-id=\"50c2f6c\" data-element_type=\"widget\" data-e-type=\"widget\" data-widget_type=\"heading.default\">\n\t\t\t\t\t<h3 class=\"elementor-heading-title elementor-size-default\">Tambi\u00e9n trabajamos sobre la base de High Trust, la base m\u00e1s importante para la cooperaci\u00f3n entre el Consejo y los proveedores de asistencia jur\u00eddica.<\/h3>\t\t\t\t<\/div>\n\t\t\t\t<div class=\"elementor-element elementor-element-61120d7 elementor-widget__width-initial elementor-widget elementor-widget-image\" data-id=\"61120d7\" data-element_type=\"widget\" data-e-type=\"widget\" data-widget_type=\"image.default\">\n\t\t\t\t\t\t\t\t\t\t\t\t\t\t\t\t<a href=\"https:\/\/www.rvr.org\/advocaten\/ingeschreven\/high-trust\/\" target=\"_blank\" rel=\"noopener\">\n\t\t\t\t\t\t\t<img decoding=\"async\" width=\"370\" height=\"100\" src=\"https:\/\/www.strafrechtadvocaten.nl\/wp-content\/uploads\/high-trust-logo.png\" class=\"attachment-large size-large wp-image-4681\" alt=\"\" srcset=\"https:\/\/www.strafrechtadvocaten.nl\/wp-content\/uploads\/high-trust-logo.png 370w, https:\/\/www.strafrechtadvocaten.nl\/wp-content\/uploads\/high-trust-logo-300x81.png 300w\" sizes=\"(max-width: 370px) 100vw, 370px\" \/>\t\t\t\t\t\t\t\t<\/a>\n\t\t\t\t\t\t\t\t\t\t\t\t\t\t\t<\/div>\n\t\t\t\t\t<\/div>\n\t\t\t\t<\/div>\n\t\t\t\t<\/div>\n\t\t","protected":false},"excerpt":{"rendered":"<p>Tarifas Nuestras tarifas dependen de la naturaleza y el alcance del caso penal. Aqu\u00ed se pueden considerar las siguientes posibilidades: Asistencia jur\u00eddica gratuita Si sus ingresos est\u00e1n por debajo de un determinado l\u00edmite de ingresos o si se ha ordenado su prisi\u00f3n preventiva, puede optar a la asignaci\u00f3n de un abogado de oficio. Popularmente, esta [&hellip;]<\/p>\n","protected":false},"author":1,"featured_media":0,"parent":0,"menu_order":0,"comment_status":"closed","ping_status":"closed","template":"","meta":{"footnotes":""},"class_list":["post-6047","page","type-page","status-publish","hentry"],"_links":{"self":[{"href":"https:\/\/www.strafrechtadvocaten.nl\/es\/wp-json\/wp\/v2\/pages\/6047","targetHints":{"allow":["GET"]}}],"collection":[{"href":"https:\/\/www.strafrechtadvocaten.nl\/es\/wp-json\/wp\/v2\/pages"}],"about":[{"href":"https:\/\/www.strafrechtadvocaten.nl\/es\/wp-json\/wp\/v2\/types\/page"}],"author":[{"embeddable":true,"href":"https:\/\/www.strafrechtadvocaten.nl\/es\/wp-json\/wp\/v2\/users\/1"}],"replies":[{"embeddable":true,"href":"https:\/\/www.strafrechtadvocaten.nl\/es\/wp-json\/wp\/v2\/comments?post=6047"}],"version-history":[{"count":3,"href":"https:\/\/www.strafrechtadvocaten.nl\/es\/wp-json\/wp\/v2\/pages\/6047\/revisions"}],"predecessor-version":[{"id":8584,"href":"https:\/\/www.strafrechtadvocaten.nl\/es\/wp-json\/wp\/v2\/pages\/6047\/revisions\/8584"}],"wp:attachment":[{"href":"https:\/\/www.strafrechtadvocaten.nl\/es\/wp-json\/wp\/v2\/media?parent=6047"}],"curies":[{"name":"wp","href":"https:\/\/api.w.org\/{rel}","templated":true}]}}