{"id":6018,"date":"2025-08-14T14:04:44","date_gmt":"2025-08-14T12:04:44","guid":{"rendered":"https:\/\/q1n54kp45c.onrocket.site\/declaracion-de-privacidad\/"},"modified":"2025-08-21T16:25:57","modified_gmt":"2025-08-21T14:25:57","slug":"declaracion-de-privacidad","status":"publish","type":"page","link":"https:\/\/www.strafrechtadvocaten.nl\/es\/declaracion-de-privacidad\/","title":{"rendered":"Declaraci\u00f3n de privacidad"},"content":{"rendered":"\n<p>Weening Strafrechtadvocaten B.V. (en adelante, \u201cWeening Strafrechtadvocaten\u201d) es el responsable del tratamiento de los datos personales tal como se indica en esta declaraci\u00f3n de privacidad. Weening Strafrechtadvocaten respeta su privacidad y se asegura de que pueda confiar sus datos personales a Weening Strafrechtadvocaten. En esta declaraci\u00f3n de privacidad le informamos al respecto.  <\/p>\n\n<p>Durante sus contactos con Weening Strafrechtadvocaten, se recopilan y procesan datos sobre usted. Con estos datos podemos identificarle como persona. Por lo tanto, estos son \u201cdatos personales\u201d. Toda la informaci\u00f3n sobre qu\u00e9 datos personales procesa Weening Strafrechtadvocaten y c\u00f3mo Weening Strafrechtadvocaten los gestiona de forma correcta puede encontrarla a continuaci\u00f3n.   <\/p>\n\n<p>Al utilizar el sitio web (m\u00f3vil), la aplicaci\u00f3n y otros productos y servicios de Weening Strafrechtadvocaten, usted acepta que esta declaraci\u00f3n de privacidad se aplique a los datos personales procesados por Weening Strafrechtadvocaten.<\/p>\n\n<h2 class=\"wp-block-heading\">1. Aplicabilidad<\/h2>\n\n<p>Esta declaraci\u00f3n de privacidad se aplica a todas las personas cuyos datos personales procesa Weening Strafrechtadvocaten, con la excepci\u00f3n de las personas que trabajan en Weening Strafrechtadvocaten.<\/p>\n\n<p>Esta Declaraci\u00f3n de Privacidad se aplica a:<\/p>\n\n<ul class=\"wp-block-list\">\n<li>Clientes de Weening Strafrechtadvocaten;<\/li>\n\n\n\n<li>Clientes potenciales con los que Weening Strafrechtadvocaten ha contactado o quiere contactar;<\/li>\n\n\n\n<li>Visitantes del sitio web de Weening Strafrechtadvocaten;<\/li>\n\n\n\n<li>Destinatarios de boletines y correos electr\u00f3nicos comerciales de Weening Strafrechtadvocaten;<\/li>\n\n\n\n<li>Todas las dem\u00e1s personas que se pongan en contacto con Weening Strafrechtadvocaten o cuyos datos personales procese Weening Strafrechtadvocaten.<\/li>\n<\/ul>\n\n<p>Esta Declaraci\u00f3n de Privacidad no se aplica a socios, empleados, trabajadores temporales, personal cedido, estudiantes en pr\u00e1cticas y solicitantes de empleo.<\/p>\n\n<h2 class=\"wp-block-heading\">2. Datos personales en posesi\u00f3n de Weening Strafrechtadvocaten<\/h2>\n\n<p>Los siguientes datos pueden ser recopilados y procesados de diferentes maneras por Weening Strafrechtadvocaten.<\/p>\n\n<h3 class=\"wp-block-heading\">2.1. Datos que usted proporciona directamente a Weening Strafrechtadvocaten<\/h3>\n\n<ul class=\"wp-block-list\">\n<li>Informaci\u00f3n de identificaci\u00f3n y contacto: nombre, apellido, direcci\u00f3n y lugar de residencia, direcci\u00f3n de correo electr\u00f3nico, n\u00famero de tel\u00e9fono, sexo, fecha de nacimiento, lugar de nacimiento y direcci\u00f3n IP;<\/li>\n\n\n\n<li>Informaci\u00f3n financiera: n\u00famero de cuenta bancaria, c\u00f3digo BIC, nombre del titular de la cuenta, etc.;<\/li>\n\n\n\n<li>Quejas o comentarios sobre su experiencia con Weening Strafrechtadvocaten, observaciones, sugerencias, testimonios y cualquier otro comentario;<\/li>\n\n\n\n<li>Otros datos que usted mismo intercambia, comunica y comparte a trav\u00e9s del sitio web (m\u00f3vil), la aplicaci\u00f3n y similares de Weening Strafrechtadvocaten.<\/li>\n<\/ul>\n\n<h3 class=\"wp-block-heading\">2.2. Datos que usted proporciona al utilizar el sitio web (m\u00f3vil) o la aplicaci\u00f3n<\/h3>\n\n<p>Cuando usted utiliza el sitio web (m\u00f3vil) o la aplicaci\u00f3n de Weening Strafrechtadvocaten, se puede procesar la siguiente informaci\u00f3n: p\u00e1ginas visitadas, b\u00fasquedas y direcci\u00f3n IP a trav\u00e9s de cookies y datos que usted mismo introduce en el sitio web o en la aplicaci\u00f3n.<\/p>\n\n<h3 class=\"wp-block-heading\">2.3. Datos de otras fuentes<\/h3>\n\n<p>Weening Strafrechtadvocaten tambi\u00e9n puede recopilar y procesar datos a trav\u00e9s de otras fuentes, como la compra o el alquiler de datos recopilados por proveedores especializados en ello, socios de Weening Strafrechtadvocaten, fuentes p\u00fablicas, redes sociales, etc. El uso de los canales de redes sociales estar\u00e1 sujeto a las normas y preferencias de estos proveedores, tanto para usted como para Weening Strafrechtadvocaten. <\/p>\n\n<p>En nuestro sitio web puede haber enlaces a otros sitios web. Es posible que estos sitios web no est\u00e9n gestionados por Weening Strafrechtadvocaten y pueden tener su propia declaraci\u00f3n o pol\u00edtica de privacidad. Weening Strafrechtadvocaten le recomienda encarecidamente que los lea y no puede asumir ninguna responsabilidad por estos sitios web de terceros.  <\/p>\n\n<h3 class=\"wp-block-heading\">2.4. Datos personales especiales y\/o sensibles que procesa Weening Strafrechtadvocaten<\/h3>\n\n<p>Weening Strafrechtadvocaten procesa los siguientes datos personales especiales y\/o sensibles sobre usted:<\/p>\n\n<ul class=\"wp-block-list\">\n<li>N\u00famero de identificaci\u00f3n ciudadana (BSN);<\/li>\n\n\n\n<li>Salud (en los casos aplicables, si es relevante para la defensa de sus intereses);<\/li>\n\n\n\n<li>Datos de personas menores de 16 a\u00f1os (en los casos aplicables, si es relevante para la defensa de sus intereses);<\/li>\n\n\n\n<li>Diversos datos financieros y fiscales (en los casos aplicables, si es relevante para la defensa de sus intereses);<\/li>\n\n\n\n<li>Documentaci\u00f3n penal (en los casos aplicables, si es relevante para la defensa de sus intereses).<\/li>\n<\/ul>\n\n<h2 class=\"wp-block-heading\">3. \u00bfCon qu\u00e9 finalidad y sobre qu\u00e9 base jur\u00eddica procesa Weening Strafrechtadvocaten los datos personales?<\/h2>\n\n<p>Es posible presentar un escrito de queja ante el tribunal contra la decisi\u00f3n de retener el permiso de conducir. En ese escrito de queja se solicita la devoluci\u00f3n del permiso de conducir hasta el tratamiento sustantivo de su caso. El juez tratar\u00e1 este escrito de queja en la vista. Aqu\u00ed, usted y su <a href=\"https:\/\/www.strafrechtadvocaten.nl\/advocaten\/\">abogado<\/a> tambi\u00e9n tendr\u00e1n la oportunidad de explicar su punto de vista, por ejemplo, por qu\u00e9 necesita su permiso de conducir para su trabajo. El juez toma una decisi\u00f3n inmediatamente. Al ponerse en contacto r\u00e1pidamente con un abogado, el certificado puede presentarse r\u00e1pidamente y el juez puede tomar una decisi\u00f3n r\u00e1pidamente sobre su caso.     <\/p>\n\n<p>Los datos personales son procesados por Weening Strafrechtadvocaten para los siguientes fines:<\/p>\n\n<ul class=\"wp-block-list\">\n<li>La ejecuci\u00f3n de un acuerdo en el que usted nos ha encargado la prestaci\u00f3n de servicios jur\u00eddicos por parte de nuestros abogados. Si usted encarga un caso a un abogado, en cualquier caso se le solicitar\u00e1n sus datos de contacto. Otros datos personales tambi\u00e9n pueden ser necesarios para el tratamiento del caso, dependiendo de la naturaleza del mismo;  <\/li>\n\n\n\n<li>La tramitaci\u00f3n de su pago;<\/li>\n\n\n\n<li>El cobro de fondos y la adopci\u00f3n de medidas de cobro;<\/li>\n\n\n\n<li>El cumplimiento de las obligaciones legales. La Ley de Prevenci\u00f3n del Blanqueo de Capitales y la Financiaci\u00f3n del Terrorismo (WWFT) obliga a los abogados a recopilar y registrar cierta informaci\u00f3n. Esto incluye una copia de un documento de identidad (pasaporte);  <\/li>\n\n\n\n<li>El mantenimiento del contacto con usted. Sus datos de contacto se guardan en nuestro sistema de clientes y pueden utilizarse, entre otras cosas, para enviar boletines, actualizaciones, invitaciones a eventos y seminarios y para enviarle informaci\u00f3n que nos haya solicitado; <\/li>\n\n\n\n<li>La mejora continua, el mantenimiento y la optimizaci\u00f3n de nuestros servicios, el sitio web (m\u00f3vil), la aplicaci\u00f3n y su seguridad, as\u00ed como la optimizaci\u00f3n de las estrategias generales, comerciales y de marketing de Weening Strafrechtadvocaten;<\/li>\n\n\n\n<li>Otros fines espec\u00edficos para los que se puede solicitar el consentimiento por separado.<\/li>\n<\/ul>\n\n<h3 class=\"wp-block-heading\">3.1. An\u00e1lisis de datos<\/h3>\n\n<p>Consideramos importante dirigirnos a usted con informaci\u00f3n que sea relevante para usted. Para que esto sea posible, combinamos y analizamos los datos personales que tenemos disponibles. Sobre esta base, determinamos qu\u00e9 informaci\u00f3n y canales son relevantes y qu\u00e9 momentos son los m\u00e1s adecuados para proporcionar informaci\u00f3n o establecer contacto. En las acciones de marketing no procesamos datos personales especiales ni datos confidenciales protegidos por el secreto profesional de los abogados. Si quisi\u00e9ramos crear un perfil de cliente personal e individual para usted, le pediremos su consentimiento previo. Si posteriormente desea retirar este consentimiento, siempre es posible.     <\/p>\n\n<h3 class=\"wp-block-heading\">3.2. Analizamos los siguientes datos:<\/h3>\n\n<ul class=\"wp-block-list\">\n<li>Datos de interacci\u00f3n: Datos personales obtenidos del contacto entre Weening Strafrechtadvocaten y usted. Por ejemplo, sobre su uso de nuestro sitio web o aplicaciones compatibles. Esto tambi\u00e9n se aplica a las interacciones fuera de l\u00ednea, como la frecuencia con la que hay contacto entre Weening Strafrechtadvocaten y usted;  <\/li>\n\n\n\n<li>La realizaci\u00f3n y el an\u00e1lisis de encuestas de satisfacci\u00f3n del cliente: a veces pedimos a los clientes que participen en una encuesta de satisfacci\u00f3n del cliente. Esto se hace a trav\u00e9s de un cuestionario en l\u00ednea. La participaci\u00f3n en esto es voluntaria.  <\/li>\n\n\n\n<li>Datos de comportamiento: Datos personales que Weening Strafrechtadvocaten procesa sobre su comportamiento, como su opini\u00f3n, deseos, preferencias y necesidades. Podemos deducir estos datos, por ejemplo, de su comportamiento de navegaci\u00f3n en nuestro sitio web, la lectura de nuestros boletines o porque ha solicitado informaci\u00f3n, pero tambi\u00e9n a trav\u00e9s de conversaciones telef\u00f3nicas y contacto por correo electr\u00f3nico con nuestros empleados. La informaci\u00f3n obtenida a trav\u00e9s de cookies de seguimiento, la recopilamos y utilizamos solo con su consentimiento, que siempre puede retirar. Consulte tambi\u00e9n nuestra declaraci\u00f3n de cookies;   <\/li>\n\n\n\n<li>La creaci\u00f3n de estad\u00edsticas de usuarios: las estad\u00edsticas de usuarios del sitio web nos permiten obtener una imagen de, entre otras cosas, el n\u00famero de visitantes, la duraci\u00f3n de la visita, qu\u00e9 partes del sitio web se ven y el comportamiento de los clics. Utilizamos la informaci\u00f3n obtenida para mejorar el sitio web. <\/li>\n<\/ul>\n\n<h2 class=\"wp-block-heading\">4. Base jur\u00eddica del tratamiento<\/h2>\n\n<p>Weening Strafrechtadvocaten procesa los datos personales sobre la base de una de las siguientes bases jur\u00eddicas:<\/p>\n\n<ul class=\"wp-block-list\">\n<li>Consentimiento: su consentimiento expl\u00edcito para el tratamiento de sus datos personales para uno o m\u00e1s fines espec\u00edficos. Si los datos personales se procesan sobre la base del consentimiento, se lo pediremos por separado. Si no da este consentimiento, esto puede significar que posiblemente no podamos defender sus intereses, o no de forma adecuada;  <\/li>\n\n\n\n<li>Acuerdo: sobre la base de un acuerdo o en el per\u00edodo previo a la celebraci\u00f3n de un acuerdo;<\/li>\n\n\n\n<li>Obligaci\u00f3n legal;<\/li>\n\n\n\n<li>Inter\u00e9s leg\u00edtimo:\n<ul class=\"wp-block-list\">\n<li>Llamar su atenci\u00f3n sobre noticias y eventos procedentes de nuestra oficina (si existe una relaci\u00f3n de cliente existente);<\/li>\n\n\n\n<li>La protecci\u00f3n de nuestros intereses financieros;<\/li>\n\n\n\n<li>La mejora de nuestros servicios;<\/li>\n\n\n\n<li>Seguridad y gesti\u00f3n de nuestros sistemas.<\/li>\n<\/ul>\n<\/li>\n<\/ul>\n\n<h2 class=\"wp-block-heading\">5. Conservaci\u00f3n de datos<\/h2>\n\n<p>Weening Strafrechtadvocaten no conservar\u00e1 sus datos durante m\u00e1s tiempo del necesario para su tratamiento, teniendo en cuenta las obligaciones contractuales y legales. Si usted es cliente de la oficina, conservaremos su expediente durante 15 a\u00f1os. Esto, entre otras cosas, para poder cumplir con nuestra obligaci\u00f3n de conservaci\u00f3n fiscal y <a href=\"https:\/\/www.strafrechtadvocaten.nl\/expertise\/herziening-bij-de-hoge-raad\/\">revisiones<\/a>. Despu\u00e9s, su <a href=\"https:\/\/www.strafrechtadvocaten.nl\/mijn-dossier\/\">expediente<\/a> ser\u00e1 destruido. Si se ha puesto en contacto con la oficina pero no se ha convertido en cliente, conservaremos sus datos durante un m\u00e1ximo de 12 meses.    <\/p>\n\n<h2 class=\"wp-block-heading\">6. Encargados del tratamiento<\/h2>\n\n<p>Weening Strafrechtadvocaten puede contratar proveedores de servicios (encargados del tratamiento) para el tratamiento de sus datos personales que solo procesen datos personales en nuestro nombre. Celebramos con estos encargados del tratamiento un acuerdo de tratamiento que cumple con los requisitos que establece el Reglamento General de Protecci\u00f3n de Datos (RGPD). <\/p>\n\n<p>Por ejemplo, trabajamos con proveedores de servicios de TIC que nos ofrecen apoyo para mantener nuestros sistemas seguros y estables. Estos son ejemplos de partes que pueden ser consideradas como encargados del tratamiento en el sentido del Reglamento General de Protecci\u00f3n de Datos (RGPD). <\/p>\n\n<h2 class=\"wp-block-heading\">7. Compartir datos personales con terceros<\/h2>\n\n<p>Sus datos personales solo se divulgar\u00e1n de acuerdo con esta declaraci\u00f3n de privacidad y\/o si as\u00ed lo exige la ley y\/o en virtud de una resoluci\u00f3n judicial. Weening Strafrechtadvocaten intentar\u00e1 razonablemente informarle de ello con antelaci\u00f3n, a menos que esto est\u00e9 sujeto a restricciones legales. <\/p>\n\n<p>Por \u00faltimo, los datos personales tambi\u00e9n pueden ser anonimizados y compartidos con terceros. En este caso, nunca podr\u00e1 ser identificado sobre la base de estos datos anonimizados. <\/p>\n\n<h2 class=\"wp-block-heading\">8. Transferencia fuera del (Espacio Econ\u00f3mico Europeo) EEE<\/h2>\n\n<p>A veces puede ser necesario transferir sus datos personales a partes establecidas fuera del Espacio Econ\u00f3mico Europeo (EEE). Esto puede ser necesario -dependiendo de las circunstancias del caso- en el tratamiento de su expediente por un abogado, notario o fiscalista. <\/p>\n\n<h2 class=\"wp-block-heading\">9. Sus derechos<\/h2>\n\n<p>Toda persona puede ejercer ciertos derechos en virtud de la ley con respecto a sus datos personales. Usted tiene derecho a acceder, rectificar y eliminar los datos personales. Tambi\u00e9n puede oponerse al uso de sus datos o solicitar que se limite este uso. En ciertos casos, incluso puede solicitar sus datos y llevarlos a otra parte. Para todas estas preguntas, p\u00f3ngase en contacto con nosotros a trav\u00e9s del 088 933 6464 o info@weening.net.    <\/p>\n\n<p>Para asegurarnos de que la solicitud de acceso ha sido realizada por usted, le pedimos que env\u00ede una copia de su documento de identidad junto con la solicitud. En esta copia, haga una marca negra en su foto de pasaporte, MRZ (zona de lectura mec\u00e1nica, la franja con n\u00fameros en la parte inferior del pasaporte), n\u00famero de pasaporte y n\u00famero de identificaci\u00f3n ciudadana (BSN). Esto es para proteger su privacidad. Responderemos lo antes posible, pero en un plazo de cuatro semanas, a su solicitud.   <\/p>\n\n<p>Tambi\u00e9n tiene derecho a presentar una queja ante la autoridad supervisora: Autoriteit Persoonsgegevens, Bezuidenhoutseweg 30, 2594 AV La Haya, Tel: 0900 \u2013 2001 201.<\/p>\n\n<h2 class=\"wp-block-heading\">10. Seguridad de los datos<\/h2>\n\n<p>Para proteger sus datos personales de la mejor manera posible, Weening Strafrechtadvocaten toma todas las medidas razonables para evitar la p\u00e9rdida, el uso indebido, la divulgaci\u00f3n, el acceso no autorizado o la modificaci\u00f3n de los datos personales. Tanto a nivel t\u00e9cnico como organizativo, se toman las medidas necesarias para proporcionar un nivel de seguridad suficiente. <\/p>\n\n<h2 class=\"wp-block-heading\">11. Menores de edad (ni\u00f1os menores de 16 a\u00f1os)<\/h2>\n\n<p>Weening Strafrechtadvocaten nunca recopila ni procesa conscientemente datos personales de menores de edad sin el consentimiento de un padre o tutor, que debe darse para utilizar el sitio web (m\u00f3vil), la aplicaci\u00f3n, etc. de Weening Strafrechtadvocaten y para ejercer posteriormente los derechos con respecto a los datos del menor.<\/p>\n\n<p>Si, de buena fe, se procesaran datos personales de menores de edad, Weening Strafrechtadvocaten los eliminar\u00e1 de sus archivos lo antes posible despu\u00e9s de tener conocimiento de ello.<\/p>\n\n<h2 class=\"wp-block-heading\">12. Toma de decisiones automatizada<\/h2>\n\n<p>Weening Strafrechtadvocaten no toma decisiones sobre asuntos que puedan tener consecuencias (significativas) para las personas sobre la base de tratamientos automatizados. Se trata de decisiones tomadas por programas o sistemas inform\u00e1ticos, sin que intervenga un ser humano (por ejemplo, un empleado de Weening Strafrechtadvocaten). <\/p>\n\n<p>Si despu\u00e9s de leer esta declaraci\u00f3n de privacidad todav\u00eda tiene preguntas sobre la forma en que Weening Strafrechtadvocaten gestiona los datos personales, si desea hacer uso de sus derechos mencionados en esta declaraci\u00f3n de privacidad en virtud del Reglamento General de Protecci\u00f3n de Datos (RGPD) u otras leyes y reglamentos sobre datos personales, o si desea presentar una queja sobre el uso de sus datos personales, puede ponerse en contacto con nosotros a trav\u00e9s de los siguientes <a href=\"https:\/\/www.strafrechtadvocaten.nl\/contact-strafrechtadvocaat\/\">datos de contacto<\/a>:<\/p>\n\n<h2 class=\"wp-block-heading\">13. Datos de contacto<\/h2>\n\n<p><strong>Weening Strafrechtadvocaten B.V.<\/strong><br\/>Wilhelminasingel 97, 6221 BH Maastricht<br\/>info@weening.net<br\/>088 933 6464<br\/>www.strafrechtadvocaten.nl<\/p>\n\n<p>Weening Strafrechtadvocaten se reserva el derecho de modificar esta declaraci\u00f3n de privacidad en cualquier momento. La versi\u00f3n aplicable siempre se puede encontrar en el sitio web de Weening Strafrechtadvocaten. <\/p>\n","protected":false},"excerpt":{"rendered":"<p>Weening Strafrechtadvocaten B.V. (en adelante, \u201cWeening Strafrechtadvocaten\u201d) es el responsable del tratamiento de los datos personales tal como se indica en esta declaraci\u00f3n de privacidad. Weening Strafrechtadvocaten respeta su privacidad y se asegura de que pueda confiar sus datos personales a Weening Strafrechtadvocaten. En esta declaraci\u00f3n de privacidad le informamos al respecto. Durante sus contactos [&hellip;]<\/p>\n","protected":false},"author":1,"featured_media":0,"parent":0,"menu_order":0,"comment_status":"closed","ping_status":"closed","template":"","meta":{"footnotes":""},"class_list":["post-6018","page","type-page","status-publish","hentry","temp-simpel"],"_links":{"self":[{"href":"https:\/\/www.strafrechtadvocaten.nl\/es\/wp-json\/wp\/v2\/pages\/6018","targetHints":{"allow":["GET"]}}],"collection":[{"href":"https:\/\/www.strafrechtadvocaten.nl\/es\/wp-json\/wp\/v2\/pages"}],"about":[{"href":"https:\/\/www.strafrechtadvocaten.nl\/es\/wp-json\/wp\/v2\/types\/page"}],"author":[{"embeddable":true,"href":"https:\/\/www.strafrechtadvocaten.nl\/es\/wp-json\/wp\/v2\/users\/1"}],"replies":[{"embeddable":true,"href":"https:\/\/www.strafrechtadvocaten.nl\/es\/wp-json\/wp\/v2\/comments?post=6018"}],"version-history":[{"count":1,"href":"https:\/\/www.strafrechtadvocaten.nl\/es\/wp-json\/wp\/v2\/pages\/6018\/revisions"}],"predecessor-version":[{"id":6019,"href":"https:\/\/www.strafrechtadvocaten.nl\/es\/wp-json\/wp\/v2\/pages\/6018\/revisions\/6019"}],"wp:attachment":[{"href":"https:\/\/www.strafrechtadvocaten.nl\/es\/wp-json\/wp\/v2\/media?parent=6018"}],"curies":[{"name":"wp","href":"https:\/\/api.w.org\/{rel}","templated":true}]}}