{"id":6014,"date":"2025-08-14T14:04:17","date_gmt":"2025-08-14T12:04:17","guid":{"rendered":"https:\/\/q1n54kp45c.onrocket.site\/terminos-y-condiciones\/"},"modified":"2025-08-21T16:25:46","modified_gmt":"2025-08-21T14:25:46","slug":"terminos-y-condiciones","status":"publish","type":"page","link":"https:\/\/www.strafrechtadvocaten.nl\/es\/terminos-y-condiciones\/","title":{"rendered":"T\u00e9rminos y condiciones"},"content":{"rendered":"\n<p>En estos t\u00e9rminos y condiciones generales, los siguientes t\u00e9rminos se utilizan con el siguiente significado, a menos que se indique expresamente lo contrario.<\/p>\n\n<p>\u00daltima modificaci\u00f3n el mi\u00e9rcoles 17 de noviembre de 2021.<\/p>\n\n<ol class=\"wp-block-list\">\n<li>Estos t\u00e9rminos y condiciones generales se aplican a todos los servicios de Weening strafrechtadvocaten B.V., en adelante: el bufete.<\/li>\n\n\n\n<li>Todos los encargos son aceptados y ejecutados exclusivamente por el bufete, con exclusi\u00f3n del art\u00edculo 7:404 del C\u00f3digo Civil neerland\u00e9s, incluso si la intenci\u00f3n expresa o t\u00e1cita es que un encargo sea ejecutado por una persona determinada.<\/li>\n\n\n\n<li>En derogaci\u00f3n del art. 7: 408, apartado 2, del C\u00f3digo Civil neerland\u00e9s, el bufete tiene derecho a rescindir un encargo en cualquier momento, respetando el C\u00f3digo de Conducta para Abogados, sin que ello le haga responsable de los da\u00f1os y perjuicios. Estos t\u00e9rminos y condiciones generales se extienden en beneficio de quienes trabajan para la sociedad. <\/li>\n\n\n\n<li>Toda responsabilidad del bufete se limita al importe que, en el caso de que se trate, se pague en virtud del seguro de responsabilidad profesional contratado por el bufete.<\/li>\n\n\n\n<li>El cliente exime al bufete de toda reclamaci\u00f3n de terceros (incluidos testigos y peritos), incluidos los gastos en que incurra el bufete en relaci\u00f3n con ello, que est\u00e9n relacionados de alg\u00fan modo con los trabajos realizados para el cliente. Al recurrir a terceros, el bufete consultar\u00e1 previamente con el cliente, si ello es razonablemente posible, y en cualquier caso actuar\u00e1 con la diligencia debida en la elecci\u00f3n de los terceros. El bufete no se hace responsable de las deficiencias de estos terceros. El cliente acepta que el bufete acepte cl\u00e1usulas de limitaci\u00f3n de responsabilidad.   <\/li>\n\n\n\n<li>Al finalizar los trabajos para el cliente, el bufete devolver\u00e1 por correo ordinario, en la medida de lo posible, los documentos procedentes de este cliente y los posibles documentos judiciales, y archivar\u00e1 el expediente. El bufete se reserva el derecho a destruir los expedientes archivados cinco a\u00f1os despu\u00e9s de su archivo, respetando la normativa aplicable. <\/li>\n\n\n\n<li>El bufete, respetando el Reglamento sobre la publicidad del Colegio de Abogados de los Pa\u00edses Bajos en el marco de la defensa de los intereses, es libre de cooperar en la publicidad sobre un caso sin consulta previa, respetando la privacidad del cliente. Esta libertad tambi\u00e9n existe despu\u00e9s de la finalizaci\u00f3n del caso, entendi\u00e9ndose que esto se har\u00e1 en la medida de lo posible en consulta con el cliente. En la medida en que la cooperaci\u00f3n se preste a la publicidad sin que esto tenga lugar en el marco de la defensa de los intereses, el bufete es libre de hacerlo siempre que no se perjudiquen los intereses del cliente.  <\/li>\n\n\n\n<li>El bufete es libre, si es necesario, de acordar mutuamente posibilidades de sustituci\u00f3n para actuar ante los tribunales.<\/li>\n\n\n\n<li>Las reclamaciones del cliente deben tratarse primero a trav\u00e9s del procedimiento interno de reclamaciones de Weening Strafrechtadvocaten B.V., tal como se describe en el art\u00edculo 5 del reglamento de reclamaciones de Weening Strafrechtadvocaten. Este reglamento de reclamaciones se puede encontrar <a href=\"https:\/\/www.strafrechtadvocaten.nl\/info\/klachtenregeling\/\">aqu\u00ed<\/a>. Las reclamaciones a que se refiere el art\u00edculo 1 de este reglamento de reclamaciones de la oficina que no se hayan resuelto despu\u00e9s de su tramitaci\u00f3n se presentar\u00e1n ante el Tribunal de Distrito de Limburgo, sede Maastricht, sin perjuicio de las disposiciones imperativas relativas a la competencia. Si el reclamante considera que un abogado de Weening Strafrechtadvocaten B.V. act\u00faa o ha actuado en contra del C\u00f3digo de Conducta aplicable a los abogados, el reclamante puede, si el proceso descrito en el art\u00edculo 5 del reglamento de reclamaciones no conduce a una soluci\u00f3n, presentar la reclamaci\u00f3n ante el Decano competente del Colegio de Abogados.   <\/li>\n\n\n\n<li>La relaci\u00f3n jur\u00eddica entre el bufete y sus clientes se rige por el Derecho neerland\u00e9s. S\u00f3lo el juez neerland\u00e9s ser\u00e1 competente para conocer de cualquier litigio que pueda surgir entre el bufete y un cliente. <\/li>\n\n\n\n<li>Estos t\u00e9rminos y condiciones generales tambi\u00e9n se aplican a los encargos adicionales y encargos de seguimiento del cliente.<\/li>\n<\/ol>\n\n<div class=\"wp-block-buttons is-layout-flex wp-block-buttons-is-layout-flex\">\n<div class=\"wp-block-button\"><a class=\"wp-block-button__link wp-element-button\" href=\"https:\/\/www.strafrechtadvocaten.nl\/wp-content\/uploads\/Weening-Strafrechtadvocaten-Algemen-Voorwaarden.pdf\" target=\"_blank\" rel=\"noreferrer noopener\">Descargar<\/a><\/div>\n<\/div>\n","protected":false},"excerpt":{"rendered":"<p>En estos t\u00e9rminos y condiciones generales, los siguientes t\u00e9rminos se utilizan con el siguiente significado, a menos que se indique expresamente lo contrario. \u00daltima modificaci\u00f3n el mi\u00e9rcoles 17 de noviembre de 2021.<\/p>\n","protected":false},"author":1,"featured_media":0,"parent":0,"menu_order":0,"comment_status":"closed","ping_status":"closed","template":"","meta":{"footnotes":""},"class_list":["post-6014","page","type-page","status-publish","hentry","temp-simpel"],"_links":{"self":[{"href":"https:\/\/www.strafrechtadvocaten.nl\/es\/wp-json\/wp\/v2\/pages\/6014","targetHints":{"allow":["GET"]}}],"collection":[{"href":"https:\/\/www.strafrechtadvocaten.nl\/es\/wp-json\/wp\/v2\/pages"}],"about":[{"href":"https:\/\/www.strafrechtadvocaten.nl\/es\/wp-json\/wp\/v2\/types\/page"}],"author":[{"embeddable":true,"href":"https:\/\/www.strafrechtadvocaten.nl\/es\/wp-json\/wp\/v2\/users\/1"}],"replies":[{"embeddable":true,"href":"https:\/\/www.strafrechtadvocaten.nl\/es\/wp-json\/wp\/v2\/comments?post=6014"}],"version-history":[{"count":1,"href":"https:\/\/www.strafrechtadvocaten.nl\/es\/wp-json\/wp\/v2\/pages\/6014\/revisions"}],"predecessor-version":[{"id":6015,"href":"https:\/\/www.strafrechtadvocaten.nl\/es\/wp-json\/wp\/v2\/pages\/6014\/revisions\/6015"}],"wp:attachment":[{"href":"https:\/\/www.strafrechtadvocaten.nl\/es\/wp-json\/wp\/v2\/media?parent=6014"}],"curies":[{"name":"wp","href":"https:\/\/api.w.org\/{rel}","templated":true}]}}