{"id":6100,"date":"2025-08-14T13:34:13","date_gmt":"2025-08-14T11:34:13","guid":{"rendered":"https:\/\/q1n54kp45c.onrocket.site\/strafrechtsstelle\/"},"modified":"2025-08-21T16:28:56","modified_gmt":"2025-08-21T14:28:56","slug":"strafrechtsstelle","status":"publish","type":"page","link":"https:\/\/www.strafrechtadvocaten.nl\/de\/strafrechtsstelle\/","title":{"rendered":"Strafrechtsstelle"},"content":{"rendered":"\n<p>Weening Strafrechtadvocaten ist immer auf der Suche nach engagierten, erfahrenen Strafverteidigern, die unser Team verst\u00e4rken m\u00f6chten. Wenn Sie \u00fcber au\u00dfergew\u00f6hnliche Qualit\u00e4ten verf\u00fcgen, k\u00f6nnen Sie <a href=\"https:\/\/www.strafrechtadvocaten.nl\/contact-strafrechtadvocaat\/\">Kontakt<\/a> aufnehmen. <\/p>\n\n<div class=\"wp-block-buttons is-layout-flex wp-block-buttons-is-layout-flex\">\n<div class=\"wp-block-button\"><a class=\"wp-block-button__link wp-element-button\" href=\"mailto:weening@weening.net?subject=Vacature: Strafrechtadvocaat\" target=\"_blank\" rel=\"noreferrer noopener\">Bewerben<\/a><\/div>\n<\/div>\n\n<h2 class=\"wp-block-heading\">Strafverteidigerstelle<\/h2>\n\n<p>F\u00fcr unsere landesweite Praxis mit Niederlassungen in Maastricht und Utrecht suchen wir flexible, engagierte, juristisch starke Strafverteidiger, vorzugsweise mit einer kommerziellen Einstellung.<\/p>\n\n<p>Wer sind wir? Verschiedene Pers\u00f6nlichkeiten, ein Team, eine Leidenschaft! <\/p>\n\n<ul class=\"wp-block-list\">\n<li>Wir sind ein enges, kollegiales Team, das aus Strafverteidigern und juristischen Mitarbeitern besteht, unterst\u00fctzt von erfahrenen und engagierten Sekret\u00e4rinnen;<\/li>\n\n\n\n<li>Unser Team besteht aus kompetenten Kollegen, mit denen man sich austauschen kann. W\u00e4hrend der w\u00f6chentlichen B\u00fcrobesprechung besprechen wir F\u00e4lle und Rechtsprechung, alles mit dem Ziel, uns gegenseitig auf ein h\u00f6heres Niveau zu heben; <\/li>\n\n\n\n<li>Dazu passt, dass wir die M\u00f6glichkeit zur spezifischen Spezialisierung innerhalb des Strafrechts bieten;<\/li>\n\n\n\n<li>Dar\u00fcber hinaus sind wir ein Ausbildungsb\u00fcro, was bedeutet, dass wir st\u00e4ndig auf der Suche nach jungen Talenten sind, die das Beste aus sich herausholen wollen;<\/li>\n\n\n\n<li>Wir teilen unser Wissen auch au\u00dferhalb des B\u00fcros, indem wir gut besuchte Kurse f\u00fcr Anw\u00e4lte geben;<\/li>\n\n\n\n<li>Jeder bekommt die Chance, in interessanten, aufsehenerregenden F\u00e4llen mitzuarbeiten;<\/li>\n\n\n\n<li>Um auf hohem Niveau arbeiten zu k\u00f6nnen, verf\u00fcgen wir \u00fcber die besten Einrichtungen, darunter eine komplett digitale Arbeitsumgebung und digitaler Zugang zu den wichtigsten Literatur und Rechtsprechung;<\/li>\n\n\n\n<li>Unsere Anw\u00e4lte arbeiten im Angestelltenverh\u00e4ltnis mit einer interessanten umsatzbezogenen Bonusregelung. Dar\u00fcber hinaus gilt f\u00fcr alle Anw\u00e4lte eine Altersvorsorgeregelung; <\/li>\n\n\n\n<li>Um im Strafrecht optimal arbeiten zu k\u00f6nnen, streben wir eine gute Work-Life-Balance an.<\/li>\n\n\n\n<li>Da wir an die Kraft des Teams glauben, investieren wir in das Teamgef\u00fchl durch gemeinsame Aktivit\u00e4ten. Neben dem \u00fcblichen Freitagnachmittagsumtrunk und einem j\u00e4hrlichen Grillfest besuchen wir gesellige Veranstaltungen und organisieren lustige (ausl\u00e4ndische) B\u00fcroausfl\u00fcge. Aber auch Klausurtagungen, um gemeinsam in die Tiefe zu gehen, machen uns zu dem, was wir sind.  <\/li>\n<\/ul>\n\n<p><strong>Wir sind Weening Strafrechtadvocaten!<\/strong><\/p>\n\n<div class=\"wp-block-buttons is-layout-flex wp-block-buttons-is-layout-flex\">\n<div class=\"wp-block-button\"><a class=\"wp-block-button__link wp-element-button\" href=\"mailto:weening@weening.net?subject=Vacature: Strafrechtadvocaat\" target=\"_blank\" rel=\"noreferrer noopener\">Bewerben<\/a><\/div>\n<\/div>\n\n<h2 class=\"wp-block-heading\">Stelle als studentischer Praktikant im Strafrecht<\/h2>\n\n<p>F\u00fcr hervorragende Studenten, die den Master Strafrecht absolvieren, gibt es M\u00f6glichkeiten, in unserem B\u00fcro ein Praktikum zu absolvieren.<\/p>\n\n<h2 class=\"wp-block-heading\">Bewerben<\/h2>\n\n<p>Wenn Sie sich f\u00fcr eine der beschriebenen Funktionen bewerben m\u00f6chten, senden Sie bitte Ihr Motivationsschreiben mit Lebenslauf an: <a href=\"mailto:weening@weening.net\" target=\"_blank\" rel=\"noreferrer noopener\">weening@weening.net<\/a> z.H. Serge Weening.<\/p>\n\n<div class=\"wp-block-buttons is-layout-flex wp-block-buttons-is-layout-flex\">\n<div class=\"wp-block-button\"><a class=\"wp-block-button__link wp-element-button\" href=\"https:\/\/www.strafrechtadvocaten.nl\/de\/rechtsanwalte\/serge-weening\/\" target=\"_blank\" rel=\"noreferrer noopener\">Profil Serge Weening<\/a><\/div>\n<\/div>\n","protected":false},"excerpt":{"rendered":"<p>Weening Strafrechtadvocaten ist immer auf der Suche nach engagierten, erfahrenen Strafverteidigern, die unser Team verst\u00e4rken m\u00f6chten. Wenn Sie \u00fcber au\u00dfergew\u00f6hnliche Qualit\u00e4ten verf\u00fcgen, k\u00f6nnen Sie Kontakt aufnehmen. Strafverteidigerstelle F\u00fcr unsere landesweite Praxis mit Niederlassungen in Maastricht und Utrecht suchen wir flexible, engagierte, juristisch starke Strafverteidiger, vorzugsweise mit einer kommerziellen Einstellung. Wer sind wir? Verschiedene Pers\u00f6nlichkeiten, ein [&hellip;]<\/p>\n","protected":false},"author":1,"featured_media":0,"parent":0,"menu_order":0,"comment_status":"closed","ping_status":"closed","template":"","meta":{"footnotes":""},"class_list":["post-6100","page","type-page","status-publish","hentry","temp-simpel"],"_links":{"self":[{"href":"https:\/\/www.strafrechtadvocaten.nl\/de\/wp-json\/wp\/v2\/pages\/6100","targetHints":{"allow":["GET"]}}],"collection":[{"href":"https:\/\/www.strafrechtadvocaten.nl\/de\/wp-json\/wp\/v2\/pages"}],"about":[{"href":"https:\/\/www.strafrechtadvocaten.nl\/de\/wp-json\/wp\/v2\/types\/page"}],"author":[{"embeddable":true,"href":"https:\/\/www.strafrechtadvocaten.nl\/de\/wp-json\/wp\/v2\/users\/1"}],"replies":[{"embeddable":true,"href":"https:\/\/www.strafrechtadvocaten.nl\/de\/wp-json\/wp\/v2\/comments?post=6100"}],"version-history":[{"count":1,"href":"https:\/\/www.strafrechtadvocaten.nl\/de\/wp-json\/wp\/v2\/pages\/6100\/revisions"}],"predecessor-version":[{"id":6101,"href":"https:\/\/www.strafrechtadvocaten.nl\/de\/wp-json\/wp\/v2\/pages\/6100\/revisions\/6101"}],"wp:attachment":[{"href":"https:\/\/www.strafrechtadvocaten.nl\/de\/wp-json\/wp\/v2\/media?parent=6100"}],"curies":[{"name":"wp","href":"https:\/\/api.w.org\/{rel}","templated":true}]}}