{"id":6088,"date":"2025-08-14T14:04:57","date_gmt":"2025-08-14T12:04:57","guid":{"rendered":"https:\/\/q1n54kp45c.onrocket.site\/haftungsausschluss\/"},"modified":"2025-08-21T16:28:33","modified_gmt":"2025-08-21T14:28:33","slug":"haftungsausschluss","status":"publish","type":"page","link":"https:\/\/www.strafrechtadvocaten.nl\/de\/haftungsausschluss\/","title":{"rendered":"Haftungsausschluss"},"content":{"rendered":"\n<p>Die Bedingungen dieses Haftungsausschlusses gelten f\u00fcr die Internetseite www.strafrechtadvocaten.nl von Weening Strafrechtadvocaten B.V. in Maastricht, Niederlande. Sie werden gebeten, diesen Haftungsausschluss sorgf\u00e4ltig zu lesen. Durch den Zugriff auf diese Internetseite und die Nutzung der auf oder \u00fcber diese Internetseite angebotenen Informationen erkl\u00e4ren Sie sich mit diesem Haftungsausschluss einverstanden. Im Falle eines Widerspruchs zwischen den Bedingungen spezifischer Produkte und Dienstleistungen von Weening Strafrechtadvocaten und diesem Haftungsausschluss haben die Bedingungen dieser Produkte und Dienstleistungen Vorrang.   <\/p>\n\n<h2 class=\"wp-block-heading\">1. Nutzung der Internetseite<\/h2>\n\n<p>Die auf oder \u00fcber diese Internetseite angebotenen Informationen d\u00fcrfen nicht anstelle von Beratung verwendet werden. Entscheidungen, die auf der Grundlage dieser Informationen getroffen werden, erfolgen auf eigene Rechnung und Gefahr. Obwohl Weening Strafrechtadvocaten sich bem\u00fcht, richtige, vollst\u00e4ndige und aktuelle Informationen anzubieten, gibt Weening Strafrechtadvocaten weder ausdr\u00fccklich noch stillschweigend eine Garantie daf\u00fcr, dass die auf oder \u00fcber diese Internetseite angebotenen Informationen richtig, vollst\u00e4ndig oder aktuell sind.  <\/p>\n\n<p>Beim Besuch dieser Website und\/oder der Nutzung der darauf angebotenen Informationen oder Dienste werden Sie als mit den von Weening Strafrechtadvocaten hierzu aufgestellten Websitebedingungen und der gef\u00fchrten Datenschutzerkl\u00e4rung bekannt und einverstanden betrachtet.<\/p>\n\n<p>Diese Website wurde gem\u00e4\u00df den von w3c.org verwendeten Normen und Techniken erstellt und gestaltet. F\u00fcr eine optimale Nutzung der Website empfehlen wir die neueste Version von Firefox, Chrome, Safari und\/oder Internet Explorer Webbrowser. <\/p>\n\n<h2 class=\"wp-block-heading\">2. Informationen von Dritten, Produkte und Dienstleistungen<\/h2>\n\n<p>Wenn Weening Strafrechtadvocaten Hyperlinks zu Internetseiten von Dritten anbietet, bedeutet dies nicht, dass Weening Strafrechtadvocaten die auf oder \u00fcber diese Internetseiten angebotenen Produkte oder Dienstleistungen empfiehlt. Die Nutzung solcher Hyperlinks erfolgt vollst\u00e4ndig auf eigene Gefahr. Weening Strafrechtadvocaten \u00fcbernimmt keinerlei Haftung f\u00fcr den Inhalt, die Nutzung oder die Verf\u00fcgbarkeit solcher Internetseiten. Die Wahrheitsgetreue, Richtigkeit, Angemessenheit, Zuverl\u00e4ssigkeit und Vollst\u00e4ndigkeit der Informationen auf solchen Internetseiten wurde von Weening Strafrechtadvocaten nicht \u00fcberpr\u00fcft.   <\/p>\n\n<h2 class=\"wp-block-heading\">3. Geistige Eigentumsrechte<\/h2>\n\n<p>Weening Strafrechtadvocaten (oder der Berechtigte) beh\u00e4lt alle Rechte des geistigen Eigentums in Bezug auf alle auf oder \u00fcber diese Internetseite angebotenen Informationen, einschlie\u00dflich aller Texte, grafischen Materialien und Logos. Es ist nicht gestattet, Informationen auf dieser Internetseite zu kopieren, herunterzuladen oder in irgendeiner Weise zu ver\u00f6ffentlichen, zu verbreiten oder zu vervielf\u00e4ltigen, ohne die vorherige schriftliche Zustimmung von Weening Strafrechtadvocaten oder die vorherige schriftliche Zustimmung des Berechtigten. Sie d\u00fcrfen Informationen auf dieser Internetseite jedoch f\u00fcr Ihren eigenen pers\u00f6nlichen Gebrauch ausdrucken und\/oder herunterladen.  <\/p>\n\n<h2 class=\"wp-block-heading\">4. Ausschluss der Haftung<\/h2>\n\n<p>Weening Strafrechtadvocaten \u00fcbernimmt keinerlei Haftung f\u00fcr direkte, indirekte, besondere, zuf\u00e4llige, immaterielle oder Folgesch\u00e4den (einschlie\u00dflich entgangenen Gewinns), unabh\u00e4ngig davon, ob Weening Strafrechtadvocaten auf die M\u00f6glichkeit dieser Sch\u00e4den hingewiesen wurde, die in irgendeiner Weise aus (i) Defekten, Viren oder sonstigen Unvollkommenheiten an Ger\u00e4ten und anderer Software im Zusammenhang mit dem Zugriff auf oder der Nutzung dieser Internetseite, (ii) Informationen, die auf oder \u00fcber diese Internetseite angeboten werden, (iii) dem Abfangen, \u00c4ndern oder missbr\u00e4uchlichen Verwenden von Informationen, die an Weening Strafrechtadvocaten oder Sie gesendet werden, (iv) dem Funktionieren oder der Nichtverf\u00fcgbarkeit dieser Internetseite, (v) dem Missbrauch dieser Internetseite, (vi) dem Verlust von Daten, (vii) dem Herunterladen oder Verwenden von Software, die \u00fcber diese Internetseite zur Verf\u00fcgung gestellt wird, oder (viii) Anspr\u00fcchen Dritter im Zusammenhang mit der Nutzung dieser Internetseite entstehen. Der Ausschluss der Haftung erstreckt sich auch auf die Gesch\u00e4ftsf\u00fchrer, Mitarbeiter von Weening Strafrechtadvocaten und die mit Weening Strafrechtadvocaten verbundenen juristischen Personen.         <\/p>\n\n<h2 class=\"wp-block-heading\">5. Anwendbares Recht<\/h2>\n\n<p>Auf diese Internetseite und den Haftungsausschluss findet niederl\u00e4ndisches Recht Anwendung. Alle Streitigkeiten aus oder im Zusammenhang mit diesem Haftungsausschluss werden ausschlie\u00dflich dem zust\u00e4ndigen Gericht in den Niederlanden vorgelegt. Sollten anderssprachige Versionen des Haftungsausschlusses Diskrepanzen aufweisen oder zu Interpretationsunterschieden f\u00fchren, ist die Version in niederl\u00e4ndischer Sprache ma\u00dfgebend.  <\/p>\n\n<h2 class=\"wp-block-heading\">6. \u00c4nderungen<\/h2>\n\n<p>Weening Strafrechtadvocaten beh\u00e4lt sich das Recht vor, die auf oder \u00fcber diese Internetseite angebotenen Informationen, einschlie\u00dflich des Textes dieses Haftungsausschlusses, jederzeit ohne weitere Ank\u00fcndigung zu \u00e4ndern. Es wird empfohlen, regelm\u00e4\u00dfig zu \u00fcberpr\u00fcfen, ob die auf oder \u00fcber diese Internetseite angebotenen Informationen, einschlie\u00dflich des Textes dieses Haftungsausschlusses, ge\u00e4ndert wurden. <\/p>\n\n<h2 class=\"wp-block-heading\">7. Kontakt<\/h2>\n\n<p>F\u00fcr Anmerkungen oder Fragen bzgl. dieser Website k\u00f6nnen Sie Kontakt aufnehmen mit <a href=\"mailto:info@weening.net\">info@weening.net<\/a><\/p>\n","protected":false},"excerpt":{"rendered":"<p>Die Bedingungen dieses Haftungsausschlusses gelten f\u00fcr die Internetseite www.strafrechtadvocaten.nl von Weening Strafrechtadvocaten B.V. in Maastricht, Niederlande. Sie werden gebeten, diesen Haftungsausschluss sorgf\u00e4ltig zu lesen. Durch den Zugriff auf diese Internetseite und die Nutzung der auf oder \u00fcber diese Internetseite angebotenen Informationen erkl\u00e4ren Sie sich mit diesem Haftungsausschluss einverstanden. Im Falle eines Widerspruchs zwischen den Bedingungen [&hellip;]<\/p>\n","protected":false},"author":1,"featured_media":0,"parent":0,"menu_order":0,"comment_status":"closed","ping_status":"closed","template":"","meta":{"footnotes":""},"class_list":["post-6088","page","type-page","status-publish","hentry","temp-simpel"],"_links":{"self":[{"href":"https:\/\/www.strafrechtadvocaten.nl\/de\/wp-json\/wp\/v2\/pages\/6088","targetHints":{"allow":["GET"]}}],"collection":[{"href":"https:\/\/www.strafrechtadvocaten.nl\/de\/wp-json\/wp\/v2\/pages"}],"about":[{"href":"https:\/\/www.strafrechtadvocaten.nl\/de\/wp-json\/wp\/v2\/types\/page"}],"author":[{"embeddable":true,"href":"https:\/\/www.strafrechtadvocaten.nl\/de\/wp-json\/wp\/v2\/users\/1"}],"replies":[{"embeddable":true,"href":"https:\/\/www.strafrechtadvocaten.nl\/de\/wp-json\/wp\/v2\/comments?post=6088"}],"version-history":[{"count":1,"href":"https:\/\/www.strafrechtadvocaten.nl\/de\/wp-json\/wp\/v2\/pages\/6088\/revisions"}],"predecessor-version":[{"id":6089,"href":"https:\/\/www.strafrechtadvocaten.nl\/de\/wp-json\/wp\/v2\/pages\/6088\/revisions\/6089"}],"wp:attachment":[{"href":"https:\/\/www.strafrechtadvocaten.nl\/de\/wp-json\/wp\/v2\/media?parent=6088"}],"curies":[{"name":"wp","href":"https:\/\/api.w.org\/{rel}","templated":true}]}}