{"id":6050,"date":"2025-08-14T13:40:22","date_gmt":"2025-08-14T11:40:22","guid":{"rendered":"https:\/\/q1n54kp45c.onrocket.site\/tarife\/"},"modified":"2026-02-06T13:30:52","modified_gmt":"2026-02-06T12:30:52","slug":"tarife","status":"publish","type":"page","link":"https:\/\/www.strafrechtadvocaten.nl\/de\/tarife\/","title":{"rendered":"Tarife"},"content":{"rendered":"\t\t<div data-elementor-type=\"wp-page\" data-elementor-id=\"6050\" class=\"elementor elementor-6050 elementor-2846\" data-elementor-post-type=\"page\">\n\t\t\t\t<div class=\"elementor-element elementor-element-95d6098 e-con-full e-flex e-con e-parent\" data-id=\"95d6098\" data-element_type=\"container\" data-e-type=\"container\">\n\t\t<div class=\"elementor-element elementor-element-4a4b0db e-con-full e-flex e-con e-child\" data-id=\"4a4b0db\" data-element_type=\"container\" data-e-type=\"container\">\n\t\t\t\t<div class=\"elementor-element elementor-element-9185969 elementor-widget elementor-widget-heading\" data-id=\"9185969\" data-element_type=\"widget\" data-e-type=\"widget\" data-widget_type=\"heading.default\">\n\t\t\t\t\t<h1 class=\"elementor-heading-title elementor-size-default\">Tarife<\/h1>\t\t\t\t<\/div>\n\t\t\t\t<div class=\"elementor-element elementor-element-bbbd30c elementor-widget elementor-widget-text-editor\" data-id=\"bbbd30c\" data-element_type=\"widget\" data-e-type=\"widget\" data-widget_type=\"text-editor.default\">\n\t\t\t\t\t\t\t\t\t<p>Unsere Tarife sind abh\u00e4ngig von Art und Umfang des Strafverfahrens. Hierbei kann an folgende M\u00f6glichkeiten gedacht werden: <\/p>\t\t\t\t\t\t\t\t<\/div>\n\t\t\t\t<div class=\"elementor-element elementor-element-80cb375 elementor-widget elementor-widget-heading\" data-id=\"80cb375\" data-element_type=\"widget\" data-e-type=\"widget\" data-widget_type=\"heading.default\">\n\t\t\t\t\t<h2 class=\"elementor-heading-title elementor-size-default\">Zusatz<\/h2>\t\t\t\t<\/div>\n\t\t\t\t<div class=\"elementor-element elementor-element-11642e5 elementor-widget elementor-widget-text-editor\" data-id=\"11642e5\" data-element_type=\"widget\" data-e-type=\"widget\" data-widget_type=\"text-editor.default\">\n\t\t\t\t\t\t\t\t\t<p>Wenn Ihr Einkommen unter eine bestimmte <a title=\"Einkommensgrenze\" href=\"https:\/\/www.rechtsbijstand.nl\/over-mediation-en-rechtsbijstand\/hoeveel-moet-ik-zelf-betalen\/inkomensnormen\" target=\"_blank\" rel=\"noopener nofollow\">Einkommensgrenze<\/a> f\u00e4llt oder wenn Ihre Untersuchungshaft angeordnet wurde, k\u00f6nnen Sie f\u00fcr die Beiordnung eines Anwalts in Frage kommen. Im Volksmund wird diese finanzierte Rechtsberatung auch als Pro-Bono-Anwalt bezeichnet. Gerne informieren wir Sie \u00fcber die M\u00f6glichkeiten.<\/p>\t\t\t\t\t\t\t\t<\/div>\n\t\t\t\t<div class=\"elementor-element elementor-element-a930348 elementor-widget-divider--view-line elementor-widget elementor-widget-divider\" data-id=\"a930348\" data-element_type=\"widget\" data-e-type=\"widget\" data-widget_type=\"divider.default\">\n\t\t\t\t\t\t\t<div class=\"elementor-divider\">\n\t\t\t<span class=\"elementor-divider-separator\">\n\t\t\t\t\t\t<\/span>\n\t\t<\/div>\n\t\t\t\t\t\t<\/div>\n\t\t\t\t<div class=\"elementor-element elementor-element-83426fb elementor-widget elementor-widget-heading\" data-id=\"83426fb\" data-element_type=\"widget\" data-e-type=\"widget\" data-widget_type=\"heading.default\">\n\t\t\t\t\t<h2 class=\"elementor-heading-title elementor-size-default\">Stundensatz<\/h2>\t\t\t\t<\/div>\n\t\t\t\t<div class=\"elementor-element elementor-element-175e19b elementor-widget elementor-widget-text-editor\" data-id=\"175e19b\" data-element_type=\"widget\" data-e-type=\"widget\" data-widget_type=\"text-editor.default\">\n\t\t\t\t\t\t\t\t\t<p>Sie zahlen (jeweils) einen Vorschuss, und die Abrechnung erfolgt auf der Grundlage eines Stundensatzes, der grunds\u00e4tzlich zwischen 200,- \u20ac und 500,- \u20ac zuz\u00fcglich Mehrwertsteuer variiert.<\/p>\t\t\t\t\t\t\t\t<\/div>\n\t\t\t\t<div class=\"elementor-element elementor-element-f784618 elementor-widget-divider--view-line elementor-widget elementor-widget-divider\" data-id=\"f784618\" data-element_type=\"widget\" data-e-type=\"widget\" data-widget_type=\"divider.default\">\n\t\t\t\t\t\t\t<div class=\"elementor-divider\">\n\t\t\t<span class=\"elementor-divider-separator\">\n\t\t\t\t\t\t<\/span>\n\t\t<\/div>\n\t\t\t\t\t\t<\/div>\n\t\t\t\t<div class=\"elementor-element elementor-element-6d63948 elementor-widget elementor-widget-heading\" data-id=\"6d63948\" data-element_type=\"widget\" data-e-type=\"widget\" data-widget_type=\"heading.default\">\n\t\t\t\t\t<h2 class=\"elementor-heading-title elementor-size-default\">Feste Preisvereinbarung<\/h2>\t\t\t\t<\/div>\n\t\t\t\t<div class=\"elementor-element elementor-element-9b6efed elementor-widget elementor-widget-text-editor\" data-id=\"9b6efed\" data-element_type=\"widget\" data-e-type=\"widget\" data-widget_type=\"text-editor.default\">\n\t\t\t\t\t\t\t\t\t<p>Sie zahlen im Voraus einen Festbetrag, der alle Arbeiten abdeckt. Sie haben dann keine Unsicherheit \u00fcber die H\u00f6he des letztendlich geschuldeten Honorars. F\u00fcr einen <a title=\"Polizeirichtersache\" href=\"https:\/\/www.strafrechtadvocaten.nl\/de\/fachgebiete\/strafrichter\/\">Polizeirichtersaal<\/a> verwenden wir grunds\u00e4tzlich einen festen Tarif ab 1000,- \u20ac zuz\u00fcglich Mehrwertsteuer und ohne Reisezeit. F\u00fcr einen <a title=\"Strafsache\" href=\"https:\/\/www.strafzaak.nl\/\" target=\"_blank\" rel=\"noopener\">Strafprozess<\/a> vor der <a title=\"Gro\u00dfe Strafkammer\" href=\"https:\/\/www.strafrechtadvocaten.nl\/de\/fachgebiete\/mehrfachstrafkammer\/\">Strafkammer<\/a> vereinbaren wir gerne eine passende Preisvereinbarung mit Ihnen.   <\/p>\t\t\t\t\t\t\t\t<\/div>\n\t\t\t\t<div class=\"elementor-element elementor-element-156ed31 elementor-widget-divider--view-line elementor-widget elementor-widget-divider\" data-id=\"156ed31\" data-element_type=\"widget\" data-e-type=\"widget\" data-widget_type=\"divider.default\">\n\t\t\t\t\t\t\t<div class=\"elementor-divider\">\n\t\t\t<span class=\"elementor-divider-separator\">\n\t\t\t\t\t\t<\/span>\n\t\t<\/div>\n\t\t\t\t\t\t<\/div>\n\t\t\t\t<div class=\"elementor-element elementor-element-532e94f elementor-widget elementor-widget-heading\" data-id=\"532e94f\" data-element_type=\"widget\" data-e-type=\"widget\" data-widget_type=\"heading.default\">\n\t\t\t\t\t<h2 class=\"elementor-heading-title elementor-size-default\">Ergebnisabh\u00e4ngiger Stundensatz<\/h2>\t\t\t\t<\/div>\n\t\t\t\t<div class=\"elementor-element elementor-element-61de790 elementor-widget elementor-widget-text-editor\" data-id=\"61de790\" data-element_type=\"widget\" data-e-type=\"widget\" data-widget_type=\"text-editor.default\">\n\t\t\t\t\t\t\t\t\t<p>Sie vereinbaren mit dem <a href=\"\/advocaten\">Anwalt<\/a> ein Honorar f\u00fcr ein g\u00fcnstiges Ergebnis und ein niedrigeres Honorar, falls das Ergebnis entt\u00e4uschend sein sollte. Bitte beachten Sie: Dies ist keine \u201eNo Cure, No Pay\u201c-Vereinbarung.<\/p>\t\t\t\t\t\t\t\t<\/div>\n\t\t\t\t<div class=\"elementor-element elementor-element-2cab353 elementor-widget elementor-widget-button\" data-id=\"2cab353\" data-element_type=\"widget\" data-e-type=\"widget\" data-widget_type=\"button.default\">\n\t\t\t\t\t\t\t\t\t\t<a class=\"elementor-button elementor-button-link elementor-size-sm\" href=\"https:\/\/www.strafrechtadvocaten.nl\/de\/kontakt-strafverteidiger\/\">\n\t\t\t\t\t\t<span class=\"elementor-button-content-wrapper\">\n\t\t\t\t\t\t\t\t\t<span class=\"elementor-button-text\">Kontaktiere uns<\/span>\n\t\t\t\t\t<\/span>\n\t\t\t\t\t<\/a>\n\t\t\t\t\t\t\t\t<\/div>\n\t\t\t\t<\/div>\n\t\t<div class=\"elementor-element elementor-element-f3cf75b e-con-full e-flex e-con e-child\" data-id=\"f3cf75b\" data-element_type=\"container\" data-e-type=\"container\" data-settings=\"{&quot;background_background&quot;:&quot;classic&quot;}\">\n\t\t\t\t<\/div>\n\t\t\t\t<\/div>\n\t\t<div class=\"elementor-element elementor-element-3029722 e-flex e-con-boxed e-con e-parent\" data-id=\"3029722\" data-element_type=\"container\" data-e-type=\"container\" data-settings=\"{&quot;background_background&quot;:&quot;classic&quot;}\">\n\t\t\t\t\t<div class=\"e-con-inner\">\n\t\t\t\t<div class=\"elementor-element elementor-element-50c2f6c elementor-widget-tablet__width-initial elementor-widget elementor-widget-heading\" data-id=\"50c2f6c\" data-element_type=\"widget\" data-e-type=\"widget\" data-widget_type=\"heading.default\">\n\t\t\t\t\t<h3 class=\"elementor-heading-title elementor-size-default\">Wir arbeiten auch auf Basis von High Trust, der wichtigsten Basis f\u00fcr die Zusammenarbeit zwischen Rat und Rechtsbeistandsdienstleistern.<\/h3>\t\t\t\t<\/div>\n\t\t\t\t<div class=\"elementor-element elementor-element-61120d7 elementor-widget__width-initial elementor-widget elementor-widget-image\" data-id=\"61120d7\" data-element_type=\"widget\" data-e-type=\"widget\" data-widget_type=\"image.default\">\n\t\t\t\t\t\t\t\t\t\t\t\t\t\t\t\t<a href=\"https:\/\/www.rvr.org\/advocaten\/ingeschreven\/high-trust\/\" target=\"_blank\" rel=\"noopener\">\n\t\t\t\t\t\t\t<img decoding=\"async\" width=\"370\" height=\"100\" src=\"https:\/\/www.strafrechtadvocaten.nl\/wp-content\/uploads\/high-trust-logo.png\" class=\"attachment-large size-large wp-image-4677\" alt=\"\" srcset=\"https:\/\/www.strafrechtadvocaten.nl\/wp-content\/uploads\/high-trust-logo.png 370w, https:\/\/www.strafrechtadvocaten.nl\/wp-content\/uploads\/high-trust-logo-300x81.png 300w\" sizes=\"(max-width: 370px) 100vw, 370px\" \/>\t\t\t\t\t\t\t\t<\/a>\n\t\t\t\t\t\t\t\t\t\t\t\t\t\t\t<\/div>\n\t\t\t\t\t<\/div>\n\t\t\t\t<\/div>\n\t\t\t\t<\/div>\n\t\t","protected":false},"excerpt":{"rendered":"<p>Tarife Unsere Tarife sind abh\u00e4ngig von Art und Umfang des Strafverfahrens. Hierbei kann an folgende M\u00f6glichkeiten gedacht werden: Zusatz Wenn Ihr Einkommen unter eine bestimmte Einkommensgrenze f\u00e4llt oder wenn Ihre Untersuchungshaft angeordnet wurde, k\u00f6nnen Sie f\u00fcr die Beiordnung eines Anwalts in Frage kommen. Im Volksmund wird diese finanzierte Rechtsberatung auch als Pro-Bono-Anwalt bezeichnet. Gerne informieren [&hellip;]<\/p>\n","protected":false},"author":1,"featured_media":0,"parent":0,"menu_order":0,"comment_status":"closed","ping_status":"closed","template":"","meta":{"footnotes":""},"class_list":["post-6050","page","type-page","status-publish","hentry"],"_links":{"self":[{"href":"https:\/\/www.strafrechtadvocaten.nl\/de\/wp-json\/wp\/v2\/pages\/6050","targetHints":{"allow":["GET"]}}],"collection":[{"href":"https:\/\/www.strafrechtadvocaten.nl\/de\/wp-json\/wp\/v2\/pages"}],"about":[{"href":"https:\/\/www.strafrechtadvocaten.nl\/de\/wp-json\/wp\/v2\/types\/page"}],"author":[{"embeddable":true,"href":"https:\/\/www.strafrechtadvocaten.nl\/de\/wp-json\/wp\/v2\/users\/1"}],"replies":[{"embeddable":true,"href":"https:\/\/www.strafrechtadvocaten.nl\/de\/wp-json\/wp\/v2\/comments?post=6050"}],"version-history":[{"count":3,"href":"https:\/\/www.strafrechtadvocaten.nl\/de\/wp-json\/wp\/v2\/pages\/6050\/revisions"}],"predecessor-version":[{"id":8585,"href":"https:\/\/www.strafrechtadvocaten.nl\/de\/wp-json\/wp\/v2\/pages\/6050\/revisions\/8585"}],"wp:attachment":[{"href":"https:\/\/www.strafrechtadvocaten.nl\/de\/wp-json\/wp\/v2\/media?parent=6050"}],"curies":[{"name":"wp","href":"https:\/\/api.w.org\/{rel}","templated":true}]}}