{"id":6042,"date":"2025-08-14T13:40:41","date_gmt":"2025-08-14T11:40:41","guid":{"rendered":"https:\/\/q1n54kp45c.onrocket.site\/kassationsabteilung\/"},"modified":"2025-08-21T16:26:59","modified_gmt":"2025-08-21T14:26:59","slug":"kassationsabteilung","status":"publish","type":"page","link":"https:\/\/www.strafrechtadvocaten.nl\/de\/kassationsabteilung\/","title":{"rendered":"Kassationsabteilung"},"content":{"rendered":"\n<p>Lassen Sie Ihren Strafprozess von unserem Team von Kassationsspezialisten noch einmal kritisch pr\u00fcfen.<br\/>Wenn etwas drin ist, holen wir es raus!<\/p>\n\n<p>Weening Strafrechtadvocaten ist die einzige Anwaltskanzlei in den Niederlanden mit einer Kassationsabteilung: eine Abteilung, in der sich unsere spezialisierten Kassationsanw\u00e4lte mit Kassationsf\u00e4llen vor dem Hohen Rat befassen. Wir bearbeiten nur Kassationsf\u00e4lle im Strafrecht. <\/p>\n\n<p>Wenn Sie Ihren Fall bei unserer Kassationsabteilung anmelden, wird er von einem unserer Spezialisten gr\u00fcndlich gepr\u00fcft. So erhalten Sie einen kompetenten, realistischen und zuverl\u00e4ssigen Blick auf Ihren Fall. Danach wird Ihr Fall innerhalb des Teams von Kassationsanw\u00e4lten besprochen. Auf diese Weise wird Ihr Fall aus verschiedenen Blickwinkeln beleuchtet. Wenn sich Ihr Fall unserer Einsch\u00e4tzung nach f\u00fcr die Einreichung von Kassationsbeschwerden eignet, werden diese Beschwerden von zwei auf Kassation spezialisierten Anw\u00e4lten verfasst. Beide Anw\u00e4lte werden gemeinsam das bestm\u00f6gliche Ergebnis aus Ihrem Fall herausholen.     <\/p>\n\n<p>Lesen Sie auch: <a href=\"https:\/\/www.strafrechtadvocaten.nl\/expertise\/cassatie-bij-de-hoge-raad\/\">Kassation beim Hohen Rat \u00bb<\/a><\/p>\n\n<p>Einzigartig an der Kassationsabteilung ist, dass wir zu einem Festpreis pr\u00fcfen, ob sich Ihr Strafverfahren f\u00fcr die Einreichung einer Kassationsschrift beim Hohen Rat eignet. Dar\u00fcber hinaus beraten sich die Anw\u00e4lte der Kassationsabteilung w\u00f6chentlich \u00fcber laufende F\u00e4lle, sodass Ihr Fall stets die Aufmerksamkeit eines kompletten Teams von Kassationsspezialisten erh\u00e4lt. Au\u00dferdem sind sie \u00fcber die neuesten Entwicklungen im Bereich Gesetzgebung und Rechtsprechung informiert. Zwei Anw\u00e4lte der Kassationsabteilung sind Mitglied des f\u00fchrenden Verbands von Kassationsspezialisten in den Niederlanden: der <a href=\"https:\/\/www.vcas.nl\/\" target=\"_blank\" rel=\"noreferrer noopener\">VCAS<\/a>. Unsere Kassationsanw\u00e4lte haben in ihrer jahrelangen Erfahrung bereits zahlreiche erfolgreiche Kassationsbeschwerden eingereicht.    <\/p>\n\n<h2 class=\"wp-block-heading\">Verd\u00e4chtiger?<\/h2>\n\n<p>Sind Sie mit einem Urteil des Strafrichters nicht einverstanden und m\u00f6chten Sie Kassationsbeschwerde einlegen? Schalten Sie dann unsere Kassationsabteilung ein. Wir pr\u00fcfen f\u00fcr Sie die M\u00f6glichkeiten in der Kassationsphase. Ein erstes Aufnahmegespr\u00e4ch ist selbstverst\u00e4ndlich unverbindlich und kostenlos.   <\/p>\n\n<h2 class=\"wp-block-heading\">Auch f\u00fcr Anw\u00e4lte!<\/h2>\n\n<p>Sind Sie selbst Anwalt und haben Sie einen Mandanten, der gerne Kassationsbeschwerde einlegen m\u00f6chte, Sie selbst aber keine Kassationsf\u00e4lle bearbeiten? Schalten Sie dann unsere spezialisierte Kassationsabteilung ein! Sie pr\u00fcfen f\u00fcr Ihren Mandanten die M\u00f6glichkeiten in der Kassationsphase. Sollte eine R\u00fcck(ver)weisung an eine Tatsacheninstanz erfolgen, k\u00f6nnen Sie den Fall selbstverst\u00e4ndlich wieder selbst \u00fcbernehmen. Dar\u00fcber werden mit Ihnen und mit dem Mandanten im Voraus klare Vereinbarungen getroffen.    <\/p>\n\n<p>Wenn Sie uns regelm\u00e4\u00dfig Strafsachen zuweisen, ist es m\u00f6glich, eine f\u00fcr Sie g\u00fcnstige Regelung mit uns zu treffen. F\u00fcr weitere Informationen wenden Sie sich bitte an <a href=\"https:\/\/www.strafrechtadvocaten.nl\/advocaten\/erik-maessen\/\">Erik Maessen<\/a>. <\/p>\n\n<h2 class=\"wp-block-heading\">Kosten Kassationsabteilung<\/h2>\n\n<p>Selbstverst\u00e4ndlich steht unsere Kassationsabteilung Verd\u00e4chtigen auf der Grundlage einer Beiordnung zur Seite. Im Volksmund wird dies auch als \u201ePro-Bono\u201c bezeichnet. Wenn Sie hierf\u00fcr in Frage kommen, sind Sie lediglich einen Eigenbeitrag schuldig. Die \u00fcbrigen Kosten werden f\u00fcr Sie vom Rechtsbeistandsrat \u00fcbernommen.   <\/p>\n\n<p>Kommen Sie f\u00fcr eine Beiordnung nicht in Frage? Dann k\u00f6nnen wir Ihnen ein attraktives Festpreis von 750,- \u20ac exkl. MwSt. f\u00fcr die Arbeiten der Kassationsabteilung anbieten. F\u00fcr diesen Preis tauchen wir in Ihre Strafakte ein und pr\u00fcfen wir alle M\u00f6glichkeiten in der Kassationsphase. Sollten nach unserer professionellen Einsch\u00e4tzung M\u00f6glichkeiten bestehen, Kassationsbeschwerden einzureichen, werden wir Sie diesbez\u00fcglich kontaktieren. Wir werden dann eine zus\u00e4tzliche Preisvereinbarung mit Ihnen treffen, in der der bereits gezahlte Betrag von 750,- \u20ac selbstverst\u00e4ndlich verrechnet wird.     <\/p>\n","protected":false},"excerpt":{"rendered":"<p>Lassen Sie Ihren Strafprozess von unserem Team von Kassationsspezialisten noch einmal kritisch pr\u00fcfen.Wenn etwas drin ist, holen wir es raus! Weening Strafrechtadvocaten ist die einzige Anwaltskanzlei in den Niederlanden mit einer Kassationsabteilung: eine Abteilung, in der sich unsere spezialisierten Kassationsanw\u00e4lte mit Kassationsf\u00e4llen vor dem Hohen Rat befassen. Wir bearbeiten nur Kassationsf\u00e4lle im Strafrecht. Wenn Sie [&hellip;]<\/p>\n","protected":false},"author":1,"featured_media":0,"parent":0,"menu_order":0,"comment_status":"closed","ping_status":"closed","template":"","meta":{"footnotes":""},"class_list":["post-6042","page","type-page","status-publish","hentry","temp-sidebar"],"_links":{"self":[{"href":"https:\/\/www.strafrechtadvocaten.nl\/de\/wp-json\/wp\/v2\/pages\/6042","targetHints":{"allow":["GET"]}}],"collection":[{"href":"https:\/\/www.strafrechtadvocaten.nl\/de\/wp-json\/wp\/v2\/pages"}],"about":[{"href":"https:\/\/www.strafrechtadvocaten.nl\/de\/wp-json\/wp\/v2\/types\/page"}],"author":[{"embeddable":true,"href":"https:\/\/www.strafrechtadvocaten.nl\/de\/wp-json\/wp\/v2\/users\/1"}],"replies":[{"embeddable":true,"href":"https:\/\/www.strafrechtadvocaten.nl\/de\/wp-json\/wp\/v2\/comments?post=6042"}],"version-history":[{"count":1,"href":"https:\/\/www.strafrechtadvocaten.nl\/de\/wp-json\/wp\/v2\/pages\/6042\/revisions"}],"predecessor-version":[{"id":6043,"href":"https:\/\/www.strafrechtadvocaten.nl\/de\/wp-json\/wp\/v2\/pages\/6042\/revisions\/6043"}],"wp:attachment":[{"href":"https:\/\/www.strafrechtadvocaten.nl\/de\/wp-json\/wp\/v2\/media?parent=6042"}],"curies":[{"name":"wp","href":"https:\/\/api.w.org\/{rel}","templated":true}]}}