{"id":6020,"date":"2025-08-14T14:04:17","date_gmt":"2025-08-14T12:04:17","guid":{"rendered":"https:\/\/q1n54kp45c.onrocket.site\/allgemeine-geschaeftsbedingungen\/"},"modified":"2025-08-21T16:26:06","modified_gmt":"2025-08-21T14:26:06","slug":"allgemeine-geschaeftsbedingungen","status":"publish","type":"page","link":"https:\/\/www.strafrechtadvocaten.nl\/de\/allgemeine-geschaeftsbedingungen\/","title":{"rendered":"Allgemeine Gesch\u00e4ftsbedingungen"},"content":{"rendered":"\n<p>In diesen Allgemeinen Gesch\u00e4ftsbedingungen werden die nachstehenden Begriffe in der folgenden Bedeutung verwendet, sofern nicht ausdr\u00fccklich anders angegeben.<\/p>\n\n<p>Letzte \u00c4nderung am Mittwoch, 17. November 2021.<\/p>\n\n<ol class=\"wp-block-list\">\n<li>Diese Allgemeinen Gesch\u00e4ftsbedingungen gelten f\u00fcr alle Dienstleistungen von Weening strafrechtadvocaten B.V., im Folgenden: die Kanzlei.<\/li>\n\n\n\n<li>Alle Auftr\u00e4ge werden unter Au\u00dferachtlassung von Artikel 7:404 BW ausschlie\u00dflich von der Kanzlei angenommen und ausgef\u00fchrt, auch wenn es die ausdr\u00fcckliche oder stillschweigende Absicht ist, dass ein Auftrag von einer bestimmten Person ausgef\u00fchrt wird.<\/li>\n\n\n\n<li>Abweichend von Art. 7: 408 Absatz 2 BW ist die Kanzlei berechtigt, unter Beachtung der Verhaltensregeln f\u00fcr Anw\u00e4lte, einen Auftrag jederzeit zu beenden, ohne dass sie dadurch schadensersatzpflichtig wird. Diese Allgemeinen Gesch\u00e4ftsbedingungen gelten zugunsten derjenigen, die f\u00fcr die Soziet\u00e4t t\u00e4tig sind. <\/li>\n\n\n\n<li>Jede Haftung der Kanzlei ist auf den Betrag beschr\u00e4nkt, der im jeweiligen Fall aufgrund der von der Kanzlei abgeschlossenen Berufshaftpflichtversicherung ausgezahlt wird.<\/li>\n\n\n\n<li>Der Mandant stellt die Kanzlei von allen Anspr\u00fcchen Dritter (einschlie\u00dflich Zeugen und Sachverst\u00e4ndigen) frei, einschlie\u00dflich der von der Kanzlei in diesem Zusammenhang zu tragenden Kosten, die in irgendeiner Weise mit den f\u00fcr den Mandanten erbrachten Leistungen zusammenh\u00e4ngen. Die Kanzlei wird bei der Einschaltung Dritter, sofern dies zumutbar ist, im Voraus R\u00fccksprache mit dem Mandanten halten und in jedem Fall bei der Auswahl Dritter die erforderliche Sorgfalt walten lassen. Die Kanzlei haftet nicht f\u00fcr M\u00e4ngel dieser Dritten. Der Mandant erkl\u00e4rt sich damit einverstanden, dass die Kanzlei Haftungsbeschr\u00e4nkungen akzeptiert.   <\/li>\n\n\n\n<li>Die Kanzlei wird bei Beendigung der T\u00e4tigkeit f\u00fcr den Mandanten so weit wie m\u00f6glich die von diesem Mandanten stammenden Unterlagen und eventuelle gerichtliche Unterlagen per Post zur\u00fccksenden und die Akte archivieren. Die Kanzlei beh\u00e4lt sich das Recht vor, archivierte Akten unter Beachtung der daf\u00fcr geltenden Bestimmungen f\u00fcnf Jahre nach Archivierung zu vernichten. <\/li>\n\n\n\n<li>Die Kanzlei ist unter Beachtung der Verordnung \u00fcber die Werbung der niederl\u00e4ndischen Anwaltskammer im Rahmen der Interessenvertretung frei, ohne weitere R\u00fccksprache unter Beachtung der Privatsph\u00e4re des Mandanten an der Publizit\u00e4t \u00fcber eine Sache mitzuwirken. Auch nach Beendigung der Sache besteht diese Freiheit mit der Ma\u00dfgabe, dass dies so weit wie m\u00f6glich in Absprache mit dem Mandanten geschieht. Soweit die Mitwirkung an der Publizit\u00e4t ohne dies im Rahmen der Interessenvertretung geschieht, ist die Kanzlei hierin frei, sofern das Interesse des Mandanten nicht beeintr\u00e4chtigt wird.  <\/li>\n\n\n\n<li>Die Kanzlei ist, falls erforderlich, frei, untereinander Vertretungsm\u00f6glichkeiten f\u00fcr das Auftreten vor Gericht zu treffen.<\/li>\n\n\n\n<li>Beschwerden des Mandanten sind zun\u00e4chst \u00fcber das interne Beschwerdeverfahren von Weening Strafrechtadvocaten B.V. zu behandeln, wie in Artikel 5 der Beschwerdeordnung von Weening Strafrechtadvocaten beschrieben. Diese Beschwerdeordnung finden Sie <a href=\"https:\/\/www.strafrechtadvocaten.nl\/info\/klachtenregeling\/\">hier<\/a>. Beschwerden im Sinne von Artikel 1 dieser Kanzleibeschwerdeordnung, die nach Behandlung nicht gel\u00f6st wurden, werden dem Gericht Limburg, Standort Maastricht, vorgelegt, vorbehaltlich zwingender Bestimmungen \u00fcber die Zust\u00e4ndigkeit. Wenn der Beschwerdef\u00fchrer der Ansicht ist, dass ein Anwalt von Weening Strafrechtadvocaten B.V. gegen die f\u00fcr Anw\u00e4lte geltenden Verhaltensregeln verst\u00f6\u00dft oder versto\u00dfen hat, kann der Beschwerdef\u00fchrer, wenn das in Artikel 5 der Beschwerdeordnung beschriebene Verfahren nicht zu einer L\u00f6sung f\u00fchrt, die Beschwerde bei dem zust\u00e4ndigen Dekan der Anwaltskammer einreichen.   <\/li>\n\n\n\n<li>Das Rechtsverh\u00e4ltnis zwischen der Kanzlei und ihren Auftraggebern unterliegt niederl\u00e4ndischem Recht. Allein der niederl\u00e4ndische Richter ist zust\u00e4ndig, \u00fcber Streitigkeiten zu entscheiden, die zwischen der Kanzlei und einem Mandanten entstehen k\u00f6nnten. <\/li>\n\n\n\n<li>Diese Allgemeinen Gesch\u00e4ftsbedingungen gelten auch f\u00fcr zus\u00e4tzliche Auftr\u00e4ge und Folgeauftr\u00e4ge des Mandanten.<\/li>\n<\/ol>\n\n<div class=\"wp-block-buttons is-layout-flex wp-block-buttons-is-layout-flex\">\n<div class=\"wp-block-button\"><a class=\"wp-block-button__link wp-element-button\" href=\"https:\/\/www.strafrechtadvocaten.nl\/wp-content\/uploads\/Weening-Strafrechtadvocaten-Algemen-Voorwaarden.pdf\" target=\"_blank\" rel=\"noreferrer noopener\">Herunterladen<\/a><\/div>\n<\/div>\n","protected":false},"excerpt":{"rendered":"<p>In diesen Allgemeinen Gesch\u00e4ftsbedingungen werden die nachstehenden Begriffe in der folgenden Bedeutung verwendet, sofern nicht ausdr\u00fccklich anders angegeben. Letzte \u00c4nderung am Mittwoch, 17. November 2021.<\/p>\n","protected":false},"author":1,"featured_media":0,"parent":0,"menu_order":0,"comment_status":"closed","ping_status":"closed","template":"","meta":{"footnotes":""},"class_list":["post-6020","page","type-page","status-publish","hentry","temp-simpel"],"_links":{"self":[{"href":"https:\/\/www.strafrechtadvocaten.nl\/de\/wp-json\/wp\/v2\/pages\/6020","targetHints":{"allow":["GET"]}}],"collection":[{"href":"https:\/\/www.strafrechtadvocaten.nl\/de\/wp-json\/wp\/v2\/pages"}],"about":[{"href":"https:\/\/www.strafrechtadvocaten.nl\/de\/wp-json\/wp\/v2\/types\/page"}],"author":[{"embeddable":true,"href":"https:\/\/www.strafrechtadvocaten.nl\/de\/wp-json\/wp\/v2\/users\/1"}],"replies":[{"embeddable":true,"href":"https:\/\/www.strafrechtadvocaten.nl\/de\/wp-json\/wp\/v2\/comments?post=6020"}],"version-history":[{"count":1,"href":"https:\/\/www.strafrechtadvocaten.nl\/de\/wp-json\/wp\/v2\/pages\/6020\/revisions"}],"predecessor-version":[{"id":6021,"href":"https:\/\/www.strafrechtadvocaten.nl\/de\/wp-json\/wp\/v2\/pages\/6020\/revisions\/6021"}],"wp:attachment":[{"href":"https:\/\/www.strafrechtadvocaten.nl\/de\/wp-json\/wp\/v2\/media?parent=6020"}],"curies":[{"name":"wp","href":"https:\/\/api.w.org\/{rel}","templated":true}]}}