{"id":6010,"date":"2025-08-14T14:04:44","date_gmt":"2025-08-14T12:04:44","guid":{"rendered":"https:\/\/q1n54kp45c.onrocket.site\/datenschutzerklaerung\/"},"modified":"2025-08-21T16:25:37","modified_gmt":"2025-08-21T14:25:37","slug":"datenschutzerklaerung","status":"publish","type":"page","link":"https:\/\/www.strafrechtadvocaten.nl\/de\/datenschutzerklaerung\/","title":{"rendered":"Datenschutzerkl\u00e4rung"},"content":{"rendered":"\n<p>Weening Strafrechtadvocaten B.V. (im Folgenden \u201eWeening Strafrechtadvocaten\u201c genannt) ist der Verantwortliche f\u00fcr die Verarbeitung von personenbezogenen Daten, wie in dieser Datenschutzerkl\u00e4rung dargelegt. Weening Strafrechtadvocaten respektiert Ihre Privatsph\u00e4re und sorgt daf\u00fcr, dass Sie Weening Strafrechtadvocaten Ihre personenbezogenen Daten anvertrauen k\u00f6nnen. In dieser Datenschutzerkl\u00e4rung informieren wir Sie dar\u00fcber.  <\/p>\n\n<p>W\u00e4hrend Ihrer Kontakte mit Weening Strafrechtadvocaten werden Daten von Ihnen gesammelt und verarbeitet. Mit diesen Daten k\u00f6nnen wir Sie als Person identifizieren. Daher sind dies \u201epersonenbezogene Daten\u201c. Alle Informationen dar\u00fcber, welche personenbezogenen Daten Weening Strafrechtadvocaten verarbeitet und wie Weening Strafrechtadvocaten damit korrekt umgeht, finden Sie unten.   <\/p>\n\n<p>Durch die Nutzung der (mobilen) Website, App und anderer Produkte und Dienstleistungen von Weening Strafrechtadvocaten erkl\u00e4ren Sie sich damit einverstanden, dass diese Datenschutzerkl\u00e4rung auf die von Weening Strafrechtadvocaten verarbeiteten personenbezogenen Daten Anwendung findet.<\/p>\n\n<h2 class=\"wp-block-heading\">1. Anwendbarkeit<\/h2>\n\n<p>Diese Datenschutzerkl\u00e4rung gilt f\u00fcr alle Personen, deren personenbezogene Daten von Weening Strafrechtadvocaten verarbeitet werden, mit Ausnahme von Personen, die bei Weening Strafrechtadvocaten besch\u00e4ftigt sind.<\/p>\n\n<p>Diese Datenschutzerkl\u00e4rung gilt f\u00fcr:<\/p>\n\n<ul class=\"wp-block-list\">\n<li>Klienten von Weening Strafrechtadvocaten;<\/li>\n\n\n\n<li>Potenzielle Klienten, mit denen Weening Strafrechtadvocaten Kontakt aufgenommen hat oder aufnehmen m\u00f6chte;<\/li>\n\n\n\n<li>Besucher der Website von Weening Strafrechtadvocaten;<\/li>\n\n\n\n<li>Empf\u00e4nger von Newslettern und kommerziellen E-Mails von Weening Strafrechtadvocaten;<\/li>\n\n\n\n<li>Alle anderen Personen, die Kontakt mit Weening Strafrechtadvocaten aufnehmen oder deren personenbezogene Daten von Weening Strafrechtadvocaten verarbeitet werden.<\/li>\n<\/ul>\n\n<p>F\u00fcr Partner, Mitarbeiter, Zeitarbeitskr\u00e4fte, Leiharbeiter, Studentenpraktikanten und Bewerber gilt diese Datenschutzerkl\u00e4rung nicht.<\/p>\n\n<h2 class=\"wp-block-heading\">2. Personenbezogene Daten im Besitz von Weening Strafrechtadvocaten<\/h2>\n\n<p>Die folgenden Daten k\u00f6nnen auf verschiedene Weise von Weening Strafrechtadvocaten gesammelt und verarbeitet werden.<\/p>\n\n<h3 class=\"wp-block-heading\">2.1. Daten, die Sie Weening Strafrechtadvocaten direkt zur Verf\u00fcgung stellen<\/h3>\n\n<ul class=\"wp-block-list\">\n<li>Identifikations- und Kontaktinformationen: Name, Vorname, Adresse und Wohnort, E-Mail-Adresse, Telefonnummer, Geschlecht, Geburtsdatum, Geburtsort und IP-Adresse;<\/li>\n\n\n\n<li>Finanzielle Informationen: Bankkontonummer, BIC-Code, Name des Kontoinhabers usw.;<\/li>\n\n\n\n<li>Beschwerden oder Feedback zu Ihrer Erfahrung mit Weening Strafrechtadvocaten, Kommentare, Vorschl\u00e4ge, Erfahrungsberichte und alle anderen R\u00fcckmeldungen;<\/li>\n\n\n\n<li>Andere Daten, die von Ihnen selbst \u00fcber die (mobile) Website, Anwendung usw. von Weening Strafrechtadvocaten ausgetauscht, kommuniziert und geteilt werden.<\/li>\n<\/ul>\n\n<h3 class=\"wp-block-heading\">2.2. Daten, die Sie durch die Nutzung der (mobilen) Website oder App bereitstellen<\/h3>\n\n<p>Wenn Sie die (mobile) Website oder App von Weening Strafrechtadvocaten nutzen, k\u00f6nnen die folgenden Informationen verarbeitet werden: besuchte Seiten, Suchanfragen und IP-Adresse mithilfe von Cookies und Daten, die Sie selbst auf der Website oder in der App eingeben.<\/p>\n\n<h3 class=\"wp-block-heading\">2.3. Daten aus anderen Quellen<\/h3>\n\n<p>Weening Strafrechtadvocaten kann auch Daten \u00fcber andere Quellen sammeln und verarbeiten, wie z. B. den Kauf oder die Miete von Daten, die von darauf spezialisierten Lieferanten, Partnern von Weening Strafrechtadvocaten, \u00f6ffentlichen Quellen, sozialen Medien usw. gesammelt wurden. F\u00fcr die Nutzung von Social-Media-Kan\u00e4len gelten die Regeln und Voreinstellungen dieser Anbieter sowohl f\u00fcr Sie als auch f\u00fcr Weening Strafrechtadvocaten. <\/p>\n\n<p>Auf unserer Website k\u00f6nnen Links zu anderen Websites stehen. Diese Websites werden m\u00f6glicherweise nicht von Weening Strafrechtadvocaten verwaltet und haben m\u00f6glicherweise eine eigene Datenschutzerkl\u00e4rung oder -richtlinie. Weening Strafrechtadvocaten empfiehlt Ihnen ausdr\u00fccklich, diese zu lesen, und kann keine Verantwortung f\u00fcr diese Websites Dritter \u00fcbernehmen.  <\/p>\n\n<h3 class=\"wp-block-heading\">2.4. Besondere und\/oder sensible personenbezogene Daten, die Weening Strafrechtadvocaten verarbeitet<\/h3>\n\n<p>Weening Strafrechtadvocaten verarbeitet die folgenden besonderen und\/oder sensiblen personenbezogenen Daten von Ihnen:<\/p>\n\n<ul class=\"wp-block-list\">\n<li>B\u00fcrgerservicenummer (BSN);<\/li>\n\n\n\n<li>Gesundheit (in bestimmten F\u00e4llen, sofern relevant f\u00fcr die Wahrnehmung Ihrer Interessen);<\/li>\n\n\n\n<li>Daten von Personen unter 16 Jahren (in bestimmten F\u00e4llen, sofern relevant f\u00fcr die Wahrnehmung Ihrer Interessen);<\/li>\n\n\n\n<li>Verschiedene finanzielle und steuerliche Daten (in bestimmten F\u00e4llen, sofern relevant f\u00fcr die Wahrnehmung Ihrer Interessen);<\/li>\n\n\n\n<li>Strafrechtliche Dokumentation (in bestimmten F\u00e4llen, sofern relevant f\u00fcr die Wahrnehmung Ihrer Interessen).<\/li>\n<\/ul>\n\n<h2 class=\"wp-block-heading\">3. Zu welchem Zweck und auf welcher Grundlage Weening Strafrechtadvocaten personenbezogene Daten verarbeitet<\/h2>\n\n<p>Es ist m\u00f6glich, gegen die Entscheidung \u00fcber die Einbehaltung des F\u00fchrerscheins eine Beschwerde beim Gericht einzureichen. In dieser Beschwerde wird die R\u00fcckgabe des F\u00fchrerscheins bis zur inhaltlichen Behandlung Ihres Falls beantragt. Das Gericht wird diese Beschwerde in der Sitzung behandeln. Hier erhalten Sie und Ihr <a href=\"https:\/\/www.strafrechtadvocaten.nl\/advocaten\/\">Anwalt<\/a> auch die M\u00f6glichkeit, Ihren Standpunkt zu erl\u00e4utern, beispielsweise warum Sie Ihren F\u00fchrerschein f\u00fcr Ihre Arbeit ben\u00f6tigen. Der Richter trifft sofort eine Entscheidung. Durch die schnelle Kontaktaufnahme mit einem Anwalt kann das Zeugnis schnell eingereicht werden und der Richter kann schnell eine Entscheidung \u00fcber Ihren Fall treffen.     <\/p>\n\n<p>Personenbezogene Daten werden von Weening Strafrechtadvocaten f\u00fcr folgende Zwecke verarbeitet:<\/p>\n\n<ul class=\"wp-block-list\">\n<li>Die Durchf\u00fchrung eines Vertrags, in dem Sie uns mit der Erbringung von Rechtsdienstleistungen durch unsere Anw\u00e4lte beauftragt haben. Wenn Sie einem Anwalt einen Fall zur Bearbeitung \u00fcbergeben, werden in jedem Fall Ihre Kontaktdaten abgefragt. Auch andere personenbezogene Daten k\u00f6nnen f\u00fcr die Bearbeitung des Falls erforderlich sein, abh\u00e4ngig von der Art des Falls;  <\/li>\n\n\n\n<li>Die Abwicklung Ihrer Zahlung;<\/li>\n\n\n\n<li>Das Einziehen von Geldern und das Ergreifen von Inkassoma\u00dfnahmen;<\/li>\n\n\n\n<li>Die Erf\u00fcllung gesetzlicher Verpflichtungen. Das Gesetz zur Verhinderung von Geldw\u00e4sche und Terrorismusfinanzierung (WWFT) verpflichtet Anw\u00e4lte, bestimmte Informationen einzuholen und festzuhalten. Dazu geh\u00f6rt unter anderem eine Kopie eines Ausweisdokuments (Reisepass);  <\/li>\n\n\n\n<li>Die Aufrechterhaltung des Kontakts mit Ihnen. Ihre Kontaktdaten werden in unserem Kundensystem gespeichert und k\u00f6nnen unter anderem f\u00fcr den Versand von Newslettern, Updates, Einladungen zu Veranstaltungen und Seminaren sowie f\u00fcr die Zusendung von Informationen verwendet werden, die Sie bei uns angefordert haben; <\/li>\n\n\n\n<li>Die kontinuierliche Verbesserung, die Wartung und die Optimierung unserer Dienstleistungen, (mobilen) Website, Anwendung und deren Sicherheit sowie die Optimierung allgemeiner, kommerzieller und Marketingstrategien von Weening Strafrechtadvocaten;<\/li>\n\n\n\n<li>Andere spezifische Zwecke, f\u00fcr die gesondert eine Einwilligung eingeholt werden kann.<\/li>\n<\/ul>\n\n<h3 class=\"wp-block-heading\">3.1. Analyse von Daten<\/h3>\n\n<p>Wir halten es f\u00fcr wichtig, Sie mit Informationen anzusprechen, die f\u00fcr Sie relevant sind. Um dies zu erm\u00f6glichen, kombinieren und analysieren wir die uns zur Verf\u00fcgung stehenden personenbezogenen Daten. Auf dieser Grundlage bestimmen wir, welche Informationen und Kan\u00e4le relevant sind und welche Zeitpunkte am besten geeignet sind, um Informationen bereitzustellen oder Kontakt herzustellen. Bei Marketingaktionen verarbeiten wir keine besonderen personenbezogenen Daten und keine vertraulichen Daten, die durch das Berufsgeheimnis von Anw\u00e4lten gesch\u00fctzt sind. Wenn wir von Ihnen ein pers\u00f6nliches, individuelles Kundenprofil erstellen m\u00f6chten, werden wir Sie vorher um Ihre Zustimmung bitten. Wenn Sie diese Zustimmung sp\u00e4ter widerrufen m\u00f6chten, ist dies jederzeit m\u00f6glich.     <\/p>\n\n<h3 class=\"wp-block-heading\">3.2. Wir analysieren die folgenden Daten:<\/h3>\n\n<ul class=\"wp-block-list\">\n<li>Interaktionsdaten: Personenbezogene Daten, die aus dem Kontakt zwischen Weening Strafrechtadvocaten und Ihnen stammen. Zum Beispiel \u00fcber Ihre Nutzung unserer Website oder unterst\u00fctzter Anwendungen. Dies gilt auch f\u00fcr Offline-Interaktionen, wie z. B. wie oft es Kontakt zwischen Weening Strafrechtadvocaten und Ihnen gibt;  <\/li>\n\n\n\n<li>Das Durchf\u00fchren und Analysieren von Kundenzufriedenheitsumfragen: Manchmal bitten wir Klienten, an einer Kundenzufriedenheitsumfrage teilzunehmen. Dies geschieht mithilfe eines Online-Fragebogens. Die Teilnahme daran ist freiwillig.  <\/li>\n\n\n\n<li>Verhaltensdaten: Personenbezogene Daten, die Weening Strafrechtadvocaten \u00fcber Ihr Verhalten verarbeitet, wie z. B. Ihre Meinung, W\u00fcnsche, Vorlieben und Bed\u00fcrfnisse. Diese Daten k\u00f6nnen wir beispielsweise aus Ihrem Surfverhalten auf unserer Website, dem Lesen unserer Newsletter oder dadurch ableiten, dass Sie Informationen angefordert haben, aber auch \u00fcber gef\u00fchrte Telefongespr\u00e4che und E-Mail-Kontakt mit unseren Mitarbeitern. Informationen, die \u00fcber Tracking-Cookies gewonnen werden, sammeln und verwenden wir nur mit Ihrer Zustimmung, die Sie jederzeit widerrufen k\u00f6nnen. Siehe auch unsere Cookie-Erkl\u00e4rung;   <\/li>\n\n\n\n<li>Das Erstellen von Benutzerstatistiken: Die Benutzerstatistiken der Website erm\u00f6glichen es uns, ein Bild von unter anderem der Anzahl der Besucher, der Dauer des Besuchs, welche Teile der Website angesehen werden und dem Klickverhalten zu erhalten. Die gewonnenen Informationen verwenden wir, um die Website zu verbessern. <\/li>\n<\/ul>\n\n<h2 class=\"wp-block-heading\">4. Rechtsgrundlage der Verarbeitung<\/h2>\n\n<p>Weening Strafrechtadvocaten verarbeitet personenbezogene Daten auf der Grundlage einer der folgenden Rechtsgrundlagen:<\/p>\n\n<ul class=\"wp-block-list\">\n<li>Einwilligung: Ihre ausdr\u00fcckliche Einwilligung zur Verarbeitung Ihrer personenbezogenen Daten f\u00fcr einen oder mehrere spezifische Zwecke. Wenn personenbezogene Daten aufgrund einer Einwilligung verarbeitet werden, werden wir Sie gesondert darum bitten. Wenn Sie diese Einwilligung nicht erteilen, kann dies bedeuten, dass wir Ihre Interessen m\u00f6glicherweise nicht oder nicht ordnungsgem\u00e4\u00df wahrnehmen k\u00f6nnen;  <\/li>\n\n\n\n<li>Vertrag: auf der Grundlage eines Vertrags oder im Vorfeld des Abschlusses eines Vertrags;<\/li>\n\n\n\n<li>Gesetzliche Verpflichtung;<\/li>\n\n\n\n<li>Berechtigtes Interesse:\n<ul class=\"wp-block-list\">\n<li>Das Lenken Ihrer Aufmerksamkeit auf Neuigkeiten und Veranstaltungen, die von unserem B\u00fcro stammen (wenn eine bestehende Kundenbeziehung besteht);<\/li>\n\n\n\n<li>Der Schutz unserer finanziellen Interessen;<\/li>\n\n\n\n<li>Die Verbesserung unserer Dienstleistungen;<\/li>\n\n\n\n<li>Sicherheit und Verwaltung unserer Systeme.<\/li>\n<\/ul>\n<\/li>\n<\/ul>\n\n<h2 class=\"wp-block-heading\">5. Aufbewahrung von Daten<\/h2>\n\n<p>Weening Strafrechtadvocaten wird Ihre Daten nicht l\u00e4nger aufbewahren, als f\u00fcr die Verarbeitung erforderlich ist, unter Ber\u00fccksichtigung der vertraglichen und gesetzlichen Verpflichtungen. Wenn Sie Klient des B\u00fcros sind, bewahren wir Ihre Akte 15 Jahre lang auf. Dies \u2013 unter anderem \u2013 um unserer steuerlichen Aufbewahrungspflicht und <a href=\"https:\/\/www.strafrechtadvocaten.nl\/expertise\/herziening-bij-de-hoge-raad\/\">\u00dcberpr\u00fcfungen<\/a> nachkommen zu k\u00f6nnen. Danach wird Ihre <a href=\"https:\/\/www.strafrechtadvocaten.nl\/mijn-dossier\/\">Akte<\/a> vernichtet. Wenn Sie Kontakt mit dem B\u00fcro aufgenommen haben, aber kein Klient geworden sind, bewahren wir Ihre Daten maximal 12 Monate lang auf.    <\/p>\n\n<h2 class=\"wp-block-heading\">6. Verarbeiter<\/h2>\n\n<p>Weening Strafrechtadvocaten kann f\u00fcr die Verarbeitung Ihrer personenbezogenen Daten Dienstleister (Verarbeiter) einschalten, die personenbezogene Daten ausschlie\u00dflich in unserem Auftrag verarbeiten. Wir schlie\u00dfen mit diesen Verarbeitern einen Verarbeitungsvertrag ab, der den Anforderungen der Allgemeinen Datenschutzverordnung (AVG) entspricht. <\/p>\n\n<p>Wir arbeiten beispielsweise mit ICT-Dienstleistern zusammen, die uns bei der sicheren und stabilen Aufrechterhaltung unserer Systeme unterst\u00fctzen. Dies sind Beispiele f\u00fcr Parteien, die als Verarbeiter im Sinne der Allgemeinen Datenschutzverordnung (AVG) anzusehen sind. <\/p>\n\n<h2 class=\"wp-block-heading\">7. Personenbezogene Daten an Dritte weitergeben<\/h2>\n\n<p>Ihre personenbezogenen Daten werden ausschlie\u00dflich in \u00dcbereinstimmung mit dieser Datenschutzerkl\u00e4rung und\/oder sofern dies gesetzlich vorgeschrieben ist und\/oder aufgrund einer gerichtlichen Entscheidung freigegeben. Weening Strafrechtadvocaten wird in angemessener Weise versuchen, Sie im Voraus dar\u00fcber zu informieren, es sei denn, dies unterliegt gesetzlichen Beschr\u00e4nkungen. <\/p>\n\n<p>Schlie\u00dflich k\u00f6nnen personenbezogene Daten auch anonymisiert und an Dritte weitergegeben werden. In diesem Fall k\u00f6nnen Sie anhand dieser anonymisierten Daten niemals identifiziert werden. <\/p>\n\n<h2 class=\"wp-block-heading\">8. \u00dcbermittlung au\u00dferhalb des (Europ\u00e4ischen Wirtschaftsraums) EWR<\/h2>\n\n<p>Es kann manchmal erforderlich sein, Ihre personenbezogenen Daten an Parteien mit Sitz au\u00dferhalb des Europ\u00e4ischen Wirtschaftsraums (EWR) weiterzugeben. Dies kann -abh\u00e4ngig von den Umst\u00e4nden des Falls- bei der Bearbeitung Ihrer Akte durch einen Anwalt, Notar oder Steuerberater erforderlich sein. <\/p>\n\n<h2 class=\"wp-block-heading\">9. Ihre Rechte<\/h2>\n\n<p>Jede Person kann auf der Grundlage des Gesetzes bestimmte Rechte in Bezug auf ihre personenbezogenen Daten aus\u00fcben. Sie haben das Recht auf Einsicht, Berichtigung und L\u00f6schung von personenbezogenen Daten. Sie k\u00f6nnen auch Widerspruch gegen die Verwendung Ihrer Daten einlegen oder beantragen, diese Verwendung einzuschr\u00e4nken. In bestimmten F\u00e4llen k\u00f6nnen Sie sogar Ihre Daten abrufen und zu einer anderen Partei mitnehmen. Bitte kontaktieren Sie uns f\u00fcr alle diese Fragen unter 088 933 6464 oder info@weening.net.    <\/p>\n\n<p>Um sicherzustellen, dass der Antrag auf Einsichtnahme von Ihnen gestellt wurde, bitten wir Sie, eine Kopie Ihres Ausweisdokuments mit dem Antrag mitzusenden. Machen Sie in dieser Kopie Ihr Passfoto, MRZ (machine readable zone, der Streifen mit Nummern am unteren Rand des Reisepasses), Passnummer und B\u00fcrgerservicenummer (BSN) schwarz. Dies dient dem Schutz Ihrer Privatsph\u00e4re. Wir werden so schnell wie m\u00f6glich, jedoch innerhalb von vier Wochen, auf Ihren Antrag antworten.   <\/p>\n\n<p>Sie haben auch das Recht, eine Beschwerde bei der Aufsichtsbeh\u00f6rde einzureichen: Autoriteit Persoonsgegevens, Bezuidenhoutseweg 30, 2594 AV Den Haag, Tel: 0900 \u2013 2001 201.<\/p>\n\n<h2 class=\"wp-block-heading\">10. Sicherheit von Daten<\/h2>\n\n<p>Um Ihre personenbezogenen Daten bestm\u00f6glich zu sch\u00fctzen, ergreift Weening Strafrechtadvocaten alle angemessenen Ma\u00dfnahmen, um Verlust, Missbrauch, Offenlegung, unbefugten Zugriff oder \u00c4nderung von personenbezogenen Daten zu verhindern. Sowohl auf technischer als auch auf organisatorischer Ebene werden die notwendigen Ma\u00dfnahmen getroffen, um ein ausreichendes Sicherheitsniveau zu gew\u00e4hrleisten. <\/p>\n\n<h2 class=\"wp-block-heading\">11. Minderj\u00e4hrige (Kinder unter 16 Jahren)<\/h2>\n\n<p>Weening Strafrechtadvocaten sammelt oder verarbeitet niemals bewusst personenbezogene Daten von Minderj\u00e4hrigen ohne die Zustimmung eines Elternteils oder Erziehungsberechtigten, die erteilt werden muss, um die (mobile) Website, Anwendung usw. von Weening Strafrechtadvocaten zu nutzen und um danach die Rechte in Bezug auf die Daten des Minderj\u00e4hrigen auszu\u00fcben.<\/p>\n\n<p>Sollten personenbezogene Daten von Minderj\u00e4hrigen in gutem Glauben dennoch verarbeitet werden, wird Weening Strafrechtadvocaten diese so schnell wie m\u00f6glich nach Kenntnisnahme aus ihren Dateien l\u00f6schen.<\/p>\n\n<h2 class=\"wp-block-heading\">12. Automatisierte Entscheidungsfindung<\/h2>\n\n<p>Weening Strafrechtadvocaten trifft nicht auf der Grundlage automatisierter Verarbeitungen Entscheidungen \u00fcber Angelegenheiten, die (erhebliche) Folgen f\u00fcr Personen haben k\u00f6nnen. Es handelt sich hierbei um Entscheidungen, die von Computerprogrammen oder -systemen getroffen werden, ohne dass ein Mensch (beispielsweise ein Mitarbeiter von Weening Strafrechtadvocaten) dazwischengeschaltet ist. <\/p>\n\n<p>Wenn Sie nach dem Lesen dieser Datenschutzerkl\u00e4rung noch Fragen zur Art und Weise haben, wie Weening Strafrechtadvocaten mit personenbezogenen Daten umgeht, wenn Sie von Ihren in dieser Datenschutzerkl\u00e4rung genannten Rechten aufgrund der Allgemeinen Datenschutzverordnung (AVG) oder anderer Gesetze und Vorschriften \u00fcber personenbezogene Daten Gebrauch machen m\u00f6chten oder wenn Sie eine Beschwerde \u00fcber die Verwendung Ihrer personenbezogenen Daten einreichen m\u00f6chten, k\u00f6nnen Sie uns \u00fcber die unten stehenden <a href=\"https:\/\/www.strafrechtadvocaten.nl\/contact-strafrechtadvocaat\/\">Kontaktdaten<\/a> erreichen:<\/p>\n\n<h2 class=\"wp-block-heading\">13. Kontaktdaten<\/h2>\n\n<p><strong>Weening Strafrechtadvocaten B.V.<\/strong><br\/>Wilhelminasingel 97, 6221 BH Maastricht<br\/>info@weening.net<br\/>088 933 6464<br\/>www.strafrechtadvocaten.nl<\/p>\n\n<p>Weening Strafrechtadvocaten beh\u00e4lt sich das Recht vor, diese Datenschutzerkl\u00e4rung jederzeit zu \u00e4ndern. Die jeweils geltende Version finden Sie jederzeit auf der Website von Weening Strafrechtadvocaten. <\/p>\n","protected":false},"excerpt":{"rendered":"<p>Weening Strafrechtadvocaten B.V. (im Folgenden \u201eWeening Strafrechtadvocaten\u201c genannt) ist der Verantwortliche f\u00fcr die Verarbeitung von personenbezogenen Daten, wie in dieser Datenschutzerkl\u00e4rung dargelegt. Weening Strafrechtadvocaten respektiert Ihre Privatsph\u00e4re und sorgt daf\u00fcr, dass Sie Weening Strafrechtadvocaten Ihre personenbezogenen Daten anvertrauen k\u00f6nnen. In dieser Datenschutzerkl\u00e4rung informieren wir Sie dar\u00fcber. W\u00e4hrend Ihrer Kontakte mit Weening Strafrechtadvocaten werden Daten von [&hellip;]<\/p>\n","protected":false},"author":1,"featured_media":0,"parent":0,"menu_order":0,"comment_status":"closed","ping_status":"closed","template":"","meta":{"footnotes":""},"class_list":["post-6010","page","type-page","status-publish","hentry","temp-simpel"],"_links":{"self":[{"href":"https:\/\/www.strafrechtadvocaten.nl\/de\/wp-json\/wp\/v2\/pages\/6010","targetHints":{"allow":["GET"]}}],"collection":[{"href":"https:\/\/www.strafrechtadvocaten.nl\/de\/wp-json\/wp\/v2\/pages"}],"about":[{"href":"https:\/\/www.strafrechtadvocaten.nl\/de\/wp-json\/wp\/v2\/types\/page"}],"author":[{"embeddable":true,"href":"https:\/\/www.strafrechtadvocaten.nl\/de\/wp-json\/wp\/v2\/users\/1"}],"replies":[{"embeddable":true,"href":"https:\/\/www.strafrechtadvocaten.nl\/de\/wp-json\/wp\/v2\/comments?post=6010"}],"version-history":[{"count":1,"href":"https:\/\/www.strafrechtadvocaten.nl\/de\/wp-json\/wp\/v2\/pages\/6010\/revisions"}],"predecessor-version":[{"id":6011,"href":"https:\/\/www.strafrechtadvocaten.nl\/de\/wp-json\/wp\/v2\/pages\/6010\/revisions\/6011"}],"wp:attachment":[{"href":"https:\/\/www.strafrechtadvocaten.nl\/de\/wp-json\/wp\/v2\/media?parent=6010"}],"curies":[{"name":"wp","href":"https:\/\/api.w.org\/{rel}","templated":true}]}}